{"id":343449,"date":"2026-04-29T12:46:01","date_gmt":"2026-04-29T12:46:01","guid":{"rendered":"https:\/\/laba7.com\/garantie-limitee-de-5-ans-sur-les-supercondensateurs\/"},"modified":"2026-04-29T13:03:48","modified_gmt":"2026-04-29T13:03:48","slug":"garantie-limitee-de-5-ans-sur-les-supercondensateurs","status":"publish","type":"page","link":"https:\/\/laba7.com\/fr\/garantie-limitee-de-5-ans-sur-les-supercondensateurs\/","title":{"rendered":"Garantie EMA"},"content":{"rendered":"<p>[et_pb_section fb_built=\u00a0\u00bb1&Prime; admin_label=\u00a0\u00bbsection\u00a0\u00bb _builder_version=\u00a0\u00bb4.26.0&Prime; background_color=\u00a0\u00bb#000000&Prime; global_colors_info=\u00a0\u00bb{}\u00a0\u00bb theme_builder_area=\u00a0\u00bbpost_content\u00a0\u00bb][et_pb_row admin_label=\u00a0\u00bbrang\u00e9e\u00a0\u00bb _builder_version=\u00a0\u00bb4.16&Prime; background_size=\u00a0\u00bbinitial\u00a0\u00bb background_position=\u00a0\u00bbtop_left\u00a0\u00bb background_repeat=\u00a0\u00bbrepeat\u00a0\u00bb global_colors_info=\u00a0\u00bb{}\u00a0\u00bb theme_builder_area=\u00a0\u00bbpost_content\u00a0\u00bb][et_pb_column type=\u00a0\u00bb4_4&Prime; _builder_version=\u00a0\u00bb4.16&Prime; custom_padding=\u00a0\u00bb|||\u00a0\u00bb global_colors_info=\u00a0\u00bb{}\u00a0\u00bb custom_padding__hover=\u00a0\u00bb|||\u00a0\u00bb theme_builder_area=\u00a0\u00bbpost_content\u00a0\u00bb][et_pb_heading title=\u00a0\u00bbPolitique relative aux cookies\u00a0\u00bb _builder_version=\u00a0\u00bb4.26.0&Prime; _module_preset=\u00a0\u00bbdefault\u00a0\u00bb title_text_color=\u00a0\u00bb#FFFFFF\u00a0\u00bb global_colors_info=\u00a0\u00bb{}\u00a0\u00bb theme_builder_area=\u00a0\u00bbpost_content\u00a0\u00bb][\/et_pb_heading][et_pb_text _builder_version=\u00a0\u00bb4.26.0&Prime; _module_preset=\u00a0\u00bbdefault\u00a0\u00bb hover_enabled=\u00a0\u00bb0&Prime; global_colors_info=\u00a0\u00bb{}\u00a0\u00bb theme_builder_area=\u00a0\u00bbpost_content\u00a0\u00bb sticky_enabled=\u00a0\u00bb0&Prime;]<\/p>\n<h1 style=\"text-align: center;\"><strong><span style=\"color: #ffffff;\">Garantie limit\u00e9e de 5 ans sur les supercondensateurs LABA7 EMA<\/span><\/strong><\/h1>\n<p><strong><span style=\"color: #ffffff;\"> <\/span><\/strong><\/p>\n<h2>1. Garantie de couverture et de performance<\/h2>\n<p>LABA7 garantit que le bus de supercondensateurs (ci-apr\u00e8s \u00ab l&rsquo;unit\u00e9 d&rsquo;alimentation \u00bb) int\u00e9gr\u00e9 aux syst\u00e8mes <a href=\"https:\/\/laba7.com\/fr\/produits\/systeme-de-test-damortisseurs\/\">LABA7 EMA<\/a> restera exempt de d\u00e9fauts de mat\u00e9riaux et de fabrication et conservera une capacit\u00e9 op\u00e9rationnelle suffisante pour alimenter l&rsquo;\u00e9quipement pendant une p\u00e9riode de cinq (5) ans \u00e0 compter de la date de mise en service initiale.<\/p>\n<p>Dans le cadre de cette garantie, LABA7 garantit la fiabilit\u00e9 fonctionnelle : si le bloc d&rsquo;alimentation subit une panne fonctionnelle ou se d\u00e9grade au point que le syst\u00e8me EMA ne peut plus ex\u00e9cuter ses sp\u00e9cifications de test publi\u00e9es, LABA7 r\u00e9parera ou remplacera gratuitement le bloc d&rsquo;alimentation.<\/p>\n<p>&nbsp;<\/p>\n<h2>2. Conditions d&rsquo;application de la garantie <\/h2>\n<p>Cette garantie limit\u00e9e reste valable uniquement si le syst\u00e8me EMA et le bloc d&rsquo;alimentation sont utilis\u00e9s conform\u00e9ment aux instructions d&rsquo;utilisation standard de LABA7. La garantie s&rsquo;applique sous les conditions suivantes : <\/p>\n<ul>\n<li aria-level=\"1\">Utilisation normale : L\u2019\u00e9quipement est soumis \u00e0 des cycles de fonctionnement standard et pr\u00e9vus, caract\u00e9ristiques des environnements de test normaux de banc d\u2019essai de choc et d\u2019EMA.<\/li>\n<li aria-level=\"1\">Gestion thermique appropri\u00e9e : L\u2019armoire EMA fonctionne dans un environnement bien ventil\u00e9 o\u00f9 les syst\u00e8mes de refroidissement install\u00e9s en usine (ventilateurs \u00e0 convection forc\u00e9e, \u00e9vents) restent actifs, non obstru\u00e9s et correctement entretenus afin d\u2019\u00e9viter toute surchauffe syst\u00e9mique.<\/li>\n<li aria-level=\"1\">Int\u00e9grit\u00e9 du syst\u00e8me : L&rsquo;unit\u00e9 d&rsquo;alimentation est utilis\u00e9e exclusivement en conjonction avec l&rsquo;onduleur LABA7 d&rsquo;origine et non modifi\u00e9 et l&rsquo;\u00e9tage de filtre \u00e0 condensateur de bus, fonctionnant strictement dans la limite de bus 700 VDC configur\u00e9e en usine.<\/li>\n<\/ul>\n<p>&nbsp;<\/p>\n<h2>3. Exclusions de garantie <\/h2>\n<p>Cette garantie ne couvre pas les pannes, les dysfonctionnements ou les dommages li\u00e9s au bloc d&rsquo;alimentation r\u00e9sultant des causes suivantes :<\/p>\n<ul>\n<li aria-level=\"1\">Cycles de service abusifs ou anormaux : utilisation d\u00e9passant largement les applications de test commerciales standard, comme un cycle dynamique continu et ininterrompu 24 h\/24 et 7 j\/7 \u00e0 forte contrainte sans laisser au syst\u00e8me les p\u00e9riodes de repos pr\u00e9vues ni mettre hors tension le bus aliment\u00e9 lorsqu\u2019il n\u2019est pas en cours de test.<\/li>\n<li aria-level=\"1\">Dommages physiques et mauvaise manipulation : Toute d\u00e9faillance caus\u00e9e par des chutes accidentelles, un impact, une infiltration de liquide, une contamination environnementale ou une manipulation physique incorrecte de l\u2019\u00e9quipement ou des modules de supercondensateurs.<\/li>\n<li aria-level=\"1\">Abus thermiques : L\u2019utilisation du syst\u00e8me EMA dans des environnements \u00e0 haute temp\u00e9rature sans syst\u00e8me de chauffage, ventilation et climatisation ad\u00e9quat, ou l\u2019obstruction des m\u00e9canismes de refroidissement internes de la machine, entra\u00eene des temp\u00e9ratures extr\u00eames prolong\u00e9es qui provoquent une d\u00e9gradation thermique pr\u00e9matur\u00e9e des cellules.<\/li>\n<li aria-level=\"1\">Modifications non autoris\u00e9es : contourner, alt\u00e9rer ou modifier l\u2019onduleur d\u2019usine, les \u00e9tages de puissance ou les syst\u00e8mes de refroidissement, ce qui exposerait les supercondensateurs \u00e0 une chaleur excessive ou \u00e0 une ondulation de courant haute fr\u00e9quence non filtr\u00e9e.<\/li>\n<li aria-level=\"1\">Int\u00e9gration de tiers : retrait des modules de supercondensateurs LABA7 pour une utilisation dans des \u00e9quipements de test non LABA7, ou int\u00e9gration de mat\u00e9riel tiers non approuv\u00e9 dans l\u2019architecture d\u2019alimentation LABA7.<\/li>\n<li aria-level=\"1\">Force majeure : Dommages caus\u00e9s par des d\u00e9faillances \u00e9lectriques externes (par exemple, de fortes surtensions, la foudre), des incendies, des inondations ou d&rsquo;autres cas de force majeure.<\/li>\n<\/ul>\n<p>&nbsp;<\/p>\n<h2>4. Ex\u00e9cution de la r\u00e9clamation<\/h2>\n<p>En cas de d\u00e9faillance fonctionnelle av\u00e9r\u00e9e du bloc d\u2019alimentation pendant la p\u00e9riode de garantie, la seule obligation de LABA7 sera de fournir un module de supercondensateur de remplacement ou de r\u00e9parer le bloc d\u2019alimentation existant \u00e0 la discr\u00e9tion de LABA7, r\u00e9tablissant ainsi la pleine capacit\u00e9 op\u00e9rationnelle du syst\u00e8me EMA.<\/p>\n<p>&nbsp;<\/p>\n<p>[\/et_pb_text][\/et_pb_column][\/et_pb_row][\/et_pb_section]<\/p>\n","protected":false},"excerpt":{"rendered":"<p>Garantie limit\u00e9e de 5 ans sur les supercondensateurs LABA7 EMA 1. Garantie de couverture et de performance LABA7 garantit que le bus de supercondensateurs (ci-apr\u00e8s \u00ab l&rsquo;unit\u00e9 d&rsquo;alimentation \u00bb) int\u00e9gr\u00e9 aux syst\u00e8mes LABA7 EMA restera exempt de d\u00e9fauts de mat\u00e9riaux et de fabrication et conservera une capacit\u00e9 op\u00e9rationnelle suffisante pour alimenter l&rsquo;\u00e9quipement pendant une p\u00e9riode [&hellip;]<\/p>\n","protected":false},"author":2,"featured_media":331072,"parent":0,"menu_order":0,"comment_status":"closed","ping_status":"closed","template":"","meta":{"_acf_changed":false,"_et_pb_use_builder":"on","_et_pb_old_content":"","_et_gb_content_width":"","footnotes":""},"class_list":["post-343449","page","type-page","status-publish","has-post-thumbnail","hentry"],"acf":[],"yoast_head":"<!-- This site is optimized with the Yoast SEO plugin v25.3.1 - https:\/\/yoast.com\/wordpress\/plugins\/seo\/ -->\n<title>Garantie limit\u00e9e de 5 ans sur le supercondensateur LABA7 EMA<\/title>\n<meta name=\"description\" content=\"Garantie limit\u00e9e de 5 ans du supercondensateur LABA7 EMA : couvre les d\u00e9fauts et la capacit\u00e9 de fonctionnement pendant 5 ans \u00e0 compter de la mise en service.\" \/>\n<meta name=\"robots\" content=\"index, follow, max-snippet:-1, max-image-preview:large, max-video-preview:-1\" \/>\n<link rel=\"canonical\" href=\"https:\/\/laba7.com\/fr\/garantie-limitee-de-5-ans-sur-les-supercondensateurs\/\" \/>\n<meta property=\"og:locale\" content=\"fr_FR\" \/>\n<meta property=\"og:type\" content=\"article\" \/>\n<meta property=\"og:title\" content=\"Garantie limit\u00e9e de 5 ans sur le supercondensateur LABA7 EMA\" \/>\n<meta property=\"og:description\" content=\"Garantie limit\u00e9e de 5 ans du supercondensateur LABA7 EMA : couvre les d\u00e9fauts et la capacit\u00e9 de fonctionnement pendant 5 ans \u00e0 compter de la mise en service.\" \/>\n<meta property=\"og:url\" content=\"https:\/\/laba7.com\/fr\/garantie-limitee-de-5-ans-sur-les-supercondensateurs\/\" \/>\n<meta property=\"og:site_name\" content=\"LABA7\" \/>\n<meta property=\"article:publisher\" content=\"https:\/\/www.facebook.com\/LabaSeven\/\" \/>\n<meta property=\"article:modified_time\" content=\"2026-04-29T13:03:48+00:00\" \/>\n<meta property=\"og:image\" content=\"https:\/\/laba7.com\/wp-content\/uploads\/2023\/07\/Laba7-logo-square-black-300x300.png\" \/>\n<!-- \/ Yoast SEO plugin. -->","yoast_head_json":{"title":"Garantie limit\u00e9e de 5 ans sur le supercondensateur LABA7 EMA","description":"Garantie limit\u00e9e de 5 ans du supercondensateur LABA7 EMA : couvre les d\u00e9fauts et la capacit\u00e9 de fonctionnement pendant 5 ans \u00e0 compter de la mise en service.","robots":{"index":"index","follow":"follow","max-snippet":"max-snippet:-1","max-image-preview":"max-image-preview:large","max-video-preview":"max-video-preview:-1"},"canonical":"https:\/\/laba7.com\/fr\/garantie-limitee-de-5-ans-sur-les-supercondensateurs\/","og_locale":"fr_FR","og_type":"article","og_title":"Garantie limit\u00e9e de 5 ans sur le supercondensateur LABA7 EMA","og_description":"Garantie limit\u00e9e de 5 ans du supercondensateur LABA7 EMA : couvre les d\u00e9fauts et la capacit\u00e9 de fonctionnement pendant 5 ans \u00e0 compter de la mise en service.","og_url":"https:\/\/laba7.com\/fr\/garantie-limitee-de-5-ans-sur-les-supercondensateurs\/","og_site_name":"LABA7","article_publisher":"https:\/\/www.facebook.com\/LabaSeven\/","article_modified_time":"2026-04-29T13:03:48+00:00","og_image":[{"url":"https:\/\/laba7.com\/wp-content\/uploads\/2023\/07\/Laba7-logo-square-black-300x300.png","type":"","width":"","height":""}],"schema":{"@context":"https:\/\/schema.org","@graph":false}},"_links":{"self":[{"href":"https:\/\/laba7.com\/fr\/wp-json\/wp\/v2\/pages\/343449","targetHints":{"allow":["GET"]}}],"collection":[{"href":"https:\/\/laba7.com\/fr\/wp-json\/wp\/v2\/pages"}],"about":[{"href":"https:\/\/laba7.com\/fr\/wp-json\/wp\/v2\/types\/page"}],"author":[{"embeddable":true,"href":"https:\/\/laba7.com\/fr\/wp-json\/wp\/v2\/users\/2"}],"replies":[{"embeddable":true,"href":"https:\/\/laba7.com\/fr\/wp-json\/wp\/v2\/comments?post=343449"}],"version-history":[{"count":4,"href":"https:\/\/laba7.com\/fr\/wp-json\/wp\/v2\/pages\/343449\/revisions"}],"predecessor-version":[{"id":343453,"href":"https:\/\/laba7.com\/fr\/wp-json\/wp\/v2\/pages\/343449\/revisions\/343453"}],"wp:featuredmedia":[{"embeddable":true,"href":"https:\/\/laba7.com\/fr\/wp-json\/wp\/v2\/media\/331072"}],"wp:attachment":[{"href":"https:\/\/laba7.com\/fr\/wp-json\/wp\/v2\/media?parent=343449"}],"curies":[{"name":"wp","href":"https:\/\/api.w.org\/{rel}","templated":true}]}}