{"id":339095,"date":"2025-04-03T05:51:30","date_gmt":"2025-04-03T05:51:30","guid":{"rendered":"https:\/\/laba7.com\/cookie-policy\/"},"modified":"2025-05-09T05:53:54","modified_gmt":"2025-05-09T05:53:54","slug":"conditions-generales","status":"publish","type":"page","link":"https:\/\/laba7.com\/fr\/conditions-generales\/","title":{"rendered":"Conditions g\u00e9n\u00e9rales"},"content":{"rendered":"<p>[et_pb_section fb_built=\u00a0\u00bb1&Prime; admin_label=\u00a0\u00bbsection\u00a0\u00bb _builder_version=\u00a0\u00bb4.26.0&Prime; background_color=\u00a0\u00bb#000000&Prime; global_colors_info=\u00a0\u00bb{}\u00a0\u00bb][et_pb_row admin_label=\u00a0\u00bbrang\u00e9e\u00a0\u00bb _builder_version=\u00a0\u00bb4.16&Prime; background_size=\u00a0\u00bbinitial\u00a0\u00bb background_position=\u00a0\u00bbtop_left\u00a0\u00bb background_repeat=\u00a0\u00bbrepeat\u00a0\u00bb global_colors_info=\u00a0\u00bb{}\u00a0\u00bb][et_pb_column type=\u00a0\u00bb4_4&Prime; _builder_version=\u00a0\u00bb4.16&Prime; custom_padding=\u00a0\u00bb|||\u00a0\u00bb global_colors_info=\u00a0\u00bb{}\u00a0\u00bb custom_padding__hover=\u00a0\u00bb|||\u00a0\u00bb][et_pb_text admin_label=\u00a0\u00bbText\u00a0\u00bb _builder_version=\u00a0\u00bb4.26.0&Prime; background_size=\u00a0\u00bbinitial\u00a0\u00bb background_position=\u00a0\u00bbtop_left\u00a0\u00bb background_repeat=\u00a0\u00bbrepeat\u00a0\u00bb hover_enabled=\u00a0\u00bb0&Prime; global_colors_info=\u00a0\u00bb{}\u00a0\u00bb sticky_enabled=\u00a0\u00bb0&Prime;]<\/p>\n<h1 class=\"cookie-policy-h1\"><span style=\"color: #ffffff;\">Conditions g\u00e9n\u00e9rales<\/span><\/h1>\n<p><strong><\/strong><\/p>\n<p><strong>Nom commercial<\/strong> : LABA7, UAB<br \/>\n<strong>ID de l&rsquo;entreprise<\/strong> : 304433443<br \/>\n<strong>Num\u00e9ro de TVA <\/strong>: LT100011059417<br \/>\n<strong>Adresse enregistr\u00e9e <\/strong>: rue Gilu\u017eio 15, LT-06239 Vilnius, Lituanie <\/p>\n<p>En acc\u00e9dant au site web de LABA7 (<a href=\"https:\/\/laba7.com\/\">https:\/\/laba7.com\/<\/a>) ou en l&rsquo;utilisant, vous acceptez les conditions g\u00e9n\u00e9rales suivantes. En cas de d\u00e9saccord, veuillez vous abstenir d&rsquo;utiliser ce site. <\/p>\n<p>&nbsp;<\/p>\n<hr class=\"wp-block-separator has-alpha-channel-opacity\">\n<p>&nbsp;<\/p>\n<h2 class=\"wp-block-heading\">1. Utilisation du site Web<\/h2>\n<p>Le site web de LABA7 a pour objectif de fournir des informations sur notre gamme de produits et nos tarifs, de proposer des ressources p\u00e9dagogiques et de permettre aux clients potentiels de soumettre des demandes de renseignements. Tous les achats se font par contact direct avec nos commerciaux apr\u00e8s demande de renseignements. <\/p>\n<p>&nbsp;<\/p>\n<p>&nbsp;<\/p>\n<h2 class=\"wp-block-heading\">2. Produits et services<\/h2>\n<p>LABA7 con\u00e7oit, fabrique et distribue des \u00e9quipements de test et des outils associ\u00e9s pour les sports m\u00e9caniques et les applications industrielles. Nous proposons \u00e9galement des solutions logicielles int\u00e9gr\u00e9es \u00e0 nos produits mat\u00e9riels. Des commandes personnalis\u00e9es et des consultations personnalis\u00e9es sont disponibles sur demande.  <\/p>\n<p>&nbsp;<\/p>\n<p>&nbsp;<\/p>\n<h2 class=\"wp-block-heading\">3. Commandes, paiements et prix<\/h2>\n<p>Les tarifs des produits sont disponibles sur le site web de LABA7 et sur d&rsquo;autres supports officiels. Cependant, le prix final peut faire l&rsquo;objet d&rsquo;une n\u00e9gociation individuelle en fonction des besoins sp\u00e9cifiques du client, des quantit\u00e9s ou des demandes de personnalisation. Tous les modes de paiement et conditions de livraison sont discut\u00e9s et confirm\u00e9s individuellement lors du processus de commande. Les modes de paiement accept\u00e9s incluent le virement bancaire, PayPal et d&rsquo;autres options convenues avec notre \u00e9quipe commerciale.   <\/p>\n<p>&nbsp;<\/p>\n<p>&nbsp;<\/p>\n<h2 class=\"wp-block-heading\">4. Garantie et retours<\/h2>\n<p>Les produits sont couverts par une <strong>garantie d&rsquo;un an<\/strong> pour les d\u00e9fauts de fabrication. Cette garantie <strong>ne couvre pas<\/strong> les dommages dus \u00e0 une mauvaise utilisation, \u00e0 des r\u00e9parations ou modifications non autoris\u00e9es ou \u00e0 une installation incorrecte. Les retours et remboursements sont trait\u00e9s au cas par cas et doivent faire l&rsquo;objet d&rsquo;un accord \u00e9crit.  <\/p>\n<p>&nbsp;<\/p>\n<p>&nbsp;<\/p>\n<h2 class=\"wp-block-heading\">5. Exp\u00e9dition et livraison<\/h2>\n<p>LABA7 livre dans le monde entier. Les frais d&rsquo;exp\u00e9dition, droits de douane et taxes sont indiqu\u00e9s individuellement lors du processus de commande. Les d\u00e9lais de livraison varient :  <\/p>\n<ul class=\"wp-block-list\">\n<ul class=\"wp-block-list\">\n<li>La plupart des outils et \u00e9quipements : <strong>0 \u00e0 4 semaines<\/strong> (g\u00e9n\u00e9ralement 1 \u00e0 2 semaines)<\/li>\n<\/ul>\n<\/ul>\n<ul class=\"wp-block-list\">\n<ul class=\"wp-block-list\">\n<li>Syst\u00e8me de test d&rsquo;amortisseur \u00e9lectromagn\u00e9tique (EMA) : <strong>jusqu&rsquo;\u00e0 5 mois<\/strong><\/li>\n<\/ul>\n<\/ul>\n<p><strong>Les droits d&rsquo;importation, les taxes et les frais de d\u00e9douanement sont \u00e0 la charge exclusive du client.<\/strong> LABA7 d\u00e9cline toute responsabilit\u00e9 en cas de frais suppl\u00e9mentaires li\u00e9s \u00e0 l&rsquo;importation ou de retards li\u00e9s aux proc\u00e9dures douani\u00e8res. <\/p>\n<p>&nbsp;<\/p>\n<p>&nbsp;<\/p>\n<h2 class=\"wp-block-heading\">6. Propri\u00e9t\u00e9 intellectuelle<\/h2>\n<p>L&rsquo;ensemble du contenu du site web de LABA7, y compris les logos, textes, images, logiciels et documentation, est la propri\u00e9t\u00e9 intellectuelle de LABA7, UAB. La r\u00e9utilisation de tout mat\u00e9riel (manuels, photos, guides) n\u00e9cessite une <strong>autorisation \u00e9crite pr\u00e9alable<\/strong>. <\/p>\n<p>&nbsp;<\/p>\n<p>&nbsp;<\/p>\n<h2 class=\"wp-block-heading\">7. Utilisation du logiciel<\/h2>\n<p>Tous les logiciels fournis avec l&rsquo;\u00e9quipement LABA7 sont gratuits et inclus avec l&rsquo;achat.<\/p>\n<ul class=\"wp-block-list\">\n<ul class=\"wp-block-list\">\n<li><strong>L&rsquo;ing\u00e9nierie inverse, la redistribution ou la modification <\/strong>du logiciel sont interdites.<\/li>\n<\/ul>\n<\/ul>\n<ul class=\"wp-block-list\">\n<ul class=\"wp-block-list\">\n<li>Les mises \u00e0 jour ou am\u00e9liorations non autoris\u00e9es <strong>annuleront la garantie<\/strong> pendant la p\u00e9riode de couverture.<\/li>\n<\/ul>\n<\/ul>\n<p>&nbsp;<\/p>\n<p>&nbsp;<\/p>\n<h2 class=\"wp-block-heading\">8. Conduite de l&rsquo;utilisateur<\/h2>\n<p>Les utilisateurs ne doivent pas se livrer \u00e0 une activit\u00e9 susceptible de :<\/p>\n<ul class=\"wp-block-list\">\n<ul class=\"wp-block-list\">\n<li>Nuire au site Web LABA7 ou \u00e0 ses fonctionnalit\u00e9s<\/li>\n<\/ul>\n<\/ul>\n<ul class=\"wp-block-list\">\n<ul class=\"wp-block-list\">\n<li>Porter atteinte \u00e0 la r\u00e9putation ou \u00e0 l\u2019image de l\u2019entreprise<\/li>\n<\/ul>\n<\/ul>\n<p>Les utilisateurs ne sont pas autoris\u00e9s \u00e0 laisser de commentaires ni \u00e0 publier de contenu sur le site web. Cependant, les retours sont encourag\u00e9s via <a href=\"https:\/\/www.trustpilot.com\/review\/www.laba7.com\" rel=\"nofollow noopener noreferrer\">TrustPilot<\/a>, <a href=\"https:\/\/www.google.com\/maps\/place\/\/data=!4m3!3m2!1s0x46dd937732d91f95:0x99a5b537e2acc3d7!12e1\" rel=\"nofollow noopener noreferrer\">Google Reviews<\/a> ou par contact direct. <\/p>\n<p>&nbsp;<\/p>\n<p>&nbsp;<\/p>\n<h2 class=\"wp-block-heading\">9. Confidentialit\u00e9 et collecte de donn\u00e9es<\/h2>\n<p>LABA7 collecte des donn\u00e9es limit\u00e9es \u00e0 des fins de support client, d&rsquo;analyse et de marketing. Pour plus d&rsquo;informations, veuillez consulter : <\/p>\n<ul class=\"wp-block-list\">\n<ul class=\"wp-block-list\">\n<li><a class=\"\" href=\"https:\/\/laba7.com\/privacy-policy\/\">Politique de confidentialit\u00e9<\/a><\/li>\n<\/ul>\n<\/ul>\n<ul class=\"wp-block-list\">\n<ul class=\"wp-block-list\">\n<li><a class=\"\" href=\"https:\/\/laba7.com\/cookie-policy\/\">Politique relative aux cookies<\/a><\/li>\n<\/ul>\n<\/ul>\n<p>&nbsp;<\/p>\n<p>&nbsp;<\/p>\n<h2 class=\"wp-block-heading\">10. Limitation de responsabilit\u00e9<\/h2>\n<p>LABA7, UAB d\u00e9cline toute responsabilit\u00e9 en cas de <strong>dommages indirects, accessoires ou cons\u00e9cutifs<\/strong> r\u00e9sultant de l&rsquo;utilisation, bonne ou mauvaise, de nos produits. Les performances peuvent varier selon l&rsquo;application et la configuration. <\/p>\n<p>&nbsp;<\/p>\n<p>&nbsp;<\/p>\n<h2 class=\"wp-block-heading\">11. Loi applicable<\/h2>\n<p>Les pr\u00e9sentes conditions sont r\u00e9gies par les lois de la <strong>R\u00e9publique de Lituanie<\/strong>. Tout litige d\u00e9coulant de ces Conditions sera tranch\u00e9 par les tribunaux lituaniens. <\/p>\n<p>&nbsp;<\/p>\n<p>&nbsp;<\/p>\n<h2 class=\"wp-block-heading\">12. Modifications des conditions<\/h2>\n<p>LABA7 se r\u00e9serve le droit de mettre \u00e0 jour ou de modifier les pr\u00e9sentes Conditions g\u00e9n\u00e9rales \u00e0 tout moment et sans pr\u00e9avis. L&rsquo;utilisation continue du site web vaut acceptation des Conditions actuelles. Veuillez consulter r\u00e9guli\u00e8rement cette page pour prendre connaissance des mises \u00e0 jour.  <\/p>\n<p>&nbsp;<\/p>\n<p>&nbsp;<\/p>\n<h2 class=\"wp-block-heading\">13. Coordonn\u00e9es<\/h2>\n<p>Pour toute question concernant ces conditions ou pour contacter LABA7, veuillez visiter :<br \/>\n<a class=\"\" href=\"https:\/\/laba7.com\/contact-us\/\">https:\/\/laba7.com\/contact-us\/<\/a><\/p>\n<p>&nbsp;<\/p>\n<p>&nbsp;[\/et_pb_text][\/et_pb_column][\/et_pb_row][\/et_pb_section]<\/p>\n","protected":false},"excerpt":{"rendered":"<p>Conditions g\u00e9n\u00e9rales Nom commercial : LABA7, UAB ID de l&rsquo;entreprise : 304433443 Num\u00e9ro de TVA : LT100011059417 Adresse enregistr\u00e9e : rue Gilu\u017eio 15, LT-06239 Vilnius, Lituanie En acc\u00e9dant au site web de LABA7 (https:\/\/laba7.com\/) ou en l&rsquo;utilisant, vous acceptez les conditions g\u00e9n\u00e9rales suivantes. En cas de d\u00e9saccord, veuillez vous abstenir d&rsquo;utiliser ce site. &nbsp; &nbsp; [&hellip;]<\/p>\n","protected":false},"author":2,"featured_media":331072,"parent":0,"menu_order":0,"comment_status":"closed","ping_status":"closed","template":"","meta":{"_acf_changed":false,"_et_pb_use_builder":"on","_et_pb_old_content":"","_et_gb_content_width":"","footnotes":""},"class_list":["post-339095","page","type-page","status-publish","has-post-thumbnail","hentry"],"acf":[],"yoast_head":"<!-- This site is optimized with the Yoast SEO plugin v25.3.1 - https:\/\/yoast.com\/wordpress\/plugins\/seo\/ -->\n<title>Conditions g\u00e9n\u00e9rales - LABA7<\/title>\n<meta name=\"description\" content=\"En acc\u00e9dant ou en utilisant le site Web LABA7 (https:\/\/laba7.com\/), vous acceptez d&#039;\u00eatre li\u00e9 par les conditions g\u00e9n\u00e9rales suivantes.\" \/>\n<meta name=\"robots\" content=\"index, follow, max-snippet:-1, max-image-preview:large, max-video-preview:-1\" \/>\n<link rel=\"canonical\" href=\"https:\/\/laba7.com\/fr\/conditions-generales\/\" \/>\n<meta property=\"og:locale\" content=\"fr_FR\" \/>\n<meta property=\"og:type\" content=\"article\" \/>\n<meta property=\"og:title\" content=\"Conditions g\u00e9n\u00e9rales - LABA7\" \/>\n<meta property=\"og:description\" content=\"En acc\u00e9dant ou en utilisant le site Web LABA7 (https:\/\/laba7.com\/), vous acceptez d&#039;\u00eatre li\u00e9 par les conditions g\u00e9n\u00e9rales suivantes.\" \/>\n<meta property=\"og:url\" content=\"https:\/\/laba7.com\/fr\/conditions-generales\/\" \/>\n<meta property=\"og:site_name\" content=\"LABA7\" \/>\n<meta property=\"article:publisher\" content=\"https:\/\/www.facebook.com\/LabaSeven\/\" \/>\n<meta property=\"article:modified_time\" content=\"2025-05-09T05:53:54+00:00\" \/>\n<meta property=\"og:image\" content=\"https:\/\/laba7.com\/wp-content\/uploads\/2023\/07\/Laba7-logo-square-black.png\" \/>\n\t<meta property=\"og:image:width\" content=\"1572\" \/>\n\t<meta property=\"og:image:height\" content=\"1572\" \/>\n\t<meta property=\"og:image:type\" content=\"image\/png\" \/>\n<script type=\"application\/ld+json\" class=\"yoast-schema-graph\">{\"@context\":\"https:\/\/schema.org\",\"@graph\":[{\"@type\":\"Article\",\"@id\":\"https:\/\/laba7.com\/fr\/conditions-generales\/#article\",\"isPartOf\":{\"@id\":\"https:\/\/laba7.com\/fr\/conditions-generales\/\"},\"author\":{\"name\":\"Marius P\",\"@id\":\"https:\/\/laba7.com\/fr\/#\/schema\/person\/4deb6425fca1731fa86ee83cca69204f\"},\"headline\":\"Conditions g\u00e9n\u00e9rales\",\"datePublished\":\"2025-04-03T05:51:30+00:00\",\"dateModified\":\"2025-05-09T05:53:54+00:00\",\"mainEntityOfPage\":{\"@id\":\"https:\/\/laba7.com\/fr\/conditions-generales\/\"},\"wordCount\":861,\"publisher\":{\"@id\":\"https:\/\/laba7.com\/fr\/#organization\"},\"image\":{\"@id\":\"https:\/\/laba7.com\/fr\/conditions-generales\/#primaryimage\"},\"thumbnailUrl\":\"https:\/\/laba7.com\/wp-content\/uploads\/2023\/07\/Laba7-logo-square-black.png\",\"inLanguage\":\"fr-FR\"},{\"@type\":\"WebPage\",\"@id\":\"https:\/\/laba7.com\/fr\/conditions-generales\/\",\"url\":\"https:\/\/laba7.com\/fr\/conditions-generales\/\",\"name\":\"Conditions g\u00e9n\u00e9rales - LABA7\",\"isPartOf\":{\"@id\":\"https:\/\/laba7.com\/fr\/#website\"},\"primaryImageOfPage\":{\"@id\":\"https:\/\/laba7.com\/fr\/conditions-generales\/#primaryimage\"},\"image\":{\"@id\":\"https:\/\/laba7.com\/fr\/conditions-generales\/#primaryimage\"},\"thumbnailUrl\":\"https:\/\/laba7.com\/wp-content\/uploads\/2023\/07\/Laba7-logo-square-black.png\",\"datePublished\":\"2025-04-03T05:51:30+00:00\",\"dateModified\":\"2025-05-09T05:53:54+00:00\",\"description\":\"En acc\u00e9dant ou en utilisant le site Web LABA7 (https:\/\/laba7.com\/), vous acceptez d'\u00eatre li\u00e9 par les conditions g\u00e9n\u00e9rales suivantes.\",\"breadcrumb\":{\"@id\":\"https:\/\/laba7.com\/fr\/conditions-generales\/#breadcrumb\"},\"inLanguage\":\"fr-FR\",\"potentialAction\":[{\"@type\":\"ReadAction\",\"target\":[\"https:\/\/laba7.com\/fr\/conditions-generales\/\"]}]},{\"@type\":\"ImageObject\",\"inLanguage\":\"fr-FR\",\"@id\":\"https:\/\/laba7.com\/fr\/conditions-generales\/#primaryimage\",\"url\":\"https:\/\/laba7.com\/wp-content\/uploads\/2023\/07\/Laba7-logo-square-black.png\",\"contentUrl\":\"https:\/\/laba7.com\/wp-content\/uploads\/2023\/07\/Laba7-logo-square-black.png\",\"width\":1572,\"height\":1572,\"caption\":\"Laba7 logo\"},{\"@type\":\"BreadcrumbList\",\"@id\":\"https:\/\/laba7.com\/fr\/conditions-generales\/#breadcrumb\",\"itemListElement\":[{\"@type\":\"ListItem\",\"position\":1,\"name\":\"Home\",\"item\":\"https:\/\/laba7.com\/fr\/\"},{\"@type\":\"ListItem\",\"position\":2,\"name\":\"Conditions g\u00e9n\u00e9rales\"}]},{\"@type\":\"WebSite\",\"@id\":\"https:\/\/laba7.com\/fr\/#website\",\"url\":\"https:\/\/laba7.com\/fr\/\",\"name\":\"LABA7\",\"description\":\"Precision Testing for Vehicle Dynamics and Performance\",\"publisher\":{\"@id\":\"https:\/\/laba7.com\/fr\/#organization\"},\"potentialAction\":[{\"@type\":\"SearchAction\",\"target\":{\"@type\":\"EntryPoint\",\"urlTemplate\":\"https:\/\/laba7.com\/fr\/?s={search_term_string}\"},\"query-input\":{\"@type\":\"PropertyValueSpecification\",\"valueRequired\":true,\"valueName\":\"search_term_string\"}}],\"inLanguage\":\"fr-FR\"},{\"@type\":\"Organization\",\"@id\":\"https:\/\/laba7.com\/fr\/#organization\",\"name\":\"LABA7, UAB\",\"url\":\"https:\/\/laba7.com\/fr\/\",\"logo\":{\"@type\":\"ImageObject\",\"inLanguage\":\"fr-FR\",\"@id\":\"https:\/\/laba7.com\/fr\/#\/schema\/logo\/image\/\",\"url\":\"https:\/\/laba7.com\/wp-content\/uploads\/2023\/07\/Laba7-logo-square-black.png\",\"contentUrl\":\"https:\/\/laba7.com\/wp-content\/uploads\/2023\/07\/Laba7-logo-square-black.png\",\"width\":1572,\"height\":1572,\"caption\":\"LABA7, UAB\"},\"image\":{\"@id\":\"https:\/\/laba7.com\/fr\/#\/schema\/logo\/image\/\"},\"sameAs\":[\"https:\/\/www.facebook.com\/LabaSeven\/\",\"https:\/\/www.instagram.com\/laba_seven\/\",\"https:\/\/www.linkedin.com\/company\/laba7\"]},{\"@type\":\"Person\",\"@id\":\"https:\/\/laba7.com\/fr\/#\/schema\/person\/4deb6425fca1731fa86ee83cca69204f\",\"name\":\"Marius P\",\"description\":\"With over 15 years of hands-on marketing experience, Marius leads the global marketing strategy at LABA7. Although he holds a degree in Political Science, Marius built his career in Marketing by applying a \u201clearn by doing\u201d philosophy. He developed expertise across content creation, advertising, PR, social media, video production, and strategic planning by delving into the challenges facing him. At LABA7, Marius combines this multidisciplinary knowledge to drive brand growth and product visibility across international markets. He plays a key role in positioning LABA7\u2019s advanced shock dynos, electromagnetic actuators (EMAs), spring testers, and vacuum bleeders as trusted tools for suspension professionals, motorsport teams, research institutes, and automotive workshops worldwide. Get in touch: marius.p@laba7.com Achievements - Produced multiple viral videos for Vertex brands - Acquired 200,000 new users for BitDegree in a financially sustainable manner - Developed a successful initial sales funnel for Verified Payments - Led national and international PR campaigns for Circle K, Nokia, Microsoft, Bite Lietuva, Airbaltic, and many others at Integrity PR Interests - Cycling - Enjoy cycling as a sport and hobby, with a growing interest in how suspension setup affects ride quality. - Motorsport &amp; Engineering - Interested in how motorsport teams use vehicle dynamics data to improve performance. - Photography &amp; Visual Content - Passionate about photography, especially capturing technical subjects and helping viewers see the beauty of innovative solutions. - Writing - Enjoy writing, whether it's simplifying technical topics, developing brand narratives, or creating engaging content.\",\"sameAs\":[\"https:\/\/laba7.com\/\",\"https:\/\/www.facebook.com\/menulis19\/\",\"https:\/\/www.linkedin.com\/in\/mariuspetrauskas\/\"],\"url\":\"https:\/\/laba7.com\/fr\/blog\/author\/marius\/\"}]}<\/script>\n<!-- \/ Yoast SEO plugin. -->","yoast_head_json":{"title":"Conditions g\u00e9n\u00e9rales - LABA7","description":"En acc\u00e9dant ou en utilisant le site Web LABA7 (https:\/\/laba7.com\/), vous acceptez d'\u00eatre li\u00e9 par les conditions g\u00e9n\u00e9rales suivantes.","robots":{"index":"index","follow":"follow","max-snippet":"max-snippet:-1","max-image-preview":"max-image-preview:large","max-video-preview":"max-video-preview:-1"},"canonical":"https:\/\/laba7.com\/fr\/conditions-generales\/","og_locale":"fr_FR","og_type":"article","og_title":"Conditions g\u00e9n\u00e9rales - LABA7","og_description":"En acc\u00e9dant ou en utilisant le site Web LABA7 (https:\/\/laba7.com\/), vous acceptez d'\u00eatre li\u00e9 par les conditions g\u00e9n\u00e9rales suivantes.","og_url":"https:\/\/laba7.com\/fr\/conditions-generales\/","og_site_name":"LABA7","article_publisher":"https:\/\/www.facebook.com\/LabaSeven\/","article_modified_time":"2025-05-09T05:53:54+00:00","og_image":[{"width":1572,"height":1572,"url":"https:\/\/laba7.com\/wp-content\/uploads\/2023\/07\/Laba7-logo-square-black.png","type":"image\/png"}],"schema":{"@context":"https:\/\/schema.org","@graph":[{"@type":"Article","@id":"https:\/\/laba7.com\/fr\/conditions-generales\/#article","isPartOf":{"@id":"https:\/\/laba7.com\/fr\/conditions-generales\/"},"author":{"name":"Marius P","@id":"https:\/\/laba7.com\/fr\/#\/schema\/person\/4deb6425fca1731fa86ee83cca69204f"},"headline":"Conditions g\u00e9n\u00e9rales","datePublished":"2025-04-03T05:51:30+00:00","dateModified":"2025-05-09T05:53:54+00:00","mainEntityOfPage":{"@id":"https:\/\/laba7.com\/fr\/conditions-generales\/"},"wordCount":861,"publisher":{"@id":"https:\/\/laba7.com\/fr\/#organization"},"image":{"@id":"https:\/\/laba7.com\/fr\/conditions-generales\/#primaryimage"},"thumbnailUrl":"https:\/\/laba7.com\/wp-content\/uploads\/2023\/07\/Laba7-logo-square-black.png","inLanguage":"fr-FR"},{"@type":"WebPage","@id":"https:\/\/laba7.com\/fr\/conditions-generales\/","url":"https:\/\/laba7.com\/fr\/conditions-generales\/","name":"Conditions g\u00e9n\u00e9rales - LABA7","isPartOf":{"@id":"https:\/\/laba7.com\/fr\/#website"},"primaryImageOfPage":{"@id":"https:\/\/laba7.com\/fr\/conditions-generales\/#primaryimage"},"image":{"@id":"https:\/\/laba7.com\/fr\/conditions-generales\/#primaryimage"},"thumbnailUrl":"https:\/\/laba7.com\/wp-content\/uploads\/2023\/07\/Laba7-logo-square-black.png","datePublished":"2025-04-03T05:51:30+00:00","dateModified":"2025-05-09T05:53:54+00:00","description":"En acc\u00e9dant ou en utilisant le site Web LABA7 (https:\/\/laba7.com\/), vous acceptez d'\u00eatre li\u00e9 par les conditions g\u00e9n\u00e9rales suivantes.","breadcrumb":{"@id":"https:\/\/laba7.com\/fr\/conditions-generales\/#breadcrumb"},"inLanguage":"fr-FR","potentialAction":[{"@type":"ReadAction","target":["https:\/\/laba7.com\/fr\/conditions-generales\/"]}]},{"@type":"ImageObject","inLanguage":"fr-FR","@id":"https:\/\/laba7.com\/fr\/conditions-generales\/#primaryimage","url":"https:\/\/laba7.com\/wp-content\/uploads\/2023\/07\/Laba7-logo-square-black.png","contentUrl":"https:\/\/laba7.com\/wp-content\/uploads\/2023\/07\/Laba7-logo-square-black.png","width":1572,"height":1572,"caption":"Laba7 logo"},{"@type":"BreadcrumbList","@id":"https:\/\/laba7.com\/fr\/conditions-generales\/#breadcrumb","itemListElement":[{"@type":"ListItem","position":1,"name":"Home","item":"https:\/\/laba7.com\/fr\/"},{"@type":"ListItem","position":2,"name":"Conditions g\u00e9n\u00e9rales"}]},{"@type":"WebSite","@id":"https:\/\/laba7.com\/fr\/#website","url":"https:\/\/laba7.com\/fr\/","name":"LABA7","description":"Precision Testing for Vehicle Dynamics and Performance","publisher":{"@id":"https:\/\/laba7.com\/fr\/#organization"},"potentialAction":[{"@type":"SearchAction","target":{"@type":"EntryPoint","urlTemplate":"https:\/\/laba7.com\/fr\/?s={search_term_string}"},"query-input":{"@type":"PropertyValueSpecification","valueRequired":true,"valueName":"search_term_string"}}],"inLanguage":"fr-FR"},{"@type":"Organization","@id":"https:\/\/laba7.com\/fr\/#organization","name":"LABA7, UAB","url":"https:\/\/laba7.com\/fr\/","logo":{"@type":"ImageObject","inLanguage":"fr-FR","@id":"https:\/\/laba7.com\/fr\/#\/schema\/logo\/image\/","url":"https:\/\/laba7.com\/wp-content\/uploads\/2023\/07\/Laba7-logo-square-black.png","contentUrl":"https:\/\/laba7.com\/wp-content\/uploads\/2023\/07\/Laba7-logo-square-black.png","width":1572,"height":1572,"caption":"LABA7, UAB"},"image":{"@id":"https:\/\/laba7.com\/fr\/#\/schema\/logo\/image\/"},"sameAs":["https:\/\/www.facebook.com\/LabaSeven\/","https:\/\/www.instagram.com\/laba_seven\/","https:\/\/www.linkedin.com\/company\/laba7"]},{"@type":"Person","@id":"https:\/\/laba7.com\/fr\/#\/schema\/person\/4deb6425fca1731fa86ee83cca69204f","name":"Marius P","description":"With over 15 years of hands-on marketing experience, Marius leads the global marketing strategy at LABA7. Although he holds a degree in Political Science, Marius built his career in Marketing by applying a \u201clearn by doing\u201d philosophy. He developed expertise across content creation, advertising, PR, social media, video production, and strategic planning by delving into the challenges facing him. At LABA7, Marius combines this multidisciplinary knowledge to drive brand growth and product visibility across international markets. He plays a key role in positioning LABA7\u2019s advanced shock dynos, electromagnetic actuators (EMAs), spring testers, and vacuum bleeders as trusted tools for suspension professionals, motorsport teams, research institutes, and automotive workshops worldwide. Get in touch: marius.p@laba7.com Achievements - Produced multiple viral videos for Vertex brands - Acquired 200,000 new users for BitDegree in a financially sustainable manner - Developed a successful initial sales funnel for Verified Payments - Led national and international PR campaigns for Circle K, Nokia, Microsoft, Bite Lietuva, Airbaltic, and many others at Integrity PR Interests - Cycling - Enjoy cycling as a sport and hobby, with a growing interest in how suspension setup affects ride quality. - Motorsport &amp; Engineering - Interested in how motorsport teams use vehicle dynamics data to improve performance. - Photography &amp; Visual Content - Passionate about photography, especially capturing technical subjects and helping viewers see the beauty of innovative solutions. - Writing - Enjoy writing, whether it's simplifying technical topics, developing brand narratives, or creating engaging content.","sameAs":["https:\/\/laba7.com\/","https:\/\/www.facebook.com\/menulis19\/","https:\/\/www.linkedin.com\/in\/mariuspetrauskas\/"],"url":"https:\/\/laba7.com\/fr\/blog\/author\/marius\/"}]}},"_links":{"self":[{"href":"https:\/\/laba7.com\/fr\/wp-json\/wp\/v2\/pages\/339095","targetHints":{"allow":["GET"]}}],"collection":[{"href":"https:\/\/laba7.com\/fr\/wp-json\/wp\/v2\/pages"}],"about":[{"href":"https:\/\/laba7.com\/fr\/wp-json\/wp\/v2\/types\/page"}],"author":[{"embeddable":true,"href":"https:\/\/laba7.com\/fr\/wp-json\/wp\/v2\/users\/2"}],"replies":[{"embeddable":true,"href":"https:\/\/laba7.com\/fr\/wp-json\/wp\/v2\/comments?post=339095"}],"version-history":[{"count":7,"href":"https:\/\/laba7.com\/fr\/wp-json\/wp\/v2\/pages\/339095\/revisions"}],"predecessor-version":[{"id":339573,"href":"https:\/\/laba7.com\/fr\/wp-json\/wp\/v2\/pages\/339095\/revisions\/339573"}],"wp:featuredmedia":[{"embeddable":true,"href":"https:\/\/laba7.com\/fr\/wp-json\/wp\/v2\/media\/331072"}],"wp:attachment":[{"href":"https:\/\/laba7.com\/fr\/wp-json\/wp\/v2\/media?parent=339095"}],"curies":[{"name":"wp","href":"https:\/\/api.w.org\/{rel}","templated":true}]}}