{"id":332802,"date":"2023-12-19T08:04:15","date_gmt":"2023-12-19T08:04:15","guid":{"rendered":"https:\/\/laba7.com\/produits\/adaptateurs-pour-pompes-a-vide-et-a-purge-pour-automobiles\/"},"modified":"2025-10-28T06:40:13","modified_gmt":"2025-10-28T06:40:13","slug":"adaptateurs-pour-pompes-a-vide-et-a-purge-pour-automobiles","status":"publish","type":"page","link":"https:\/\/laba7.com\/fr\/produits\/adaptateurs-pour-pompes-a-vide-et-a-purge-pour-automobiles\/","title":{"rendered":"Adaptateurs de pompe de purge \u00e0 vide pour AUTO"},"content":{"rendered":"<p>[et_pb_section fb_built=\u00a0\u00bb1&Prime; admin_label=\u00a0\u00bbHeader\u00a0\u00bb _builder_version=\u00a0\u00bb4.23.1&Prime; _module_preset=\u00a0\u00bbdefault\u00a0\u00bb background_color=\u00a0\u00bb#000000&Prime; background_enable_image=\u00a0\u00bboff\u00a0\u00bb background_size=\u00a0\u00bbcontain\u00a0\u00bb background_position=\u00a0\u00bbbottom_center\u00a0\u00bb background_vertical_offset=\u00a0\u00bb-40%\u00a0\u00bb min_height=\u00a0\u00bb500px\u00a0\u00bb height_last_edited=\u00a0\u00bboff|phone\u00a0\u00bb custom_margin=\u00a0\u00bb0px||0px||false|false\u00a0\u00bb custom_padding=\u00a0\u00bb||||false|false\u00a0\u00bb bottom_divider_style=\u00a0\u00bbarrow3&Prime; bottom_divider_color=\u00a0\u00bb#303030&Prime; bottom_divider_height=\u00a0\u00bb43px\u00a0\u00bb locked=\u00a0\u00bboff\u00a0\u00bb global_colors_info=\u00a0\u00bb{}\u00a0\u00bb][et_pb_row _builder_version=\u00a0\u00bb4.23.1&Prime; _module_preset=\u00a0\u00bbdefault\u00a0\u00bb width=\u00a0\u00bb100%\u00a0\u00bb max_width=\u00a0\u00bb1100px\u00a0\u00bb custom_padding=\u00a0\u00bb100px||||false|false\u00a0\u00bb global_colors_info=\u00a0\u00bb{}\u00a0\u00bb][et_pb_column type=\u00a0\u00bb4_4&Prime; _builder_version=\u00a0\u00bb4.20.4&Prime; _module_preset=\u00a0\u00bbdefault\u00a0\u00bb global_colors_info=\u00a0\u00bb{}\u00a0\u00bb][et_pb_text _builder_version=\u00a0\u00bb4.23.1&Prime; _module_preset=\u00a0\u00bbdefault\u00a0\u00bb header_text_align=\u00a0\u00bbcenter\u00a0\u00bb header_text_color=\u00a0\u00bb#FFFFFF\u00a0\u00bb header_font_size=\u00a0\u00bb50px\u00a0\u00bb text_orientation=\u00a0\u00bbcenter\u00a0\u00bb background_layout=\u00a0\u00bbdark\u00a0\u00bb custom_margin=\u00a0\u00bb||||false|false\u00a0\u00bb header_text_shadow_style=\u00a0\u00bbpreset1&Prime; global_colors_info=\u00a0\u00bb{}\u00a0\u00bb]<\/p>\n<h1 style=\"text-align: center;\">Adaptateurs de pompe de purge \u00e0 vide pour AUTO<\/h1>\n<p>[\/et_pb_text][et_pb_text _builder_version=\u00a0\u00bb4.23.1&Prime; _module_preset=\u00a0\u00bbdefault\u00a0\u00bb text_text_color=\u00a0\u00bbgcid-d40f5d1e-f5d1-4b41-ab11-4faa03a3a11c\u00a0\u00bb custom_padding=\u00a0\u00bb||30px||false|false\u00a0\u00bb text_text_shadow_style=\u00a0\u00bbpreset3&Prime; global_colors_info=\u00a0\u00bb{%22gcid-d40f5d1e-f5d1-4b41-ab11-4faa03a3a11c%22:%91%22text_text_color%22%93}\u00a0\u00bb]<\/p>\n<p style=\"text-align: center;\">Adaptateurs de pompe \u00e0 vide pour amortisseurs AUTO. Id\u00e9al pour l&rsquo;entretien professionnel, il permet d&rsquo;assurer un fonctionnement optimal sans effort.<\/p>\n<p style=\"text-align: center;\">Nos adaptateurs de pompe de purge \u00e0 vide pour amortisseurs AUTO sont des outils essentiels pour pr\u00e9server les performances maximales des amortisseurs. Revitalisez les amortisseurs avec notre pompe de purge \u00e0 vide con\u00e7ue pour une maintenance optimale. Sans effort, l&rsquo;air est \u00e9vacu\u00e9 et l&rsquo;huile hydraulique est remplac\u00e9e, ce qui garantit des performances optimales pour votre v\u00e9hicule.<\/p>\n<p>[\/et_pb_text][et_pb_button button_url=\u00a0\u00bb#AdaptersPP\u00a0\u00bb url_new_window=\u00a0\u00bbon\u00a0\u00bb button_text=\u00a0\u00bbPassez une commande maintenant\u00a0\u00bb button_alignment=\u00a0\u00bbcenter\u00a0\u00bb admin_label=\u00a0\u00bbContact button\u00a0\u00bb _builder_version=\u00a0\u00bb4.25.0&Prime; _module_preset=\u00a0\u00bbdefault\u00a0\u00bb custom_button=\u00a0\u00bbon\u00a0\u00bb button_text_size=\u00a0\u00bb16px\u00a0\u00bb button_text_color=\u00a0\u00bb#000000&Prime; button_bg_color=\u00a0\u00bb#FFFFFF\u00a0\u00bb button_border_width=\u00a0\u00bb0px\u00a0\u00bb button_border_radius=\u00a0\u00bb5px\u00a0\u00bb button_font=\u00a0\u00bb||||||||\u00a0\u00bb button_use_icon=\u00a0\u00bboff\u00a0\u00bb custom_margin=\u00a0\u00bb||||false|false\u00a0\u00bb custom_padding=\u00a0\u00bb10px|40px|10px|40px|false|false\u00a0\u00bb locked=\u00a0\u00bboff\u00a0\u00bb global_colors_info=\u00a0\u00bb{}\u00a0\u00bb][\/et_pb_button][\/et_pb_column][\/et_pb_row][\/et_pb_section][et_pb_section fb_built=\u00a0\u00bb1&Prime; admin_label=\u00a0\u00bbDynos Selection\u00a0\u00bb module_id=\u00a0\u00bbshock-dyno-adapters\u00a0\u00bb _builder_version=\u00a0\u00bb4.23.1&Prime; _module_preset=\u00a0\u00bbdefault\u00a0\u00bb background_color=\u00a0\u00bbrgba(0,0,0,0.44)\u00a0\u00bb min_height=\u00a0\u00bb750px\u00a0\u00bb custom_margin=\u00a0\u00bb||||false|false\u00a0\u00bb custom_padding=\u00a0\u00bb||||false|false\u00a0\u00bb top_divider_style=\u00a0\u00bbgraph4&Prime; top_divider_color=\u00a0\u00bb#303030&Prime; top_divider_height=\u00a0\u00bb40px\u00a0\u00bb bottom_divider_style=\u00a0\u00bbgraph4&Prime; bottom_divider_color=\u00a0\u00bb#303030&Prime; bottom_divider_height=\u00a0\u00bb40px\u00a0\u00bb global_colors_info=\u00a0\u00bb{}\u00a0\u00bb][et_pb_row _builder_version=\u00a0\u00bb4.23.1&Prime; _module_preset=\u00a0\u00bbdefault\u00a0\u00bb width=\u00a0\u00bb100%\u00a0\u00bb max_width=\u00a0\u00bb1100px\u00a0\u00bb custom_margin=\u00a0\u00bb30px||||false|false\u00a0\u00bb custom_padding=\u00a0\u00bb20px|20px|20px|20px|false|false\u00a0\u00bb global_colors_info=\u00a0\u00bb{}\u00a0\u00bb][et_pb_column type=\u00a0\u00bb4_4&Prime; _builder_version=\u00a0\u00bb4.20.4&Prime; _module_preset=\u00a0\u00bbdefault\u00a0\u00bb global_colors_info=\u00a0\u00bb{}\u00a0\u00bb][et_pb_text _builder_version=\u00a0\u00bb4.23.1&Prime; _module_preset=\u00a0\u00bbdefault\u00a0\u00bb global_colors_info=\u00a0\u00bb{}\u00a0\u00bb]<\/p>\n<h2 style=\"text-align: center;\"> Adaptateurs de pompe de purge \u00e0 vide LABA7 <strong>pour amortisseurs AUTO<\/strong><\/h2>\n<p>[\/et_pb_text][\/et_pb_column][\/et_pb_row][et_pb_row column_structure=\u00a0\u00bb1_3,2_3&Prime; make_equal=\u00a0\u00bbon\u00a0\u00bb _builder_version=\u00a0\u00bb4.23.1&Prime; _module_preset=\u00a0\u00bbdefault\u00a0\u00bb background_color=\u00a0\u00bb#000000&Prime; width=\u00a0\u00bbauto\u00a0\u00bb custom_margin=\u00a0\u00bb||||false|false\u00a0\u00bb custom_padding=\u00a0\u00bb20px|20px|20px|20px|false|false\u00a0\u00bb locked=\u00a0\u00bboff\u00a0\u00bb global_colors_info=\u00a0\u00bb{}\u00a0\u00bb][et_pb_column type=\u00a0\u00bb1_3&Prime; _builder_version=\u00a0\u00bb4.20.4&Prime; _module_preset=\u00a0\u00bbdefault\u00a0\u00bb custom_padding=\u00a0\u00bb|0px||0px|false|false\u00a0\u00bb global_colors_info=\u00a0\u00bb{}\u00a0\u00bb][et_pb_text _builder_version=\u00a0\u00bb4.26.0&Prime; _module_preset=\u00a0\u00bbdefault\u00a0\u00bb text_text_color=\u00a0\u00bbgcid-d40f5d1e-f5d1-4b41-ab11-4faa03a3a11c\u00a0\u00bb custom_margin=\u00a0\u00bb||0px||false|false\u00a0\u00bb custom_padding=\u00a0\u00bb20px|0px|10px|0px|false|false\u00a0\u00bb hover_enabled=\u00a0\u00bb0&Prime; global_colors_info=\u00a0\u00bb{%22gcid-d40f5d1e-f5d1-4b41-ab11-4faa03a3a11c%22:%91%22text_text_color%22%93}\u00a0\u00bb sticky_enabled=\u00a0\u00bb0&Prime;]<\/p>\n<h3 style=\"text-align: left;\">Ensemble adaptateur AUTO<\/h3>\n<ul>\n<li>G1\/4<\/li>\n<li>41.4&#215;9.4 M6x1<\/li>\n<li>41.4&#215;9.4 M5x0.9<\/li>\n<li>41.4&#215;9.4 M4x0.75<\/li>\n<li>60&#215;7 M3x0.5<\/li>\n<\/ul>\n<h3><\/h3>\n<h3>Prix \u2013 <strong>375 EUR <\/strong><em>(hors TVA)<\/em><\/h3>\n<p>[\/et_pb_text][\/et_pb_column][et_pb_column type=\u00a0\u00bb2_3&Prime; _builder_version=\u00a0\u00bb4.23.1&Prime; _module_preset=\u00a0\u00bbdefault\u00a0\u00bb global_colors_info=\u00a0\u00bb{}\u00a0\u00bb][dnxte_masonary gallery_ids=\u00a0\u00bb332265&Prime; dnxte_columns=\u00a0\u00bb1&Prime; dnxte_masonry_hvr_effect=\u00a0\u00bbzoom-in\u00a0\u00bb dnxte_msnary_filter_active_bg_color=\u00a0\u00bbRGBA(255,255,255,0)\u00a0\u00bb dnxte_msnary_overlay_bg_color=\u00a0\u00bbRGBA(255,255,255,0)\u00a0\u00bb dnxte_lightbox_overlay_bg_color=\u00a0\u00bbRGBA(255,255,255,0)\u00a0\u00bb _builder_version=\u00a0\u00bb4.23.1&Prime; _module_preset=\u00a0\u00bbdefault\u00a0\u00bb background_color=\u00a0\u00bbRGBA(255,255,255,0)\u00a0\u00bb global_colors_info=\u00a0\u00bb{}\u00a0\u00bb][\/dnxte_masonary][\/et_pb_column][\/et_pb_row][et_pb_row column_structure=\u00a0\u00bb1_3,2_3&Prime; make_equal=\u00a0\u00bbon\u00a0\u00bb _builder_version=\u00a0\u00bb4.23.1&Prime; _module_preset=\u00a0\u00bbdefault\u00a0\u00bb background_color=\u00a0\u00bb#000000&Prime; width=\u00a0\u00bbauto\u00a0\u00bb custom_margin=\u00a0\u00bb||||false|false\u00a0\u00bb custom_padding=\u00a0\u00bb20px|20px|20px|20px|false|false\u00a0\u00bb border_width_top=\u00a0\u00bb5px\u00a0\u00bb locked=\u00a0\u00bboff\u00a0\u00bb global_colors_info=\u00a0\u00bb{}\u00a0\u00bb][et_pb_column type=\u00a0\u00bb1_3&Prime; _builder_version=\u00a0\u00bb4.20.4&Prime; _module_preset=\u00a0\u00bbdefault\u00a0\u00bb custom_padding=\u00a0\u00bb|0px||0px|false|false\u00a0\u00bb global_colors_info=\u00a0\u00bb{}\u00a0\u00bb][et_pb_text _builder_version=\u00a0\u00bb4.27.0&Prime; _module_preset=\u00a0\u00bbdefault\u00a0\u00bb text_text_color=\u00a0\u00bbgcid-d40f5d1e-f5d1-4b41-ab11-4faa03a3a11c\u00a0\u00bb custom_margin=\u00a0\u00bb||0px||false|false\u00a0\u00bb custom_padding=\u00a0\u00bb20px|0px|10px|0px|false|false\u00a0\u00bb global_colors_info=\u00a0\u00bb{%22gcid-d40f5d1e-f5d1-4b41-ab11-4faa03a3a11c%22:%91%22text_text_color%22%93}\u00a0\u00bb]<\/p>\n<h3 style=\"text-align: left;\">Adaptateur en verre<\/h3>\n<p>Fabriqu\u00e9 \u00e0 partir de mat\u00e9riaux durables. Il vous permet d&rsquo;inspecter visuellement le fluide hydraulique \u00e0 la recherche de bulles d&rsquo;air et de contaminants, garantissant ainsi une proc\u00e9dure de purge compl\u00e8te et pr\u00e9cise.<\/p>\n<p>&nbsp;<\/p>\n<h3>Prix \u200b\u200b\u2013 <strong> 130 EUR <\/strong> <em>(hors TVA) <\/em><\/h3>\n<p>[\/et_pb_text][\/et_pb_column][et_pb_column type=\u00a0\u00bb2_3&Prime; _builder_version=\u00a0\u00bb4.23.1&Prime; _module_preset=\u00a0\u00bbdefault\u00a0\u00bb global_colors_info=\u00a0\u00bb{}\u00a0\u00bb][dnxte_masonary gallery_ids=\u00a0\u00bb332267&Prime; dnxte_columns=\u00a0\u00bb1&Prime; dnxte_masonry_hvr_effect=\u00a0\u00bbzoom-in\u00a0\u00bb dnxte_msnary_filter_active_bg_color=\u00a0\u00bbRGBA(255,255,255,0)\u00a0\u00bb dnxte_msnary_overlay_bg_color=\u00a0\u00bbRGBA(255,255,255,0)\u00a0\u00bb dnxte_lightbox_overlay_bg_color=\u00a0\u00bbRGBA(255,255,255,0)\u00a0\u00bb _builder_version=\u00a0\u00bb4.23.1&Prime; _module_preset=\u00a0\u00bbdefault\u00a0\u00bb background_color=\u00a0\u00bbRGBA(255,255,255,0)\u00a0\u00bb global_colors_info=\u00a0\u00bb{}\u00a0\u00bb][\/dnxte_masonary][\/et_pb_column][\/et_pb_row][\/et_pb_section][et_pb_section fb_built=\u00a0\u00bb1&Prime; admin_label=\u00a0\u00bbDynos Selection\u00a0\u00bb module_id=\u00a0\u00bbshock-dyno-adapters\u00a0\u00bb _builder_version=\u00a0\u00bb4.23.1&Prime; _module_preset=\u00a0\u00bbdefault\u00a0\u00bb background_color=\u00a0\u00bbrgba(0,0,0,0.44)\u00a0\u00bb min_height=\u00a0\u00bb750px\u00a0\u00bb custom_margin=\u00a0\u00bb0px|0px|0px|0px|false|false\u00a0\u00bb custom_padding=\u00a0\u00bb20px|20px|20px|20px|false|false\u00a0\u00bb global_colors_info=\u00a0\u00bb{}\u00a0\u00bb][et_pb_row _builder_version=\u00a0\u00bb4.23.1&Prime; _module_preset=\u00a0\u00bbdefault\u00a0\u00bb width=\u00a0\u00bb100%\u00a0\u00bb max_width=\u00a0\u00bb1100px\u00a0\u00bb custom_margin=\u00a0\u00bb30px||||false|false\u00a0\u00bb custom_padding=\u00a0\u00bb20px|20px|20px|20px|false|false\u00a0\u00bb global_colors_info=\u00a0\u00bb{}\u00a0\u00bb][et_pb_column type=\u00a0\u00bb4_4&Prime; _builder_version=\u00a0\u00bb4.20.4&Prime; _module_preset=\u00a0\u00bbdefault\u00a0\u00bb global_colors_info=\u00a0\u00bb{}\u00a0\u00bb][et_pb_text _builder_version=\u00a0\u00bb4.23.1&Prime; _module_preset=\u00a0\u00bbdefault\u00a0\u00bb global_colors_info=\u00a0\u00bb{}\u00a0\u00bb]<\/p>\n<h2 style=\"text-align: center;\">Pourquoi utiliser des adaptateurs de pompe de purge \u00e0 vide pour les amortisseurs AUTO ?<\/h2>\n<p>[\/et_pb_text][et_pb_text _builder_version=\u00a0\u00bb4.23.1&Prime; _module_preset=\u00a0\u00bbdefault\u00a0\u00bb global_colors_info=\u00a0\u00bb{}\u00a0\u00bb]<\/p>\n<p style=\"text-align: center;\">Nos adaptateurs de pompe de purge \u00e0 vide permettent d&rsquo;obtenir des performances optimales et de prolonger la dur\u00e9e de vie des amortisseurs AUTO. Indispensables aux ateliers de suspension, ces adaptateurs rationalisent la maintenance de pr\u00e9cision en \u00e9liminant efficacement les bulles d&rsquo;air et les contaminants du fluide hydraulique. En \u00e9vitant les suspensions spongieuses ou irr\u00e9guli\u00e8res, ils garantissent une conduite toujours souple.<\/p>\n<p style=\"text-align: center;\">Indispensables pour l&rsquo;entretien courant, ces adaptateurs simplifient le processus de purge, am\u00e9liorant l&rsquo;efficacit\u00e9 des professionnels et la r\u00e9activit\u00e9. En plus de profiter aux pilotes, ils contribuent \u00e0 prolonger la dur\u00e9e de vie de l&rsquo;amortisseur.<\/p>\n<p style=\"text-align: center;\">Dans le domaine tr\u00e8s dynamique de la suspension automobile, o\u00f9 la pr\u00e9cision est essentielle, ces adaptateurs sont indispensables \u00e0 l&rsquo;atelier. Offrant un service fiable, ils r\u00e9pondent aux besoins des pilotes passionn\u00e9s et am\u00e9liorent les performances des amortisseurs automatiques.<\/p>\n<p>[\/et_pb_text][et_pb_button button_url=\u00a0\u00bb#AdaptersPP\u00a0\u00bb url_new_window=\u00a0\u00bbon\u00a0\u00bb button_text=\u00a0\u00bbPassez une commande maintenant\u00a0\u00bb button_alignment=\u00a0\u00bbcenter\u00a0\u00bb admin_label=\u00a0\u00bbContact button\u00a0\u00bb _builder_version=\u00a0\u00bb4.25.0&Prime; _module_preset=\u00a0\u00bbdefault\u00a0\u00bb custom_button=\u00a0\u00bbon\u00a0\u00bb button_text_size=\u00a0\u00bb16px\u00a0\u00bb button_text_color=\u00a0\u00bb#000000&Prime; button_bg_color=\u00a0\u00bb#FFFFFF\u00a0\u00bb button_border_width=\u00a0\u00bb0px\u00a0\u00bb button_border_radius=\u00a0\u00bb5px\u00a0\u00bb button_font=\u00a0\u00bb||||||||\u00a0\u00bb button_use_icon=\u00a0\u00bboff\u00a0\u00bb custom_margin=\u00a0\u00bb||||false|false\u00a0\u00bb custom_padding=\u00a0\u00bb10px|40px|10px|40px|false|false\u00a0\u00bb global_colors_info=\u00a0\u00bb{}\u00a0\u00bb][\/et_pb_button][\/et_pb_column][\/et_pb_row][\/et_pb_section]<\/p>\n","protected":false},"excerpt":{"rendered":"<p>Adaptateurs de pompe de purge \u00e0 vide pour AUTOAdaptateurs de pompe \u00e0 vide pour amortisseurs AUTO. Id\u00e9al pour l&rsquo;entretien professionnel, il permet d&rsquo;assurer un fonctionnement optimal sans effort. Nos adaptateurs de pompe de purge \u00e0 vide pour amortisseurs AUTO sont des outils essentiels pour pr\u00e9server les performances maximales des amortisseurs. Revitalisez les amortisseurs avec notre [&hellip;]<\/p>\n","protected":false},"author":2,"featured_media":332266,"parent":331690,"menu_order":0,"comment_status":"closed","ping_status":"closed","template":"","meta":{"_acf_changed":false,"_et_pb_use_builder":"on","_et_pb_old_content":"","_et_gb_content_width":"","footnotes":""},"class_list":["post-332802","page","type-page","status-publish","has-post-thumbnail","hentry"],"acf":[],"yoast_head":"<!-- This site is optimized with the Yoast SEO plugin v25.3.1 - https:\/\/yoast.com\/wordpress\/plugins\/seo\/ -->\n<title>Adaptateurs de pompe de purge \u00e0 vide pour AUTO - LABA7<\/title>\n<meta name=\"description\" content=\"Adaptateurs de pompe \u00e0 vide pour amortisseurs AUTO. Id\u00e9al pour l&#039;entretien professionnel, il permet d&#039;assurer un fonctionnement optimal sans effort.\" \/>\n<meta name=\"robots\" content=\"index, follow, max-snippet:-1, max-image-preview:large, max-video-preview:-1\" \/>\n<link rel=\"canonical\" href=\"https:\/\/laba7.com\/fr\/produits\/adaptateurs-pour-pompes-a-vide-et-a-purge-pour-automobiles\/\" \/>\n<meta property=\"og:locale\" content=\"fr_FR\" \/>\n<meta property=\"og:type\" content=\"article\" \/>\n<meta property=\"og:title\" content=\"Adaptateurs de pompe de purge \u00e0 vide pour AUTO\" \/>\n<meta property=\"og:description\" content=\"Adaptateurs de pompe \u00e0 vide pour amortisseurs AUTO. Id\u00e9al pour l&#039;entretien professionnel, il permet d&#039;assurer un fonctionnement optimal sans effort.\" \/>\n<meta property=\"og:url\" content=\"https:\/\/laba7.com\/fr\/produits\/adaptateurs-pour-pompes-a-vide-et-a-purge-pour-automobiles\/\" \/>\n<meta property=\"og:site_name\" content=\"LABA7\" \/>\n<meta property=\"article:publisher\" content=\"https:\/\/www.facebook.com\/LabaSeven\/\" \/>\n<meta property=\"article:modified_time\" content=\"2025-10-28T06:40:13+00:00\" \/>\n<meta property=\"og:image\" content=\"https:\/\/laba7.com\/wp-content\/uploads\/2023\/11\/LABA7-vacuum-bleed-pump-adapters-AUTO-1024x576.webp\" \/>\n<!-- \/ Yoast SEO plugin. -->","yoast_head_json":{"title":"Adaptateurs de pompe de purge \u00e0 vide pour AUTO - LABA7","description":"Adaptateurs de pompe \u00e0 vide pour amortisseurs AUTO. Id\u00e9al pour l'entretien professionnel, il permet d'assurer un fonctionnement optimal sans effort.","robots":{"index":"index","follow":"follow","max-snippet":"max-snippet:-1","max-image-preview":"max-image-preview:large","max-video-preview":"max-video-preview:-1"},"canonical":"https:\/\/laba7.com\/fr\/produits\/adaptateurs-pour-pompes-a-vide-et-a-purge-pour-automobiles\/","og_locale":"fr_FR","og_type":"article","og_title":"Adaptateurs de pompe de purge \u00e0 vide pour AUTO","og_description":"Adaptateurs de pompe \u00e0 vide pour amortisseurs AUTO. Id\u00e9al pour l'entretien professionnel, il permet d'assurer un fonctionnement optimal sans effort.","og_url":"https:\/\/laba7.com\/fr\/produits\/adaptateurs-pour-pompes-a-vide-et-a-purge-pour-automobiles\/","og_site_name":"LABA7","article_publisher":"https:\/\/www.facebook.com\/LabaSeven\/","article_modified_time":"2025-10-28T06:40:13+00:00","og_image":[{"url":"https:\/\/laba7.com\/wp-content\/uploads\/2023\/11\/LABA7-vacuum-bleed-pump-adapters-AUTO-1024x576.webp","type":"","width":"","height":""}],"schema":{"@context":"https:\/\/schema.org","@graph":false}},"_links":{"self":[{"href":"https:\/\/laba7.com\/fr\/wp-json\/wp\/v2\/pages\/332802","targetHints":{"allow":["GET"]}}],"collection":[{"href":"https:\/\/laba7.com\/fr\/wp-json\/wp\/v2\/pages"}],"about":[{"href":"https:\/\/laba7.com\/fr\/wp-json\/wp\/v2\/types\/page"}],"author":[{"embeddable":true,"href":"https:\/\/laba7.com\/fr\/wp-json\/wp\/v2\/users\/2"}],"replies":[{"embeddable":true,"href":"https:\/\/laba7.com\/fr\/wp-json\/wp\/v2\/comments?post=332802"}],"version-history":[{"count":28,"href":"https:\/\/laba7.com\/fr\/wp-json\/wp\/v2\/pages\/332802\/revisions"}],"predecessor-version":[{"id":341653,"href":"https:\/\/laba7.com\/fr\/wp-json\/wp\/v2\/pages\/332802\/revisions\/341653"}],"up":[{"embeddable":true,"href":"https:\/\/laba7.com\/fr\/wp-json\/wp\/v2\/pages\/331690"}],"wp:featuredmedia":[{"embeddable":true,"href":"https:\/\/laba7.com\/fr\/wp-json\/wp\/v2\/media\/332266"}],"wp:attachment":[{"href":"https:\/\/laba7.com\/fr\/wp-json\/wp\/v2\/media?parent=332802"}],"curies":[{"name":"wp","href":"https:\/\/api.w.org\/{rel}","templated":true}]}}