{"id":332792,"date":"2023-12-19T06:49:29","date_gmt":"2023-12-19T06:49:29","guid":{"rendered":"https:\/\/laba7.com\/produits\/adaptateurs-pour-testeurs-de-taux-de-ressort-pour-motos\/"},"modified":"2025-09-19T08:32:07","modified_gmt":"2025-09-19T08:32:07","slug":"adaptateurs-pour-testeurs-de-taux-de-ressort-pour-motos","status":"publish","type":"page","link":"https:\/\/laba7.com\/fr\/produits\/adaptateurs-pour-testeurs-de-taux-de-ressort-pour-motos\/","title":{"rendered":"Adaptateurs de testeurs de tarage pour MOTO"},"content":{"rendered":"<p>[et_pb_section fb_built=\u00a0\u00bb1&Prime; admin_label=\u00a0\u00bbHeader\u00a0\u00bb _builder_version=\u00a0\u00bb4.23.1&Prime; _module_preset=\u00a0\u00bbdefault\u00a0\u00bb background_color=\u00a0\u00bb#000000&Prime; background_enable_image=\u00a0\u00bboff\u00a0\u00bb background_size=\u00a0\u00bbcontain\u00a0\u00bb background_position=\u00a0\u00bbbottom_center\u00a0\u00bb background_vertical_offset=\u00a0\u00bb-40%\u00a0\u00bb min_height=\u00a0\u00bb500px\u00a0\u00bb height_last_edited=\u00a0\u00bboff|phone\u00a0\u00bb custom_margin=\u00a0\u00bb0px||0px||false|false\u00a0\u00bb custom_padding=\u00a0\u00bb||||false|false\u00a0\u00bb bottom_divider_style=\u00a0\u00bbarrow3&Prime; bottom_divider_color=\u00a0\u00bb#303030&Prime; bottom_divider_height=\u00a0\u00bb43px\u00a0\u00bb locked=\u00a0\u00bboff\u00a0\u00bb global_colors_info=\u00a0\u00bb{}\u00a0\u00bb][et_pb_row _builder_version=\u00a0\u00bb4.23.1&Prime; _module_preset=\u00a0\u00bbdefault\u00a0\u00bb width=\u00a0\u00bb100%\u00a0\u00bb max_width=\u00a0\u00bb1100px\u00a0\u00bb custom_padding=\u00a0\u00bb100px||||false|false\u00a0\u00bb global_colors_info=\u00a0\u00bb{}\u00a0\u00bb][et_pb_column type=\u00a0\u00bb4_4&Prime; _builder_version=\u00a0\u00bb4.20.4&Prime; _module_preset=\u00a0\u00bbdefault\u00a0\u00bb global_colors_info=\u00a0\u00bb{}\u00a0\u00bb][et_pb_text _builder_version=\u00a0\u00bb4.24.2&Prime; _module_preset=\u00a0\u00bbdefault\u00a0\u00bb header_text_align=\u00a0\u00bbcenter\u00a0\u00bb header_text_color=\u00a0\u00bb#FFFFFF\u00a0\u00bb header_font_size=\u00a0\u00bb50px\u00a0\u00bb text_orientation=\u00a0\u00bbcenter\u00a0\u00bb background_layout=\u00a0\u00bbdark\u00a0\u00bb custom_margin=\u00a0\u00bb||||false|false\u00a0\u00bb header_text_shadow_style=\u00a0\u00bbpreset1&Prime; global_colors_info=\u00a0\u00bb{}\u00a0\u00bb]<\/p>\n<h1>Adaptateurs de testeurs de taux de ressort pour MOTO &amp; AUTO<\/h1>\n<p>[\/et_pb_text][et_pb_text _builder_version=\u00a0\u00bb4.24.2&Prime; _module_preset=\u00a0\u00bbdefault\u00a0\u00bb text_text_color=\u00a0\u00bbgcid-d40f5d1e-f5d1-4b41-ab11-4faa03a3a11c\u00a0\u00bb custom_padding=\u00a0\u00bb||30px||false|false\u00a0\u00bb text_text_shadow_style=\u00a0\u00bbpreset3&Prime; global_colors_info=\u00a0\u00bb{%22gcid-d40f5d1e-f5d1-4b41-ab11-4faa03a3a11c%22:%91%22text_text_color%22%93}\u00a0\u00bb]<\/p>\n<p style=\"text-align: center;\"><span>Les adaptateurs de taux de ressort pour MOTO et AUTO entrent en jeu lorsque la pr\u00e9cision est importante. Ces adaptateurs sont indispensables pour les professionnels \u00e0 la recherche d&rsquo;une superbe exp\u00e9rience sur leurs v\u00e9hicules. En permettant une mesure pr\u00e9cise de la raideur des ressorts, ils vous permettent de personnaliser la suspension en fonction des pr\u00e9f\u00e9rences uniques du pilote ou du conducteur, de son style et des diverses conditions rencontr\u00e9es sur la route.<\/span><\/p>\n<p>[\/et_pb_text][et_pb_button button_url=\u00a0\u00bb#AdaptersPP\u00a0\u00bb url_new_window=\u00a0\u00bbon\u00a0\u00bb button_text=\u00a0\u00bbPassez une commande maintenant\u00a0\u00bb button_alignment=\u00a0\u00bbcenter\u00a0\u00bb admin_label=\u00a0\u00bbContact button\u00a0\u00bb _builder_version=\u00a0\u00bb4.25.0&Prime; _module_preset=\u00a0\u00bbdefault\u00a0\u00bb custom_button=\u00a0\u00bbon\u00a0\u00bb button_text_size=\u00a0\u00bb16px\u00a0\u00bb button_text_color=\u00a0\u00bb#000000&Prime; button_bg_color=\u00a0\u00bb#FFFFFF\u00a0\u00bb button_border_width=\u00a0\u00bb0px\u00a0\u00bb button_border_radius=\u00a0\u00bb5px\u00a0\u00bb custom_margin=\u00a0\u00bb||||false|false\u00a0\u00bb custom_padding=\u00a0\u00bb10px|40px|10px|40px|false|false\u00a0\u00bb locked=\u00a0\u00bboff\u00a0\u00bb global_colors_info=\u00a0\u00bb{}\u00a0\u00bb sticky_enabled=\u00a0\u00bb0&Prime; button_font=\u00a0\u00bb||||||||\u00a0\u00bb button_use_icon=\u00a0\u00bboff\u00a0\u00bb][\/et_pb_button][\/et_pb_column][\/et_pb_row][\/et_pb_section][et_pb_section fb_built=\u00a0\u00bb1&Prime; admin_label=\u00a0\u00bbDynos Selection\u00a0\u00bb module_id=\u00a0\u00bbshock-dyno-adapters\u00a0\u00bb _builder_version=\u00a0\u00bb4.23.1&Prime; _module_preset=\u00a0\u00bbdefault\u00a0\u00bb background_color=\u00a0\u00bbrgba(0,0,0,0.44)\u00a0\u00bb min_height=\u00a0\u00bb750px\u00a0\u00bb custom_margin=\u00a0\u00bb||||false|false\u00a0\u00bb custom_padding=\u00a0\u00bb||||false|false\u00a0\u00bb top_divider_style=\u00a0\u00bbgraph4&Prime; top_divider_color=\u00a0\u00bb#303030&Prime; top_divider_height=\u00a0\u00bb40px\u00a0\u00bb bottom_divider_style=\u00a0\u00bbgraph4&Prime; bottom_divider_color=\u00a0\u00bb#303030&Prime; bottom_divider_height=\u00a0\u00bb40px\u00a0\u00bb global_colors_info=\u00a0\u00bb{}\u00a0\u00bb][et_pb_row _builder_version=\u00a0\u00bb4.23.1&Prime; _module_preset=\u00a0\u00bbdefault\u00a0\u00bb width=\u00a0\u00bb100%\u00a0\u00bb max_width=\u00a0\u00bb1100px\u00a0\u00bb custom_margin=\u00a0\u00bb30px||||false|false\u00a0\u00bb custom_padding=\u00a0\u00bb20px|20px|20px|20px|false|false\u00a0\u00bb global_colors_info=\u00a0\u00bb{}\u00a0\u00bb][et_pb_column type=\u00a0\u00bb4_4&Prime; _builder_version=\u00a0\u00bb4.20.4&Prime; _module_preset=\u00a0\u00bbdefault\u00a0\u00bb global_colors_info=\u00a0\u00bb{}\u00a0\u00bb][et_pb_text _builder_version=\u00a0\u00bb4.24.2&Prime; _module_preset=\u00a0\u00bbdefault\u00a0\u00bb global_colors_info=\u00a0\u00bb{}\u00a0\u00bb]<\/p>\n<h2 style=\"text-align: center;\"> Adaptateurs pour testeurs de tarage LABA7 <strong>pourressorts MOTO &amp; AUTO<\/strong><\/h2>\n<p>[\/et_pb_text][\/et_pb_column][\/et_pb_row][et_pb_row column_structure=\u00a0\u00bb1_3,2_3&Prime; make_equal=\u00a0\u00bbon\u00a0\u00bb _builder_version=\u00a0\u00bb4.23.1&Prime; _module_preset=\u00a0\u00bbdefault\u00a0\u00bb background_color=\u00a0\u00bb#000000&Prime; width=\u00a0\u00bbauto\u00a0\u00bb max_width=\u00a0\u00bb1100px\u00a0\u00bb custom_margin=\u00a0\u00bb||||false|false\u00a0\u00bb custom_padding=\u00a0\u00bb||||false|false\u00a0\u00bb locked=\u00a0\u00bboff\u00a0\u00bb global_colors_info=\u00a0\u00bb{}\u00a0\u00bb][et_pb_column type=\u00a0\u00bb1_3&Prime; _builder_version=\u00a0\u00bb4.20.4&Prime; _module_preset=\u00a0\u00bbdefault\u00a0\u00bb custom_padding=\u00a0\u00bb|0px||0px|false|false\u00a0\u00bb global_colors_info=\u00a0\u00bb{}\u00a0\u00bb][et_pb_text _builder_version=\u00a0\u00bb4.27.0&Prime; _module_preset=\u00a0\u00bbdefault\u00a0\u00bb text_text_color=\u00a0\u00bbgcid-d40f5d1e-f5d1-4b41-ab11-4faa03a3a11c\u00a0\u00bb custom_margin=\u00a0\u00bb||0px||false|false\u00a0\u00bb custom_padding=\u00a0\u00bb20px|0px|10px|0px|false|false\u00a0\u00bb global_colors_info=\u00a0\u00bb{%22gcid-d40f5d1e-f5d1-4b41-ab11-4faa03a3a11c%22:%91%22text_text_color%22%93}\u00a0\u00bb]<\/p>\n<h3 style=\"text-align: left;\">Chape \u00e0 pr\u00e9charge automatique<\/h3>\n<p>Cet adaptateur <span>permet de monter\/d\u00e9monter rapidement et facilement les amortisseurs arri\u00e8re<\/span>.<\/p>\n<p><span>Particuli\u00e8rement pratique pour tester les amortisseurs avec des r\u00e9servoirs d&rsquo;expansion.<\/span><\/p>\n<p><strong><\/strong>Peut \u00eatre mont\u00e9 aussi bien en haut qu&rsquo;en bas. Convient aux amortisseurs AUTO et MOTO.<\/p>\n<p>&nbsp;<\/p>\n<h3>Prix \u200b\u200b\u2013 <strong> 200 EUR<\/strong> <em>(hors TVA) <\/em><\/h3>\n<p><em>Non compatible avec le testeur de ressort PRO.<\/em><\/p>\n<p>[\/et_pb_text][\/et_pb_column][et_pb_column type=\u00a0\u00bb2_3&Prime; _builder_version=\u00a0\u00bb4.20.4&Prime; _module_preset=\u00a0\u00bbdefault\u00a0\u00bb global_colors_info=\u00a0\u00bb{}\u00a0\u00bb][dnxte_masonary gallery_ids=\u00a0\u00bb333817&Prime; dnxte_columns=\u00a0\u00bb2&Prime; dnxte_masonry_hvr_effect=\u00a0\u00bbzoom-in\u00a0\u00bb dnxte_msnary_filter_active_bg_color=\u00a0\u00bbRGBA(255,255,255,0)\u00a0\u00bb dnxte_msnary_overlay_bg_color=\u00a0\u00bbRGBA(255,255,255,0)\u00a0\u00bb dnxte_lightbox_overlay_bg_color=\u00a0\u00bbRGBA(255,255,255,0)\u00a0\u00bb _builder_version=\u00a0\u00bb4.24.2&Prime; _module_preset=\u00a0\u00bbdefault\u00a0\u00bb background_color=\u00a0\u00bbRGBA(255,255,255,0)\u00a0\u00bb global_colors_info=\u00a0\u00bb{}\u00a0\u00bb][\/dnxte_masonary][\/et_pb_column][\/et_pb_row][et_pb_row column_structure=\u00a0\u00bb1_3,2_3&Prime; make_equal=\u00a0\u00bbon\u00a0\u00bb _builder_version=\u00a0\u00bb4.23.1&Prime; _module_preset=\u00a0\u00bbdefault\u00a0\u00bb background_color=\u00a0\u00bb#000000&Prime; width=\u00a0\u00bbauto\u00a0\u00bb max_width=\u00a0\u00bb1100px\u00a0\u00bb custom_margin=\u00a0\u00bb||||false|false\u00a0\u00bb custom_padding=\u00a0\u00bb||||false|false\u00a0\u00bb locked=\u00a0\u00bboff\u00a0\u00bb global_colors_info=\u00a0\u00bb{}\u00a0\u00bb][et_pb_column type=\u00a0\u00bb1_3&Prime; _builder_version=\u00a0\u00bb4.20.4&Prime; _module_preset=\u00a0\u00bbdefault\u00a0\u00bb custom_padding=\u00a0\u00bb|0px||0px|false|false\u00a0\u00bb global_colors_info=\u00a0\u00bb{}\u00a0\u00bb][et_pb_text _builder_version=\u00a0\u00bb4.27.0&Prime; _module_preset=\u00a0\u00bbdefault\u00a0\u00bb text_text_color=\u00a0\u00bbgcid-d40f5d1e-f5d1-4b41-ab11-4faa03a3a11c\u00a0\u00bb custom_margin=\u00a0\u00bb||0px||false|false\u00a0\u00bb custom_padding=\u00a0\u00bb20px|0px|10px|0px|false|false\u00a0\u00bb global_colors_info=\u00a0\u00bb{%22gcid-d40f5d1e-f5d1-4b41-ab11-4faa03a3a11c%22:%91%22text_text_color%22%93}\u00a0\u00bb]<\/p>\n<h3 style=\"text-align: left;\">Pince en U<\/h3>\n<p>Adaptateur universel pour AUTO et MOTO.<\/p>\n<p>Peut \u00eatre mont\u00e9 aussi bien en haut qu&rsquo;en bas.<\/p>\n<p>&nbsp;<\/p>\n<h3>Prix \u200b\u200b\u2013 <strong>100 EUR<\/strong> <em>(hors TVA) <\/em> <\/h3>\n<p><em>Non compatible avec le testeur de ressort PRO.<\/em><\/p>\n<p>[\/et_pb_text][\/et_pb_column][et_pb_column type=\u00a0\u00bb2_3&Prime; _builder_version=\u00a0\u00bb4.20.4&Prime; _module_preset=\u00a0\u00bbdefault\u00a0\u00bb global_colors_info=\u00a0\u00bb{}\u00a0\u00bb][dnxte_masonary gallery_ids=\u00a0\u00bb333827&Prime; dnxte_columns=\u00a0\u00bb2&Prime; dnxte_masonry_hvr_effect=\u00a0\u00bbzoom-in\u00a0\u00bb dnxte_msnary_filter_active_bg_color=\u00a0\u00bbRGBA(255,255,255,0)\u00a0\u00bb dnxte_msnary_overlay_bg_color=\u00a0\u00bbRGBA(255,255,255,0)\u00a0\u00bb dnxte_lightbox_overlay_bg_color=\u00a0\u00bbRGBA(255,255,255,0)\u00a0\u00bb _builder_version=\u00a0\u00bb4.24.2&Prime; _module_preset=\u00a0\u00bbdefault\u00a0\u00bb background_color=\u00a0\u00bbRGBA(255,255,255,0)\u00a0\u00bb global_colors_info=\u00a0\u00bb{}\u00a0\u00bb][\/dnxte_masonary][\/et_pb_column][\/et_pb_row][et_pb_row column_structure=\u00a0\u00bb1_3,2_3&Prime; make_equal=\u00a0\u00bbon\u00a0\u00bb _builder_version=\u00a0\u00bb4.23.1&Prime; _module_preset=\u00a0\u00bbdefault\u00a0\u00bb background_color=\u00a0\u00bb#000000&Prime; width=\u00a0\u00bbauto\u00a0\u00bb max_width=\u00a0\u00bb1100px\u00a0\u00bb custom_margin=\u00a0\u00bb||||false|false\u00a0\u00bb custom_padding=\u00a0\u00bb||||false|false\u00a0\u00bb locked=\u00a0\u00bboff\u00a0\u00bb global_colors_info=\u00a0\u00bb{}\u00a0\u00bb][et_pb_column type=\u00a0\u00bb1_3&Prime; _builder_version=\u00a0\u00bb4.20.4&Prime; _module_preset=\u00a0\u00bbdefault\u00a0\u00bb custom_padding=\u00a0\u00bb|0px||0px|false|false\u00a0\u00bb global_colors_info=\u00a0\u00bb{}\u00a0\u00bb][et_pb_text _builder_version=\u00a0\u00bb4.26.0&Prime; _module_preset=\u00a0\u00bbdefault\u00a0\u00bb text_text_color=\u00a0\u00bbgcid-d40f5d1e-f5d1-4b41-ab11-4faa03a3a11c\u00a0\u00bb custom_margin=\u00a0\u00bb||0px||false|false\u00a0\u00bb custom_padding=\u00a0\u00bb20px|0px|10px|0px|false|false\u00a0\u00bb global_colors_info=\u00a0\u00bb{%22gcid-d40f5d1e-f5d1-4b41-ab11-4faa03a3a11c%22:%91%22text_text_color%22%93}\u00a0\u00bb]<\/p>\n<h3>Adaptateur de fourche MOTO<\/h3>\n<p>Adaptateur de <strong> fourche de moto <\/strong> avec inserts pour fourches de 58,4 mm, 59,2 mm, 60 mm et 60,9 mm.<\/p>\n<p>Des inserts personnalis\u00e9s sont disponibles.<\/p>\n<p>&nbsp;<\/p>\n<h3>Prix \u200b\u200b\u2013 <strong>425 EUR<\/strong> <em> (hors TVA) <\/em><\/h3>\n<p><em>Non compatible avec le testeur de ressort PRO.<\/em><\/p>\n<p>[\/et_pb_text][\/et_pb_column][et_pb_column type=\u00a0\u00bb2_3&Prime; _builder_version=\u00a0\u00bb4.20.4&Prime; _module_preset=\u00a0\u00bbdefault\u00a0\u00bb global_colors_info=\u00a0\u00bb{}\u00a0\u00bb][dnxte_masonary gallery_ids=\u00a0\u00bb332719&Prime; dnxte_columns=\u00a0\u00bb2&Prime; dnxte_masonry_hvr_effect=\u00a0\u00bbzoom-in\u00a0\u00bb dnxte_msnary_filter_active_bg_color=\u00a0\u00bbRGBA(255,255,255,0)\u00a0\u00bb dnxte_msnary_overlay_bg_color=\u00a0\u00bbRGBA(255,255,255,0)\u00a0\u00bb dnxte_lightbox_overlay_bg_color=\u00a0\u00bbRGBA(255,255,255,0)\u00a0\u00bb _builder_version=\u00a0\u00bb4.24.2&Prime; _module_preset=\u00a0\u00bbdefault\u00a0\u00bb background_color=\u00a0\u00bbRGBA(255,255,255,0)\u00a0\u00bb global_colors_info=\u00a0\u00bb{}\u00a0\u00bb][\/dnxte_masonary][\/et_pb_column][\/et_pb_row][\/et_pb_section][et_pb_section fb_built=\u00a0\u00bb1&Prime; admin_label=\u00a0\u00bbDynos Selection\u00a0\u00bb module_id=\u00a0\u00bbshock-dyno-adapters\u00a0\u00bb _builder_version=\u00a0\u00bb4.23.1&Prime; _module_preset=\u00a0\u00bbdefault\u00a0\u00bb background_color=\u00a0\u00bbrgba(0,0,0,0.44)\u00a0\u00bb min_height=\u00a0\u00bb750px\u00a0\u00bb custom_margin=\u00a0\u00bb0px|0px|0px|0px|false|false\u00a0\u00bb custom_padding=\u00a0\u00bb20px|20px|20px|20px|false|false\u00a0\u00bb global_colors_info=\u00a0\u00bb{}\u00a0\u00bb][et_pb_row _builder_version=\u00a0\u00bb4.23.1&Prime; _module_preset=\u00a0\u00bbdefault\u00a0\u00bb width=\u00a0\u00bb100%\u00a0\u00bb max_width=\u00a0\u00bb1100px\u00a0\u00bb custom_margin=\u00a0\u00bb30px||||false|false\u00a0\u00bb custom_padding=\u00a0\u00bb20px|20px|20px|20px|false|false\u00a0\u00bb global_colors_info=\u00a0\u00bb{}\u00a0\u00bb][et_pb_column type=\u00a0\u00bb4_4&Prime; _builder_version=\u00a0\u00bb4.20.4&Prime; _module_preset=\u00a0\u00bbdefault\u00a0\u00bb global_colors_info=\u00a0\u00bb{}\u00a0\u00bb][et_pb_text _builder_version=\u00a0\u00bb4.23.1&Prime; _module_preset=\u00a0\u00bbdefault\u00a0\u00bb global_colors_info=\u00a0\u00bb{}\u00a0\u00bb]<\/p>\n<h2 style=\"text-align: center;\">Pourquoi utiliser des adaptateurs de testeurs de tarage pour les amortisseurs MOTO ?<\/h2>\n<p>[\/et_pb_text][et_pb_text _builder_version=\u00a0\u00bb4.23.1&Prime; _module_preset=\u00a0\u00bbdefault\u00a0\u00bb global_colors_info=\u00a0\u00bb{}\u00a0\u00bb]<\/p>\n<p style=\"text-align: center;\">Les adaptateurs moto pour testeur de tarage sont la cl\u00e9 pour atteindre un \u00e9quilibre id\u00e9al entre r\u00e9activit\u00e9 et stabilit\u00e9. Les pilotes peuvent r\u00e9gler avec pr\u00e9cision la suspension de leur v\u00e9lo pour absorber les bosses, les creux et les virages avec pr\u00e9cision, ce qui se traduit par un contr\u00f4le et un confort accrus. Ce niveau de personnalisation est particuli\u00e8rement important pour les cyclistes de poids et de pr\u00e9f\u00e9rences diff\u00e9rents, car il garantit que le syst\u00e8me de suspension fonctionne de mani\u00e8re optimale dans diverses circonstances.<\/p>\n<p style=\"text-align: center;\">Le r\u00e9glage pr\u00e9cis du tarage des ressorts contribue de mani\u00e8re significative \u00e0 la s\u00e9curit\u00e9 et \u00e0 la maniabilit\u00e9. Que ce soit sur autoroute, dans les rues de la ville ou en tout-terrain, un syst\u00e8me de suspension bien calibr\u00e9 am\u00e9liore la stabilit\u00e9 et la maniabilit\u00e9.<\/p>\n<p style=\"text-align: center;\">Investir dans des adaptateurs moto pour testeurs de taux de ressort vous permet de lib\u00e9rer tout le potentiel de votre moto. Apr\u00e8s avoir cr\u00e9\u00e9 un syst\u00e8me de suspension personnalis\u00e9 et optimis\u00e9, les cyclistes peuvent profiter d&rsquo;une conduite plus douce, plus s\u00fbre et plus agr\u00e9able, adapt\u00e9e \u00e0 leurs pr\u00e9f\u00e9rences individuelles et aux exigences de la route.<\/p>\n<p>[\/et_pb_text][et_pb_button button_url=\u00a0\u00bb#AdaptersPP\u00a0\u00bb url_new_window=\u00a0\u00bbon\u00a0\u00bb button_text=\u00a0\u00bbPassez une commande maintenant\u00a0\u00bb button_alignment=\u00a0\u00bbcenter\u00a0\u00bb admin_label=\u00a0\u00bbContact button\u00a0\u00bb _builder_version=\u00a0\u00bb4.25.0&Prime; _module_preset=\u00a0\u00bbdefault\u00a0\u00bb custom_button=\u00a0\u00bbon\u00a0\u00bb button_text_size=\u00a0\u00bb16px\u00a0\u00bb button_text_color=\u00a0\u00bb#000000&Prime; button_bg_color=\u00a0\u00bb#FFFFFF\u00a0\u00bb button_border_width=\u00a0\u00bb0px\u00a0\u00bb button_border_radius=\u00a0\u00bb5px\u00a0\u00bb custom_margin=\u00a0\u00bb||||false|false\u00a0\u00bb custom_padding=\u00a0\u00bb10px|40px|10px|40px|false|false\u00a0\u00bb global_colors_info=\u00a0\u00bb{}\u00a0\u00bb button_font=\u00a0\u00bb||||||||\u00a0\u00bb button_use_icon=\u00a0\u00bboff\u00a0\u00bb][\/et_pb_button][\/et_pb_column][\/et_pb_row][\/et_pb_section]<\/p>\n","protected":false},"excerpt":{"rendered":"<p>Adaptateurs de testeurs de taux de ressort pour MOTO &amp; AUTOLes adaptateurs de taux de ressort pour MOTO et AUTO entrent en jeu lorsque la pr\u00e9cision est importante. Ces adaptateurs sont indispensables pour les professionnels \u00e0 la recherche d&rsquo;une superbe exp\u00e9rience sur leurs v\u00e9hicules. En permettant une mesure pr\u00e9cise de la raideur des ressorts, ils [&hellip;]<\/p>\n","protected":false},"author":2,"featured_media":332720,"parent":331690,"menu_order":0,"comment_status":"closed","ping_status":"closed","template":"","meta":{"_acf_changed":false,"_et_pb_use_builder":"on","_et_pb_old_content":"","_et_gb_content_width":"","footnotes":""},"class_list":["post-332792","page","type-page","status-publish","has-post-thumbnail","hentry"],"acf":[],"yoast_head":"<!-- This site is optimized with the Yoast SEO plugin v25.3.1 - https:\/\/yoast.com\/wordpress\/plugins\/seo\/ -->\n<title>Adaptateurs de testeurs de tarage pour MOTO - LABA7<\/title>\n<meta name=\"description\" content=\"Adaptateurs de testeur de ressort pour MOTO. Adaptateur de fourche de moto avec inserts pour fourches de 54 mm, 55 mm et 56 mm, et plus encore.\" \/>\n<meta name=\"robots\" content=\"index, follow, max-snippet:-1, max-image-preview:large, max-video-preview:-1\" \/>\n<link rel=\"canonical\" href=\"https:\/\/laba7.com\/fr\/produits\/adaptateurs-pour-testeurs-de-taux-de-ressort-pour-motos\/\" \/>\n<meta property=\"og:locale\" content=\"fr_FR\" \/>\n<meta property=\"og:type\" content=\"article\" \/>\n<meta property=\"og:title\" content=\"Adaptateurs de testeurs de tarage pour MOTO\" \/>\n<meta property=\"og:description\" content=\"Adaptateurs de testeurs de taux de ressort pour MOTO afin d&#039;optimiser votre conduite avec pr\u00e9cision. Am\u00e9liore les performances et le confort de n&#039;importe quel v\u00e9lo.\" \/>\n<meta property=\"og:url\" content=\"https:\/\/laba7.com\/fr\/produits\/adaptateurs-pour-testeurs-de-taux-de-ressort-pour-motos\/\" \/>\n<meta property=\"og:site_name\" content=\"LABA7\" \/>\n<meta property=\"article:publisher\" content=\"https:\/\/www.facebook.com\/LabaSeven\/\" \/>\n<meta property=\"article:modified_time\" content=\"2025-09-19T08:32:07+00:00\" \/>\n<meta property=\"og:image\" content=\"https:\/\/laba7.com\/wp-content\/uploads\/2023\/12\/Spring-rate-tester-Moto-Fork-adapter-Small-300x300.webp\" \/>\n<!-- \/ Yoast SEO plugin. -->","yoast_head_json":{"title":"Adaptateurs de testeurs de tarage pour MOTO - LABA7","description":"Adaptateurs de testeur de ressort pour MOTO. Adaptateur de fourche de moto avec inserts pour fourches de 54 mm, 55 mm et 56 mm, et plus encore.","robots":{"index":"index","follow":"follow","max-snippet":"max-snippet:-1","max-image-preview":"max-image-preview:large","max-video-preview":"max-video-preview:-1"},"canonical":"https:\/\/laba7.com\/fr\/produits\/adaptateurs-pour-testeurs-de-taux-de-ressort-pour-motos\/","og_locale":"fr_FR","og_type":"article","og_title":"Adaptateurs de testeurs de tarage pour MOTO","og_description":"Adaptateurs de testeurs de taux de ressort pour MOTO afin d'optimiser votre conduite avec pr\u00e9cision. Am\u00e9liore les performances et le confort de n'importe quel v\u00e9lo.","og_url":"https:\/\/laba7.com\/fr\/produits\/adaptateurs-pour-testeurs-de-taux-de-ressort-pour-motos\/","og_site_name":"LABA7","article_publisher":"https:\/\/www.facebook.com\/LabaSeven\/","article_modified_time":"2025-09-19T08:32:07+00:00","og_image":[{"url":"https:\/\/laba7.com\/wp-content\/uploads\/2023\/12\/Spring-rate-tester-Moto-Fork-adapter-Small-300x300.webp","type":"","width":"","height":""}],"schema":{"@context":"https:\/\/schema.org","@graph":false}},"_links":{"self":[{"href":"https:\/\/laba7.com\/fr\/wp-json\/wp\/v2\/pages\/332792","targetHints":{"allow":["GET"]}}],"collection":[{"href":"https:\/\/laba7.com\/fr\/wp-json\/wp\/v2\/pages"}],"about":[{"href":"https:\/\/laba7.com\/fr\/wp-json\/wp\/v2\/types\/page"}],"author":[{"embeddable":true,"href":"https:\/\/laba7.com\/fr\/wp-json\/wp\/v2\/users\/2"}],"replies":[{"embeddable":true,"href":"https:\/\/laba7.com\/fr\/wp-json\/wp\/v2\/comments?post=332792"}],"version-history":[{"count":28,"href":"https:\/\/laba7.com\/fr\/wp-json\/wp\/v2\/pages\/332792\/revisions"}],"predecessor-version":[{"id":341153,"href":"https:\/\/laba7.com\/fr\/wp-json\/wp\/v2\/pages\/332792\/revisions\/341153"}],"up":[{"embeddable":true,"href":"https:\/\/laba7.com\/fr\/wp-json\/wp\/v2\/pages\/331690"}],"wp:featuredmedia":[{"embeddable":true,"href":"https:\/\/laba7.com\/fr\/wp-json\/wp\/v2\/media\/332720"}],"wp:attachment":[{"href":"https:\/\/laba7.com\/fr\/wp-json\/wp\/v2\/media?parent=332792"}],"curies":[{"name":"wp","href":"https:\/\/api.w.org\/{rel}","templated":true}]}}