{"id":332786,"date":"2023-12-12T08:46:24","date_gmt":"2023-12-12T08:46:24","guid":{"rendered":"https:\/\/laba7.com\/produits\/adaptateurs-de-chocs-dyno-pour-auto\/"},"modified":"2025-09-19T08:29:19","modified_gmt":"2025-09-19T08:29:19","slug":"adaptateurs-de-chocs-dyno-pour-auto","status":"publish","type":"page","link":"https:\/\/laba7.com\/fr\/produits\/adaptateurs-de-chocs-dyno-pour-auto\/","title":{"rendered":"Adaptateurs dyno pour amortisseurs AUTO"},"content":{"rendered":"<p>[et_pb_section fb_built=\u00a0\u00bb1&Prime; admin_label=\u00a0\u00bbHeader\u00a0\u00bb _builder_version=\u00a0\u00bb4.23.1&Prime; _module_preset=\u00a0\u00bbdefault\u00a0\u00bb background_color=\u00a0\u00bb#000000&Prime; background_enable_image=\u00a0\u00bboff\u00a0\u00bb background_size=\u00a0\u00bbcontain\u00a0\u00bb background_position=\u00a0\u00bbbottom_center\u00a0\u00bb background_vertical_offset=\u00a0\u00bb-40%\u00a0\u00bb min_height=\u00a0\u00bb500px\u00a0\u00bb height_last_edited=\u00a0\u00bboff|phone\u00a0\u00bb custom_margin=\u00a0\u00bb0px||0px||false|false\u00a0\u00bb custom_padding=\u00a0\u00bb||||false|false\u00a0\u00bb bottom_divider_style=\u00a0\u00bbarrow3&Prime; bottom_divider_color=\u00a0\u00bb#303030&Prime; bottom_divider_height=\u00a0\u00bb43px\u00a0\u00bb locked=\u00a0\u00bboff\u00a0\u00bb global_colors_info=\u00a0\u00bb{}\u00a0\u00bb][et_pb_row _builder_version=\u00a0\u00bb4.23.1&Prime; _module_preset=\u00a0\u00bbdefault\u00a0\u00bb width=\u00a0\u00bb100%\u00a0\u00bb max_width=\u00a0\u00bb1100px\u00a0\u00bb custom_padding=\u00a0\u00bb100px||||false|false\u00a0\u00bb global_colors_info=\u00a0\u00bb{}\u00a0\u00bb][et_pb_column type=\u00a0\u00bb4_4&Prime; _builder_version=\u00a0\u00bb4.20.4&Prime; _module_preset=\u00a0\u00bbdefault\u00a0\u00bb global_colors_info=\u00a0\u00bb{}\u00a0\u00bb][et_pb_text _builder_version=\u00a0\u00bb4.23.1&Prime; _module_preset=\u00a0\u00bbdefault\u00a0\u00bb header_text_align=\u00a0\u00bbcenter\u00a0\u00bb header_text_color=\u00a0\u00bb#FFFFFF\u00a0\u00bb header_font_size=\u00a0\u00bb50px\u00a0\u00bb text_orientation=\u00a0\u00bbcenter\u00a0\u00bb background_layout=\u00a0\u00bbdark\u00a0\u00bb custom_margin=\u00a0\u00bb||||false|false\u00a0\u00bb header_text_shadow_style=\u00a0\u00bbpreset1&Prime; global_colors_info=\u00a0\u00bb{}\u00a0\u00bb]<\/p>\n<h1>Adaptateurs dyno pour amortisseurs AUTO<\/h1>\n<p>[\/et_pb_text][et_pb_text _builder_version=\u00a0\u00bb4.23.1&Prime; _module_preset=\u00a0\u00bbdefault\u00a0\u00bb text_text_color=\u00a0\u00bbgcid-d40f5d1e-f5d1-4b41-ab11-4faa03a3a11c\u00a0\u00bb custom_padding=\u00a0\u00bb||30px||false|false\u00a0\u00bb text_text_shadow_style=\u00a0\u00bbpreset3&Prime; global_colors_info=\u00a0\u00bb{%22gcid-d40f5d1e-f5d1-4b41-ab11-4faa03a3a11c%22:%91%22text_text_color%22%93}\u00a0\u00bb]<\/p>\n<p style=\"text-align: center;\"><span>Ces adaptateurs de banc d&rsquo;essai con\u00e7us pour les amortisseurs automobiles sont m\u00e9ticuleusement con\u00e7us dans le style distinctif de LABA7, en utilisant des mat\u00e9riaux robustes et fiables pour assurer \u00e0 la fois la long\u00e9vit\u00e9 et la pr\u00e9cision des essais. Con\u00e7us pour r\u00e9pondre aux besoins sp\u00e9cifiques des syst\u00e8mes de suspension automobile, ces adaptateurs permettent d&rsquo;optimiser le processus de test des amortisseurs avant et arri\u00e8re.<\/span><\/p>\n<p>[\/et_pb_text][et_pb_button button_url=\u00a0\u00bb#AdaptersPP\u00a0\u00bb url_new_window=\u00a0\u00bbon\u00a0\u00bb button_text=\u00a0\u00bbPassez une commande maintenant\u00a0\u00bb button_alignment=\u00a0\u00bbcenter\u00a0\u00bb admin_label=\u00a0\u00bbContact button\u00a0\u00bb _builder_version=\u00a0\u00bb4.26.0&Prime; _module_preset=\u00a0\u00bbdefault\u00a0\u00bb custom_button=\u00a0\u00bbon\u00a0\u00bb button_text_size=\u00a0\u00bb16px\u00a0\u00bb button_text_color=\u00a0\u00bb#000000&Prime; button_bg_color=\u00a0\u00bb#FFFFFF\u00a0\u00bb button_border_width=\u00a0\u00bb0px\u00a0\u00bb button_border_radius=\u00a0\u00bb5px\u00a0\u00bb custom_margin=\u00a0\u00bb||||false|false\u00a0\u00bb custom_padding=\u00a0\u00bb10px|40px|10px|40px|false|false\u00a0\u00bb locked=\u00a0\u00bboff\u00a0\u00bb global_colors_info=\u00a0\u00bb{}\u00a0\u00bb sticky_enabled=\u00a0\u00bb0&Prime; button_font=\u00a0\u00bb||||||||\u00a0\u00bb button_use_icon=\u00a0\u00bboff\u00a0\u00bb hover_enabled=\u00a0\u00bb0&Prime;][\/et_pb_button][\/et_pb_column][\/et_pb_row][\/et_pb_section][et_pb_section fb_built=\u00a0\u00bb1&Prime; admin_label=\u00a0\u00bbDynos Selection\u00a0\u00bb module_id=\u00a0\u00bbshock-dyno-adapters\u00a0\u00bb _builder_version=\u00a0\u00bb4.23.1&Prime; _module_preset=\u00a0\u00bbdefault\u00a0\u00bb background_color=\u00a0\u00bbrgba(0,0,0,0.44)\u00a0\u00bb min_height=\u00a0\u00bb750px\u00a0\u00bb custom_margin=\u00a0\u00bb||||false|false\u00a0\u00bb custom_padding=\u00a0\u00bb||||false|false\u00a0\u00bb top_divider_style=\u00a0\u00bbgraph4&Prime; top_divider_color=\u00a0\u00bb#303030&Prime; top_divider_height=\u00a0\u00bb40px\u00a0\u00bb bottom_divider_style=\u00a0\u00bbgraph4&Prime; bottom_divider_color=\u00a0\u00bb#303030&Prime; bottom_divider_height=\u00a0\u00bb40px\u00a0\u00bb global_colors_info=\u00a0\u00bb{}\u00a0\u00bb][et_pb_row _builder_version=\u00a0\u00bb4.23.1&Prime; _module_preset=\u00a0\u00bbdefault\u00a0\u00bb width=\u00a0\u00bb100%\u00a0\u00bb max_width=\u00a0\u00bb1100px\u00a0\u00bb custom_margin=\u00a0\u00bb30px||||false|false\u00a0\u00bb custom_padding=\u00a0\u00bb20px|20px|20px|20px|false|false\u00a0\u00bb global_colors_info=\u00a0\u00bb{}\u00a0\u00bb][et_pb_column type=\u00a0\u00bb4_4&Prime; _builder_version=\u00a0\u00bb4.20.4&Prime; _module_preset=\u00a0\u00bbdefault\u00a0\u00bb global_colors_info=\u00a0\u00bb{}\u00a0\u00bb][et_pb_text _builder_version=\u00a0\u00bb4.23.1&Prime; _module_preset=\u00a0\u00bbdefault\u00a0\u00bb global_colors_info=\u00a0\u00bb{}\u00a0\u00bb]<\/p>\n<h2 style=\"text-align: center;\"> Adaptateurs LABA7 <strong>pour amortisseurs AUTO<\/strong><\/h2>\n<p>[\/et_pb_text][\/et_pb_column][\/et_pb_row][et_pb_row column_structure=\u00a0\u00bb1_3,2_3&Prime; make_equal=\u00a0\u00bbon\u00a0\u00bb _builder_version=\u00a0\u00bb4.23.1&Prime; _module_preset=\u00a0\u00bbdefault\u00a0\u00bb background_color=\u00a0\u00bb#000000&Prime; width=\u00a0\u00bbauto\u00a0\u00bb custom_margin=\u00a0\u00bb||||false|false\u00a0\u00bb custom_padding=\u00a0\u00bb20px|20px|20px|20px|false|false\u00a0\u00bb global_colors_info=\u00a0\u00bb{}\u00a0\u00bb][et_pb_column type=\u00a0\u00bb1_3&Prime; _builder_version=\u00a0\u00bb4.20.4&Prime; _module_preset=\u00a0\u00bbdefault\u00a0\u00bb custom_padding=\u00a0\u00bb|0px||0px|false|false\u00a0\u00bb global_colors_info=\u00a0\u00bb{}\u00a0\u00bb][et_pb_text _builder_version=\u00a0\u00bb4.27.0&Prime; _module_preset=\u00a0\u00bbdefault\u00a0\u00bb text_text_color=\u00a0\u00bbgcid-d40f5d1e-f5d1-4b41-ab11-4faa03a3a11c\u00a0\u00bb custom_margin=\u00a0\u00bb||0px||false|false\u00a0\u00bb custom_padding=\u00a0\u00bb20px|0px|10px|0px|false|false\u00a0\u00bb global_colors_info=\u00a0\u00bb{%22gcid-d40f5d1e-f5d1-4b41-ab11-4faa03a3a11c%22:%91%22text_text_color%22%93}\u00a0\u00bb]<\/p>\n<h3>Chape \u00e0 pr\u00e9charge automatique<\/h3>\n<p><span>Cet adaptateur permet de rationaliser les essais sur les amortisseurs. Il permet un montage\/d\u00e9montage rapide et facile des amortisseurs et de l&rsquo;\u00e9quipement. <\/span><span>garantit l&rsquo;efficacit\u00e9 des tests. <\/span><\/p>\n<p><span>Particuli\u00e8rement pratique pour tester les amortisseurs avec des r\u00e9servoirs d&rsquo;expansion.<\/span><\/p>\n<p><strong><\/strong>Peut \u00eatre mont\u00e9 aussi bien en haut qu&rsquo;en bas.<\/p>\n<p>&nbsp;<\/p>\n<h3 style=\"text-align: left;\">Prix \u200b\u200b\u2013 <strong>200 <\/strong> <strong>EUR <\/strong> <em>(hors TVA)<\/em><\/h3>\n<p>[\/et_pb_text][\/et_pb_column][et_pb_column type=\u00a0\u00bb2_3&Prime; _builder_version=\u00a0\u00bb4.20.4&Prime; _module_preset=\u00a0\u00bbdefault\u00a0\u00bb global_colors_info=\u00a0\u00bb{}\u00a0\u00bb][dnxte_masonary gallery_ids=\u00a0\u00bb333793&Prime; dnxte_columns=\u00a0\u00bb2&Prime; dnxte_masonry_hvr_effect=\u00a0\u00bbzoom-in\u00a0\u00bb dnxte_msnary_filter_active_bg_color=\u00a0\u00bbRGBA(255,255,255,0)\u00a0\u00bb dnxte_msnary_overlay_bg_color=\u00a0\u00bbRGBA(255,255,255,0)\u00a0\u00bb dnxte_lightbox_overlay_bg_color=\u00a0\u00bbRGBA(255,255,255,0)\u00a0\u00bb _builder_version=\u00a0\u00bb4.24.2&Prime; _module_preset=\u00a0\u00bbdefault\u00a0\u00bb background_color=\u00a0\u00bbRGBA(255,255,255,0)\u00a0\u00bb custom_margin=\u00a0\u00bb10px|||||\u00a0\u00bb custom_padding=\u00a0\u00bb||20px|||\u00a0\u00bb global_colors_info=\u00a0\u00bb{}\u00a0\u00bb][\/dnxte_masonary][\/et_pb_column][\/et_pb_row][et_pb_row column_structure=\u00a0\u00bb1_3,2_3&Prime; make_equal=\u00a0\u00bbon\u00a0\u00bb _builder_version=\u00a0\u00bb4.23.1&Prime; _module_preset=\u00a0\u00bbdefault\u00a0\u00bb background_color=\u00a0\u00bb#000000&Prime; width=\u00a0\u00bbauto\u00a0\u00bb custom_margin=\u00a0\u00bb||||false|false\u00a0\u00bb custom_padding=\u00a0\u00bb20px|20px|20px|20px|false|false\u00a0\u00bb border_width_top=\u00a0\u00bb5px\u00a0\u00bb locked=\u00a0\u00bboff\u00a0\u00bb global_colors_info=\u00a0\u00bb{}\u00a0\u00bb][et_pb_column type=\u00a0\u00bb1_3&Prime; _builder_version=\u00a0\u00bb4.20.4&Prime; _module_preset=\u00a0\u00bbdefault\u00a0\u00bb custom_padding=\u00a0\u00bb|0px||0px|false|false\u00a0\u00bb global_colors_info=\u00a0\u00bb{}\u00a0\u00bb][et_pb_text _builder_version=\u00a0\u00bb4.27.0&Prime; _module_preset=\u00a0\u00bbdefault\u00a0\u00bb text_text_color=\u00a0\u00bbgcid-d40f5d1e-f5d1-4b41-ab11-4faa03a3a11c\u00a0\u00bb custom_margin=\u00a0\u00bb||0px||false|false\u00a0\u00bb custom_padding=\u00a0\u00bb20px|0px|10px|0px|false|false\u00a0\u00bb global_colors_info=\u00a0\u00bb{%22gcid-d40f5d1e-f5d1-4b41-ab11-4faa03a3a11c%22:%91%22text_text_color%22%93}\u00a0\u00bb]<\/p>\n<h3>Adaptateur automatique<\/h3>\n<p>Adaptateur d&rsquo;extr\u00e9mit\u00e9 de tige avec 6 filetages possibles.<\/p>\n<p>Les fils sont fabriqu\u00e9s individuellement pour chaque client.<\/p>\n<p>&nbsp;<\/p>\n<h3><strong><br \/><\/strong>Prix \u200b\u200b\u2013 <strong>100<\/strong> <strong>EUR <\/strong> <em>(hors TVA)<\/em><\/h3>\n<p>[\/et_pb_text][\/et_pb_column][et_pb_column type=\u00a0\u00bb2_3&Prime; _builder_version=\u00a0\u00bb4.20.4&Prime; _module_preset=\u00a0\u00bbdefault\u00a0\u00bb global_colors_info=\u00a0\u00bb{}\u00a0\u00bb][dnxte_masonary gallery_ids=\u00a0\u00bb333789&Prime; dnxte_columns=\u00a0\u00bb2&Prime; dnxte_masonry_hvr_effect=\u00a0\u00bbzoom-in\u00a0\u00bb dnxte_msnary_filter_active_bg_color=\u00a0\u00bbRGBA(255,255,255,0)\u00a0\u00bb dnxte_msnary_overlay_bg_color=\u00a0\u00bbRGBA(255,255,255,0)\u00a0\u00bb dnxte_lightbox_overlay_bg_color=\u00a0\u00bbRGBA(255,255,255,0)\u00a0\u00bb _builder_version=\u00a0\u00bb4.24.2&Prime; _module_preset=\u00a0\u00bbdefault\u00a0\u00bb background_color=\u00a0\u00bbRGBA(255,255,255,0)\u00a0\u00bb global_colors_info=\u00a0\u00bb{}\u00a0\u00bb][\/dnxte_masonary][\/et_pb_column][\/et_pb_row][et_pb_row column_structure=\u00a0\u00bb1_3,2_3&Prime; make_equal=\u00a0\u00bbon\u00a0\u00bb _builder_version=\u00a0\u00bb4.23.1&Prime; _module_preset=\u00a0\u00bbdefault\u00a0\u00bb background_color=\u00a0\u00bb#000000&Prime; width=\u00a0\u00bbauto\u00a0\u00bb custom_margin=\u00a0\u00bb||||false|false\u00a0\u00bb custom_padding=\u00a0\u00bb20px|20px|20px|20px|false|false\u00a0\u00bb border_width_top=\u00a0\u00bb5px\u00a0\u00bb locked=\u00a0\u00bboff\u00a0\u00bb global_colors_info=\u00a0\u00bb{}\u00a0\u00bb][et_pb_column type=\u00a0\u00bb1_3&Prime; _builder_version=\u00a0\u00bb4.20.4&Prime; _module_preset=\u00a0\u00bbdefault\u00a0\u00bb custom_padding=\u00a0\u00bb|0px||0px|false|false\u00a0\u00bb global_colors_info=\u00a0\u00bb{}\u00a0\u00bb][et_pb_text _builder_version=\u00a0\u00bb4.27.0&Prime; _module_preset=\u00a0\u00bbdefault\u00a0\u00bb text_text_color=\u00a0\u00bbgcid-d40f5d1e-f5d1-4b41-ab11-4faa03a3a11c\u00a0\u00bb custom_margin=\u00a0\u00bb||0px||false|false\u00a0\u00bb custom_padding=\u00a0\u00bb20px|0px|10px|0px|false|false\u00a0\u00bb global_colors_info=\u00a0\u00bb{%22gcid-d40f5d1e-f5d1-4b41-ab11-4faa03a3a11c%22:%91%22text_text_color%22%93}\u00a0\u00bb]<\/p>\n<h3>Adaptateur automatique<\/h3>\n<p>Support de jambe de force MacPherson. Diam\u00e8tre de 54 mm pour garantir un montage et un d\u00e9montage sans dommage des amortisseurs lors des tests.<\/p>\n<p>Diff\u00e9rentes tailles sont disponibles sur demande.<\/p>\n<p>&nbsp;<\/p>\n<p>&nbsp;<\/p>\n<p>&nbsp;<\/p>\n<h3><strong><\/strong>Prix \u200b\u200b\u2013 <strong>150 <\/strong> <strong>EUR <\/strong> <em>(hors TVA) <\/em><\/h3>\n<p>[\/et_pb_text][\/et_pb_column][et_pb_column type=\u00a0\u00bb2_3&Prime; _builder_version=\u00a0\u00bb4.20.4&Prime; _module_preset=\u00a0\u00bbdefault\u00a0\u00bb global_colors_info=\u00a0\u00bb{}\u00a0\u00bb][dnxte_masonary gallery_ids=\u00a0\u00bb333813&Prime; dnxte_columns=\u00a0\u00bb2&Prime; dnxte_masonry_hvr_effect=\u00a0\u00bbzoom-in\u00a0\u00bb dnxte_msnary_filter_active_bg_color=\u00a0\u00bbRGBA(255,255,255,0)\u00a0\u00bb dnxte_msnary_overlay_bg_color=\u00a0\u00bbRGBA(255,255,255,0)\u00a0\u00bb dnxte_lightbox_overlay_bg_color=\u00a0\u00bbRGBA(255,255,255,0)\u00a0\u00bb _builder_version=\u00a0\u00bb4.24.2&Prime; _module_preset=\u00a0\u00bbdefault\u00a0\u00bb background_color=\u00a0\u00bbRGBA(255,255,255,0)\u00a0\u00bb global_colors_info=\u00a0\u00bb{}\u00a0\u00bb][\/dnxte_masonary][\/et_pb_column][\/et_pb_row][\/et_pb_section][et_pb_section fb_built=\u00a0\u00bb1&Prime; admin_label=\u00a0\u00bbDynos Selection\u00a0\u00bb module_id=\u00a0\u00bbshock-dyno-adapters\u00a0\u00bb _builder_version=\u00a0\u00bb4.23.1&Prime; _module_preset=\u00a0\u00bbdefault\u00a0\u00bb background_color=\u00a0\u00bbrgba(0,0,0,0.44)\u00a0\u00bb min_height=\u00a0\u00bb750px\u00a0\u00bb custom_margin=\u00a0\u00bb0px|0px|0px|0px|false|false\u00a0\u00bb custom_padding=\u00a0\u00bb20px|20px|20px|20px|false|false\u00a0\u00bb global_colors_info=\u00a0\u00bb{}\u00a0\u00bb][et_pb_row _builder_version=\u00a0\u00bb4.23.1&Prime; _module_preset=\u00a0\u00bbdefault\u00a0\u00bb width=\u00a0\u00bb100%\u00a0\u00bb max_width=\u00a0\u00bb1100px\u00a0\u00bb custom_margin=\u00a0\u00bb30px||||false|false\u00a0\u00bb custom_padding=\u00a0\u00bb20px|20px|20px|20px|false|false\u00a0\u00bb global_colors_info=\u00a0\u00bb{}\u00a0\u00bb][et_pb_column type=\u00a0\u00bb4_4&Prime; _builder_version=\u00a0\u00bb4.20.4&Prime; _module_preset=\u00a0\u00bbdefault\u00a0\u00bb global_colors_info=\u00a0\u00bb{}\u00a0\u00bb][et_pb_text _builder_version=\u00a0\u00bb4.23.1&Prime; _module_preset=\u00a0\u00bbdefault\u00a0\u00bb global_colors_info=\u00a0\u00bb{}\u00a0\u00bb]<\/p>\n<h2 style=\"text-align: center;\">Pourquoi utiliser des adaptateurs de banc d&rsquo;essai pour les amortisseurs AUTO ?<\/h2>\n<p>[\/et_pb_text][et_pb_text _builder_version=\u00a0\u00bb4.23.1&Prime; _module_preset=\u00a0\u00bbdefault\u00a0\u00bb global_colors_info=\u00a0\u00bb{}\u00a0\u00bb]<\/p>\n<p style=\"text-align: center;\">Les adaptateurs jouent un r\u00f4le essentiel en tant que connecteurs, \u00e9tablissant une interface normalis\u00e9e entre le banc d&rsquo;essai et la g\u00e9om\u00e9trie complexe des composants automobiles. Cette connexion normalis\u00e9e est essentielle pour garantir que les conditions d&rsquo;essai reproduisent fid\u00e8lement les sc\u00e9narios de conduite r\u00e9els, ce qui favorise une plus grande pr\u00e9cision et une meilleure reproductibilit\u00e9 des r\u00e9sultats. La pr\u00e9cision des tests est particuli\u00e8rement cruciale pour l&rsquo;analyse statistique, car elle permet de g\u00e9n\u00e9rer des ensembles de donn\u00e9es fiables qui peuvent \u00eatre valid\u00e9s et analys\u00e9s statistiquement.<\/p>\n<p style=\"text-align: center;\">Les adaptateurs de banc d&rsquo;essai LABA7 pour les amortisseurs automobiles t\u00e9moignent d&rsquo;un engagement en faveur d&rsquo;essais de pr\u00e9cision et constituent une base solide pour atteindre le plus haut niveau de pr\u00e9cision dans l&rsquo;\u00e9valuation des syst\u00e8mes de suspension automobile. Cet engagement est vital pour les statisticiens et les chercheurs qui s&rsquo;appuient sur des donn\u00e9es robustes et reproductibles pour effectuer des analyses statistiques approfondies, contribuant ainsi \u00e0 faire progresser la technologie de la suspension automobile.<\/p>\n<p>[\/et_pb_text][et_pb_button button_url=\u00a0\u00bb#AdaptersPP\u00a0\u00bb url_new_window=\u00a0\u00bbon\u00a0\u00bb button_text=\u00a0\u00bbPassez une commande maintenant\u00a0\u00bb button_alignment=\u00a0\u00bbcenter\u00a0\u00bb admin_label=\u00a0\u00bbContact button\u00a0\u00bb _builder_version=\u00a0\u00bb4.25.0&Prime; _module_preset=\u00a0\u00bbdefault\u00a0\u00bb custom_button=\u00a0\u00bbon\u00a0\u00bb button_text_size=\u00a0\u00bb16px\u00a0\u00bb button_text_color=\u00a0\u00bb#000000&Prime; button_bg_color=\u00a0\u00bb#FFFFFF\u00a0\u00bb button_border_width=\u00a0\u00bb0px\u00a0\u00bb button_border_radius=\u00a0\u00bb5px\u00a0\u00bb custom_margin=\u00a0\u00bb||||false|false\u00a0\u00bb custom_padding=\u00a0\u00bb10px|40px|10px|40px|false|false\u00a0\u00bb global_colors_info=\u00a0\u00bb{}\u00a0\u00bb button_font=\u00a0\u00bb||||||||\u00a0\u00bb button_use_icon=\u00a0\u00bboff\u00a0\u00bb][\/et_pb_button][\/et_pb_column][\/et_pb_row][\/et_pb_section]<\/p>\n","protected":false},"excerpt":{"rendered":"<p>Adaptateurs dyno pour amortisseurs AUTOCes adaptateurs de banc d&rsquo;essai con\u00e7us pour les amortisseurs automobiles sont m\u00e9ticuleusement con\u00e7us dans le style distinctif de LABA7, en utilisant des mat\u00e9riaux robustes et fiables pour assurer \u00e0 la fois la long\u00e9vit\u00e9 et la pr\u00e9cision des essais. Con\u00e7us pour r\u00e9pondre aux besoins sp\u00e9cifiques des syst\u00e8mes de suspension automobile, ces adaptateurs [&hellip;]<\/p>\n","protected":false},"author":2,"featured_media":332671,"parent":331690,"menu_order":0,"comment_status":"closed","ping_status":"closed","template":"","meta":{"_acf_changed":false,"_et_pb_use_builder":"on","_et_pb_old_content":"","_et_gb_content_width":"","footnotes":""},"class_list":["post-332786","page","type-page","status-publish","has-post-thumbnail","hentry"],"acf":[],"yoast_head":"<!-- This site is optimized with the Yoast SEO plugin v25.3.1 - https:\/\/yoast.com\/wordpress\/plugins\/seo\/ -->\n<title>Adaptateurs dyno pour amortisseurs AUTO - LABA7<\/title>\n<meta name=\"description\" content=\"Adaptateurs de dynamom\u00e8tre pour amortisseurs AUTO : chape \u00e0 pr\u00e9charge automatique, adaptateur d&#039;extr\u00e9mit\u00e9 de tige, support de jambe de force MacPherson.\" \/>\n<meta name=\"robots\" content=\"index, follow, max-snippet:-1, max-image-preview:large, max-video-preview:-1\" \/>\n<link rel=\"canonical\" href=\"https:\/\/laba7.com\/fr\/produits\/adaptateurs-de-chocs-dyno-pour-auto\/\" \/>\n<meta property=\"og:locale\" content=\"fr_FR\" \/>\n<meta property=\"og:type\" content=\"article\" \/>\n<meta property=\"og:title\" content=\"Adaptateurs d&#039;amortisseurs pour AUTO\" \/>\n<meta property=\"og:description\" content=\"Les adaptateurs de banc d&#039;amortisseur pour amortisseurs AUTO sont fabriqu\u00e9s de la mani\u00e8re habituelle de LABA7 - en utilisant des mat\u00e9riaux durables et fiables.\" \/>\n<meta property=\"og:url\" content=\"https:\/\/laba7.com\/fr\/produits\/adaptateurs-de-chocs-dyno-pour-auto\/\" \/>\n<meta property=\"og:site_name\" content=\"LABA7\" \/>\n<meta property=\"article:publisher\" content=\"https:\/\/www.facebook.com\/LabaSeven\/\" \/>\n<meta property=\"article:modified_time\" content=\"2025-09-19T08:29:19+00:00\" \/>\n<meta property=\"og:image\" content=\"https:\/\/laba7.com\/wp-content\/uploads\/2023\/11\/LABA7-shock-dyno-Automobile-adapters-300x300.webp\" \/>\n<!-- \/ Yoast SEO plugin. -->","yoast_head_json":{"title":"Adaptateurs dyno pour amortisseurs AUTO - LABA7","description":"Adaptateurs de dynamom\u00e8tre pour amortisseurs AUTO : chape \u00e0 pr\u00e9charge automatique, adaptateur d'extr\u00e9mit\u00e9 de tige, support de jambe de force MacPherson.","robots":{"index":"index","follow":"follow","max-snippet":"max-snippet:-1","max-image-preview":"max-image-preview:large","max-video-preview":"max-video-preview:-1"},"canonical":"https:\/\/laba7.com\/fr\/produits\/adaptateurs-de-chocs-dyno-pour-auto\/","og_locale":"fr_FR","og_type":"article","og_title":"Adaptateurs d'amortisseurs pour AUTO","og_description":"Les adaptateurs de banc d'amortisseur pour amortisseurs AUTO sont fabriqu\u00e9s de la mani\u00e8re habituelle de LABA7 - en utilisant des mat\u00e9riaux durables et fiables.","og_url":"https:\/\/laba7.com\/fr\/produits\/adaptateurs-de-chocs-dyno-pour-auto\/","og_site_name":"LABA7","article_publisher":"https:\/\/www.facebook.com\/LabaSeven\/","article_modified_time":"2025-09-19T08:29:19+00:00","og_image":[{"url":"https:\/\/laba7.com\/wp-content\/uploads\/2023\/11\/LABA7-shock-dyno-Automobile-adapters-300x300.webp","type":"","width":"","height":""}],"schema":{"@context":"https:\/\/schema.org","@graph":false}},"_links":{"self":[{"href":"https:\/\/laba7.com\/fr\/wp-json\/wp\/v2\/pages\/332786","targetHints":{"allow":["GET"]}}],"collection":[{"href":"https:\/\/laba7.com\/fr\/wp-json\/wp\/v2\/pages"}],"about":[{"href":"https:\/\/laba7.com\/fr\/wp-json\/wp\/v2\/types\/page"}],"author":[{"embeddable":true,"href":"https:\/\/laba7.com\/fr\/wp-json\/wp\/v2\/users\/2"}],"replies":[{"embeddable":true,"href":"https:\/\/laba7.com\/fr\/wp-json\/wp\/v2\/comments?post=332786"}],"version-history":[{"count":25,"href":"https:\/\/laba7.com\/fr\/wp-json\/wp\/v2\/pages\/332786\/revisions"}],"predecessor-version":[{"id":341132,"href":"https:\/\/laba7.com\/fr\/wp-json\/wp\/v2\/pages\/332786\/revisions\/341132"}],"up":[{"embeddable":true,"href":"https:\/\/laba7.com\/fr\/wp-json\/wp\/v2\/pages\/331690"}],"wp:featuredmedia":[{"embeddable":true,"href":"https:\/\/laba7.com\/fr\/wp-json\/wp\/v2\/media\/332671"}],"wp:attachment":[{"href":"https:\/\/laba7.com\/fr\/wp-json\/wp\/v2\/media?parent=332786"}],"curies":[{"name":"wp","href":"https:\/\/api.w.org\/{rel}","templated":true}]}}