{"id":332783,"date":"2023-12-12T08:42:36","date_gmt":"2023-12-12T08:42:36","guid":{"rendered":"https:\/\/laba7.com\/produits\/adaptateurs-de-chocs-pour-motos\/"},"modified":"2026-04-23T13:08:21","modified_gmt":"2026-04-23T13:08:21","slug":"adaptateurs-pour-banc-damortisseurs-moto","status":"publish","type":"page","link":"https:\/\/laba7.com\/fr\/produits\/adaptateurs-pour-banc-damortisseurs-moto\/","title":{"rendered":"Adapters &amp; Fixtures for MOTO Damping Systems"},"content":{"rendered":"<p>[et_pb_section fb_built=\u00a0\u00bb1&Prime; admin_label=\u00a0\u00bbHeader\u00a0\u00bb _builder_version=\u00a0\u00bb4.23.1&Prime; _module_preset=\u00a0\u00bbdefault\u00a0\u00bb background_color=\u00a0\u00bb#000000&Prime; background_enable_image=\u00a0\u00bboff\u00a0\u00bb background_size=\u00a0\u00bbcontain\u00a0\u00bb background_position=\u00a0\u00bbbottom_center\u00a0\u00bb background_vertical_offset=\u00a0\u00bb-40%\u00a0\u00bb min_height=\u00a0\u00bb500px\u00a0\u00bb height_last_edited=\u00a0\u00bboff|phone\u00a0\u00bb custom_margin=\u00a0\u00bb0px||0px||false|false\u00a0\u00bb custom_padding=\u00a0\u00bb||||false|false\u00a0\u00bb bottom_divider_style=\u00a0\u00bbarrow3&Prime; bottom_divider_color=\u00a0\u00bb#303030&Prime; bottom_divider_height=\u00a0\u00bb43px\u00a0\u00bb locked=\u00a0\u00bboff\u00a0\u00bb global_colors_info=\u00a0\u00bb{}\u00a0\u00bb][et_pb_row _builder_version=\u00a0\u00bb4.23.1&Prime; _module_preset=\u00a0\u00bbdefault\u00a0\u00bb width=\u00a0\u00bb100%\u00a0\u00bb max_width=\u00a0\u00bb1100px\u00a0\u00bb custom_padding=\u00a0\u00bb100px||||false|false\u00a0\u00bb global_colors_info=\u00a0\u00bb{}\u00a0\u00bb][et_pb_column type=\u00a0\u00bb4_4&Prime; _builder_version=\u00a0\u00bb4.20.4&Prime; _module_preset=\u00a0\u00bbdefault\u00a0\u00bb global_colors_info=\u00a0\u00bb{}\u00a0\u00bb][et_pb_text _builder_version=\u00a0\u00bb4.26.0&Prime; _module_preset=\u00a0\u00bbdefault\u00a0\u00bb header_text_align=\u00a0\u00bbcenter\u00a0\u00bb header_text_color=\u00a0\u00bb#FFFFFF\u00a0\u00bb header_font_size=\u00a0\u00bb50px\u00a0\u00bb text_orientation=\u00a0\u00bbcenter\u00a0\u00bb background_layout=\u00a0\u00bbdark\u00a0\u00bb custom_margin=\u00a0\u00bb||||false|false\u00a0\u00bb hover_enabled=\u00a0\u00bb0&Prime; header_text_shadow_style=\u00a0\u00bbpreset1&Prime; global_colors_info=\u00a0\u00bb{}\u00a0\u00bb sticky_enabled=\u00a0\u00bb0&Prime;]<\/p>\n<h1>Adaptateurs et fixations pour syst\u00e8mes d&rsquo;amortissement de motos<\/h1>\n<p>[\/et_pb_text][et_pb_text _builder_version=\u00a0\u00bb4.26.0&Prime; _module_preset=\u00a0\u00bbdefault\u00a0\u00bb text_text_color=\u00a0\u00bbgcid-d40f5d1e-f5d1-4b41-ab11-4faa03a3a11c\u00a0\u00bb custom_padding=\u00a0\u00bb||30px||false|false\u00a0\u00bb hover_enabled=\u00a0\u00bb0&Prime; text_text_shadow_style=\u00a0\u00bbpreset3&Prime; global_colors_info=\u00a0\u00bb{%22gcid-d40f5d1e-f5d1-4b41-ab11-4faa03a3a11c%22:%91%22text_text_color%22%93}\u00a0\u00bb sticky_enabled=\u00a0\u00bb0&Prime;]<\/p>\n<p style=\"text-align: center;\">Ces adaptateurs pour amortisseurs MOTO sont fabriqu\u00e9s dans le style embl\u00e9matique de LABA7 : des mat\u00e9riaux robustes et fiables pour une durabilit\u00e9 accrue et des tests pr\u00e9cis. Con\u00e7us sp\u00e9cifiquement pour r\u00e9pondre aux exigences uniques des syst\u00e8mes de suspension de motos, ces adaptateurs jouent un r\u00f4le crucial dans l\u2019optimisation du processus de test des fourches avant et des amortisseurs arri\u00e8re. <\/p>\n<p style=\"text-align: center;\">Ces supports sont con\u00e7us pour fonctionner parfaitement avec n&rsquo;importe quel<a _ngcontent-ng-c2677975379=\"\" target=\"_blank\" rel=\"noopener noreferrer\" href=\"https:\/\/www.google.com\/url?sa=E&amp;q=https%3A%2F%2Flaba7.com%2Fproducts%2Fshock-dyno%2F\"><ms-cmark-node _ngcontent-ng-c2677975379=\"\" _nghost-ng-c2677975379=\"\"> banc d&rsquo;essai de suspension<\/ms-cmark-node><\/a> professionnel LABA7, garantissant ainsi que votre \u00e9quipement reste solidement fix\u00e9 en place lors des tests \u00e0 haute vitesse.<\/p>\n<p style=\"text-align: center;\">[\/et_pb_text][et_pb_button button_url=\u00a0\u00bb#AdaptersPP\u00a0\u00bb url_new_window=\u00a0\u00bbon\u00a0\u00bb button_text=\u00a0\u00bbContactez-nous\u00a0\u00bb button_alignment=\u00a0\u00bbcenter\u00a0\u00bb admin_label=\u00a0\u00bbContact button\u00a0\u00bb _builder_version=\u00a0\u00bb4.23.3&Prime; _module_preset=\u00a0\u00bbdefault\u00a0\u00bb custom_button=\u00a0\u00bbon\u00a0\u00bb button_text_size=\u00a0\u00bb16px\u00a0\u00bb button_text_color=\u00a0\u00bb#000000&Prime; button_bg_color=\u00a0\u00bb#FFFFFF\u00a0\u00bb button_border_width=\u00a0\u00bb0px\u00a0\u00bb button_border_radius=\u00a0\u00bb5px\u00a0\u00bb button_font=\u00a0\u00bb||||||||\u00a0\u00bb button_use_icon=\u00a0\u00bboff\u00a0\u00bb custom_margin=\u00a0\u00bb||||false|false\u00a0\u00bb custom_padding=\u00a0\u00bb10px|40px|10px|40px|false|false\u00a0\u00bb global_colors_info=\u00a0\u00bb{}\u00a0\u00bb][\/et_pb_button][\/et_pb_column][\/et_pb_row][\/et_pb_section][et_pb_section fb_built=\u00a0\u00bb1&Prime; admin_label=\u00a0\u00bbDynos Selection\u00a0\u00bb module_id=\u00a0\u00bbshock-dyno-adapters\u00a0\u00bb _builder_version=\u00a0\u00bb4.23.1&Prime; _module_preset=\u00a0\u00bbdefault\u00a0\u00bb background_color=\u00a0\u00bbrgba(0,0,0,0.44)\u00a0\u00bb custom_margin=\u00a0\u00bb||||false|false\u00a0\u00bb custom_padding=\u00a0\u00bb||||false|false\u00a0\u00bb top_divider_style=\u00a0\u00bbgraph4&Prime; top_divider_color=\u00a0\u00bb#303030&Prime; top_divider_height=\u00a0\u00bb40px\u00a0\u00bb top_divider_arrangement=\u00a0\u00bbabove_content\u00a0\u00bb bottom_divider_style=\u00a0\u00bbgraph4&Prime; bottom_divider_color=\u00a0\u00bb#303030&Prime; bottom_divider_height=\u00a0\u00bb40px\u00a0\u00bb global_colors_info=\u00a0\u00bb{}\u00a0\u00bb][et_pb_row _builder_version=\u00a0\u00bb4.23.1&Prime; _module_preset=\u00a0\u00bbdefault\u00a0\u00bb width=\u00a0\u00bb100%\u00a0\u00bb max_width=\u00a0\u00bb1100px\u00a0\u00bb custom_margin=\u00a0\u00bb30px||||false|false\u00a0\u00bb custom_padding=\u00a0\u00bb20px|20px|20px|20px|false|false\u00a0\u00bb global_colors_info=\u00a0\u00bb{}\u00a0\u00bb][et_pb_column type=\u00a0\u00bb4_4&Prime; _builder_version=\u00a0\u00bb4.20.4&Prime; _module_preset=\u00a0\u00bbdefault\u00a0\u00bb global_colors_info=\u00a0\u00bb{}\u00a0\u00bb][et_pb_text _builder_version=\u00a0\u00bb4.26.0&Prime; _module_preset=\u00a0\u00bbdefault\u00a0\u00bb hover_enabled=\u00a0\u00bb0&Prime; global_colors_info=\u00a0\u00bb{}\u00a0\u00bb sticky_enabled=\u00a0\u00bb0&Prime;]<\/p>\n<h2 style=\"text-align: center;\">Fourche avant et amortisseur arri\u00e8re Moto Fixtures<\/h2>\n<p>[\/et_pb_text][\/et_pb_column][\/et_pb_row][et_pb_row column_structure=\u00a0\u00bb1_3,2_3&Prime; make_equal=\u00a0\u00bbon\u00a0\u00bb _builder_version=\u00a0\u00bb4.23.1&Prime; _module_preset=\u00a0\u00bbdefault\u00a0\u00bb background_color=\u00a0\u00bb#000000&Prime; width=\u00a0\u00bbauto\u00a0\u00bb custom_margin=\u00a0\u00bb||||false|false\u00a0\u00bb custom_padding=\u00a0\u00bb20px|20px|20px|20px|false|false\u00a0\u00bb global_colors_info=\u00a0\u00bb{}\u00a0\u00bb][et_pb_column type=\u00a0\u00bb1_3&Prime; _builder_version=\u00a0\u00bb4.20.4&Prime; _module_preset=\u00a0\u00bbdefault\u00a0\u00bb custom_padding=\u00a0\u00bb|0px||0px|false|false\u00a0\u00bb global_colors_info=\u00a0\u00bb{}\u00a0\u00bb][et_pb_text _builder_version=\u00a0\u00bb4.27.0&Prime; _module_preset=\u00a0\u00bbdefault\u00a0\u00bb text_text_color=\u00a0\u00bbgcid-d40f5d1e-f5d1-4b41-ab11-4faa03a3a11c\u00a0\u00bb custom_margin=\u00a0\u00bb||0px||false|false\u00a0\u00bb custom_padding=\u00a0\u00bb20px|0px|10px|0px|false|false\u00a0\u00bb global_colors_info=\u00a0\u00bb{%22gcid-d40f5d1e-f5d1-4b41-ab11-4faa03a3a11c%22:%91%22text_text_color%22%93}\u00a0\u00bb]<\/p>\n<h3>Chape \u00e0 pr\u00e9charge automatique<\/h3>\n<p><span>Cet adaptateur simplifie les tests d&rsquo;amortisseurs. Il permet un montage\/d\u00e9montage rapide et facile des amortisseurs et <\/span><span>assure l&rsquo;efficacit\u00e9 des tests.<\/span><\/p>\n<p><span>Particuli\u00e8rement pratique pour tester les amortisseurs avec vase d&rsquo;expansion.<\/span><\/p>\n<p><strong><\/strong>Peut \u00eatre mont\u00e9 aussi bien en haut qu&rsquo;en bas.<\/p>\n<p>&nbsp;<\/p>\n<h3>Prix \u200b\u200b\u2013 200 EUR (hors TVA)<\/h3>\n<p>[\/et_pb_text][\/et_pb_column][et_pb_column type=\u00a0\u00bb2_3&Prime; _builder_version=\u00a0\u00bb4.20.4&Prime; _module_preset=\u00a0\u00bbdefault\u00a0\u00bb global_colors_info=\u00a0\u00bb{}\u00a0\u00bb][dnxte_masonary gallery_ids=\u00a0\u00bb333793&Prime; dnxte_columns=\u00a0\u00bb2&Prime; dnxte_masonry_hvr_effect=\u00a0\u00bbzoom-in\u00a0\u00bb dnxte_msnary_filter_active_bg_color=\u00a0\u00bbRGBA(255,255,255,0)\u00a0\u00bb dnxte_msnary_overlay_bg_color=\u00a0\u00bbRGBA(255,255,255,0)\u00a0\u00bb dnxte_lightbox_overlay_bg_color=\u00a0\u00bbRGBA(255,255,255,0)\u00a0\u00bb _builder_version=\u00a0\u00bb4.24.2&Prime; _module_preset=\u00a0\u00bbdefault\u00a0\u00bb background_color=\u00a0\u00bbRGBA(255,255,255,0)\u00a0\u00bb global_colors_info=\u00a0\u00bb{}\u00a0\u00bb][\/dnxte_masonary][\/et_pb_column][\/et_pb_row][et_pb_row column_structure=\u00a0\u00bb1_3,2_3&Prime; make_equal=\u00a0\u00bbon\u00a0\u00bb _builder_version=\u00a0\u00bb4.23.1&Prime; _module_preset=\u00a0\u00bbdefault\u00a0\u00bb background_color=\u00a0\u00bb#000000&Prime; width=\u00a0\u00bbauto\u00a0\u00bb custom_margin=\u00a0\u00bb||||false|false\u00a0\u00bb custom_padding=\u00a0\u00bb20px|20px|20px|20px|false|false\u00a0\u00bb border_width_top=\u00a0\u00bb5px\u00a0\u00bb locked=\u00a0\u00bboff\u00a0\u00bb global_colors_info=\u00a0\u00bb{}\u00a0\u00bb][et_pb_column type=\u00a0\u00bb1_3&Prime; _builder_version=\u00a0\u00bb4.20.4&Prime; _module_preset=\u00a0\u00bbdefault\u00a0\u00bb custom_padding=\u00a0\u00bb|0px||0px|false|false\u00a0\u00bb global_colors_info=\u00a0\u00bb{}\u00a0\u00bb][et_pb_text _builder_version=\u00a0\u00bb4.27.0&Prime; _module_preset=\u00a0\u00bbdefault\u00a0\u00bb text_text_color=\u00a0\u00bbgcid-d40f5d1e-f5d1-4b41-ab11-4faa03a3a11c\u00a0\u00bb custom_margin=\u00a0\u00bb||0px||false|false\u00a0\u00bb custom_padding=\u00a0\u00bb20px|0px|10px|0px|false|false\u00a0\u00bb global_colors_info=\u00a0\u00bb{%22gcid-d40f5d1e-f5d1-4b41-ab11-4faa03a3a11c%22:%91%22text_text_color%22%93}\u00a0\u00bb]<\/p>\n<h3 style=\"text-align: left;\">Adaptateur d&rsquo;assemblage de fourche MOTO<\/h3>\n<ul>\n<li>Adaptateur de fourche MOTO pour fourches de 54 mm et 56 mm.<\/li>\n<li>Des inserts personnalis\u00e9s sont disponibles.<\/li>\n<\/ul>\n<p>&nbsp;<\/p>\n<h3>Prix \u200b\u200b\u2013 <strong>600 <\/strong><strong>EUR <\/strong><em>(hors TVA)<\/em><\/h3>\n<p>[\/et_pb_text][\/et_pb_column][et_pb_column type=\u00a0\u00bb2_3&Prime; _builder_version=\u00a0\u00bb4.20.4&Prime; _module_preset=\u00a0\u00bbdefault\u00a0\u00bb global_colors_info=\u00a0\u00bb{}\u00a0\u00bb][dnxte_masonary gallery_ids=\u00a0\u00bb333796&Prime; dnxte_columns=\u00a0\u00bb2&Prime; dnxte_masonry_hvr_effect=\u00a0\u00bbzoom-in\u00a0\u00bb dnxte_msnary_filter_active_bg_color=\u00a0\u00bbRGBA(255,255,255,0)\u00a0\u00bb dnxte_msnary_overlay_bg_color=\u00a0\u00bbRGBA(255,255,255,0)\u00a0\u00bb dnxte_lightbox_overlay_bg_color=\u00a0\u00bbRGBA(255,255,255,0)\u00a0\u00bb _builder_version=\u00a0\u00bb4.26.0&Prime; _module_preset=\u00a0\u00bbdefault\u00a0\u00bb background_color=\u00a0\u00bbRGBA(255,255,255,0)\u00a0\u00bb hover_enabled=\u00a0\u00bb0&Prime; global_colors_info=\u00a0\u00bb{}\u00a0\u00bb sticky_enabled=\u00a0\u00bb0&Prime;][\/dnxte_masonary][\/et_pb_column][\/et_pb_row][et_pb_row column_structure=\u00a0\u00bb1_3,2_3&Prime; make_equal=\u00a0\u00bbon\u00a0\u00bb _builder_version=\u00a0\u00bb4.23.1&Prime; _module_preset=\u00a0\u00bbdefault\u00a0\u00bb background_color=\u00a0\u00bb#000000&Prime; width=\u00a0\u00bbauto\u00a0\u00bb custom_margin=\u00a0\u00bb||||false|false\u00a0\u00bb custom_padding=\u00a0\u00bb20px|20px|20px|20px|false|false\u00a0\u00bb border_width_top=\u00a0\u00bb5px\u00a0\u00bb locked=\u00a0\u00bboff\u00a0\u00bb global_colors_info=\u00a0\u00bb{}\u00a0\u00bb][et_pb_column type=\u00a0\u00bb1_3&Prime; _builder_version=\u00a0\u00bb4.20.4&Prime; _module_preset=\u00a0\u00bbdefault\u00a0\u00bb custom_padding=\u00a0\u00bb|0px||0px|false|false\u00a0\u00bb global_colors_info=\u00a0\u00bb{}\u00a0\u00bb][et_pb_text _builder_version=\u00a0\u00bb4.26.0&Prime; _module_preset=\u00a0\u00bbdefault\u00a0\u00bb text_text_color=\u00a0\u00bbgcid-d40f5d1e-f5d1-4b41-ab11-4faa03a3a11c\u00a0\u00bb custom_margin=\u00a0\u00bb||0px||false|false\u00a0\u00bb custom_padding=\u00a0\u00bb20px|0px|10px|0px|false|false\u00a0\u00bb global_colors_info=\u00a0\u00bb{%22gcid-d40f5d1e-f5d1-4b41-ab11-4faa03a3a11c%22:%91%22text_text_color%22%93}\u00a0\u00bb]<\/p>\n<h3 style=\"text-align: left;\">Adaptateur de fourche MOTO simple<\/h3>\n<ul>\n<li>Adaptateur de fourche MOTO pour fourches de 54 mm et 56 mm.<\/li>\n<li>Des inserts personnalis\u00e9s sont disponibles.<\/li>\n<li><span style=\"font-size: 18px;\">Acc\u00e8s facile pour r\u00e9gler les param\u00e8tres de la fourchette.<\/span><\/li>\n<li>D\u00e9calage r\u00e9glable.<\/li>\n<li>Les brides inf\u00e9rieures supportent un arbre de 15 \u00e0 30 mm.<\/li>\n<\/ul>\n<p>&nbsp;<\/p>\n<h3>Prix \u200b\u200b\u2013 <strong>500 <\/strong><strong>EUR <\/strong><em>(hors TVA)<\/em><\/h3>\n<p>[\/et_pb_text][\/et_pb_column][et_pb_column type=\u00a0\u00bb2_3&Prime; _builder_version=\u00a0\u00bb4.20.4&Prime; _module_preset=\u00a0\u00bbdefault\u00a0\u00bb global_colors_info=\u00a0\u00bb{}\u00a0\u00bb][dnxte_masonary gallery_ids=\u00a0\u00bb338017&Prime; dnxte_columns=\u00a0\u00bb2&Prime; dnxte_masonry_hvr_effect=\u00a0\u00bbzoom-in\u00a0\u00bb dnxte_msnary_filter_active_bg_color=\u00a0\u00bbRGBA(255,255,255,0)\u00a0\u00bb dnxte_msnary_overlay_bg_color=\u00a0\u00bbRGBA(255,255,255,0)\u00a0\u00bb dnxte_lightbox_overlay_bg_color=\u00a0\u00bbRGBA(255,255,255,0)\u00a0\u00bb _builder_version=\u00a0\u00bb4.26.0&Prime; _module_preset=\u00a0\u00bbdefault\u00a0\u00bb background_color=\u00a0\u00bbRGBA(255,255,255,0)\u00a0\u00bb hover_enabled=\u00a0\u00bb0&Prime; global_colors_info=\u00a0\u00bb{}\u00a0\u00bb sticky_enabled=\u00a0\u00bb0&Prime;][\/dnxte_masonary][\/et_pb_column][\/et_pb_row][et_pb_row column_structure=\u00a0\u00bb1_3,2_3&Prime; make_equal=\u00a0\u00bbon\u00a0\u00bb _builder_version=\u00a0\u00bb4.23.1&Prime; _module_preset=\u00a0\u00bbdefault\u00a0\u00bb background_color=\u00a0\u00bb#000000&Prime; width=\u00a0\u00bbauto\u00a0\u00bb custom_margin=\u00a0\u00bb||||false|false\u00a0\u00bb custom_padding=\u00a0\u00bb20px|20px|20px|20px|false|false\u00a0\u00bb border_width_top=\u00a0\u00bb5px\u00a0\u00bb locked=\u00a0\u00bboff\u00a0\u00bb global_colors_info=\u00a0\u00bb{}\u00a0\u00bb][et_pb_column type=\u00a0\u00bb1_3&Prime; _builder_version=\u00a0\u00bb4.20.4&Prime; _module_preset=\u00a0\u00bbdefault\u00a0\u00bb custom_padding=\u00a0\u00bb|0px||0px|false|false\u00a0\u00bb global_colors_info=\u00a0\u00bb{}\u00a0\u00bb][et_pb_text _builder_version=\u00a0\u00bb4.26.0&Prime; _module_preset=\u00a0\u00bbdefault\u00a0\u00bb text_text_color=\u00a0\u00bbgcid-d40f5d1e-f5d1-4b41-ab11-4faa03a3a11c\u00a0\u00bb custom_margin=\u00a0\u00bb||0px||false|false\u00a0\u00bb custom_padding=\u00a0\u00bb20px|0px|10px|0px|false|false\u00a0\u00bb global_colors_info=\u00a0\u00bb{%22gcid-d40f5d1e-f5d1-4b41-ab11-4faa03a3a11c%22:%91%22text_text_color%22%93}\u00a0\u00bb]<\/p>\n<h3 style=\"text-align: left;\">Jeu d&rsquo;adaptateurs pour cartouches MOTO :<\/h3>\n<ul>\n<li>TOP M51 x 1 mm<\/li>\n<li>TOP M50 x 1 mm<\/li>\n<li>TOP M51 x 1.5 mm<\/li>\n<li>BOTTOM M20 x 1 mm<\/li>\n<li>BOTTOM M22 x 1 mm<\/li>\n<li>BOTTOM M15 x 1 mm<\/li>\n<li>BOTTOM M24 x 1 mm<\/li>\n<li>BOTTOM M22 x 1.25 mm<\/li>\n<li>BOTTOM D21<\/li>\n<\/ul>\n<h3>Prix \u200b\u200b\u2013 <strong>800 <\/strong><strong>EUR <\/strong><em>(hors TVA)<\/em><\/h3>\n<p>[\/et_pb_text][\/et_pb_column][et_pb_column type=\u00a0\u00bb2_3&Prime; _builder_version=\u00a0\u00bb4.20.4&Prime; _module_preset=\u00a0\u00bbdefault\u00a0\u00bb global_colors_info=\u00a0\u00bb{}\u00a0\u00bb][dnxte_masonary gallery_ids=\u00a0\u00bb333798&Prime; dnxte_columns=\u00a0\u00bb2&Prime; dnxte_masonry_hvr_effect=\u00a0\u00bbzoom-in\u00a0\u00bb dnxte_msnary_filter_active_bg_color=\u00a0\u00bbRGBA(255,255,255,0)\u00a0\u00bb dnxte_msnary_overlay_bg_color=\u00a0\u00bbRGBA(255,255,255,0)\u00a0\u00bb dnxte_lightbox_overlay_bg_color=\u00a0\u00bbRGBA(255,255,255,0)\u00a0\u00bb _builder_version=\u00a0\u00bb4.26.0&Prime; _module_preset=\u00a0\u00bbdefault\u00a0\u00bb background_color=\u00a0\u00bbRGBA(255,255,255,0)\u00a0\u00bb hover_enabled=\u00a0\u00bb0&Prime; global_colors_info=\u00a0\u00bb{}\u00a0\u00bb sticky_enabled=\u00a0\u00bb0&Prime;][\/dnxte_masonary][\/et_pb_column][\/et_pb_row][\/et_pb_section][et_pb_section fb_built=\u00a0\u00bb1&Prime; admin_label=\u00a0\u00bbDynos Selection\u00a0\u00bb module_id=\u00a0\u00bbshock-dyno-adapters\u00a0\u00bb _builder_version=\u00a0\u00bb4.23.1&Prime; _module_preset=\u00a0\u00bbdefault\u00a0\u00bb background_color=\u00a0\u00bbrgba(0,0,0,0.44)\u00a0\u00bb min_height=\u00a0\u00bb750px\u00a0\u00bb custom_margin=\u00a0\u00bb0px|0px|0px|0px|false|false\u00a0\u00bb custom_padding=\u00a0\u00bb20px|20px|20px|20px|false|false\u00a0\u00bb global_colors_info=\u00a0\u00bb{}\u00a0\u00bb][et_pb_row _builder_version=\u00a0\u00bb4.23.1&Prime; _module_preset=\u00a0\u00bbdefault\u00a0\u00bb width=\u00a0\u00bb100%\u00a0\u00bb max_width=\u00a0\u00bb1100px\u00a0\u00bb custom_margin=\u00a0\u00bb30px||||false|false\u00a0\u00bb custom_padding=\u00a0\u00bb20px|20px|20px|20px|false|false\u00a0\u00bb global_colors_info=\u00a0\u00bb{}\u00a0\u00bb][et_pb_column type=\u00a0\u00bb4_4&Prime; _builder_version=\u00a0\u00bb4.20.4&Prime; _module_preset=\u00a0\u00bbdefault\u00a0\u00bb global_colors_info=\u00a0\u00bb{}\u00a0\u00bb][et_pb_text _builder_version=\u00a0\u00bb4.26.0&Prime; _module_preset=\u00a0\u00bbdefault\u00a0\u00bb hover_enabled=\u00a0\u00bb0&Prime; global_colors_info=\u00a0\u00bb{}\u00a0\u00bb sticky_enabled=\u00a0\u00bb0&Prime;]<\/p>\n<h2 style=\"text-align: center;\">Adaptateurs durables pour motos tout-terrain et motos de route<\/h2>\n<p>[\/et_pb_text][et_pb_text _builder_version=\u00a0\u00bb4.26.0&Prime; _module_preset=\u00a0\u00bbdefault\u00a0\u00bb hover_enabled=\u00a0\u00bb0&Prime; global_colors_info=\u00a0\u00bb{}\u00a0\u00bb sticky_enabled=\u00a0\u00bb0&Prime;]<\/p>\n<p style=\"text-align: center;\">On ne saurait surestimer l&rsquo;importance de la pr\u00e9cision dans les tests de suspension des motos, car elle permet aux ing\u00e9nieurs et aux fabricants de r\u00e9gler avec pr\u00e9cision les syst\u00e8mes de suspension en toute confiance, ce qui conduit \u00e0 des performances et une r\u00e9activit\u00e9 am\u00e9lior\u00e9es.<\/p>\n<p style=\"text-align: center;\">Les adaptateurs LABA7 pour motos t\u00e9moignent d&rsquo;un engagement envers l&rsquo;excellence, fournissant une base pour atteindre le plus haut niveau de pr\u00e9cision dans les tests et contribuant aux progr\u00e8s de la technologie des suspensions de motos.<\/p>\n<p>[\/et_pb_text][et_pb_button button_url=\u00a0\u00bb#AdaptersPP\u00a0\u00bb url_new_window=\u00a0\u00bbon\u00a0\u00bb button_text=\u00a0\u00bbContactez-nous\u00a0\u00bb button_alignment=\u00a0\u00bbcenter\u00a0\u00bb admin_label=\u00a0\u00bbContact button\u00a0\u00bb _builder_version=\u00a0\u00bb4.23.3&Prime; _module_preset=\u00a0\u00bbdefault\u00a0\u00bb custom_button=\u00a0\u00bbon\u00a0\u00bb button_text_size=\u00a0\u00bb16px\u00a0\u00bb button_text_color=\u00a0\u00bb#000000&Prime; button_bg_color=\u00a0\u00bb#FFFFFF\u00a0\u00bb button_border_width=\u00a0\u00bb0px\u00a0\u00bb button_border_radius=\u00a0\u00bb5px\u00a0\u00bb button_font=\u00a0\u00bb||||||||\u00a0\u00bb button_use_icon=\u00a0\u00bboff\u00a0\u00bb custom_margin=\u00a0\u00bb||||false|false\u00a0\u00bb custom_padding=\u00a0\u00bb10px|40px|10px|40px|false|false\u00a0\u00bb global_colors_info=\u00a0\u00bb{}\u00a0\u00bb][\/et_pb_button][\/et_pb_column][\/et_pb_row][\/et_pb_section]<\/p>\n","protected":false},"excerpt":{"rendered":"<p>Adaptateurs et fixations pour syst\u00e8mes d&rsquo;amortissement de motosCes adaptateurs pour amortisseurs MOTO sont fabriqu\u00e9s dans le style embl\u00e9matique de LABA7 : des mat\u00e9riaux robustes et fiables pour une durabilit\u00e9 accrue et des tests pr\u00e9cis. Con\u00e7us sp\u00e9cifiquement pour r\u00e9pondre aux exigences uniques des syst\u00e8mes de suspension de motos, ces adaptateurs jouent un r\u00f4le crucial dans l\u2019optimisation [&hellip;]<\/p>\n","protected":false},"author":2,"featured_media":332667,"parent":331690,"menu_order":0,"comment_status":"closed","ping_status":"closed","template":"","meta":{"_acf_changed":false,"_et_pb_use_builder":"on","_et_pb_old_content":"","_et_gb_content_width":"","footnotes":""},"class_list":["post-332783","page","type-page","status-publish","has-post-thumbnail","hentry"],"acf":[],"yoast_head":"<!-- This site is optimized with the Yoast SEO plugin v25.3.1 - https:\/\/yoast.com\/wordpress\/plugins\/seo\/ -->\n<title>Adaptateurs pour machines d&#039;essai de suspension de motos | LABA7<\/title>\n<meta name=\"description\" content=\"Supports et adaptateurs de haute qualit\u00e9 pour amortisseurs et fourches de moto. Con\u00e7us pour les tests et le r\u00e9glage des suspensions.\" \/>\n<meta name=\"robots\" content=\"index, follow, max-snippet:-1, max-image-preview:large, max-video-preview:-1\" \/>\n<link rel=\"canonical\" href=\"https:\/\/laba7.com\/fr\/produits\/adaptateurs-pour-banc-damortisseurs-moto\/\" \/>\n<meta property=\"og:locale\" content=\"fr_FR\" \/>\n<meta property=\"og:type\" content=\"article\" \/>\n<meta property=\"og:title\" content=\"Adaptateurs et fixations pour syst\u00e8mes d&#039;amortissement MOTO\" \/>\n<meta property=\"og:description\" content=\"Les adaptateurs et fixations pour syst\u00e8mes d&#039;amortissement MOTO sont fabriqu\u00e9s de mani\u00e8re classique par LABA7, en utilisant des mat\u00e9riaux durables et fiables.\" \/>\n<meta property=\"og:url\" content=\"https:\/\/laba7.com\/fr\/produits\/adaptateurs-pour-banc-damortisseurs-moto\/\" \/>\n<meta property=\"og:site_name\" content=\"LABA7\" \/>\n<meta property=\"article:publisher\" content=\"https:\/\/www.facebook.com\/LabaSeven\/\" \/>\n<meta property=\"article:modified_time\" content=\"2026-04-23T13:08:21+00:00\" \/>\n<meta property=\"og:image\" content=\"https:\/\/laba7.com\/wp-content\/uploads\/2024\/04\/MTB-fork-holder-assembly-300x300.png\" \/>\n<!-- \/ Yoast SEO plugin. -->","yoast_head_json":{"title":"Adaptateurs pour machines d'essai de suspension de motos | LABA7","description":"Supports et adaptateurs de haute qualit\u00e9 pour amortisseurs et fourches de moto. Con\u00e7us pour les tests et le r\u00e9glage des suspensions.","robots":{"index":"index","follow":"follow","max-snippet":"max-snippet:-1","max-image-preview":"max-image-preview:large","max-video-preview":"max-video-preview:-1"},"canonical":"https:\/\/laba7.com\/fr\/produits\/adaptateurs-pour-banc-damortisseurs-moto\/","og_locale":"fr_FR","og_type":"article","og_title":"Adaptateurs et fixations pour syst\u00e8mes d'amortissement MOTO","og_description":"Les adaptateurs et fixations pour syst\u00e8mes d'amortissement MOTO sont fabriqu\u00e9s de mani\u00e8re classique par LABA7, en utilisant des mat\u00e9riaux durables et fiables.","og_url":"https:\/\/laba7.com\/fr\/produits\/adaptateurs-pour-banc-damortisseurs-moto\/","og_site_name":"LABA7","article_publisher":"https:\/\/www.facebook.com\/LabaSeven\/","article_modified_time":"2026-04-23T13:08:21+00:00","og_image":[{"url":"https:\/\/laba7.com\/wp-content\/uploads\/2024\/04\/MTB-fork-holder-assembly-300x300.png","type":"","width":"","height":""}],"schema":{"@context":"https:\/\/schema.org","@graph":false}},"_links":{"self":[{"href":"https:\/\/laba7.com\/fr\/wp-json\/wp\/v2\/pages\/332783","targetHints":{"allow":["GET"]}}],"collection":[{"href":"https:\/\/laba7.com\/fr\/wp-json\/wp\/v2\/pages"}],"about":[{"href":"https:\/\/laba7.com\/fr\/wp-json\/wp\/v2\/types\/page"}],"author":[{"embeddable":true,"href":"https:\/\/laba7.com\/fr\/wp-json\/wp\/v2\/users\/2"}],"replies":[{"embeddable":true,"href":"https:\/\/laba7.com\/fr\/wp-json\/wp\/v2\/comments?post=332783"}],"version-history":[{"count":34,"href":"https:\/\/laba7.com\/fr\/wp-json\/wp\/v2\/pages\/332783\/revisions"}],"predecessor-version":[{"id":343363,"href":"https:\/\/laba7.com\/fr\/wp-json\/wp\/v2\/pages\/332783\/revisions\/343363"}],"up":[{"embeddable":true,"href":"https:\/\/laba7.com\/fr\/wp-json\/wp\/v2\/pages\/331690"}],"wp:featuredmedia":[{"embeddable":true,"href":"https:\/\/laba7.com\/fr\/wp-json\/wp\/v2\/media\/332667"}],"wp:attachment":[{"href":"https:\/\/laba7.com\/fr\/wp-json\/wp\/v2\/media?parent=332783"}],"curies":[{"name":"wp","href":"https:\/\/api.w.org\/{rel}","templated":true}]}}