{"id":332773,"date":"2023-12-12T08:05:44","date_gmt":"2023-12-12T08:05:44","guid":{"rendered":"https:\/\/laba7.com\/produits\/adaptateurs-amortisseurs-dyno-pour-vtt\/"},"modified":"2026-04-24T06:45:57","modified_gmt":"2026-04-24T06:45:57","slug":"adaptateurs-pour-banc-damortisseurs-vtt","status":"publish","type":"page","link":"https:\/\/laba7.com\/fr\/produits\/adaptateurs-pour-banc-damortisseurs-vtt\/","title":{"rendered":"Adaptateurs de banc d&rsquo;essai pour amortisseurs VTT"},"content":{"rendered":"<p>[et_pb_section fb_built=\u00a0\u00bb1&Prime; admin_label=\u00a0\u00bbHeader\u00a0\u00bb _builder_version=\u00a0\u00bb4.23.1&Prime; _module_preset=\u00a0\u00bbdefault\u00a0\u00bb background_color=\u00a0\u00bb#000000&Prime; background_enable_image=\u00a0\u00bboff\u00a0\u00bb background_size=\u00a0\u00bbcontain\u00a0\u00bb background_position=\u00a0\u00bbbottom_center\u00a0\u00bb background_vertical_offset=\u00a0\u00bb-40%\u00a0\u00bb min_height=\u00a0\u00bb500px\u00a0\u00bb height_last_edited=\u00a0\u00bboff|phone\u00a0\u00bb custom_margin=\u00a0\u00bb0px||0px||false|false\u00a0\u00bb custom_padding=\u00a0\u00bb||||false|false\u00a0\u00bb bottom_divider_style=\u00a0\u00bbarrow3&Prime; bottom_divider_color=\u00a0\u00bb#303030&Prime; bottom_divider_height=\u00a0\u00bb40px\u00a0\u00bb locked=\u00a0\u00bboff\u00a0\u00bb global_colors_info=\u00a0\u00bb{}\u00a0\u00bb][et_pb_row _builder_version=\u00a0\u00bb4.23.1&Prime; _module_preset=\u00a0\u00bbdefault\u00a0\u00bb width=\u00a0\u00bb100%\u00a0\u00bb max_width=\u00a0\u00bb1100px\u00a0\u00bb custom_padding=\u00a0\u00bb100px||||false|false\u00a0\u00bb global_colors_info=\u00a0\u00bb{}\u00a0\u00bb][et_pb_column type=\u00a0\u00bb4_4&Prime; _builder_version=\u00a0\u00bb4.20.4&Prime; _module_preset=\u00a0\u00bbdefault\u00a0\u00bb global_colors_info=\u00a0\u00bb{}\u00a0\u00bb][et_pb_text _builder_version=\u00a0\u00bb4.26.0&Prime; _module_preset=\u00a0\u00bbdefault\u00a0\u00bb header_text_align=\u00a0\u00bbcenter\u00a0\u00bb header_text_color=\u00a0\u00bb#FFFFFF\u00a0\u00bb header_font_size=\u00a0\u00bb50px\u00a0\u00bb text_orientation=\u00a0\u00bbcenter\u00a0\u00bb background_layout=\u00a0\u00bbdark\u00a0\u00bb custom_margin=\u00a0\u00bb||||false|false\u00a0\u00bb header_text_shadow_style=\u00a0\u00bbpreset1&Prime; global_colors_info=\u00a0\u00bb{}\u00a0\u00bb]<\/p>\n<h1 style=\"text-align: center;\">Adaptateurs et supports de suspension pour VTT<\/h1>\n<p>[\/et_pb_text][et_pb_text _builder_version=\u00a0\u00bb4.26.0&Prime; _module_preset=\u00a0\u00bbdefault\u00a0\u00bb text_text_color=\u00a0\u00bbgcid-d40f5d1e-f5d1-4b41-ab11-4faa03a3a11c\u00a0\u00bb custom_padding=\u00a0\u00bb||30px||false|false\u00a0\u00bb text_text_shadow_style=\u00a0\u00bbpreset3&Prime; global_colors_info=\u00a0\u00bb{%22gcid-d40f5d1e-f5d1-4b41-ab11-4faa03a3a11c%22:%91%22text_text_color%22%93}\u00a0\u00bb]<\/p>\n<p style=\"text-align: center;\">Ces adaptateurs pour amortisseurs VTT sont fabriqu\u00e9s selon les m\u00e9thodes LABA7 habituelles, \u00e0 partir de mat\u00e9riaux durables et fiables, garantissant ainsi la pr\u00e9cision des tests de performance. Con\u00e7us avec un souci du d\u00e9tail m\u00e9ticuleux, ces adaptateurs jouent un r\u00f4le crucial dans le processus de test des fourches et des amortisseurs arri\u00e8re des VTT. <\/p>\n<p style=\"text-align: center;\">Ces supports sont con\u00e7us pour fonctionner parfaitement avec n&rsquo;importe quel <a href=\"https:\/\/laba7.com\/products\/shock-dyno\/\">banc d&rsquo;essai de suspension<\/a> professionnel LABA7, garantissant ainsi que votre \u00e9quipement reste solidement fix\u00e9 en place lors des tests \u00e0 haute vitesse.<\/p>\n<p style=\"text-align: center;\">[\/et_pb_text][et_pb_button button_url=\u00a0\u00bb#AdaptersPP\u00a0\u00bb url_new_window=\u00a0\u00bbon\u00a0\u00bb button_text=\u00a0\u00bbPassez une commande maintenant\u00a0\u00bb button_alignment=\u00a0\u00bbcenter\u00a0\u00bb admin_label=\u00a0\u00bbContact button\u00a0\u00bb _builder_version=\u00a0\u00bb4.25.0&Prime; _module_preset=\u00a0\u00bbdefault\u00a0\u00bb custom_button=\u00a0\u00bbon\u00a0\u00bb button_text_size=\u00a0\u00bb16px\u00a0\u00bb button_text_color=\u00a0\u00bb#000000&Prime; button_bg_color=\u00a0\u00bb#FFFFFF\u00a0\u00bb button_border_width=\u00a0\u00bb0px\u00a0\u00bb button_border_radius=\u00a0\u00bb5px\u00a0\u00bb button_font=\u00a0\u00bb||||||||\u00a0\u00bb button_use_icon=\u00a0\u00bboff\u00a0\u00bb custom_margin=\u00a0\u00bb||||false|false\u00a0\u00bb custom_padding=\u00a0\u00bb10px|40px|10px|40px|false|false\u00a0\u00bb global_colors_info=\u00a0\u00bb{}\u00a0\u00bb][\/et_pb_button][\/et_pb_column][\/et_pb_row][\/et_pb_section][et_pb_section fb_built=\u00a0\u00bb1&Prime; admin_label=\u00a0\u00bbDynos Selection\u00a0\u00bb module_id=\u00a0\u00bbshock-dyno-adapters\u00a0\u00bb _builder_version=\u00a0\u00bb4.23.1&Prime; _module_preset=\u00a0\u00bbdefault\u00a0\u00bb background_color=\u00a0\u00bbrgba(0,0,0,0.44)\u00a0\u00bb custom_margin=\u00a0\u00bb||||false|false\u00a0\u00bb custom_padding=\u00a0\u00bb||||false|false\u00a0\u00bb top_divider_style=\u00a0\u00bbgraph4&Prime; top_divider_color=\u00a0\u00bb#303030&Prime; top_divider_height=\u00a0\u00bb40px\u00a0\u00bb bottom_divider_style=\u00a0\u00bbgraph4&Prime; bottom_divider_color=\u00a0\u00bb#303030&Prime; bottom_divider_height=\u00a0\u00bb40px\u00a0\u00bb global_colors_info=\u00a0\u00bb{}\u00a0\u00bb][et_pb_row _builder_version=\u00a0\u00bb4.23.1&Prime; _module_preset=\u00a0\u00bbdefault\u00a0\u00bb width=\u00a0\u00bb100%\u00a0\u00bb max_width=\u00a0\u00bb1100px\u00a0\u00bb custom_margin=\u00a0\u00bb30px||||false|false\u00a0\u00bb custom_padding=\u00a0\u00bb20px|20px|20px|20px|false|false\u00a0\u00bb global_colors_info=\u00a0\u00bb{}\u00a0\u00bb][et_pb_column type=\u00a0\u00bb4_4&Prime; _builder_version=\u00a0\u00bb4.20.4&Prime; _module_preset=\u00a0\u00bbdefault\u00a0\u00bb global_colors_info=\u00a0\u00bb{}\u00a0\u00bb][et_pb_text _builder_version=\u00a0\u00bb4.23.1&Prime; _module_preset=\u00a0\u00bbdefault\u00a0\u00bb global_colors_info=\u00a0\u00bb{}\u00a0\u00bb]<\/p>\n<h2 style=\"text-align: center;\">Fixation s\u00e9curis\u00e9e pour amortisseurs et fourches arri\u00e8re de VTT<\/h2>\n<p>[\/et_pb_text][\/et_pb_column][\/et_pb_row][et_pb_row column_structure=\u00a0\u00bb1_3,2_3&Prime; make_equal=\u00a0\u00bbon\u00a0\u00bb _builder_version=\u00a0\u00bb4.23.1&Prime; _module_preset=\u00a0\u00bbdefault\u00a0\u00bb background_color=\u00a0\u00bb#000000&Prime; width=\u00a0\u00bbauto\u00a0\u00bb custom_margin=\u00a0\u00bb||||false|false\u00a0\u00bb custom_padding=\u00a0\u00bb20px|20px|20px|20px|false|false\u00a0\u00bb global_colors_info=\u00a0\u00bb{}\u00a0\u00bb][et_pb_column type=\u00a0\u00bb1_3&Prime; _builder_version=\u00a0\u00bb4.20.4&Prime; _module_preset=\u00a0\u00bbdefault\u00a0\u00bb custom_padding=\u00a0\u00bb|0px||0px|false|false\u00a0\u00bb global_colors_info=\u00a0\u00bb{}\u00a0\u00bb][et_pb_text _builder_version=\u00a0\u00bb4.27.0&Prime; _module_preset=\u00a0\u00bbdefault\u00a0\u00bb text_text_color=\u00a0\u00bbgcid-d40f5d1e-f5d1-4b41-ab11-4faa03a3a11c\u00a0\u00bb custom_margin=\u00a0\u00bb||0px||false|false\u00a0\u00bb custom_padding=\u00a0\u00bb20px|0px|10px|0px|false|false\u00a0\u00bb global_colors_info=\u00a0\u00bb{%22gcid-d40f5d1e-f5d1-4b41-ab11-4faa03a3a11c%22:%91%22text_text_color%22%93}\u00a0\u00bb]<\/p>\n<h3>Chape \u00e0 pr\u00e9charge automatique<\/h3>\n<p><span>Cet adaptateur simplifie les tests d&rsquo;amortisseurs. Il permet un montage\/d\u00e9montage rapide et facile des amortisseurs et <\/span><span>assure l&rsquo;efficacit\u00e9 des tests.<\/span><\/p>\n<p><span>Particuli\u00e8rement pratique pour tester les amortisseurs avec vase d&rsquo;expansion.<\/span><\/p>\n<p><strong><\/strong>Peut \u00eatre mont\u00e9 aussi bien en haut qu&rsquo;en bas.<strong><\/strong><\/p>\n<p>&nbsp;<\/p>\n<h3>Prix \u200b\u200b\u2013 200 EUR (hors TVA)<\/h3>\n<p>[\/et_pb_text][\/et_pb_column][et_pb_column type=\u00a0\u00bb2_3&Prime; _builder_version=\u00a0\u00bb4.20.4&Prime; _module_preset=\u00a0\u00bbdefault\u00a0\u00bb global_colors_info=\u00a0\u00bb{}\u00a0\u00bb][dnxte_masonary gallery_ids=\u00a0\u00bb333793&Prime; dnxte_columns=\u00a0\u00bb2&Prime; dnxte_masonry_hvr_effect=\u00a0\u00bbzoom-in\u00a0\u00bb dnxte_msnary_filter_active_bg_color=\u00a0\u00bbRGBA(255,255,255,0)\u00a0\u00bb dnxte_msnary_overlay_bg_color=\u00a0\u00bbRGBA(255,255,255,0)\u00a0\u00bb dnxte_lightbox_overlay_bg_color=\u00a0\u00bbRGBA(255,255,255,0)\u00a0\u00bb _builder_version=\u00a0\u00bb4.26.0&Prime; _module_preset=\u00a0\u00bbdefault\u00a0\u00bb background_color=\u00a0\u00bbRGBA(255,255,255,0)\u00a0\u00bb locked=\u00a0\u00bboff\u00a0\u00bb global_colors_info=\u00a0\u00bb{}\u00a0\u00bb][\/dnxte_masonary][\/et_pb_column][\/et_pb_row][et_pb_row column_structure=\u00a0\u00bb1_3,2_3&Prime; make_equal=\u00a0\u00bbon\u00a0\u00bb _builder_version=\u00a0\u00bb4.23.1&Prime; _module_preset=\u00a0\u00bbdefault\u00a0\u00bb background_color=\u00a0\u00bb#000000&Prime; width=\u00a0\u00bbauto\u00a0\u00bb custom_margin=\u00a0\u00bb||||false|false\u00a0\u00bb custom_padding=\u00a0\u00bb20px|20px|20px|20px|false|false\u00a0\u00bb border_width_top=\u00a0\u00bb5px\u00a0\u00bb global_colors_info=\u00a0\u00bb{}\u00a0\u00bb][et_pb_column type=\u00a0\u00bb1_3&Prime; _builder_version=\u00a0\u00bb4.20.4&Prime; _module_preset=\u00a0\u00bbdefault\u00a0\u00bb custom_padding=\u00a0\u00bb|0px||0px|false|false\u00a0\u00bb global_colors_info=\u00a0\u00bb{}\u00a0\u00bb][et_pb_text _builder_version=\u00a0\u00bb4.27.0&Prime; _module_preset=\u00a0\u00bbdefault\u00a0\u00bb text_text_color=\u00a0\u00bbgcid-d40f5d1e-f5d1-4b41-ab11-4faa03a3a11c\u00a0\u00bb custom_margin=\u00a0\u00bb||0px||false|false\u00a0\u00bb custom_padding=\u00a0\u00bb20px|0px|10px|0px|false|false\u00a0\u00bb global_colors_info=\u00a0\u00bb{%22gcid-d40f5d1e-f5d1-4b41-ab11-4faa03a3a11c%22:%91%22text_text_color%22%93}\u00a0\u00bb]<\/p>\n<h3 style=\"text-align: left;\">Adaptateurs de fourche VTT<\/h3>\n<p>Adaptateur de fourche VTT pour ces inserts :<\/p>\n<ul>\n<li>100 x 15 mm<\/li>\n<li>110 x 15 mm<\/li>\n<li>110 x 20 mm<\/li>\n<\/ul>\n<p>&nbsp;<\/p>\n<h3>Prix \u200b\u200b\u2013 <strong>430 <\/strong><strong>EUR<\/strong> (hors TVA)<\/h3>\n<p>[\/et_pb_text][\/et_pb_column][et_pb_column type=\u00a0\u00bb2_3&Prime; _builder_version=\u00a0\u00bb4.20.4&Prime; _module_preset=\u00a0\u00bbdefault\u00a0\u00bb global_colors_info=\u00a0\u00bb{}\u00a0\u00bb][dnxte_masonary gallery_ids=\u00a0\u00bb334304&Prime; dnxte_columns=\u00a0\u00bb2&Prime; dnxte_masonry_hvr_effect=\u00a0\u00bbzoom-in\u00a0\u00bb dnxte_msnary_filter_active_bg_color=\u00a0\u00bbRGBA(255,255,255,0)\u00a0\u00bb dnxte_msnary_overlay_bg_color=\u00a0\u00bbRGBA(255,255,255,0)\u00a0\u00bb dnxte_lightbox_overlay_bg_color=\u00a0\u00bbRGBA(255,255,255,0)\u00a0\u00bb _builder_version=\u00a0\u00bb4.26.0&Prime; _module_preset=\u00a0\u00bbdefault\u00a0\u00bb background_color=\u00a0\u00bbRGBA(255,255,255,0)\u00a0\u00bb global_colors_info=\u00a0\u00bb{}\u00a0\u00bb][\/dnxte_masonary][\/et_pb_column][\/et_pb_row][et_pb_row column_structure=\u00a0\u00bb1_3,2_3&Prime; make_equal=\u00a0\u00bbon\u00a0\u00bb _builder_version=\u00a0\u00bb4.23.1&Prime; _module_preset=\u00a0\u00bbdefault\u00a0\u00bb background_color=\u00a0\u00bb#000000&Prime; width=\u00a0\u00bbauto\u00a0\u00bb custom_margin=\u00a0\u00bb||||false|false\u00a0\u00bb custom_padding=\u00a0\u00bb20px|20px|20px|20px|false|false\u00a0\u00bb border_width_top=\u00a0\u00bb5px\u00a0\u00bb border_color_bottom=\u00a0\u00bb#303030&Prime; locked=\u00a0\u00bboff\u00a0\u00bb global_colors_info=\u00a0\u00bb{}\u00a0\u00bb][et_pb_column type=\u00a0\u00bb1_3&Prime; _builder_version=\u00a0\u00bb4.20.4&Prime; _module_preset=\u00a0\u00bbdefault\u00a0\u00bb custom_padding=\u00a0\u00bb|0px||0px|false|false\u00a0\u00bb global_colors_info=\u00a0\u00bb{}\u00a0\u00bb][et_pb_text _builder_version=\u00a0\u00bb4.27.0&Prime; _module_preset=\u00a0\u00bbdefault\u00a0\u00bb text_text_color=\u00a0\u00bbgcid-d40f5d1e-f5d1-4b41-ab11-4faa03a3a11c\u00a0\u00bb custom_margin=\u00a0\u00bb||0px||false|false\u00a0\u00bb custom_padding=\u00a0\u00bb20px|0px|10px|0px|false|false\u00a0\u00bb global_colors_info=\u00a0\u00bb{%22gcid-d40f5d1e-f5d1-4b41-ab11-4faa03a3a11c%22:%91%22text_text_color%22%93}\u00a0\u00bb]<\/p>\n<h3 style=\"text-align: left;\">Adaptateur de tourillon<\/h3>\n<p><span>Il permet une fixation et un d\u00e9tachement efficaces et s\u00fbrs des amortisseurs lors des essais. Sa conception protectrice pr\u00e9vient les chocs, garantissant un processus de test sans dommage. <\/span><\/p>\n<p>&nbsp;<\/p>\n<h3>Prix \u200b\u200b\u2013 210 EUR (hors TVA)<\/h3>\n<p>[\/et_pb_text][\/et_pb_column][et_pb_column type=\u00a0\u00bb2_3&Prime; _builder_version=\u00a0\u00bb4.20.4&Prime; _module_preset=\u00a0\u00bbdefault\u00a0\u00bb global_colors_info=\u00a0\u00bb{}\u00a0\u00bb][dnxte_masonary gallery_ids=\u00a0\u00bb333804&Prime; dnxte_columns=\u00a0\u00bb2&Prime; dnxte_masonry_hvr_effect=\u00a0\u00bbzoom-in\u00a0\u00bb dnxte_msnary_filter_active_bg_color=\u00a0\u00bbRGBA(255,255,255,0)\u00a0\u00bb dnxte_msnary_overlay_bg_color=\u00a0\u00bbRGBA(255,255,255,0)\u00a0\u00bb dnxte_lightbox_overlay_bg_color=\u00a0\u00bbRGBA(255,255,255,0)\u00a0\u00bb _builder_version=\u00a0\u00bb4.24.2&Prime; _module_preset=\u00a0\u00bbdefault\u00a0\u00bb background_color=\u00a0\u00bbRGBA(255,255,255,0)\u00a0\u00bb global_colors_info=\u00a0\u00bb{}\u00a0\u00bb][\/dnxte_masonary][\/et_pb_column][\/et_pb_row][et_pb_row column_structure=\u00a0\u00bb1_3,2_3&Prime; make_equal=\u00a0\u00bbon\u00a0\u00bb _builder_version=\u00a0\u00bb4.23.1&Prime; _module_preset=\u00a0\u00bbdefault\u00a0\u00bb background_color=\u00a0\u00bb#000000&Prime; width=\u00a0\u00bbauto\u00a0\u00bb custom_margin=\u00a0\u00bb||||false|false\u00a0\u00bb custom_padding=\u00a0\u00bb20px|20px|20px|20px|false|false\u00a0\u00bb border_color_all=\u00a0\u00bb#303030&Prime; border_width_top=\u00a0\u00bb5px\u00a0\u00bb locked=\u00a0\u00bboff\u00a0\u00bb global_colors_info=\u00a0\u00bb{}\u00a0\u00bb][et_pb_column type=\u00a0\u00bb1_3&Prime; _builder_version=\u00a0\u00bb4.20.4&Prime; _module_preset=\u00a0\u00bbdefault\u00a0\u00bb custom_padding=\u00a0\u00bb|0px||0px|false|false\u00a0\u00bb global_colors_info=\u00a0\u00bb{}\u00a0\u00bb][et_pb_text _builder_version=\u00a0\u00bb4.27.0&Prime; _module_preset=\u00a0\u00bbdefault\u00a0\u00bb text_text_color=\u00a0\u00bbgcid-d40f5d1e-f5d1-4b41-ab11-4faa03a3a11c\u00a0\u00bb custom_margin=\u00a0\u00bb||0px||false|false\u00a0\u00bb custom_padding=\u00a0\u00bb20px|0px|10px|0px|false|false\u00a0\u00bb global_colors_info=\u00a0\u00bb{%22gcid-d40f5d1e-f5d1-4b41-ab11-4faa03a3a11c%22:%91%22text_text_color%22%93}\u00a0\u00bb]<\/p>\n<h3 style=\"text-align: left;\">Jeu d&rsquo;adaptateurs pour cartouches VTT :<\/h3>\n<ul>\n<li><strong>RockShox<\/strong> \u2013 RS32 M29x1, RS35 (old) M33x1, RS35 (new) M32x0.5, (Bottom) D8, RS38 M35x0.75\/Ohlins RXF38<\/li>\n<li>\n<p class=\"LC20lb MBeuO DKV0Md\"><strong>\u00d6hlins<\/strong> \u2013 RXF36 M34x1, DH38 M35x1, (Bottom) D12<\/p>\n<\/li>\n<li><strong>FOX<\/strong> \u2013 32\u00a0\u00bb 1-11\/64&Prime; &#8211; 28G, 34\u00a0\u00bb 1-15\/64\u00a0\u00bb &#8211; 32G, 36\u00a0\u00bb 1-5\/16\u00a0\u00bb &#8211; 32G, 38\u00a0\u00bb 1-3\/8\u00a0\u00bb &#8211; 32G, 40\u00a0\u00bb 1-31\/64\u00a0\u00bb &#8211; 32G, (Bottom) D13,5<\/li>\n<\/ul>\n<h3>Prix \u200b\u200b\u2013 <strong>800 <\/strong><strong>EUR <\/strong><em>(hors TVA)<\/em><\/h3>\n<p><strong><\/strong><\/p>\n<p><strong><\/strong><\/p>\n<ul>\n<li><strong>SR Suntour<\/strong> \u2013 AURON RC2 M32x1, RL-RC PCS M31x1, DUROLUX R2C2 D10.1, (Bottom) D8.1, RL-RC PCS M29x1<\/li>\n<\/ul>\n<h3>Prix \u200b\u200b\u2013 <strong>400 EUR <\/strong><em>(hors TVA)<\/em><\/h3>\n<p>[\/et_pb_text][\/et_pb_column][et_pb_column type=\u00a0\u00bb2_3&Prime; _builder_version=\u00a0\u00bb4.20.4&Prime; _module_preset=\u00a0\u00bbdefault\u00a0\u00bb global_colors_info=\u00a0\u00bb{}\u00a0\u00bb][dnxte_masonary gallery_ids=\u00a0\u00bb333798,332252&Prime; dnxte_columns=\u00a0\u00bb2&Prime; dnxte_masonry_hvr_effect=\u00a0\u00bbzoom-in\u00a0\u00bb dnxte_msnary_filter_active_bg_color=\u00a0\u00bbRGBA(255,255,255,0)\u00a0\u00bb dnxte_msnary_overlay_bg_color=\u00a0\u00bbRGBA(255,255,255,0)\u00a0\u00bb dnxte_lightbox_overlay_bg_color=\u00a0\u00bbRGBA(255,255,255,0)\u00a0\u00bb _builder_version=\u00a0\u00bb4.26.0&Prime; _module_preset=\u00a0\u00bbdefault\u00a0\u00bb background_color=\u00a0\u00bbRGBA(255,255,255,0)\u00a0\u00bb global_colors_info=\u00a0\u00bb{}\u00a0\u00bb][\/dnxte_masonary][\/et_pb_column][\/et_pb_row][\/et_pb_section][et_pb_section fb_built=\u00a0\u00bb1&Prime; admin_label=\u00a0\u00bbDynos Selection\u00a0\u00bb module_id=\u00a0\u00bbshock-dyno-adapters\u00a0\u00bb _builder_version=\u00a0\u00bb4.23.1&Prime; _module_preset=\u00a0\u00bbdefault\u00a0\u00bb background_color=\u00a0\u00bbrgba(0,0,0,0.44)\u00a0\u00bb min_height=\u00a0\u00bb750px\u00a0\u00bb custom_margin=\u00a0\u00bb0px|0px|0px|0px|false|false\u00a0\u00bb custom_padding=\u00a0\u00bb20px|20px|20px|20px|false|false\u00a0\u00bb global_colors_info=\u00a0\u00bb{}\u00a0\u00bb][et_pb_row _builder_version=\u00a0\u00bb4.23.1&Prime; _module_preset=\u00a0\u00bbdefault\u00a0\u00bb width=\u00a0\u00bb100%\u00a0\u00bb max_width=\u00a0\u00bb1100px\u00a0\u00bb custom_margin=\u00a0\u00bb30px||||false|false\u00a0\u00bb custom_padding=\u00a0\u00bb20px|20px|20px|20px|false|false\u00a0\u00bb global_colors_info=\u00a0\u00bb{}\u00a0\u00bb][et_pb_column type=\u00a0\u00bb4_4&Prime; _builder_version=\u00a0\u00bb4.20.4&Prime; _module_preset=\u00a0\u00bbdefault\u00a0\u00bb global_colors_info=\u00a0\u00bb{}\u00a0\u00bb][et_pb_text _builder_version=\u00a0\u00bb4.26.0&Prime; _module_preset=\u00a0\u00bbdefault\u00a0\u00bb global_colors_info=\u00a0\u00bb{}\u00a0\u00bb]<\/p>\n<h2 style=\"text-align: center;\">Pourquoi des adaptateurs VTT de haute qualit\u00e9 sont-ils importants pour des tests pr\u00e9cis ?<\/h2>\n<p>[\/et_pb_text][et_pb_text _builder_version=\u00a0\u00bb4.26.0&Prime; _module_preset=\u00a0\u00bbdefault\u00a0\u00bb hover_enabled=\u00a0\u00bb0&Prime; global_colors_info=\u00a0\u00bb{}\u00a0\u00bb sticky_enabled=\u00a0\u00bb0&Prime;]<\/p>\n<p style=\"text-align: center;\">Les adaptateurs pour amortisseurs de VTT sont des \u00e9l\u00e9ments essentiels \u00e0 l&rsquo;\u00e9valuation des syst\u00e8mes de suspension. Ils assurent l&rsquo;interface entre la machine et la g\u00e9om\u00e9trie sp\u00e9cifique de l&rsquo;amortisseur. Gr\u00e2ce \u00e0 une connexion standardis\u00e9e, ces adaptateurs garantissent que les conditions de test reproduisent fid\u00e8lement les sc\u00e9narios r\u00e9els, ce qui permet d&rsquo;obtenir des r\u00e9sultats plus fiables et reproductibles. <\/p>\n<p style=\"text-align: center;\">Cette pr\u00e9cision est essentielle au d\u00e9veloppement et \u00e0 la mise au point des syst\u00e8mes de suspension de VTT, permettant aux ing\u00e9nieurs et aux fabricants d&rsquo;optimiser les performances et la r\u00e9activit\u00e9. Gr\u00e2ce aux adaptateurs LABA7, le processus de test devient un \u00e9l\u00e9ment fondamental pour atteindre le plus haut niveau de pr\u00e9cision, contribuant ainsi \u00e0 l&rsquo;avancement de la technologie des suspensions VTT. <\/p>\n<p style=\"text-align: center;\">[\/et_pb_text][et_pb_button button_url=\u00a0\u00bb#AdaptersPP\u00a0\u00bb url_new_window=\u00a0\u00bbon\u00a0\u00bb button_text=\u00a0\u00bbPassez une commande maintenant\u00a0\u00bb button_alignment=\u00a0\u00bbcenter\u00a0\u00bb admin_label=\u00a0\u00bbContact button\u00a0\u00bb _builder_version=\u00a0\u00bb4.25.0&Prime; _module_preset=\u00a0\u00bbdefault\u00a0\u00bb custom_button=\u00a0\u00bbon\u00a0\u00bb button_text_size=\u00a0\u00bb16px\u00a0\u00bb button_text_color=\u00a0\u00bb#000000&Prime; button_bg_color=\u00a0\u00bb#FFFFFF\u00a0\u00bb button_border_width=\u00a0\u00bb0px\u00a0\u00bb button_border_radius=\u00a0\u00bb5px\u00a0\u00bb button_font=\u00a0\u00bb||||||||\u00a0\u00bb button_use_icon=\u00a0\u00bboff\u00a0\u00bb custom_margin=\u00a0\u00bb||||false|false\u00a0\u00bb custom_padding=\u00a0\u00bb10px|40px|10px|40px|false|false\u00a0\u00bb global_colors_info=\u00a0\u00bb{}\u00a0\u00bb][\/et_pb_button][\/et_pb_column][\/et_pb_row][\/et_pb_section]<\/p>\n","protected":false},"excerpt":{"rendered":"<p>Adaptateurs et supports de suspension pour VTTCes adaptateurs pour amortisseurs VTT sont fabriqu\u00e9s selon les m\u00e9thodes LABA7 habituelles, \u00e0 partir de mat\u00e9riaux durables et fiables, garantissant ainsi la pr\u00e9cision des tests de performance. Con\u00e7us avec un souci du d\u00e9tail m\u00e9ticuleux, ces adaptateurs jouent un r\u00f4le crucial dans le processus de test des fourches et des [&hellip;]<\/p>\n","protected":false},"author":2,"featured_media":332657,"parent":331690,"menu_order":0,"comment_status":"closed","ping_status":"closed","template":"","meta":{"_acf_changed":false,"_et_pb_use_builder":"on","_et_pb_old_content":"","_et_gb_content_width":"","footnotes":""},"class_list":["post-332773","page","type-page","status-publish","has-post-thumbnail","hentry"],"acf":[],"yoast_head":"<!-- This site is optimized with the Yoast SEO plugin v25.3.1 - https:\/\/yoast.com\/wordpress\/plugins\/seo\/ -->\n<title>Adaptateurs VTT pour machines d&#039;essai de suspension | LABA7<\/title>\n<meta name=\"description\" content=\"Fixez solidement les amortisseurs arri\u00e8re et les fourches avant de votre VTT. VTT usin\u00e9s avec pr\u00e9cision pour des tests pr\u00e9cis.\" \/>\n<meta name=\"robots\" content=\"index, follow, max-snippet:-1, max-image-preview:large, max-video-preview:-1\" \/>\n<link rel=\"canonical\" href=\"https:\/\/laba7.com\/fr\/produits\/adaptateurs-pour-banc-damortisseurs-vtt\/\" \/>\n<meta property=\"og:locale\" content=\"fr_FR\" \/>\n<meta property=\"og:type\" content=\"article\" \/>\n<meta property=\"og:title\" content=\"Adaptateurs de dynamo pour suspension VTT\" \/>\n<meta property=\"og:description\" content=\"Les adaptateurs de banc d&#039;essai pour amortisseurs VTT sont fabriqu\u00e9s de mani\u00e8re classique par LABA7, en utilisant des mat\u00e9riaux durables et fiables.\" \/>\n<meta property=\"og:url\" content=\"https:\/\/laba7.com\/fr\/produits\/adaptateurs-pour-banc-damortisseurs-vtt\/\" \/>\n<meta property=\"og:site_name\" content=\"LABA7\" \/>\n<meta property=\"article:publisher\" content=\"https:\/\/www.facebook.com\/LabaSeven\/\" \/>\n<meta property=\"article:modified_time\" content=\"2026-04-24T06:45:57+00:00\" \/>\n<meta property=\"og:image\" content=\"https:\/\/laba7.com\/wp-content\/uploads\/2024\/03\/Trunnion-adapter-300x300.webp\" \/>\n<!-- \/ Yoast SEO plugin. -->","yoast_head_json":{"title":"Adaptateurs VTT pour machines d'essai de suspension | LABA7","description":"Fixez solidement les amortisseurs arri\u00e8re et les fourches avant de votre VTT. VTT usin\u00e9s avec pr\u00e9cision pour des tests pr\u00e9cis.","robots":{"index":"index","follow":"follow","max-snippet":"max-snippet:-1","max-image-preview":"max-image-preview:large","max-video-preview":"max-video-preview:-1"},"canonical":"https:\/\/laba7.com\/fr\/produits\/adaptateurs-pour-banc-damortisseurs-vtt\/","og_locale":"fr_FR","og_type":"article","og_title":"Adaptateurs de dynamo pour suspension VTT","og_description":"Les adaptateurs de banc d'essai pour amortisseurs VTT sont fabriqu\u00e9s de mani\u00e8re classique par LABA7, en utilisant des mat\u00e9riaux durables et fiables.","og_url":"https:\/\/laba7.com\/fr\/produits\/adaptateurs-pour-banc-damortisseurs-vtt\/","og_site_name":"LABA7","article_publisher":"https:\/\/www.facebook.com\/LabaSeven\/","article_modified_time":"2026-04-24T06:45:57+00:00","og_image":[{"url":"https:\/\/laba7.com\/wp-content\/uploads\/2024\/03\/Trunnion-adapter-300x300.webp","type":"","width":"","height":""}],"schema":{"@context":"https:\/\/schema.org","@graph":false}},"_links":{"self":[{"href":"https:\/\/laba7.com\/fr\/wp-json\/wp\/v2\/pages\/332773","targetHints":{"allow":["GET"]}}],"collection":[{"href":"https:\/\/laba7.com\/fr\/wp-json\/wp\/v2\/pages"}],"about":[{"href":"https:\/\/laba7.com\/fr\/wp-json\/wp\/v2\/types\/page"}],"author":[{"embeddable":true,"href":"https:\/\/laba7.com\/fr\/wp-json\/wp\/v2\/users\/2"}],"replies":[{"embeddable":true,"href":"https:\/\/laba7.com\/fr\/wp-json\/wp\/v2\/comments?post=332773"}],"version-history":[{"count":41,"href":"https:\/\/laba7.com\/fr\/wp-json\/wp\/v2\/pages\/332773\/revisions"}],"predecessor-version":[{"id":343422,"href":"https:\/\/laba7.com\/fr\/wp-json\/wp\/v2\/pages\/332773\/revisions\/343422"}],"up":[{"embeddable":true,"href":"https:\/\/laba7.com\/fr\/wp-json\/wp\/v2\/pages\/331690"}],"wp:featuredmedia":[{"embeddable":true,"href":"https:\/\/laba7.com\/fr\/wp-json\/wp\/v2\/media\/332657"}],"wp:attachment":[{"href":"https:\/\/laba7.com\/fr\/wp-json\/wp\/v2\/media?parent=332773"}],"curies":[{"name":"wp","href":"https:\/\/api.w.org\/{rel}","templated":true}]}}