{"id":332072,"date":"2023-05-22T07:42:57","date_gmt":"2023-05-22T07:42:57","guid":{"rendered":"https:\/\/laba7.com\/projets-de-lue\/"},"modified":"2026-03-06T13:01:41","modified_gmt":"2026-03-06T13:01:41","slug":"projets-de-lue","status":"publish","type":"page","link":"https:\/\/laba7.com\/fr\/projets-de-lue\/","title":{"rendered":"Projets de l&rsquo;UE"},"content":{"rendered":"<p>[et_pb_section fb_built=\u00a0\u00bb1&Prime; _builder_version=\u00a0\u00bb4.20.4&Prime; _module_preset=\u00a0\u00bbdefault\u00a0\u00bb global_colors_info=\u00a0\u00bb{}\u00a0\u00bb][et_pb_row _builder_version=\u00a0\u00bb4.20.4&Prime; _module_preset=\u00a0\u00bbdefault\u00a0\u00bb global_colors_info=\u00a0\u00bb{}\u00a0\u00bb][et_pb_column type=\u00a0\u00bb4_4&Prime; _builder_version=\u00a0\u00bb4.20.4&Prime; _module_preset=\u00a0\u00bbdefault\u00a0\u00bb global_colors_info=\u00a0\u00bb{}\u00a0\u00bb][et_pb_text _builder_version=\u00a0\u00bb4.20.4&Prime; _module_preset=\u00a0\u00bbdefault\u00a0\u00bb header_text_color=\u00a0\u00bb#FFFFFF\u00a0\u00bb global_colors_info=\u00a0\u00bb{}\u00a0\u00bb]<\/p>\n<h1 style=\"text-align: center;\">Projets de l&rsquo;UE<\/h1>\n<p>[\/et_pb_text][et_pb_text _builder_version=\u00a0\u00bb4.26.0&Prime; _module_preset=\u00a0\u00bbdefault\u00a0\u00bb global_colors_info=\u00a0\u00bb{%22gcid-d40f5d1e-f5d1-4b41-ab11-4faa03a3a11c%22:%91%22text_text_color%22%93}\u00a0\u00bb]<\/p>\n<p>LABA7 se consacre \u00e0 l\u2019avancement de conceptions modernes et compl\u00e8tes pour les tests automobiles. Avec le soutien des fonds europ\u00e9ens, nous sommes en mesure d\u2019acc\u00e9l\u00e9rer la r\u00e9alisation de nos concepts innovants. Ci-dessous, vous trouverez une s\u00e9lection de projets financ\u00e9s par l&rsquo;Union europ\u00e9enne.<\/p>\n<p>[\/et_pb_text][et_pb_text _builder_version=\u00a0\u00bb4.26.0&Prime; _module_preset=\u00a0\u00bbdefault\u00a0\u00bb header_text_color=\u00a0\u00bb#FFFFFF\u00a0\u00bb custom_margin=\u00a0\u00bb100px||||false|false\u00a0\u00bb global_colors_info=\u00a0\u00bb{}\u00a0\u00bb]<\/p>\n<h2 style=\"text-align: center;\">Projets actuels<\/h2>\n<p>[\/et_pb_text][et_pb_image src=\u00a0\u00bbhttps:\/\/laba7.com\/wp-content\/uploads\/2024\/07\/Co-funded-by-the-EU.webp\u00a0\u00bb alt=\u00a0\u00bbCofinanc\u00e9 par l&apos;UE\u00a0\u00bb title_text=\u00a0\u00bbCofinanc\u00e9 par l&apos;UE\u00a0\u00bb align=\u00a0\u00bbcenter\u00a0\u00bb _builder_version=\u00a0\u00bb4.26.0&Prime; _module_preset=\u00a0\u00bbdefault\u00a0\u00bb width=\u00a0\u00bb30%\u00a0\u00bb global_colors_info=\u00a0\u00bb{}\u00a0\u00bb][\/et_pb_image][et_pb_text _builder_version=\u00a0\u00bb4.27.0&Prime; _module_preset=\u00a0\u00bbdefault\u00a0\u00bb global_colors_info=\u00a0\u00bb{%22gcid-d40f5d1e-f5d1-4b41-ab11-4faa03a3a11c%22:%91%22text_text_color%22%93}\u00a0\u00bb]<\/p>\n<h3 style=\"text-align: center;\">D\u00e9veloppement des march\u00e9s d&rsquo;exportation de \u00ab LABA7 \u00bb<\/h3>\n<p style=\"text-align: justify;\">L&rsquo;objectif du projet est l&rsquo;expansion des march\u00e9s d&rsquo;exportation pour UAB \u00ab Laba7 \u00bb.<\/p>\n<p style=\"text-align: justify;\">Activit\u00e9s de l&rsquo;entreprise \u2013 LABA7 a lanc\u00e9 le projet \u00ab Expansion des march\u00e9s d&rsquo;exportation \u00bb. Ce projet vise \u00e0 promouvoir l&rsquo;exportation des produits de l&rsquo;entreprise, \u00e0 rechercher de nouveaux march\u00e9s et \u00e0 d\u00e9velopper les march\u00e9s existants, ainsi qu&rsquo;\u00e0 accro\u00eetre sa comp\u00e9titivit\u00e9. Les investissements seront consacr\u00e9s \u00e0 la pr\u00e9sentation des produits d&rsquo;exportation de l&rsquo;entreprise lors de salons internationaux.  <\/p>\n<p style=\"text-align: justify;\">Le projet est mis en \u0153uvre conform\u00e9ment \u00e0 la mesure de progr\u00e8s du programme de d\u00e9veloppement n\u00b0 05-001-01-11-04 \u00ab Mise en \u0153uvre de mesures visant \u00e0 promouvoir la comp\u00e9titivit\u00e9 \u00e0 l&rsquo;exportation \u00bb, activit\u00e9 \u00ab Promotion de l&rsquo;internationalisation des micro, petites et moyennes entreprises et identification de nouveaux march\u00e9s d&rsquo;exportation (r\u00e9gion de Lituanie centrale et occidentale) \u00bb.<\/p>\n<p style=\"text-align: justify;\">Ce projet est financ\u00e9 par des fonds de l&rsquo;Union europ\u00e9enne.<br \/>Son budget s&rsquo;\u00e9l\u00e8ve \u00e0 175 162 euros.<br \/>Le montant du financement allou\u00e9 par le Fonds europ\u00e9en est de 87 581 euros.<br \/>Le projet se d\u00e9roulera d&rsquo;octobre 2024 \u00e0 d\u00e9cembre 2026.<br \/>Gestionnaire de projet : UAB \u00ab Laba7 \u00bb.<br \/>Contact : info@laba7.com ; +370 621 99 469<\/p>\n<p>[\/et_pb_text][et_pb_image src=\u00a0\u00bbhttps:\/\/laba7.com\/wp-content\/uploads\/2024\/07\/Co-funded-by-the-EU.webp\u00a0\u00bb alt=\u00a0\u00bbCofinanc\u00e9 par l&apos;UE\u00a0\u00bb title_text=\u00a0\u00bbCofinanc\u00e9 par l&apos;UE\u00a0\u00bb align=\u00a0\u00bbcenter\u00a0\u00bb _builder_version=\u00a0\u00bb4.26.0&Prime; _module_preset=\u00a0\u00bbdefault\u00a0\u00bb width=\u00a0\u00bb30%\u00a0\u00bb global_colors_info=\u00a0\u00bb{}\u00a0\u00bb][\/et_pb_image][et_pb_text _builder_version=\u00a0\u00bb4.27.0&Prime; _module_preset=\u00a0\u00bbdefault\u00a0\u00bb global_colors_info=\u00a0\u00bb{%22gcid-d40f5d1e-f5d1-4b41-ab11-4faa03a3a11c%22:%91%22text_text_color%22%93}\u00a0\u00bb]<\/p>\n<h3 style=\"text-align: center;\">D\u00e9veloppement d&rsquo;un banc de test et de diagnostic d&rsquo;amortisseurs lin\u00e9aires de forte puissance<\/h3>\n<p style=\"text-align: justify;\">Le LABA7 a commenc\u00e9 \u00e0 mettre en \u0153uvre le projet \u00ab\u00a0Development of high-power linear shock absorbers testing and diagnostic equipment\u00a0\u00bb. Le projet vise \u00e0 cr\u00e9er un nouveau dispositif, un banc d&rsquo;essai et de diagnostic d&rsquo;amortisseurs lin\u00e9aires de haute puissance et grande vitesse, avec lequel il serait possible de reproduire les cycles de travail r\u00e9els des amortisseurs lorsqu&rsquo;ils fonctionnent dans des conditions diverses et changeantes.<\/p>\n<p style=\"text-align: justify;\">Le projet est mis en \u0153uvre conform\u00e9ment \u00e0 la mesure de progr\u00e8s du programme de d\u00e9veloppement n\u00b0 05-001-01-05-07 \u00ab Cr\u00e9er un syst\u00e8me coh\u00e9rent de promotion des activit\u00e9s innovantes \u00bb activit\u00e9 \u00ab Promouvoir l&rsquo;offre d&rsquo;innovations \u00bb.<\/p>\n<p>Le projet est financ\u00e9 par les fonds de l&rsquo;Union europ\u00e9enne.<br \/>Le budget du projet est de 975 527,52 EUR.<br \/>Le montant du financement allou\u00e9 par le Fonds de l&rsquo;UE est de 638 499,35 EUR.<br \/>La dur\u00e9e de mise en \u0153uvre du projet est comprise entre juillet 2024 et juillet 2026.<br \/>Chef de projet UAB \u00ab\u00a0Laba7\u00a0\u00bb<\/p>\n<p>[\/et_pb_text][et_pb_text _builder_version=\u00a0\u00bb4.26.0&Prime; _module_preset=\u00a0\u00bbdefault\u00a0\u00bb header_text_color=\u00a0\u00bb#FFFFFF\u00a0\u00bb custom_margin=\u00a0\u00bb100px||||false|false\u00a0\u00bb global_colors_info=\u00a0\u00bb{}\u00a0\u00bb]<\/p>\n<h2 style=\"text-align: center;\">Projets pass\u00e9s<\/h2>\n<p>[\/et_pb_text][et_pb_text _builder_version=\u00a0\u00bb4.26.0&Prime; _module_preset=\u00a0\u00bbdefault\u00a0\u00bb custom_padding=\u00a0\u00bb0px|||||\u00a0\u00bb global_colors_info=\u00a0\u00bb{%22gcid-d40f5d1e-f5d1-4b41-ab11-4faa03a3a11c%22:%91%22text_text_color%22%93}\u00a0\u00bb]<\/p>\n<h3 style=\"text-align: center;\">Certification du produit<\/h3>\n<p style=\"text-align: justify;\">En 2022, UAB Sprendim\u0173 laboratorija a commenc\u00e9 \u00e0 mettre en \u0153uvre le projet \u00ab Certification des produits UAB Srendim\u0173 laboratorija \u00bb. Avec ce projet, l&rsquo;entreprise vise \u00e0 certifier les produits fabriqu\u00e9s par LABA7 qui sont export\u00e9s. Il renforce ainsi la pr\u00e9sence internationale de LABA7 ainsi que le volume d&rsquo;exportation de l&rsquo;entreprise.<\/p>\n<p style=\"text-align: justify;\">Le projet sera mis en \u0153uvre gr\u00e2ce aux investissements des fonds de l&rsquo;Union europ\u00e9enne en Lituanie pour la priorit\u00e9 3 du programme d&rsquo;action 2014-2020 \u00ab\u00a0Promouvoir la comp\u00e9titivit\u00e9 des petites et moyennes entreprises\u00a0\u00bb en utilisant l&rsquo;instrument \u00ab\u00a0Certificat Expo LT\u00a0\u00bb (n\u00b0 03.2.1- LVPA-K-802).<\/p>\n<p style=\"text-align: justify;\">Un montant de 8 990 euros a \u00e9t\u00e9 allou\u00e9 \u00e0 la mise en \u0153uvre du projet par le Fonds europ\u00e9en de d\u00e9veloppement r\u00e9gional. Ce montant couvrira 50 pour cent des co\u00fbts du projet et contribuera ainsi fortement \u00e0 la capacit\u00e9 de l&rsquo;entreprise \u00e0 atteindre les objectifs du projet. Le projet devrait \u00eatre mis en \u0153uvre d\u2019ici le 30 novembre 2023.<\/p>\n<p>[\/et_pb_text][et_pb_image src=\u00a0\u00bbhttps:\/\/laba7.com\/wp-content\/uploads\/2023\/06\/EU-Projects-Logo.webp\u00a0\u00bb title_text=\u00a0\u00bbLogo des projets de l&apos;UE\u00a0\u00bb align=\u00a0\u00bbcenter\u00a0\u00bb _builder_version=\u00a0\u00bb4.20.4&Prime; _module_preset=\u00a0\u00bbdefault\u00a0\u00bb max_height=\u00a0\u00bb70px\u00a0\u00bb custom_padding=\u00a0\u00bb20px|20px|20px|20px|false|false\u00a0\u00bb global_colors_info=\u00a0\u00bb{}\u00a0\u00bb][\/et_pb_image][\/et_pb_column][\/et_pb_row][\/et_pb_section][et_pb_section fb_built=\u00a0\u00bb1&Prime; _builder_version=\u00a0\u00bb4.21.0&Prime; _module_preset=\u00a0\u00bbdefault\u00a0\u00bb background_color=\u00a0\u00bb#1e1e1e\u00a0\u00bb width=\u00a0\u00bb100%\u00a0\u00bb max_width=\u00a0\u00bb1600%\u00a0\u00bb custom_padding=\u00a0\u00bb2px|0px|2px|0px|false|false\u00a0\u00bb border_width_top=\u00a0\u00bb1px\u00a0\u00bb global_module=\u00a0\u00bb327854&Prime; saved_tabs=\u00a0\u00bball\u00a0\u00bb global_colors_info=\u00a0\u00bb{}\u00a0\u00bb][et_pb_row column_structure=\u00a0\u00bb1_3,1_3,1_3&Prime; _builder_version=\u00a0\u00bb4.20.4&Prime; _module_preset=\u00a0\u00bbdefault\u00a0\u00bb width=\u00a0\u00bb100%\u00a0\u00bb module_alignment=\u00a0\u00bbcenter\u00a0\u00bb custom_margin=\u00a0\u00bb0px|0px|0px|0px|false|false\u00a0\u00bb custom_padding=\u00a0\u00bb0px|0px|0px|0px|false|false\u00a0\u00bb global_colors_info=\u00a0\u00bb{}\u00a0\u00bb][et_pb_column type=\u00a0\u00bb1_3&Prime; _builder_version=\u00a0\u00bb4.20.4&Prime; _module_preset=\u00a0\u00bbdefault\u00a0\u00bb global_colors_info=\u00a0\u00bb{}\u00a0\u00bb][et_pb_text _builder_version=\u00a0\u00bb4.21.0&Prime; _module_preset=\u00a0\u00bbdefault\u00a0\u00bb text_font_size=\u00a0\u00bb14px\u00a0\u00bb text_line_height=\u00a0\u00bb1.3em\u00a0\u00bb module_alignment=\u00a0\u00bbcenter\u00a0\u00bb custom_margin=\u00a0\u00bb23px||||false|false\u00a0\u00bb custom_margin_tablet=\u00a0\u00bb||0px||false|false\u00a0\u00bb custom_margin_phone=\u00a0\u00bb10px||0px||false|false\u00a0\u00bb custom_margin_last_edited=\u00a0\u00bbon|phone\u00a0\u00bb custom_padding=\u00a0\u00bb||||false|false\u00a0\u00bb locked=\u00a0\u00bboff\u00a0\u00bb global_colors_info=\u00a0\u00bb{}\u00a0\u00bb]<\/p>\n<p style=\"text-align: center;\"><strong>Contactez-nous !<\/strong><\/p>\n<p>[\/et_pb_text][\/et_pb_column][et_pb_column type=\u00a0\u00bb1_3&Prime; _builder_version=\u00a0\u00bb4.20.4&Prime; _module_preset=\u00a0\u00bbdefault\u00a0\u00bb global_colors_info=\u00a0\u00bb{}\u00a0\u00bb][et_pb_text _builder_version=\u00a0\u00bb4.22.2&Prime; _module_preset=\u00a0\u00bbdefault\u00a0\u00bb text_font_size=\u00a0\u00bb14px\u00a0\u00bb text_line_height=\u00a0\u00bb1.5em\u00a0\u00bb module_alignment=\u00a0\u00bbcenter\u00a0\u00bb custom_margin=\u00a0\u00bb10px||10px||false|false\u00a0\u00bb custom_margin_tablet=\u00a0\u00bb10px||10px||false|false\u00a0\u00bb custom_margin_phone=\u00a0\u00bb0px||0px||false|false\u00a0\u00bb custom_margin_last_edited=\u00a0\u00bbon|phone\u00a0\u00bb custom_padding=\u00a0\u00bb||||false|false\u00a0\u00bb locked=\u00a0\u00bboff\u00a0\u00bb global_colors_info=\u00a0\u00bb{}\u00a0\u00bb]<\/p>\n<p style=\"text-align: center;\">G\u00e9n\u00e9rale: <a href=\"mailto:info@laba7.com\">info@laba7.com<\/a><br \/>Ventes: <a href=\"mailto:lukas@laba7.com\" target=\"_blank\" rel=\"noopener\">lukas@laba7.com<\/a><\/p>\n<p>[\/et_pb_text][\/et_pb_column][et_pb_column type=\u00a0\u00bb1_3&Prime; _builder_version=\u00a0\u00bb4.20.4&Prime; _module_preset=\u00a0\u00bbdefault\u00a0\u00bb global_colors_info=\u00a0\u00bb{}\u00a0\u00bb][et_pb_button button_url=\u00a0\u00bbhttps:\/\/laba7.com\/fr\/contactez-nous\/\u00a0\u00bb button_text=\u00a0\u00bbContactez-nous!\u00a0\u00bb button_alignment=\u00a0\u00bbcenter\u00a0\u00bb _builder_version=\u00a0\u00bb4.21.0&Prime; _module_preset=\u00a0\u00bbdefault\u00a0\u00bb custom_button=\u00a0\u00bbon\u00a0\u00bb button_text_size=\u00a0\u00bb16px\u00a0\u00bb button_text_color=\u00a0\u00bb#000000&Prime; button_bg_color=\u00a0\u00bb#FFFFFF\u00a0\u00bb button_border_width=\u00a0\u00bb0px\u00a0\u00bb button_border_radius=\u00a0\u00bb5px\u00a0\u00bb button_use_icon=\u00a0\u00bboff\u00a0\u00bb custom_margin=\u00a0\u00bb10px||10px||false|false\u00a0\u00bb custom_margin_tablet=\u00a0\u00bb10px||10px||false|false\u00a0\u00bb custom_margin_phone=\u00a0\u00bb0px||||false|false\u00a0\u00bb custom_margin_last_edited=\u00a0\u00bbon|phone\u00a0\u00bb custom_padding=\u00a0\u00bb||||false|false\u00a0\u00bb global_colors_info=\u00a0\u00bb{}\u00a0\u00bb][\/et_pb_button][\/et_pb_column][\/et_pb_row][\/et_pb_section]<\/p>\n","protected":false},"excerpt":{"rendered":"<p>Projets de l&rsquo;UELABA7 se consacre \u00e0 l\u2019avancement de conceptions modernes et compl\u00e8tes pour les tests automobiles. Avec le soutien des fonds europ\u00e9ens, nous sommes en mesure d\u2019acc\u00e9l\u00e9rer la r\u00e9alisation de nos concepts innovants. Ci-dessous, vous trouverez une s\u00e9lection de projets financ\u00e9s par l&rsquo;Union europ\u00e9enne.Projets actuelsD\u00e9veloppement des march\u00e9s d&rsquo;exportation de \u00ab LABA7 \u00bb L&rsquo;objectif du projet [&hellip;]<\/p>\n","protected":false},"author":7,"featured_media":0,"parent":0,"menu_order":0,"comment_status":"closed","ping_status":"closed","template":"","meta":{"_acf_changed":false,"_et_pb_use_builder":"on","_et_pb_old_content":"","_et_gb_content_width":"","footnotes":""},"class_list":["post-332072","page","type-page","status-publish","hentry"],"acf":[],"yoast_head":"<!-- This site is optimized with the Yoast SEO plugin v25.3.1 - https:\/\/yoast.com\/wordpress\/plugins\/seo\/ -->\n<title>Projets de l&#039;UE - LABA7<\/title>\n<meta name=\"description\" content=\"Avec l&#039;aide des fonds europ\u00e9ens, notre objectif de fournir des conceptions modernes pour les essais automobiles peut \u00eatre atteint plus rapidement.\" \/>\n<meta name=\"robots\" content=\"index, follow, max-snippet:-1, max-image-preview:large, max-video-preview:-1\" \/>\n<link rel=\"canonical\" href=\"https:\/\/laba7.com\/fr\/projets-de-lue\/\" \/>\n<meta property=\"og:locale\" content=\"fr_FR\" \/>\n<meta property=\"og:type\" content=\"article\" \/>\n<meta property=\"og:title\" content=\"Projets de l&#039;UE\" \/>\n<meta property=\"og:description\" content=\"Avec l&#039;aide des fonds europ\u00e9ens, notre objectif de fournir des conceptions modernes pour les essais automobiles peut \u00eatre atteint plus rapidement.\" \/>\n<meta property=\"og:url\" content=\"https:\/\/laba7.com\/fr\/projets-de-lue\/\" \/>\n<meta property=\"og:site_name\" content=\"LABA7\" \/>\n<meta property=\"article:publisher\" content=\"https:\/\/www.facebook.com\/LabaSeven\/\" \/>\n<meta property=\"article:modified_time\" content=\"2026-03-06T13:01:41+00:00\" \/>\n<meta property=\"og:image\" content=\"https:\/\/laba7.com\/wp-content\/uploads\/2023\/07\/Laba7-logo-square-black-300x300.png\" \/>\n<!-- \/ Yoast SEO plugin. -->","yoast_head_json":{"title":"Projets de l'UE - LABA7","description":"Avec l'aide des fonds europ\u00e9ens, notre objectif de fournir des conceptions modernes pour les essais automobiles peut \u00eatre atteint plus rapidement.","robots":{"index":"index","follow":"follow","max-snippet":"max-snippet:-1","max-image-preview":"max-image-preview:large","max-video-preview":"max-video-preview:-1"},"canonical":"https:\/\/laba7.com\/fr\/projets-de-lue\/","og_locale":"fr_FR","og_type":"article","og_title":"Projets de l'UE","og_description":"Avec l'aide des fonds europ\u00e9ens, notre objectif de fournir des conceptions modernes pour les essais automobiles peut \u00eatre atteint plus rapidement.","og_url":"https:\/\/laba7.com\/fr\/projets-de-lue\/","og_site_name":"LABA7","article_publisher":"https:\/\/www.facebook.com\/LabaSeven\/","article_modified_time":"2026-03-06T13:01:41+00:00","og_image":[{"url":"https:\/\/laba7.com\/wp-content\/uploads\/2023\/07\/Laba7-logo-square-black-300x300.png","type":"","width":"","height":""}],"schema":{"@context":"https:\/\/schema.org","@graph":false}},"_links":{"self":[{"href":"https:\/\/laba7.com\/fr\/wp-json\/wp\/v2\/pages\/332072","targetHints":{"allow":["GET"]}}],"collection":[{"href":"https:\/\/laba7.com\/fr\/wp-json\/wp\/v2\/pages"}],"about":[{"href":"https:\/\/laba7.com\/fr\/wp-json\/wp\/v2\/types\/page"}],"author":[{"embeddable":true,"href":"https:\/\/laba7.com\/fr\/wp-json\/wp\/v2\/users\/7"}],"replies":[{"embeddable":true,"href":"https:\/\/laba7.com\/fr\/wp-json\/wp\/v2\/comments?post=332072"}],"version-history":[{"count":14,"href":"https:\/\/laba7.com\/fr\/wp-json\/wp\/v2\/pages\/332072\/revisions"}],"predecessor-version":[{"id":342017,"href":"https:\/\/laba7.com\/fr\/wp-json\/wp\/v2\/pages\/332072\/revisions\/342017"}],"wp:attachment":[{"href":"https:\/\/laba7.com\/fr\/wp-json\/wp\/v2\/media?parent=332072"}],"curies":[{"name":"wp","href":"https:\/\/api.w.org\/{rel}","templated":true}]}}