{"id":332060,"date":"2023-05-22T07:43:38","date_gmt":"2023-05-22T07:43:38","guid":{"rendered":"https:\/\/laba7.com\/telecharger-les-manuels\/"},"modified":"2026-04-09T12:47:53","modified_gmt":"2026-04-09T12:47:53","slug":"telecharger-les-manuels","status":"publish","type":"page","link":"https:\/\/laba7.com\/fr\/telecharger-les-manuels\/","title":{"rendered":"Manuels"},"content":{"rendered":"<p>[et_pb_section fb_built=\u00a0\u00bb1&Prime; _builder_version=\u00a0\u00bb4.24.0&Prime; _module_preset=\u00a0\u00bbdefault\u00a0\u00bb global_colors_info=\u00a0\u00bb{}\u00a0\u00bb][et_pb_row _builder_version=\u00a0\u00bb4.24.0&Prime; _module_preset=\u00a0\u00bbdefault\u00a0\u00bb width=\u00a0\u00bb100%\u00a0\u00bb max_width=\u00a0\u00bb1000px\u00a0\u00bb custom_padding=\u00a0\u00bb||||false|false\u00a0\u00bb global_colors_info=\u00a0\u00bb{}\u00a0\u00bb][et_pb_column type=\u00a0\u00bb4_4&Prime; _builder_version=\u00a0\u00bb4.20.4&Prime; _module_preset=\u00a0\u00bbdefault\u00a0\u00bb global_colors_info=\u00a0\u00bb{}\u00a0\u00bb][et_pb_text _builder_version=\u00a0\u00bb4.21.0&Prime; _module_preset=\u00a0\u00bbdefault\u00a0\u00bb header_text_color=\u00a0\u00bb#FFFFFF\u00a0\u00bb custom_margin=\u00a0\u00bb100px||||false|false\u00a0\u00bb custom_padding=\u00a0\u00bb20px||20px||false|false\u00a0\u00bb global_colors_info=\u00a0\u00bb{}\u00a0\u00bb]<\/p>\n<h1 style=\"text-align: center;\">T\u00e9l\u00e9charger les manuels<\/h1>\n<p>[\/et_pb_text][et_pb_text _builder_version=\u00a0\u00bb4.21.0&Prime; _module_preset=\u00a0\u00bbdefault\u00a0\u00bb custom_padding=\u00a0\u00bb20px|20px|20px|20px|false|false\u00a0\u00bb global_colors_info=\u00a0\u00bb{}\u00a0\u00bb]<\/p>\n<p>Ici, vous pourrez facilement trouver et t\u00e9l\u00e9charger le dernier manuel pour votre \u00e9quipement LABA7. Nous sommes convaincus que nos produits vous offriront de nombreuses ann\u00e9es d&rsquo;utilisation fiable et nous esp\u00e9rons que vous les appr\u00e9cierez. <\/p>\n<p>Nous travaillons constamment \u00e0 l&rsquo;am\u00e9lioration de nos \u00e9quipements, ce qui signifie que nous mettons r\u00e9guli\u00e8rement \u00e0 jour nos manuels.<\/p>\n<p>Si vous avez des commentaires ou des suggestions, n&rsquo;h\u00e9sitez pas \u00e0 nous les faire part. Notre \u00e9quipe est toujours \u00e0 votre \u00e9coute et \u00e0 apporter les am\u00e9liorations n\u00e9cessaires pour vous offrir la meilleure exp\u00e9rience possible. <\/p>\n<p>[\/et_pb_text][\/et_pb_column][\/et_pb_row][\/et_pb_section][et_pb_section fb_built=\u00a0\u00bb1&Prime; _builder_version=\u00a0\u00bb4.20.4&Prime; _module_preset=\u00a0\u00bbdefault\u00a0\u00bb custom_padding=\u00a0\u00bb20px|20px|20px|20px|false|false\u00a0\u00bb global_colors_info=\u00a0\u00bb{}\u00a0\u00bb][et_pb_row _builder_version=\u00a0\u00bb4.20.4&Prime; _module_preset=\u00a0\u00bbdefault\u00a0\u00bb width=\u00a0\u00bb100%\u00a0\u00bb max_width=\u00a0\u00bb1000px\u00a0\u00bb custom_padding=\u00a0\u00bb20px|20px|20px|20px|false|false\u00a0\u00bb global_colors_info=\u00a0\u00bb{}\u00a0\u00bb][et_pb_column type=\u00a0\u00bb4_4&Prime; _builder_version=\u00a0\u00bb4.20.4&Prime; _module_preset=\u00a0\u00bbdefault\u00a0\u00bb global_colors_info=\u00a0\u00bb{}\u00a0\u00bb][et_pb_text _builder_version=\u00a0\u00bb4.24.0&Prime; _module_preset=\u00a0\u00bbdefault\u00a0\u00bb header_text_color=\u00a0\u00bb#FFFFFF\u00a0\u00bb custom_margin=\u00a0\u00bb||||false|false\u00a0\u00bb custom_padding=\u00a0\u00bb20px||20px||false|false\u00a0\u00bb global_colors_info=\u00a0\u00bb{}\u00a0\u00bb]<\/p>\n<h2 style=\"text-align: center;\">Choisissez votre appareil :<\/h2>\n<p>[\/et_pb_text][\/et_pb_column][\/et_pb_row][et_pb_row column_structure=\u00a0\u00bb1_2,1_2&Prime; make_equal=\u00a0\u00bbon\u00a0\u00bb _builder_version=\u00a0\u00bb4.27.0&Prime; _module_preset=\u00a0\u00bbdefault\u00a0\u00bb width=\u00a0\u00bb100%\u00a0\u00bb max_width=\u00a0\u00bb1000px\u00a0\u00bb min_height=\u00a0\u00bb370px\u00a0\u00bb custom_padding=\u00a0\u00bb20px|20px|20px|20px|false|false\u00a0\u00bb global_colors_info=\u00a0\u00bb{}\u00a0\u00bb][et_pb_column type=\u00a0\u00bb1_2&Prime; _builder_version=\u00a0\u00bb4.20.4&Prime; _module_preset=\u00a0\u00bbdefault\u00a0\u00bb custom_padding=\u00a0\u00bb20px|20px|20px|20px|false|false\u00a0\u00bb border_radii=\u00a0\u00bbon|5px|5px|5px|5px\u00a0\u00bb border_width_all=\u00a0\u00bb1px\u00a0\u00bb border_color_all=\u00a0\u00bb#424242&Prime; box_shadow_style=\u00a0\u00bbpreset1&Prime; box_shadow_color=\u00a0\u00bbrgba(79,79,79,0.49)\u00a0\u00bb global_colors_info=\u00a0\u00bb{}\u00a0\u00bb][et_pb_text _builder_version=\u00a0\u00bb4.20.4&Prime; _module_preset=\u00a0\u00bbdefault\u00a0\u00bb global_colors_info=\u00a0\u00bb{}\u00a0\u00bb]<\/p>\n<h3 style=\"text-align: center;\">Bancs d&rsquo;essai d&rsquo;amortisseurs<\/h3>\n<p>[\/et_pb_text][et_pb_text _builder_version=\u00a0\u00bb4.26.0&Prime; _module_preset=\u00a0\u00bbdefault\u00a0\u00bb global_colors_info=\u00a0\u00bb{}\u00a0\u00bb]<\/p>\n<p><strong><a href=\"https:\/\/laba7.com\/wp-content\/uploads\/2026\/03\/LABA7-Shock-Dyno-User-Manual-V2-2.0.26089.pdf\" target=\"_blank\" rel=\"noopener\" title=\"Download the Shock Dyno v2.0 Manual\">Download the Shock Dyno v2.0 Manual<\/a><\/strong><br \/><span style=\"font-size: 14px;\">Derni\u00e8re mise \u00e0 jour : 30 mars 2026<\/span><\/p>\n<p>[\/et_pb_text][et_pb_text _builder_version=\u00a0\u00bb4.26.0&Prime; _module_preset=\u00a0\u00bbdefault\u00a0\u00bb global_colors_info=\u00a0\u00bb{}\u00a0\u00bb]<\/p>\n<p><strong><a href=\"https:\/\/laba7.com\/wp-content\/uploads\/2024\/10\/LABA7-Shock-Dyno-User-Manual-1.0.24280.pdf\" target=\"_blank\" rel=\"noopener\" title=\"Download the Shock Dyno Manual\">Download the Shock Dyno Manual<\/a><\/strong><br \/><span style=\"font-size: 14px;\">Derni\u00e8re mise \u00e0 jour : 8 octobre 2024<\/span><\/p>\n<p>[\/et_pb_text][\/et_pb_column][et_pb_column type=\u00a0\u00bb1_2&Prime; _builder_version=\u00a0\u00bb4.20.4&Prime; _module_preset=\u00a0\u00bbdefault\u00a0\u00bb custom_padding=\u00a0\u00bb20px|20px|20px|20px|false|false\u00a0\u00bb border_radii=\u00a0\u00bbon|5px|5px|5px|5px\u00a0\u00bb border_width_all=\u00a0\u00bb1px\u00a0\u00bb border_color_all=\u00a0\u00bb#424242&Prime; box_shadow_style=\u00a0\u00bbpreset1&Prime; box_shadow_color=\u00a0\u00bbrgba(79,79,79,0.49)\u00a0\u00bb global_colors_info=\u00a0\u00bb{}\u00a0\u00bb][et_pb_text _builder_version=\u00a0\u00bb4.27.0&Prime; _module_preset=\u00a0\u00bbdefault\u00a0\u00bb global_colors_info=\u00a0\u00bb{}\u00a0\u00bb]<\/p>\n<h3 style=\"text-align: center;\">Syst\u00e8me de test EMA<\/h3>\n<p>[\/et_pb_text][et_pb_text _builder_version=\u00a0\u00bb4.26.0&Prime; _module_preset=\u00a0\u00bbdefault\u00a0\u00bb locked=\u00a0\u00bboff\u00a0\u00bb global_colors_info=\u00a0\u00bb{}\u00a0\u00bb]<\/p>\n<p><strong><a href=\"https:\/\/laba7.com\/wp-content\/uploads\/2026\/03\/LABA7-electromagnetic-Shock-Dyno-EMA-User-Manual-1.0.26083.pdf\" title=\"Download EMA damper test system manual\" target=\"_blank\" rel=\"noopener\">Download the EMA Damper Test System Manual<\/a><\/strong><br \/><span style=\"font-size: 14px;\">Derni\u00e8re mise \u00e0 jour : <\/span>24 mars 2026<\/p>\n<p>[\/et_pb_text][dnxte_feature_list_parent _builder_version=\u00a0\u00bb4.20.4&Prime; _module_preset=\u00a0\u00bbdefault\u00a0\u00bb global_colors_info=\u00a0\u00bb{}\u00a0\u00bb][\/dnxte_feature_list_parent][\/et_pb_column][\/et_pb_row][et_pb_row column_structure=\u00a0\u00bb1_2,1_2&Prime; make_equal=\u00a0\u00bbon\u00a0\u00bb _builder_version=\u00a0\u00bb4.27.0&Prime; _module_preset=\u00a0\u00bbdefault\u00a0\u00bb width=\u00a0\u00bb100%\u00a0\u00bb max_width=\u00a0\u00bb1000px\u00a0\u00bb min_height=\u00a0\u00bb370px\u00a0\u00bb custom_padding=\u00a0\u00bb20px|20px|20px|20px|false|false\u00a0\u00bb locked=\u00a0\u00bboff\u00a0\u00bb global_colors_info=\u00a0\u00bb{}\u00a0\u00bb][et_pb_column type=\u00a0\u00bb1_2&Prime; _builder_version=\u00a0\u00bb4.20.4&Prime; _module_preset=\u00a0\u00bbdefault\u00a0\u00bb custom_padding=\u00a0\u00bb20px|20px|20px|20px|false|false\u00a0\u00bb border_radii=\u00a0\u00bbon|5px|5px|5px|5px\u00a0\u00bb border_width_all=\u00a0\u00bb1px\u00a0\u00bb border_color_all=\u00a0\u00bb#424242&Prime; box_shadow_style=\u00a0\u00bbpreset1&Prime; box_shadow_color=\u00a0\u00bbrgba(79,79,79,0.49)\u00a0\u00bb global_colors_info=\u00a0\u00bb{}\u00a0\u00bb][et_pb_text _builder_version=\u00a0\u00bb4.20.4&Prime; _module_preset=\u00a0\u00bbdefault\u00a0\u00bb global_colors_info=\u00a0\u00bb{}\u00a0\u00bb]<\/p>\n<h3 style=\"text-align: center;\">Testeurs de raideurs des ressorts<\/h3>\n<p>[\/et_pb_text][et_pb_text _builder_version=\u00a0\u00bb4.26.0&Prime; _module_preset=\u00a0\u00bbdefault\u00a0\u00bb hover_enabled=\u00a0\u00bb0&Prime; locked=\u00a0\u00bboff\u00a0\u00bb global_colors_info=\u00a0\u00bb{}\u00a0\u00bb sticky_enabled=\u00a0\u00bb0&Prime;]<\/p>\n<p><strong><a href=\"https:\/\/laba7.com\/wp-content\/uploads\/2026\/04\/LABA7-Spring-Dyno-Pro-instruction-1.0.26098.pdf\" target=\"_blank\" rel=\"noopener\" title=\"Download the Spring Dyno PRO Manual\">Download the Spring Dyno PRO Manual<\/a><\/strong><br \/><span style=\"font-size: 14px;\">Derni\u00e8re mise \u00e0 jour :<\/span> <span style=\"font-size: 14px;\">8 avril 2026<\/span><\/p>\n<p>[\/et_pb_text][et_pb_text _builder_version=\u00a0\u00bb4.26.0&Prime; _module_preset=\u00a0\u00bbdefault\u00a0\u00bb hover_enabled=\u00a0\u00bb0&Prime; locked=\u00a0\u00bboff\u00a0\u00bb global_colors_info=\u00a0\u00bb{}\u00a0\u00bb sticky_enabled=\u00a0\u00bb0&Prime;]<\/p>\n<p><strong><a href=\"https:\/\/laba7.com\/wp-content\/uploads\/2026\/04\/LABA7-Spring-Dyno-instruction-1.0.26098.pdf\" target=\"_blank\" rel=\"noopener\" title=\"Download the Spring Dyno DAILY Manual\">Download the Spring Dyno DAILY Manual<\/a><\/strong><br \/><span style=\"font-size: 14px;\">Derni\u00e8re mise \u00e0 jour<\/span> : <span style=\"font-size: 14px;\">8 avril 2026<\/span><\/p>\n<p>[\/et_pb_text][et_pb_text _builder_version=\u00a0\u00bb4.26.0&Prime; _module_preset=\u00a0\u00bbdefault\u00a0\u00bb hover_enabled=\u00a0\u00bb0&Prime; locked=\u00a0\u00bboff\u00a0\u00bb global_colors_info=\u00a0\u00bb{}\u00a0\u00bb sticky_enabled=\u00a0\u00bb0&Prime;]<\/p>\n<p><strong><a href=\"https:\/\/laba7.com\/wp-content\/uploads\/2026\/04\/LABA7-Spring-Dyno-MINI-instruction-1.0.26098.pdf\" target=\"_blank\" rel=\"noopener\" title=\"Download the Spring Dyno MINI Manual\">Download the Spring Dyno MINI Manual<\/a><\/strong><br \/><span style=\"font-size: 14px;\">Derni\u00e8re mise \u00e0 jour <\/span><span style=\"font-size: 14px;\">: 8 avril 2026<\/span><\/p>\n<p>[\/et_pb_text][\/et_pb_column][et_pb_column type=\u00a0\u00bb1_2&Prime; _builder_version=\u00a0\u00bb4.20.4&Prime; _module_preset=\u00a0\u00bbdefault\u00a0\u00bb custom_padding=\u00a0\u00bb20px|20px|20px|20px|false|false\u00a0\u00bb border_radii=\u00a0\u00bbon|5px|5px|5px|5px\u00a0\u00bb border_width_all=\u00a0\u00bb1px\u00a0\u00bb border_color_all=\u00a0\u00bb#424242&Prime; box_shadow_style=\u00a0\u00bbpreset1&Prime; box_shadow_color=\u00a0\u00bbrgba(79,79,79,0.49)\u00a0\u00bb global_colors_info=\u00a0\u00bb{}\u00a0\u00bb][et_pb_text _builder_version=\u00a0\u00bb4.26.0&Prime; _module_preset=\u00a0\u00bbdefault\u00a0\u00bb global_colors_info=\u00a0\u00bb{}\u00a0\u00bb]<\/p>\n<h3 style=\"text-align: center;\">Pompes de purge \u00e0 vide<\/h3>\n<p>[\/et_pb_text][et_pb_text _builder_version=\u00a0\u00bb4.26.0&Prime; _module_preset=\u00a0\u00bbdefault\u00a0\u00bb locked=\u00a0\u00bboff\u00a0\u00bb global_colors_info=\u00a0\u00bb{}\u00a0\u00bb]<\/p>\n<p><strong><a href=\"https:\/\/laba7.com\/wp-content\/uploads\/2026\/03\/LABA7-VBP-PRO-instruction-1.0.26075.pdf\" title=\"Download the Vacuum Bleed Pump PRO Manual\" target=\"_blank\" rel=\"noopener\">Download the Vacuum Bleed Pump PRO Manual<\/a><\/strong><br \/><span style=\"font-size: 14px;\">Derni\u00e8re mise \u00e0 jour<\/span> <span style=\"font-size: 14px;\">: 16 mars 2026<\/span><\/p>\n<p>[\/et_pb_text][et_pb_text _builder_version=\u00a0\u00bb4.26.0&Prime; _dynamic_attributes=\u00a0\u00bblink_option_url\u00a0\u00bb _module_preset=\u00a0\u00bbdefault\u00a0\u00bb link_option_url=\u00a0\u00bb@ET-DC@eyJkeW5hbWljIjp0cnVlLCJjb250ZW50IjoicG9zdF9saW5rX3VybF9hdHRhY2htZW50Iiwic2V0dGluZ3MiOnsicG9zdF9pZCI6IjMyOTMwOSJ9fQ==@\u00a0\u00bb locked=\u00a0\u00bboff\u00a0\u00bb global_colors_info=\u00a0\u00bb{}\u00a0\u00bb]<\/p>\n<p><strong><a href=\"https:\/\/laba7.com\/wp-content\/uploads\/2026\/03\/LABA7-VBP-DAILY-instruction-1.0.26075.pdf\" title=\"Download the Vacuum Bleed Pump DAILY Manual\" target=\"_blank\" rel=\"noopener\">Download the Vacuum Bleed Pump DAILY Manual<\/a><\/strong><br \/><span style=\"font-size: 14px;\">Derni\u00e8re mise \u00e0 jour :<\/span> <span style=\"font-size: 14px;\">16 mars 2026<\/span><\/p>\n<p>[\/et_pb_text][et_pb_text _builder_version=\u00a0\u00bb4.26.0&Prime; _module_preset=\u00a0\u00bbdefault\u00a0\u00bb locked=\u00a0\u00bboff\u00a0\u00bb global_colors_info=\u00a0\u00bb{}\u00a0\u00bb]<\/p>\n<p><strong><a href=\"https:\/\/laba7.com\/wp-content\/uploads\/2026\/03\/LABA7-VBP-MODULE-instruction-1.0.26075.pdf\" title=\"Download the Vacuum Bleed Pump MODULE Manual\" target=\"_blank\" rel=\"noopener\">Download the Vacuum Bleed Pump MODULE Manual<\/a><\/strong><br \/><span style=\"font-size: 14px;\">Derni\u00e8re mise \u00e0 jour<\/span> <span style=\"font-size: 14px;\">: 16 mars 2026<\/span><\/p>\n<p>[\/et_pb_text][et_pb_text _builder_version=\u00a0\u00bb4.26.0&Prime; _module_preset=\u00a0\u00bbdefault\u00a0\u00bb locked=\u00a0\u00bboff\u00a0\u00bb global_colors_info=\u00a0\u00bb{}\u00a0\u00bb]<\/p>\n<p><strong><a href=\"https:\/\/laba7.com\/wp-content\/uploads\/2026\/03\/LABA7-MANUAL-VBP-instruction-1.0.26075.pdf\" title=\"Download the MANUAL Vacuum Bleed Pump Instructions\" target=\"_blank\" rel=\"noopener\">Download the MANUAL Vacuum Bleed Pump Instructions<\/a><\/strong><br \/><span style=\"font-size: 14px;\">Derni\u00e8re mise \u00e0 jour <\/span>: 16 mars 2026<\/p>\n<p>[\/et_pb_text][\/et_pb_column][\/et_pb_row][et_pb_row column_structure=\u00a0\u00bb1_2,1_2&Prime; make_equal=\u00a0\u00bbon\u00a0\u00bb _builder_version=\u00a0\u00bb4.20.4&Prime; _module_preset=\u00a0\u00bbdefault\u00a0\u00bb width=\u00a0\u00bb100%\u00a0\u00bb max_width=\u00a0\u00bb1000px\u00a0\u00bb min_height=\u00a0\u00bb370px\u00a0\u00bb custom_padding=\u00a0\u00bb20px|20px|20px|20px|false|false\u00a0\u00bb locked=\u00a0\u00bboff\u00a0\u00bb global_colors_info=\u00a0\u00bb{}\u00a0\u00bb][et_pb_column type=\u00a0\u00bb1_2&Prime; _builder_version=\u00a0\u00bb4.20.4&Prime; _module_preset=\u00a0\u00bbdefault\u00a0\u00bb custom_padding=\u00a0\u00bb20px|20px|20px|20px|false|false\u00a0\u00bb border_radii=\u00a0\u00bbon|5px|5px|5px|5px\u00a0\u00bb border_width_all=\u00a0\u00bb1px\u00a0\u00bb border_color_all=\u00a0\u00bb#424242&Prime; box_shadow_style=\u00a0\u00bbpreset1&Prime; box_shadow_color=\u00a0\u00bbrgba(79,79,79,0.49)\u00a0\u00bb global_colors_info=\u00a0\u00bb{}\u00a0\u00bb][et_pb_text _builder_version=\u00a0\u00bb4.20.4&Prime; _module_preset=\u00a0\u00bbdefault\u00a0\u00bb global_colors_info=\u00a0\u00bb{}\u00a0\u00bb]<\/p>\n<h3 style=\"text-align: center;\">Balances sans fil pour voitures de course<\/h3>\n<p>[\/et_pb_text][et_pb_text _builder_version=\u00a0\u00bb4.26.0&Prime; _module_preset=\u00a0\u00bbdefault\u00a0\u00bb locked=\u00a0\u00bboff\u00a0\u00bb global_colors_info=\u00a0\u00bb{}\u00a0\u00bb]<\/p>\n<p><a href=\"https:\/\/laba7.com\/wp-content\/uploads\/2026\/03\/LABA7-Race-Car-Scales-Manual-1.0.26075.pdf\" target=\"_blank\" rel=\"noopener\" title=\"Download the Wireless Racing Scales PRO Manual\"><span style=\"font-weight: 500;\">Download the Wireless Racing Scales PRO Manual<\/span><\/a><br \/><span style=\"font-size: 14px;\">Derni\u00e8re mise \u00e0 jour : 16 mars 2026<\/span><\/p>\n<p>[\/et_pb_text][et_pb_text _builder_version=\u00a0\u00bb4.26.0&Prime; _module_preset=\u00a0\u00bbdefault\u00a0\u00bb locked=\u00a0\u00bboff\u00a0\u00bb global_colors_info=\u00a0\u00bb{}\u00a0\u00bb]<\/p>\n<p><a href=\"https:\/\/laba7.com\/wp-content\/uploads\/2026\/03\/LABA7-Car-Scales-LITE-User-Manual-V1-1.0.26075.pdf\" target=\"_blank\" rel=\"noopener\" title=\"Download the Wireless Racing Scales PRO Manual\"><span style=\"font-weight: 500;\">Download the Wireless Racing Scales LITE for Cars Manual<\/span><\/a><br \/><span style=\"font-size: 14px;\">Derni\u00e8re mise \u00e0 jour : 16 mars 2026<\/span><\/p>\n<p>[\/et_pb_text][et_pb_text _builder_version=\u00a0\u00bb4.26.0&Prime; _module_preset=\u00a0\u00bbdefault\u00a0\u00bb locked=\u00a0\u00bboff\u00a0\u00bb global_colors_info=\u00a0\u00bb{}\u00a0\u00bb]<\/p>\n<p><a href=\"https:\/\/laba7.com\/wp-content\/uploads\/2026\/03\/LABA7-Motorcycle-Scales-LITE-User-Manual-V1-1.0.26075.pdf\" target=\"_blank\" rel=\"noopener\" title=\"Download the Wireless Racing Scales PRO Manual\"><span style=\"font-weight: 500;\">Download the Wireless Racing Scales LITE for Motorcycles Manual<\/span><\/a><br \/><span style=\"font-size: 14px;\">Derni\u00e8re mise \u00e0 jour : 16 mars 2026<\/span><\/p>\n<p>[\/et_pb_text][\/et_pb_column][et_pb_column type=\u00a0\u00bb1_2&Prime; _builder_version=\u00a0\u00bb4.20.4&Prime; _module_preset=\u00a0\u00bbdefault\u00a0\u00bb custom_padding=\u00a0\u00bb20px|20px|20px|20px|false|false\u00a0\u00bb border_radii=\u00a0\u00bbon|5px|5px|5px|5px\u00a0\u00bb border_width_all=\u00a0\u00bb1px\u00a0\u00bb border_color_all=\u00a0\u00bb#424242&Prime; box_shadow_style=\u00a0\u00bbpreset1&Prime; box_shadow_color=\u00a0\u00bbrgba(79,79,79,0.49)\u00a0\u00bb global_colors_info=\u00a0\u00bb{}\u00a0\u00bb][et_pb_text _builder_version=\u00a0\u00bb4.27.0&Prime; _module_preset=\u00a0\u00bbdefault\u00a0\u00bb global_colors_info=\u00a0\u00bb{}\u00a0\u00bb]<\/p>\n<h3 style=\"text-align: center;\">Testeur d&rsquo;amortisseurs VTT avec \u00e9lectronique<\/h3>\n<p>[\/et_pb_text][et_pb_text _builder_version=\u00a0\u00bb4.26.0&Prime; _module_preset=\u00a0\u00bbdefault\u00a0\u00bb locked=\u00a0\u00bboff\u00a0\u00bb global_colors_info=\u00a0\u00bb{}\u00a0\u00bb]<\/p>\n<p><strong><a href=\"https:\/\/laba7.com\/wp-content\/uploads\/2024\/10\/LABA7-hand-dyno-1.0.24280.pdf\" target=\"_blank\" rel=\"noopener\" title=\"Download the MTB Shock Tester Manual\">Download the MTB Shock Tester Manual<\/a><\/strong><br \/><span style=\"font-size: 14px;\">Derni\u00e8re mise \u00e0 jour : 8 octobre 2024<\/span><\/p>\n<p>[\/et_pb_text][\/et_pb_column][\/et_pb_row][et_pb_row column_structure=\u00a0\u00bb1_2,1_2&Prime; make_equal=\u00a0\u00bbon\u00a0\u00bb _builder_version=\u00a0\u00bb4.26.0&Prime; _module_preset=\u00a0\u00bbdefault\u00a0\u00bb width=\u00a0\u00bb100%\u00a0\u00bb max_width=\u00a0\u00bb1000px\u00a0\u00bb min_height=\u00a0\u00bb370px\u00a0\u00bb custom_padding=\u00a0\u00bb20px|20px|20px|20px|false|false\u00a0\u00bb locked=\u00a0\u00bboff\u00a0\u00bb global_colors_info=\u00a0\u00bb{}\u00a0\u00bb][et_pb_column type=\u00a0\u00bb1_2&Prime; _builder_version=\u00a0\u00bb4.20.4&Prime; _module_preset=\u00a0\u00bbdefault\u00a0\u00bb custom_padding=\u00a0\u00bb20px|20px|20px|20px|false|false\u00a0\u00bb border_radii=\u00a0\u00bbon|5px|5px|5px|5px\u00a0\u00bb border_width_all=\u00a0\u00bb1px\u00a0\u00bb border_color_all=\u00a0\u00bb#424242&Prime; box_shadow_style=\u00a0\u00bbpreset1&Prime; box_shadow_color=\u00a0\u00bbrgba(79,79,79,0.49)\u00a0\u00bb global_colors_info=\u00a0\u00bb{}\u00a0\u00bb][et_pb_text _builder_version=\u00a0\u00bb4.26.0&Prime; _module_preset=\u00a0\u00bbdefault\u00a0\u00bb global_colors_info=\u00a0\u00bb{}\u00a0\u00bb]<\/p>\n<h3 style=\"text-align: center;\">Dispositif de mesure de couple TMD<\/h3>\n<p>[\/et_pb_text][et_pb_text _builder_version=\u00a0\u00bb4.26.0&Prime; _module_preset=\u00a0\u00bbdefault\u00a0\u00bb locked=\u00a0\u00bboff\u00a0\u00bb global_colors_info=\u00a0\u00bb{}\u00a0\u00bb]<\/p>\n<p><a href=\"https:\/\/laba7.com\/wp-content\/uploads\/2026\/03\/LABA7-Torque-Measuring-Device-User-Manual-V1-1.0.26063.pdf\" target=\"_blank\" rel=\"noopener\" title=\"Download the Wireless Racing Scales PRO Manual\">Download the TMD User Manual<\/a><br \/><span style=\"font-weight: 500;\">Derni\u00e8re mise \u00e0 jour<\/span> : <span style=\"font-size: 14px;\">4 mars 2026<\/span><\/p>\n<p>[\/et_pb_text][\/et_pb_column][et_pb_column type=\u00a0\u00bb1_2&Prime; _builder_version=\u00a0\u00bb4.26.0&Prime; _module_preset=\u00a0\u00bbdefault\u00a0\u00bb custom_padding=\u00a0\u00bb20px|20px|20px|20px|false|false\u00a0\u00bb border_radii=\u00a0\u00bbon|5px|5px|5px|5px\u00a0\u00bb border_color_all=\u00a0\u00bb#424242&Prime; global_colors_info=\u00a0\u00bb{}\u00a0\u00bb][\/et_pb_column][\/et_pb_row][\/et_pb_section]<\/p>\n","protected":false},"excerpt":{"rendered":"<p>T\u00e9l\u00e9charger les manuelsIci, vous pourrez facilement trouver et t\u00e9l\u00e9charger le dernier manuel pour votre \u00e9quipement LABA7. Nous sommes convaincus que nos produits vous offriront de nombreuses ann\u00e9es d&rsquo;utilisation fiable et nous esp\u00e9rons que vous les appr\u00e9cierez. Nous travaillons constamment \u00e0 l&rsquo;am\u00e9lioration de nos \u00e9quipements, ce qui signifie que nous mettons r\u00e9guli\u00e8rement \u00e0 jour nos manuels. [&hellip;]<\/p>\n","protected":false},"author":7,"featured_media":0,"parent":0,"menu_order":0,"comment_status":"closed","ping_status":"closed","template":"","meta":{"_acf_changed":false,"_et_pb_use_builder":"on","_et_pb_old_content":"","_et_gb_content_width":"","footnotes":""},"class_list":["post-332060","page","type-page","status-publish","hentry"],"acf":[],"yoast_head":"<!-- This site is optimized with the Yoast SEO plugin v25.3.1 - https:\/\/yoast.com\/wordpress\/plugins\/seo\/ -->\n<title>T\u00e9l\u00e9charger les manuels LABA7<\/title>\n<meta name=\"description\" content=\"Sur cette page, vous pourrez facilement trouver et t\u00e9l\u00e9charger les derniers manuels pour votre \u00e9quipement LABA7.\" \/>\n<meta name=\"robots\" content=\"index, follow, max-snippet:-1, max-image-preview:large, max-video-preview:-1\" \/>\n<link rel=\"canonical\" href=\"https:\/\/laba7.com\/fr\/telecharger-les-manuels\/\" \/>\n<meta property=\"og:locale\" content=\"fr_FR\" \/>\n<meta property=\"og:type\" content=\"article\" \/>\n<meta property=\"og:title\" content=\"T\u00e9l\u00e9charger les manuels - LABA7\" \/>\n<meta property=\"og:description\" content=\"Sur cette page, vous pourrez facilement trouver et t\u00e9l\u00e9charger les derniers manuels pour votre \u00e9quipement LABA7.\" \/>\n<meta property=\"og:url\" content=\"https:\/\/laba7.com\/fr\/telecharger-les-manuels\/\" \/>\n<meta property=\"og:site_name\" content=\"LABA7\" \/>\n<meta property=\"article:publisher\" content=\"https:\/\/www.facebook.com\/LabaSeven\/\" \/>\n<meta property=\"article:modified_time\" content=\"2026-04-09T12:47:53+00:00\" \/>\n<meta property=\"og:image\" content=\"https:\/\/laba7.com\/wp-content\/uploads\/2023\/07\/Laba7-logo-square-black-300x300.png\" \/>\n<!-- \/ Yoast SEO plugin. -->","yoast_head_json":{"title":"T\u00e9l\u00e9charger les manuels LABA7","description":"Sur cette page, vous pourrez facilement trouver et t\u00e9l\u00e9charger les derniers manuels pour votre \u00e9quipement LABA7.","robots":{"index":"index","follow":"follow","max-snippet":"max-snippet:-1","max-image-preview":"max-image-preview:large","max-video-preview":"max-video-preview:-1"},"canonical":"https:\/\/laba7.com\/fr\/telecharger-les-manuels\/","og_locale":"fr_FR","og_type":"article","og_title":"T\u00e9l\u00e9charger les manuels - LABA7","og_description":"Sur cette page, vous pourrez facilement trouver et t\u00e9l\u00e9charger les derniers manuels pour votre \u00e9quipement LABA7.","og_url":"https:\/\/laba7.com\/fr\/telecharger-les-manuels\/","og_site_name":"LABA7","article_publisher":"https:\/\/www.facebook.com\/LabaSeven\/","article_modified_time":"2026-04-09T12:47:53+00:00","og_image":[{"url":"https:\/\/laba7.com\/wp-content\/uploads\/2023\/07\/Laba7-logo-square-black-300x300.png","type":"","width":"","height":""}],"schema":{"@context":"https:\/\/schema.org","@graph":false}},"_links":{"self":[{"href":"https:\/\/laba7.com\/fr\/wp-json\/wp\/v2\/pages\/332060","targetHints":{"allow":["GET"]}}],"collection":[{"href":"https:\/\/laba7.com\/fr\/wp-json\/wp\/v2\/pages"}],"about":[{"href":"https:\/\/laba7.com\/fr\/wp-json\/wp\/v2\/types\/page"}],"author":[{"embeddable":true,"href":"https:\/\/laba7.com\/fr\/wp-json\/wp\/v2\/users\/7"}],"replies":[{"embeddable":true,"href":"https:\/\/laba7.com\/fr\/wp-json\/wp\/v2\/comments?post=332060"}],"version-history":[{"count":78,"href":"https:\/\/laba7.com\/fr\/wp-json\/wp\/v2\/pages\/332060\/revisions"}],"predecessor-version":[{"id":342669,"href":"https:\/\/laba7.com\/fr\/wp-json\/wp\/v2\/pages\/332060\/revisions\/342669"}],"wp:attachment":[{"href":"https:\/\/laba7.com\/fr\/wp-json\/wp\/v2\/media?parent=332060"}],"curies":[{"name":"wp","href":"https:\/\/api.w.org\/{rel}","templated":true}]}}