{"id":331761,"date":"2023-05-22T07:43:07","date_gmt":"2023-05-22T07:43:07","guid":{"rendered":"https:\/\/laba7.com\/contactez-nous\/"},"modified":"2025-07-23T11:55:51","modified_gmt":"2025-07-23T11:55:51","slug":"contactez-nous","status":"publish","type":"page","link":"https:\/\/laba7.com\/fr\/contactez-nous\/","title":{"rendered":"Contactez-nous"},"content":{"rendered":"<p>[et_pb_section fb_built=\u00a0\u00bb1&Prime; _builder_version=\u00a0\u00bb4.21.0&Prime; _module_preset=\u00a0\u00bbdefault\u00a0\u00bb custom_margin=\u00a0\u00bb||100px||false|false\u00a0\u00bb custom_padding=\u00a0\u00bb100px|0px|0px|0px|false|false\u00a0\u00bb global_colors_info=\u00a0\u00bb{}\u00a0\u00bb][et_pb_row _builder_version=\u00a0\u00bb4.21.0&Prime; _module_preset=\u00a0\u00bbdefault\u00a0\u00bb max_width=\u00a0\u00bb1100px\u00a0\u00bb global_colors_info=\u00a0\u00bb{}\u00a0\u00bb][et_pb_column type=\u00a0\u00bb4_4&Prime; _builder_version=\u00a0\u00bb4.21.0&Prime; _module_preset=\u00a0\u00bbdefault\u00a0\u00bb global_colors_info=\u00a0\u00bb{}\u00a0\u00bb][et_pb_text _builder_version=\u00a0\u00bb4.21.0&Prime; _module_preset=\u00a0\u00bbdefault\u00a0\u00bb header_font=\u00a0\u00bbRoboto||||||||\u00a0\u00bb header_text_align=\u00a0\u00bbcenter\u00a0\u00bb header_text_color=\u00a0\u00bb#FFFFFF\u00a0\u00bb header_letter_spacing=\u00a0\u00bb1px\u00a0\u00bb global_colors_info=\u00a0\u00bb{}\u00a0\u00bb]<\/p>\n<h1 style=\"text-align: center;\">Contactez-nous!<\/h1>\n<p>[\/et_pb_text][et_pb_text _builder_version=\u00a0\u00bb4.26.0&Prime; _module_preset=\u00a0\u00bbdefault\u00a0\u00bb global_colors_info=\u00a0\u00bb{}\u00a0\u00bb]<\/p>\n<p style=\"text-align: center;\">Besoin d&rsquo;aide pour choisir le syst\u00e8me LABA7 adapt\u00e9 ? Des questions sur les prix et les d\u00e9lais de livraison, ou des solutions sur mesure ? <\/p>\n<p style=\"text-align: center;\">Notre \u00e9quipe est pr\u00eate \u00e0 vous aider avec des conseils d\u2019experts, des r\u00e9ponses rapides et des r\u00e9ponses claires, afin que vous puissiez rester concentr\u00e9 sur vos performances.<\/p>\n<p>[\/et_pb_text][\/et_pb_column][\/et_pb_row][et_pb_row column_structure=\u00a0\u00bb2_3,1_3&Prime; use_custom_gutter=\u00a0\u00bbon\u00a0\u00bb gutter_width=\u00a0\u00bb2&Prime; make_equal=\u00a0\u00bbon\u00a0\u00bb _builder_version=\u00a0\u00bb4.26.0&Prime; _module_preset=\u00a0\u00bbdefault\u00a0\u00bb module_alignment=\u00a0\u00bbcenter\u00a0\u00bb custom_margin=\u00a0\u00bb||||false|false\u00a0\u00bb custom_padding=\u00a0\u00bb20px|20px|20px|20px|false|false\u00a0\u00bb global_colors_info=\u00a0\u00bb{}\u00a0\u00bb][et_pb_column type=\u00a0\u00bb2_3&Prime; _builder_version=\u00a0\u00bb4.20.4&Prime; _module_preset=\u00a0\u00bbdefault\u00a0\u00bb background_color=\u00a0\u00bb#191919&Prime; background_color_gradient_direction=\u00a0\u00bb187deg\u00a0\u00bb custom_padding=\u00a0\u00bb20px|20px|20px|20px|false|false\u00a0\u00bb border_radii=\u00a0\u00bbon|5px|5px|5px|5px\u00a0\u00bb border_width_all=\u00a0\u00bb1px\u00a0\u00bb border_color_all=\u00a0\u00bb#1e1e1e\u00a0\u00bb global_colors_info=\u00a0\u00bb{}\u00a0\u00bb][et_pb_text _builder_version=\u00a0\u00bb4.21.0&Prime; _module_preset=\u00a0\u00bbdefault\u00a0\u00bb header_text_align=\u00a0\u00bbcenter\u00a0\u00bb header_text_color=\u00a0\u00bb#FFFFFF\u00a0\u00bb global_colors_info=\u00a0\u00bb{}\u00a0\u00bb]<\/p>\n<h2 style=\"text-align: center;\">Remplissez ce formulaire :<\/h2>\n<p>[\/et_pb_text][et_pb_code _builder_version=\u00a0\u00bb4.26.0&Prime; _module_preset=\u00a0\u00bbdefault\u00a0\u00bb hover_enabled=\u00a0\u00bb0&Prime; global_colors_info=\u00a0\u00bb{}\u00a0\u00bb sticky_enabled=\u00a0\u00bb0&Prime;]\n<div class=\"wpcf7 no-js\" id=\"wpcf7-f337662-o1\" lang=\"fr-FR\" dir=\"ltr\" data-wpcf7-id=\"337662\">\n<div class=\"screen-reader-response\"><p role=\"status\" aria-live=\"polite\" aria-atomic=\"true\"><\/p> <ul><\/ul><\/div>\n<form action=\"\/fr\/wp-json\/wp\/v2\/pages\/331761#wpcf7-f337662-o1\" method=\"post\" class=\"wpcf7-form init\" aria-label=\"Formulaire de contact\" novalidate=\"novalidate\" data-status=\"init\">\n<fieldset class=\"hidden-fields-container\"><input type=\"hidden\" name=\"_wpcf7\" value=\"337662\" \/><input type=\"hidden\" name=\"_wpcf7_version\" value=\"6.1\" \/><input type=\"hidden\" name=\"_wpcf7_locale\" value=\"fr_FR\" \/><input type=\"hidden\" name=\"_wpcf7_unit_tag\" value=\"wpcf7-f337662-o1\" \/><input type=\"hidden\" name=\"_wpcf7_container_post\" value=\"0\" \/><input type=\"hidden\" name=\"_wpcf7_posted_data_hash\" value=\"\" \/><input type=\"hidden\" name=\"_wpcf7_recaptcha_response\" value=\"\" \/>\n<\/fieldset>\n<div class=\"laba7-contact-form\">\n\t<div class=\"form-simple-fields\">\n\t\t<div class=\"simple-field\">\n\t\t\t<p><span class=\"wpcf7-form-control-wrap\" data-name=\"sender-name\"><input size=\"40\" maxlength=\"400\" class=\"wpcf7-form-control wpcf7-text wpcf7-validates-as-required\" autocomplete=\"name\" aria-required=\"true\" aria-invalid=\"false\" placeholder=\"Nom\" value=\"\" type=\"text\" name=\"sender-name\" \/><\/span>\n\t\t\t<\/p>\n\t\t<\/div>\n\t\t<div class=\"simple-field\">\n\t\t\t<p><span class=\"wpcf7-form-control-wrap\" data-name=\"sender-email\"><input size=\"40\" maxlength=\"400\" class=\"wpcf7-form-control wpcf7-email wpcf7-validates-as-required wpcf7-text wpcf7-validates-as-email\" autocomplete=\"email\" aria-required=\"true\" aria-invalid=\"false\" placeholder=\"Adresse e-mail\" value=\"\" type=\"email\" name=\"sender-email\" \/><\/span>\n\t\t\t<\/p>\n\t\t<\/div>\n\t\t<div class=\"simple-field\">\n\t\t\t<p><span class=\"wpcf7-form-control-wrap sender-phone\" data-name=\"sender-phone\"><input class=\"wpcf7-form-control wpcf7-intl_tel wpcf7-validates-as-required wpcf7-intl-tel\" aria-required=\"true\" aria-invalid=\"false\" placeholder=\"T\u00e9l\u00e9phone\" data-initialcountry=\"fr\" data-preferredcountries=\"fr-de-us-gb\" value=\"\" type=\"tel\" name=\"sender-phone-cf7it-national\" \/><input name=\"sender-phone\" type=\"hidden\" class=\"wpcf7-intl-tel-full\" \/><input type=\"hidden\" name=\"sender-phone-cf7it-country-name\" class=\"wpcf7-intl-tel-country-name\" \/><input type=\"hidden\" name=\"sender-phone-cf7it-country-code\" class=\"wpcf7-intl-tel-country-code\" \/><input type=\"hidden\" name=\"sender-phone-cf7it-country-iso2\" class=\"wpcf7-intl-tel-country-iso2\" \/><\/span>\n\t\t\t<\/p>\n\t\t<\/div>\n\t\t<div class=\"simple-field\">\n\t\t\t<p><span class=\"wpcf7-form-control-wrap\" data-name=\"sender-company\"><input size=\"40\" maxlength=\"400\" class=\"wpcf7-form-control wpcf7-text wpcf7-validates-as-required\" aria-required=\"true\" aria-invalid=\"false\" placeholder=\"Nom de l\u2019entreprise\" value=\"\" type=\"text\" name=\"sender-company\" \/><\/span>\n\t\t\t<\/p>\n\t\t<\/div>\n\t\t<div class=\"simple-field\">\n\t\t\t<p><span class=\"wpcf7-form-control-wrap\" data-name=\"sender-industry\"><select class=\"wpcf7-form-control wpcf7-select wpcf7-validates-as-required\" id=\"industry\" aria-required=\"true\" aria-invalid=\"false\" name=\"sender-industry\"><option value=\"\">S\u00e9lectionnez l&#039;industrie<\/option><option value=\"Automobile\">Automobile<\/option><option value=\"Moto\">Moto<\/option><option value=\"MTB\">MTB<\/option><option value=\"Autre\">Autre<\/option><\/select><\/span>\n\t\t\t<\/p>\n\t\t<\/div>\n\t\t<div class=\"simple-field\">\n\t\t\t<p><span class=\"wpcf7-form-control-wrap\" data-name=\"sender-category\"><select class=\"wpcf7-form-control wpcf7-select wpcf7-validates-as-required\" aria-required=\"true\" aria-invalid=\"false\" name=\"sender-category\"><option value=\"\">S\u00e9lectionnez un groupe de produits<\/option><option value=\"Dyno d&#039;amortisseur\">Dyno d&#039;amortisseur<\/option><option value=\"Pompe de purge \u00e0 vide\">Pompe de purge \u00e0 vide<\/option><option value=\"Testeur de ressort\">Testeur de ressort<\/option><option value=\"Balance de voiture de course\">Balance de voiture de course<\/option><option value=\"Adaptateurs et accessoires\">Adaptateurs et accessoires<\/option><option value=\"Outils de suspension\">Outils de suspension<\/option><\/select><\/span>\n\t\t\t<\/p>\n\t\t<\/div>\n\t<\/div>\n\t<div class=\"form-message-field\">\n\t\t<p><span class=\"wpcf7-form-control-wrap\" data-name=\"sender-message\"><textarea cols=\"40\" rows=\"10\" maxlength=\"2000\" class=\"wpcf7-form-control wpcf7-textarea wpcf7-validates-as-required\" aria-required=\"true\" aria-invalid=\"false\" placeholder=\"Votre message\" name=\"sender-message\"><\/textarea><\/span>\n\t\t<\/p>\n\t<\/div>\n\t<div style=\"display:none;\">\n\t\t<p><span class=\"wpcf7-form-control-wrap\" data-name=\"laba7\"><input size=\"40\" maxlength=\"400\" class=\"wpcf7-form-control wpcf7-text js-laba7-fill\" aria-invalid=\"false\" value=\"\" type=\"text\" name=\"laba7\" \/><\/span>\n\t\t<\/p>\n\t<\/div>\n\t<div class=\"form-submit-wrapper\">\n\t\t<div class=\"form-acceptance\">\n\t\t\t<p><span class=\"wpcf7-form-control-wrap\" data-name=\"sender-privacy-policy\"><span class=\"wpcf7-form-control wpcf7-acceptance\"><span class=\"wpcf7-list-item\"><label><input type=\"checkbox\" name=\"sender-privacy-policy\" value=\"1\" aria-invalid=\"false\" \/><span class=\"wpcf7-list-item-label\">J'accepte <a href=\"https:\/\/laba7.com\/fr\/politique-de-confidentialite\/\">la politique de confidentialit\u00e9 de LABA7<\/a><\/span><\/label><\/span><\/span><\/span>\n\t\t\t<\/p>\n\t\t<\/div>\n\t\t<div class=\"form-submit\">\n\t\t\t<p><input class=\"wpcf7-form-control wpcf7-submit has-spinner button\" type=\"submit\" value=\"Envoyer\" \/>\n\t\t\t<\/p>\n\t\t<\/div>\n\t<\/div>\n<div class=\"wpcf7-response-output\" aria-hidden=\"true\"><\/div>\n\t<div class=\"form-details-wrapper\">\n\t\t<p>Ce site est prot\u00e9g\u00e9 par reCAPTCHA et la <a href=\"https:\/\/policies.google.com\/privacy\">Politique de confidentialit\u00e9<\/a> ainsi que les <a href=\"https:\/\/policies.google.com\/terms\">Conditions d'utilisation<\/a> de Google s'appliquent.\n\t\t<\/p>\n\t<\/div>\n<\/div>\n<\/form>\n<\/div>\n[\/et_pb_code][\/et_pb_column][et_pb_column type=\u00a0\u00bb1_3&Prime; _builder_version=\u00a0\u00bb4.26.0&Prime; _module_preset=\u00a0\u00bbdefault\u00a0\u00bb background_color=\u00a0\u00bb#191919&Prime; custom_padding=\u00a0\u00bb20px|20px|20px|20px|false|false\u00a0\u00bb custom_css_main_element=\u00a0\u00bbalign-self: center;\u00a0\u00bb border_radii=\u00a0\u00bbon|5px|5px|5px|5px\u00a0\u00bb border_width_all=\u00a0\u00bb1px\u00a0\u00bb border_color_all=\u00a0\u00bb#1e1e1e\u00a0\u00bb global_colors_info=\u00a0\u00bb{}\u00a0\u00bb][et_pb_text content_tablet=\u00a0\u00bb<\/p>\n<p style=%22text-align: center;%22>\n<h3 style=%22text-align: center;%22>Adresse du si\u00e8ge social<\/h3>\n<p style=%22text-align: center;%22>LABA7, UAB<br \/>Rue Gilu\u017eio 15<br \/>LT-06239, Vilnius, Lituanie <\/p>\n<p style=%22text-align: center;%22>\n<h3 style=%22text-align: center;%22>Demandes g\u00e9n\u00e9rales<a href=%22mailto:info@laba7.com%22><\/a><\/h3>\n<p style=%22text-align: center;%22>Lundi-vendredi<\/p>\n<p style=%22text-align: center;%22><a href=%22mailto:info@laba7.com%22>info@laba7.com<\/a><\/p>\n<p style=%22text-align: center;%22><a href=%22tel:+37062199469%22>+370 621 99 469<\/a><\/p>\n<p style=%22text-align: center;%22>\n<h3 style=%22text-align: center;%22>Support technique<\/h3>\n<p style=%22text-align: center;%22><a href=%22mailto:support@laba7.com%22>support@laba7.com<\/a><\/p>\n<p style=%22text-align: center;%22>WhatsApp: <a href=%22tel:+37065715336%22>+370 657 15 336<\/a><\/p>\n<p style=%22text-align: center;%22>\u00a0\u00bb content_phone=\u00a0\u00bb<\/p>\n<p style=%22text-align: center;%22>\n<h3 style=%22text-align: center;%22>Adresse du si\u00e8ge social<\/h3>\n<p style=%22text-align: center;%22>LABA7, UAB<br \/>Rue Gilu\u017eio 15<br \/>LT-06239, Vilnius, Lituanie <\/p>\n<p style=%22text-align: center;%22>\n<h3 style=%22text-align: center;%22>Demandes g\u00e9n\u00e9rales<a href=%22mailto:info@laba7.com%22><\/a><\/h3>\n<p style=%22text-align: center;%22>Lundi-vendredi<\/p>\n<p style=%22text-align: center;%22><a href=%22mailto:info@laba7.com%22>info@laba7.com<\/a><\/p>\n<p style=%22text-align: center;%22><a href=%22tel:+37062199469%22>+370 621 99 469<\/a><\/p>\n<p style=%22text-align: center;%22>\n<h3 style=%22text-align: center;%22>Support technique<\/h3>\n<p style=%22text-align: center;%22><a href=%22mailto:support@laba7.com%22>support@laba7.com<\/a><\/p>\n<p style=%22text-align: center;%22>WhatsApp: <a href=%22tel:+37065715336%22>+370 657 15 336<\/a><\/p>\n<p style=%22text-align: center;%22>\u00a0\u00bb content_last_edited=\u00a0\u00bbon|phone\u00a0\u00bb _builder_version=\u00a0\u00bb4.26.0&Prime; _module_preset=\u00a0\u00bbdefault\u00a0\u00bb text_text_color=\u00a0\u00bbgcid-d40f5d1e-f5d1-4b41-ab11-4faa03a3a11c\u00a0\u00bb header_3_font=\u00a0\u00bbRoboto|500|||||||\u00a0\u00bb background_layout=\u00a0\u00bbdark\u00a0\u00bb custom_margin=\u00a0\u00bb||50px||false|false\u00a0\u00bb custom_padding=\u00a0\u00bb||||false|false\u00a0\u00bb locked=\u00a0\u00bboff\u00a0\u00bb global_colors_info=\u00a0\u00bb{%22gcid-d40f5d1e-f5d1-4b41-ab11-4faa03a3a11c%22:%91%22text_text_color%22%93}\u00a0\u00bb]<\/p>\n<h3>Adresse du si\u00e8ge social<\/h3>\n<p>LABA7, UAB<br \/>Rue Gilu\u017eio 15<br \/>LT-06239, Vilnius, Lituanie <\/p>\n<p>&nbsp;<\/p>\n<h3>Demandes g\u00e9n\u00e9rales<a href=\"mailto:info@laba7.com\"><\/a><\/h3>\n<p>Lundi-vendredi<br \/><a href=\"mailto:info@laba7.com\">info@laba7.com<\/a><br \/><a href=\"tel:+37062199469\">+370 621 99 469<\/a><\/p>\n<p>&nbsp;<\/p>\n<h3>Support technique<\/h3>\n<p><a href=\"mailto:support@laba7.com\">support@laba7.com<\/a><br \/>WhatsApp: <a href=\"tel:+37065715336\">+370 657 15 336<\/a><\/p>\n<p>[\/et_pb_text][\/et_pb_column][\/et_pb_row][\/et_pb_section]<\/p>\n","protected":false},"excerpt":{"rendered":"<p>Contactez-nous!Besoin d&rsquo;aide pour choisir le syst\u00e8me LABA7 adapt\u00e9 ? Des questions sur les prix et les d\u00e9lais de livraison, ou des solutions sur mesure ? Notre \u00e9quipe est pr\u00eate \u00e0 vous aider avec des conseils d\u2019experts, des r\u00e9ponses rapides et des r\u00e9ponses claires, afin que vous puissiez rester concentr\u00e9 sur vos performances.Remplissez ce formulaire :<p class=\"wpcf7-contact-form-not-found\"><strong>Erreur\u00a0:<\/strong> Formulaire de contact non trouv\u00e9\u00a0!<\/p><\/p>\n","protected":false},"author":7,"featured_media":331072,"parent":0,"menu_order":0,"comment_status":"closed","ping_status":"closed","template":"","meta":{"_acf_changed":false,"_et_pb_use_builder":"on","_et_pb_old_content":"","_et_gb_content_width":"","footnotes":""},"class_list":["post-331761","page","type-page","status-publish","has-post-thumbnail","hentry"],"acf":[],"yoast_head":"<!-- This site is optimized with the Yoast SEO plugin v25.3.1 - https:\/\/yoast.com\/wordpress\/plugins\/seo\/ -->\n<title>Contactez-nous | LABA7 \u2013 T\u00e9l\u00e9phone, e-mail ou formulaire<\/title>\n<meta name=\"description\" content=\"Vous avez une question sur les produits LABA7 ou une demande sp\u00e9cifique ? Notre \u00e9quipe vous r\u00e9pond rapidement, clients comme m\u00e9dias.\" \/>\n<meta name=\"robots\" content=\"index, follow, max-snippet:-1, max-image-preview:large, max-video-preview:-1\" \/>\n<link rel=\"canonical\" href=\"https:\/\/laba7.com\/fr\/contactez-nous\/\" \/>\n<meta property=\"og:locale\" content=\"fr_FR\" \/>\n<meta property=\"og:type\" content=\"article\" \/>\n<meta property=\"og:title\" content=\"Contactez-nous - Prenez contact par t\u00e9l\u00e9phone, par courrier \u00e9lectronique ou par formulaire.\" \/>\n<meta property=\"og:description\" content=\"Que vous soyez int\u00e9ress\u00e9 par les produits LABA7, que vous vous demandiez lesquels r\u00e9pondent le mieux \u00e0 vos besoins ou que vous ayez des demandes de renseignements des m\u00e9dias, nous sommes l\u00e0 pour vous aider.\" \/>\n<meta property=\"og:url\" content=\"https:\/\/laba7.com\/fr\/contactez-nous\/\" \/>\n<meta property=\"og:site_name\" content=\"LABA7\" \/>\n<meta property=\"article:publisher\" content=\"https:\/\/www.facebook.com\/LabaSeven\/\" \/>\n<meta property=\"article:modified_time\" content=\"2025-07-23T11:55:51+00:00\" \/>\n<meta property=\"og:image\" content=\"https:\/\/laba7.com\/wp-content\/uploads\/2023\/07\/What-is-LABA7-1024x683.webp\" \/>\n<!-- \/ Yoast SEO plugin. -->","yoast_head_json":{"title":"Contactez-nous | LABA7 \u2013 T\u00e9l\u00e9phone, e-mail ou formulaire","description":"Vous avez une question sur les produits LABA7 ou une demande sp\u00e9cifique ? Notre \u00e9quipe vous r\u00e9pond rapidement, clients comme m\u00e9dias.","robots":{"index":"index","follow":"follow","max-snippet":"max-snippet:-1","max-image-preview":"max-image-preview:large","max-video-preview":"max-video-preview:-1"},"canonical":"https:\/\/laba7.com\/fr\/contactez-nous\/","og_locale":"fr_FR","og_type":"article","og_title":"Contactez-nous - Prenez contact par t\u00e9l\u00e9phone, par courrier \u00e9lectronique ou par formulaire.","og_description":"Que vous soyez int\u00e9ress\u00e9 par les produits LABA7, que vous vous demandiez lesquels r\u00e9pondent le mieux \u00e0 vos besoins ou que vous ayez des demandes de renseignements des m\u00e9dias, nous sommes l\u00e0 pour vous aider.","og_url":"https:\/\/laba7.com\/fr\/contactez-nous\/","og_site_name":"LABA7","article_publisher":"https:\/\/www.facebook.com\/LabaSeven\/","article_modified_time":"2025-07-23T11:55:51+00:00","og_image":[{"url":"https:\/\/laba7.com\/wp-content\/uploads\/2023\/07\/What-is-LABA7-1024x683.webp","type":"","width":"","height":""}],"schema":{"@context":"https:\/\/schema.org","@graph":false}},"_links":{"self":[{"href":"https:\/\/laba7.com\/fr\/wp-json\/wp\/v2\/pages\/331761","targetHints":{"allow":["GET"]}}],"collection":[{"href":"https:\/\/laba7.com\/fr\/wp-json\/wp\/v2\/pages"}],"about":[{"href":"https:\/\/laba7.com\/fr\/wp-json\/wp\/v2\/types\/page"}],"author":[{"embeddable":true,"href":"https:\/\/laba7.com\/fr\/wp-json\/wp\/v2\/users\/7"}],"replies":[{"embeddable":true,"href":"https:\/\/laba7.com\/fr\/wp-json\/wp\/v2\/comments?post=331761"}],"version-history":[{"count":35,"href":"https:\/\/laba7.com\/fr\/wp-json\/wp\/v2\/pages\/331761\/revisions"}],"predecessor-version":[{"id":340474,"href":"https:\/\/laba7.com\/fr\/wp-json\/wp\/v2\/pages\/331761\/revisions\/340474"}],"wp:featuredmedia":[{"embeddable":true,"href":"https:\/\/laba7.com\/fr\/wp-json\/wp\/v2\/media\/331072"}],"wp:attachment":[{"href":"https:\/\/laba7.com\/fr\/wp-json\/wp\/v2\/media?parent=331761"}],"curies":[{"name":"wp","href":"https:\/\/api.w.org\/{rel}","templated":true}]}}