{"id":331721,"date":"2023-06-07T11:55:01","date_gmt":"2023-06-07T11:55:01","guid":{"rendered":"https:\/\/laba7.com\/produits\/outil-detirement-et-de-mesure\/"},"modified":"2026-04-10T12:28:24","modified_gmt":"2026-04-10T12:28:24","slug":"outil-detirement-et-de-mesure","status":"publish","type":"page","link":"https:\/\/laba7.com\/fr\/produits\/outil-detirement-et-de-mesure\/","title":{"rendered":"Outil d&rsquo;\u00e9tirement et de mesure"},"content":{"rendered":"<p>[et_pb_section fb_built=\u00a0\u00bb1&Prime; admin_label=\u00a0\u00bbHeader\u00a0\u00bb _builder_version=\u00a0\u00bb4.21.0&Prime; _module_preset=\u00a0\u00bbdefault\u00a0\u00bb background_enable_image=\u00a0\u00bboff\u00a0\u00bb background_size=\u00a0\u00bbcontain\u00a0\u00bb background_position=\u00a0\u00bbbottom_center\u00a0\u00bb background_vertical_offset=\u00a0\u00bb-40%\u00a0\u00bb min_height=\u00a0\u00bb500px\u00a0\u00bb custom_margin=\u00a0\u00bb0px||0px||false|false\u00a0\u00bb custom_padding=\u00a0\u00bb||||false|false\u00a0\u00bb bottom_divider_style=\u00a0\u00bbarrow3&Prime; bottom_divider_color=\u00a0\u00bb#303030&Prime; bottom_divider_height=\u00a0\u00bb43px\u00a0\u00bb locked=\u00a0\u00bboff\u00a0\u00bb global_colors_info=\u00a0\u00bb{}\u00a0\u00bb][et_pb_row _builder_version=\u00a0\u00bb4.21.0&Prime; _module_preset=\u00a0\u00bbdefault\u00a0\u00bb custom_padding=\u00a0\u00bb100px||||false|false\u00a0\u00bb global_colors_info=\u00a0\u00bb{}\u00a0\u00bb][et_pb_column type=\u00a0\u00bb4_4&Prime; _builder_version=\u00a0\u00bb4.20.4&Prime; _module_preset=\u00a0\u00bbdefault\u00a0\u00bb global_colors_info=\u00a0\u00bb{}\u00a0\u00bb][et_pb_text _builder_version=\u00a0\u00bb4.26.0&Prime; _module_preset=\u00a0\u00bbdefault\u00a0\u00bb header_text_align=\u00a0\u00bbcenter\u00a0\u00bb header_text_color=\u00a0\u00bb#FFFFFF\u00a0\u00bb header_font_size=\u00a0\u00bb50px\u00a0\u00bb text_orientation=\u00a0\u00bbcenter\u00a0\u00bb background_layout=\u00a0\u00bbdark\u00a0\u00bb custom_margin=\u00a0\u00bb||0px||false|false\u00a0\u00bb header_text_shadow_style=\u00a0\u00bbpreset1&Prime; global_colors_info=\u00a0\u00bb{}\u00a0\u00bb]<\/p>\n<h1>Outil de <strong>mesure<\/strong> et d&rsquo;\u00e9tirement des amortisseurs pour ateliers professionnels<\/h1>\n<p>[\/et_pb_text][et_pb_text _builder_version=\u00a0\u00bb4.26.0&Prime; _module_preset=\u00a0\u00bbdefault\u00a0\u00bb text_text_color=\u00a0\u00bbgcid-d40f5d1e-f5d1-4b41-ab11-4faa03a3a11c\u00a0\u00bb text_text_shadow_style=\u00a0\u00bbpreset3&Prime; global_colors_info=\u00a0\u00bb{%22gcid-d40f5d1e-f5d1-4b41-ab11-4faa03a3a11c%22:%91%22text_text_color%22%93}\u00a0\u00bb]<\/p>\n<p style=\"text-align: center;\">L&rsquo;outil d&rsquo;\u00e9tirement et de mesure d&rsquo;amortisseurs LABA7 est indispensable \u00e0 tout atelier professionnel. Fini les estimations approximatives : mesurez, aspirez et remplissez vos amortisseurs en toute confiance. <\/p>\n<p>[\/et_pb_text][\/et_pb_column][\/et_pb_row][\/et_pb_section][et_pb_section fb_built=\u00a0\u00bb1&Prime; admin_label=\u00a0\u00bbDynos Selection\u00a0\u00bb _builder_version=\u00a0\u00bb4.26.0&Prime; _module_preset=\u00a0\u00bbdefault\u00a0\u00bb min_height=\u00a0\u00bb750px\u00a0\u00bb custom_margin=\u00a0\u00bb0px|0px|0px|0px|false|false\u00a0\u00bb custom_padding=\u00a0\u00bb20px|20px|20px|20px|false|false\u00a0\u00bb global_colors_info=\u00a0\u00bb{}\u00a0\u00bb][et_pb_row custom_padding_last_edited=\u00a0\u00bbon|phone\u00a0\u00bb _builder_version=\u00a0\u00bb4.20.4&Prime; _module_preset=\u00a0\u00bbdefault\u00a0\u00bb width=\u00a0\u00bb100%\u00a0\u00bb max_width=\u00a0\u00bb1300px\u00a0\u00bb custom_padding=\u00a0\u00bb20px|20px||20px|false|false\u00a0\u00bb custom_padding_tablet=\u00a0\u00bb20px|20px||20px|false|false\u00a0\u00bb custom_padding_phone=\u00a0\u00bb||10px||false|false\u00a0\u00bb global_colors_info=\u00a0\u00bb{}\u00a0\u00bb][et_pb_column type=\u00a0\u00bb4_4&Prime; _builder_version=\u00a0\u00bb4.20.4&Prime; _module_preset=\u00a0\u00bbdefault\u00a0\u00bb global_colors_info=\u00a0\u00bb{}\u00a0\u00bb][et_pb_text _builder_version=\u00a0\u00bb4.26.0&Prime; _module_preset=\u00a0\u00bbdefault\u00a0\u00bb global_colors_info=\u00a0\u00bb{}\u00a0\u00bb]<\/p>\n<h2 style=\"text-align: center;\">Amortisseurs de service pour<strong> tous types de v\u00e9hicules<\/strong><\/h2>\n<p>[\/et_pb_text][\/et_pb_column][\/et_pb_row][et_pb_row column_structure=\u00a0\u00bb3_5,2_5&Prime; use_custom_gutter=\u00a0\u00bbon\u00a0\u00bb gutter_width=\u00a0\u00bb1&Prime; make_equal=\u00a0\u00bbon\u00a0\u00bb _builder_version=\u00a0\u00bb4.21.0&Prime; _module_preset=\u00a0\u00bbdefault\u00a0\u00bb width=\u00a0\u00bb100%\u00a0\u00bb max_width=\u00a0\u00bb1100px\u00a0\u00bb custom_margin=\u00a0\u00bb40px||||false|false\u00a0\u00bb custom_margin_tablet=\u00a0\u00bb40px||||false|false\u00a0\u00bb custom_margin_phone=\u00a0\u00bb0px||||false|false\u00a0\u00bb custom_margin_last_edited=\u00a0\u00bbon|phone\u00a0\u00bb custom_padding=\u00a0\u00bb0px|0px|20px|20px|false|false\u00a0\u00bb global_colors_info=\u00a0\u00bb{}\u00a0\u00bb][et_pb_column type=\u00a0\u00bb3_5&Prime; _builder_version=\u00a0\u00bb4.20.4&Prime; _module_preset=\u00a0\u00bbdefault\u00a0\u00bb custom_padding=\u00a0\u00bb|20px||0px|false|false\u00a0\u00bb global_colors_info=\u00a0\u00bb{}\u00a0\u00bb][et_pb_text _builder_version=\u00a0\u00bb4.26.0&Prime; _module_preset=\u00a0\u00bbdefault\u00a0\u00bb text_text_color=\u00a0\u00bbgcid-d40f5d1e-f5d1-4b41-ab11-4faa03a3a11c\u00a0\u00bb custom_margin=\u00a0\u00bb||0px||false|false\u00a0\u00bb custom_padding=\u00a0\u00bb20px|0px|10px|0px|false|false\u00a0\u00bb hover_enabled=\u00a0\u00bb0&Prime; global_colors_info=\u00a0\u00bb{%22gcid-d40f5d1e-f5d1-4b41-ab11-4faa03a3a11c%22:%91%22text_text_color%22%93}\u00a0\u00bb sticky_enabled=\u00a0\u00bb0&Prime;]<\/p>\n<p>Ce nouvel outil professionnel est disponible en deux tailles, permettant ainsi de mesurer tous les amortisseurs. L&rsquo;une permet d&rsquo;\u00e9tirer et de mesurer les amortisseurs de 190 \u00e0 590 mm de longueur, et l&rsquo;autre de 390 \u00e0 1190 mm. <\/p>\n<p>L&rsquo;inclusion dans le kit de supports de diff\u00e9rents diam\u00e8tres am\u00e9liore encore sa polyvalence avec :<\/p>\n<table border=\"1\" style=\"height: 18px; width: 196px; border-collapse: collapse; margin-left: auto; margin-right: auto;\" cellpadding=\"5\" cellspacing=\"5\">\n<tbody>\n<tr style=\"height: 18px; border-color: 000000; border-style: hidden;\">\n<td style=\"height: 18px; width: 250px;\">10mm<\/td>\n<td style=\"height: 18px; width: 250px;\">12mm<\/td>\n<td style=\"height: 18px; width: 250px;\">13mm<\/td>\n<td style=\"width: 43px; height: 18px;\"><\/td>\n<\/tr>\n<\/tbody>\n<\/table>\n<p>L&rsquo;outil est fabriqu\u00e9 en aluminium usin\u00e9 anodis\u00e9 durable et est \u00e9quip\u00e9 d&rsquo;arbres calibr\u00e9s en chrome r\u00e9sistant \u00e0 la corrosion et \u00e0 l&rsquo;usure.<\/p>\n<p>Pour augmenter encore la pr\u00e9cision de l&rsquo;outil, il peut \u00eatre fix\u00e9 sur diff\u00e9rentes surfaces pour une stabilit\u00e9 accrue.<\/p>\n<p>[\/et_pb_text][et_pb_text admin_label=\u00a0\u00bbIcons\u00a0\u00bb _builder_version=\u00a0\u00bb4.26.0&Prime; _module_preset=\u00a0\u00bbdefault\u00a0\u00bb custom_margin=\u00a0\u00bb20px|0px|5px|0px|false|false\u00a0\u00bb custom_padding=\u00a0\u00bb|0px||0px|false|false\u00a0\u00bb hover_enabled=\u00a0\u00bb0&Prime; border_color_all=\u00a0\u00bb#FFFFFF\u00a0\u00bb locked=\u00a0\u00bboff\u00a0\u00bb global_colors_info=\u00a0\u00bb{}\u00a0\u00bb sticky_enabled=\u00a0\u00bb0&Prime;]<\/p>\n<h3>Prix \u200b\u200bpour 190-590 mm &#8211; <strong>550 EUR<\/strong> <em>(hors TVA)<\/em><\/h3>\n<h3>Prix \u200b\u200bpour 390-1190 mm &#8211;<strong> 750 EUR <\/strong><em>(hors TVA)<\/em><\/h3>\n<p>[\/et_pb_text][et_pb_button button_url=\u00a0\u00bb#StretchingandMeasuringToolPP\u00a0\u00bb url_new_window=\u00a0\u00bbon\u00a0\u00bb button_text=\u00a0\u00bbPassez une commande maintenant\u00a0\u00bb button_alignment=\u00a0\u00bbcenter\u00a0\u00bb admin_label=\u00a0\u00bbContact button\u00a0\u00bb _builder_version=\u00a0\u00bb4.25.1&Prime; _module_preset=\u00a0\u00bbdefault\u00a0\u00bb custom_button=\u00a0\u00bbon\u00a0\u00bb button_text_size=\u00a0\u00bb16px\u00a0\u00bb button_text_color=\u00a0\u00bb#000000&Prime; button_bg_color=\u00a0\u00bb#FFFFFF\u00a0\u00bb button_border_width=\u00a0\u00bb0px\u00a0\u00bb button_border_radius=\u00a0\u00bb5px\u00a0\u00bb custom_margin=\u00a0\u00bb30px|20px|20px|20px|false|false\u00a0\u00bb custom_padding=\u00a0\u00bb15px|30px|15px|30px|false|false\u00a0\u00bb global_colors_info=\u00a0\u00bb{}\u00a0\u00bb][\/et_pb_button][\/et_pb_column][et_pb_column type=\u00a0\u00bb2_5&Prime; _builder_version=\u00a0\u00bb4.20.4&Prime; _module_preset=\u00a0\u00bbdefault\u00a0\u00bb global_colors_info=\u00a0\u00bb{}\u00a0\u00bb][et_pb_image src=\u00a0\u00bbhttps:\/\/laba7.com\/wp-content\/uploads\/2023\/07\/shock-absorber-stretching-and-measuring-tool-with-semi-transparent-shock-absorber.webp\u00a0\u00bb alt=\u00a0\u00bbOutil d&apos;\u00e9tirement et de mesure d&apos;amortisseur avec amortisseur semi-transparent\u00a0\u00bb title_text=\u00a0\u00bbOutil d&apos;\u00e9tirement et de mesure d&apos;amortisseur avec amortisseur semi-transparent\u00a0\u00bb show_bottom_space=\u00a0\u00bboff\u00a0\u00bb align=\u00a0\u00bbcenter\u00a0\u00bb _builder_version=\u00a0\u00bb4.21.0&Prime; _module_preset=\u00a0\u00bbdefault\u00a0\u00bb custom_padding=\u00a0\u00bb||||false|false\u00a0\u00bb global_colors_info=\u00a0\u00bb{}\u00a0\u00bb][\/et_pb_image][\/et_pb_column][\/et_pb_row][\/et_pb_section][et_pb_section fb_built=\u00a0\u00bb1&Prime; admin_label=\u00a0\u00bbAdvantages\u00a0\u00bb _builder_version=\u00a0\u00bb4.20.4&Prime; _module_preset=\u00a0\u00bbdefault\u00a0\u00bb top_divider_color=\u00a0\u00bb#1c1c1c\u00a0\u00bb top_divider_height=\u00a0\u00bb26px\u00a0\u00bb top_divider_repeat=\u00a0\u00bb1x\u00a0\u00bb global_colors_info=\u00a0\u00bb{}\u00a0\u00bb][et_pb_row _builder_version=\u00a0\u00bb4.20.4&Prime; _module_preset=\u00a0\u00bbdefault\u00a0\u00bb width=\u00a0\u00bb100%\u00a0\u00bb max_width=\u00a0\u00bb1300px\u00a0\u00bb custom_padding=\u00a0\u00bb20px|20px|20px|20px|false|false\u00a0\u00bb global_colors_info=\u00a0\u00bb{}\u00a0\u00bb][et_pb_column type=\u00a0\u00bb4_4&Prime; _builder_version=\u00a0\u00bb4.20.4&Prime; _module_preset=\u00a0\u00bbdefault\u00a0\u00bb global_colors_info=\u00a0\u00bb{}\u00a0\u00bb][et_pb_text _builder_version=\u00a0\u00bb4.26.0&Prime; _module_preset=\u00a0\u00bbdefault\u00a0\u00bb global_colors_info=\u00a0\u00bb{}\u00a0\u00bb]<\/p>\n<h2 style=\"text-align: center;\">Pour augmenter encore la pr\u00e9cision de l&rsquo;outil, il peut \u00eatre fix\u00e9 sur diff\u00e9rentes surfaces pour une stabilit\u00e9 accrue.<\/h2>\n<p>[\/et_pb_text][\/et_pb_column][\/et_pb_row][et_pb_row column_structure=\u00a0\u00bb1_3,1_3,1_3&Prime; _builder_version=\u00a0\u00bb4.26.0&Prime; _module_preset=\u00a0\u00bbdefault\u00a0\u00bb width=\u00a0\u00bb100%\u00a0\u00bb max_width=\u00a0\u00bb1100px\u00a0\u00bb custom_margin=\u00a0\u00bb||||false|false\u00a0\u00bb custom_padding=\u00a0\u00bb20px|20px|20px|20px|false|false\u00a0\u00bb global_colors_info=\u00a0\u00bb{}\u00a0\u00bb][et_pb_column type=\u00a0\u00bb1_3&Prime; _builder_version=\u00a0\u00bb4.20.4&Prime; _module_preset=\u00a0\u00bbdefault\u00a0\u00bb custom_padding_tablet=\u00a0\u00bb\u00a0\u00bb custom_padding_phone=\u00a0\u00bb20px||||false|false\u00a0\u00bb custom_padding_last_edited=\u00a0\u00bbon|phone\u00a0\u00bb global_colors_info=\u00a0\u00bb{}\u00a0\u00bb][et_pb_icon font_icon=\u00a0\u00bb&#xf337;||fa||900&Prime; icon_color=\u00a0\u00bb#FFFFFF\u00a0\u00bb icon_width=\u00a0\u00bb70px\u00a0\u00bb _builder_version=\u00a0\u00bb4.20.4&Prime; _module_preset=\u00a0\u00bbdefault\u00a0\u00bb use_background_color_gradient=\u00a0\u00bbon\u00a0\u00bb background_color_gradient_direction=\u00a0\u00bb147deg\u00a0\u00bb background_color_gradient_stops=\u00a0\u00bb#000000 0%|#282828 100%\u00a0\u00bb custom_padding=\u00a0\u00bb20px|20px|20px|20px|false|false\u00a0\u00bb box_shadow_style=\u00a0\u00bbpreset1&Prime; box_shadow_color=\u00a0\u00bbrgba(181,181,181,0.3)\u00a0\u00bb global_colors_info=\u00a0\u00bb{}\u00a0\u00bb][\/et_pb_icon][et_pb_text _builder_version=\u00a0\u00bb4.26.0&Prime; _module_preset=\u00a0\u00bbdefault\u00a0\u00bb text_text_color=\u00a0\u00bbgcid-d40f5d1e-f5d1-4b41-ab11-4faa03a3a11c\u00a0\u00bb global_colors_info=\u00a0\u00bb{%22gcid-d40f5d1e-f5d1-4b41-ab11-4faa03a3a11c%22:%91%22text_text_color%22%93}\u00a0\u00bb]<\/p>\n<p style=\"text-align: center;\">Mesurer pr\u00e9cis\u00e9ment la longueur de l&rsquo;amortisseur entre les points de fixation <\/p>\n<p>[\/et_pb_text][\/et_pb_column][et_pb_column type=\u00a0\u00bb1_3&Prime; _builder_version=\u00a0\u00bb4.20.4&Prime; _module_preset=\u00a0\u00bbdefault\u00a0\u00bb custom_padding_tablet=\u00a0\u00bb\u00a0\u00bb custom_padding_phone=\u00a0\u00bb40px||||false|false\u00a0\u00bb custom_padding_last_edited=\u00a0\u00bbon|phone\u00a0\u00bb global_colors_info=\u00a0\u00bb{}\u00a0\u00bb][et_pb_icon font_icon=\u00a0\u00bb&#xf547;||fa||900&Prime; icon_color=\u00a0\u00bb#FFFFFF\u00a0\u00bb icon_width=\u00a0\u00bb70px\u00a0\u00bb _builder_version=\u00a0\u00bb4.20.4&Prime; _module_preset=\u00a0\u00bbdefault\u00a0\u00bb use_background_color_gradient=\u00a0\u00bbon\u00a0\u00bb background_color_gradient_direction=\u00a0\u00bb147deg\u00a0\u00bb background_color_gradient_stops=\u00a0\u00bb#000000 0%|#282828 100%\u00a0\u00bb custom_padding=\u00a0\u00bb20px|20px|20px|20px|false|false\u00a0\u00bb box_shadow_style=\u00a0\u00bbpreset1&Prime; box_shadow_color=\u00a0\u00bbrgba(181,181,181,0.3)\u00a0\u00bb global_colors_info=\u00a0\u00bb{}\u00a0\u00bb][\/et_pb_icon][et_pb_text _builder_version=\u00a0\u00bb4.26.0&Prime; _module_preset=\u00a0\u00bbdefault\u00a0\u00bb text_text_color=\u00a0\u00bbgcid-d40f5d1e-f5d1-4b41-ab11-4faa03a3a11c\u00a0\u00bb global_colors_info=\u00a0\u00bb{%22gcid-d40f5d1e-f5d1-4b41-ab11-4faa03a3a11c%22:%91%22text_text_color%22%93}\u00a0\u00bb]<\/p>\n<p style=\"text-align: center;\">Mesurez avec pr\u00e9cision la longueur de l&rsquo;amortisseur entre les points de fixation lorsque vous devez comprimer le ressort de sortie<\/p>\n<p>[\/et_pb_text][\/et_pb_column][et_pb_column type=\u00a0\u00bb1_3&Prime; _builder_version=\u00a0\u00bb4.20.4&Prime; _module_preset=\u00a0\u00bbdefault\u00a0\u00bb custom_padding_tablet=\u00a0\u00bb\u00a0\u00bb custom_padding_phone=\u00a0\u00bb40px||||false|false\u00a0\u00bb custom_padding_last_edited=\u00a0\u00bbon|phone\u00a0\u00bb global_colors_info=\u00a0\u00bb{}\u00a0\u00bb][et_pb_icon font_icon=\u00a0\u00bb&#xf424;||fa||900&Prime; icon_color=\u00a0\u00bb#FFFFFF\u00a0\u00bb icon_width=\u00a0\u00bb70px\u00a0\u00bb _builder_version=\u00a0\u00bb4.20.4&Prime; _module_preset=\u00a0\u00bbdefault\u00a0\u00bb use_background_color_gradient=\u00a0\u00bbon\u00a0\u00bb background_color_gradient_direction=\u00a0\u00bb147deg\u00a0\u00bb background_color_gradient_stops=\u00a0\u00bb#000000 0%|#282828 100%\u00a0\u00bb custom_padding=\u00a0\u00bb20px|20px|20px|20px|false|false\u00a0\u00bb box_shadow_style=\u00a0\u00bbpreset1&Prime; box_shadow_color=\u00a0\u00bbrgba(181,181,181,0.3)\u00a0\u00bb global_colors_info=\u00a0\u00bb{}\u00a0\u00bb][\/et_pb_icon][et_pb_text _builder_version=\u00a0\u00bb4.26.0&Prime; _module_preset=\u00a0\u00bbdefault\u00a0\u00bb text_text_color=\u00a0\u00bbgcid-d40f5d1e-f5d1-4b41-ab11-4faa03a3a11c\u00a0\u00bb global_colors_info=\u00a0\u00bb{%22gcid-d40f5d1e-f5d1-4b41-ab11-4faa03a3a11c%22:%91%22text_text_color%22%93}\u00a0\u00bb]<\/p>\n<p style=\"text-align: center;\">Maintenez fermement l&rsquo;amortisseur tendu pendant l&rsquo;aspiration ou le remplissage d&rsquo;huile afin que l&rsquo;arbre du piston ne glisse pas.<\/p>\n<p>[\/et_pb_text][\/et_pb_column][\/et_pb_row][\/et_pb_section][et_pb_section fb_built=\u00a0\u00bb1&Prime; _builder_version=\u00a0\u00bb4.26.0&Prime; _module_preset=\u00a0\u00bbdefault\u00a0\u00bb global_colors_info=\u00a0\u00bb{}\u00a0\u00bb][et_pb_row _builder_version=\u00a0\u00bb4.26.0&Prime; _module_preset=\u00a0\u00bbdefault\u00a0\u00bb global_colors_info=\u00a0\u00bb{}\u00a0\u00bb][et_pb_column type=\u00a0\u00bb4_4&Prime; _builder_version=\u00a0\u00bb4.26.0&Prime; _module_preset=\u00a0\u00bbdefault\u00a0\u00bb global_colors_info=\u00a0\u00bb{}\u00a0\u00bb][et_pb_text _builder_version=\u00a0\u00bb4.26.0&Prime; _module_preset=\u00a0\u00bbdefault\u00a0\u00bb global_colors_info=\u00a0\u00bb{}\u00a0\u00bb]<\/p>\n<h2><strong>FAQ <\/strong>sur l&rsquo;outil d&rsquo;\u00e9tirement et de mesure des amortisseurs<\/h2>\n<p>[\/et_pb_text][et_pb_accordion open_toggle_text_color=\u00a0\u00bb#FFFFFF\u00a0\u00bb open_toggle_background_color=\u00a0\u00bb#0a0a0a\u00a0\u00bb closed_toggle_background_color=\u00a0\u00bb#000000&Prime; _builder_version=\u00a0\u00bb4.26.0&Prime; _module_preset=\u00a0\u00bbdefault\u00a0\u00bb toggle_text_color=\u00a0\u00bb#e5e5e5&Prime; body_font=\u00a0\u00bb|300|||||||\u00a0\u00bb max_width=\u00a0\u00bb1380px\u00a0\u00bb module_alignment=\u00a0\u00bbcenter\u00a0\u00bb custom_margin=\u00a0\u00bb||0px||false|false\u00a0\u00bb custom_padding=\u00a0\u00bb|20px|0px|20px|false|false\u00a0\u00bb border_color_all=\u00a0\u00bb#272727&Prime; border_style_all=\u00a0\u00bbnone\u00a0\u00bb border_width_top=\u00a0\u00bb2px\u00a0\u00bb border_color_top=\u00a0\u00bb#272727&Prime; border_color_bottom=\u00a0\u00bb#FFFFFF\u00a0\u00bb locked=\u00a0\u00bboff\u00a0\u00bb global_colors_info=\u00a0\u00bb{}\u00a0\u00bb][et_pb_accordion_item title=\u00a0\u00bbPourquoi ai-je besoin de deux gammes de tailles diff\u00e9rentes (150-500 mm contre 300-1200 mm) ? \u00a0\u00bb open=\u00a0\u00bbon\u00a0\u00bb toggle_icon=\u00a0\u00bb&#xf054;||fa||900&Prime; _builder_version=\u00a0\u00bb4.26.0&Prime; _module_preset=\u00a0\u00bbdefault\u00a0\u00bb custom_margin=\u00a0\u00bb||0px||false|false\u00a0\u00bb global_colors_info=\u00a0\u00bb{}\u00a0\u00bb toggle_level=\u00a0\u00bbh3&Prime;]<\/p>\n<p><span style=\"font-weight: 400;\">Les deux tailles couvrent diff\u00e9rents types de v\u00e9hicules : la plus petite, de 150 \u00e0 500 mm, est compatible avec la plupart des amortisseurs arri\u00e8re de VTT, de motos et des v\u00e9hicules compacts, tandis que la gamme de 300 \u00e0 1 200 mm est adapt\u00e9e aux combin\u00e9s filet\u00e9s de plus grande taille et aux amortisseurs de camions. Pour une mesure pr\u00e9cise, il est n\u00e9cessaire de mesurer \u00e0 partir du centre de chaque \u0153il afin <\/span> <span style=\"font-weight: 400;\">d&rsquo;obtenir une pr\u00e9cision sur toute la plage.<\/span><\/p>\n<p>[\/et_pb_accordion_item][et_pb_accordion_item title=\u00a0\u00bbQuel est le principal avantage de garder l\u2019amortisseur tendu pendant le remplissage d\u2019huile ? \u00a0\u00bb toggle_icon=\u00a0\u00bb&#xf054;||fa||900&Prime; _builder_version=\u00a0\u00bb4.26.0&Prime; _module_preset=\u00a0\u00bbdefault\u00a0\u00bb custom_margin=\u00a0\u00bb||0px||false|false\u00a0\u00bb global_colors_info=\u00a0\u00bb{}\u00a0\u00bb open=\u00a0\u00bboff\u00a0\u00bb]<\/p>\n<p><span style=\"font-weight: 400;\">L&rsquo;outil maintient l&rsquo;amortisseur tendu pendant l&rsquo;aspiration ou le remplissage d&rsquo;huile afin que l&rsquo;arbre du piston ne glisse pas. Cela emp\u00eache les bulles d&rsquo;air et garantit des niveaux de remplissage d&rsquo;huile constants, ce qui est essentiel pour des performances d&rsquo;amortissement appropri\u00e9es et pour \u00e9viter la cavitation. <\/span><\/p>\n<p>[\/et_pb_accordion_item][et_pb_accordion_item title=\u00a0\u00bbQuelle est la pr\u00e9cision des mesures prises avec cet outil d\u2019\u00e9tirement ? \u00a0\u00bb toggle_icon=\u00a0\u00bb&#xf054;||fa||900&Prime; _builder_version=\u00a0\u00bb4.26.0&Prime; _module_preset=\u00a0\u00bbdefault\u00a0\u00bb custom_margin=\u00a0\u00bb||0px||false|false\u00a0\u00bb global_colors_info=\u00a0\u00bb{}\u00a0\u00bb open=\u00a0\u00bboff\u00a0\u00bb]<\/p>\n<p><span style=\"font-weight: 400;\">L&rsquo;outil est dot\u00e9 de tiges chrom\u00e9es et calibr\u00e9es et peut \u00eatre fix\u00e9 sur des surfaces pour une stabilit\u00e9 accrue. Pour une mesure correcte, il suffit de comprimer l&rsquo;amortisseur \u00e0 la main ou \u00e0 l&rsquo;aide d&rsquo;une sangle jusqu&rsquo;\u00e0 ce qu&rsquo;il soit bien en place, puis de le laisser se dilater spontan\u00e9ment, ou de le tirer jusqu&rsquo;\u00e0 sa position d&rsquo;extension maximale pour une mesure pr\u00e9cise. <\/span><\/p>\n<p>[\/et_pb_accordion_item][et_pb_accordion_item title=\u00a0\u00bbPuis-je utiliser cet outil pour les mesures de compression et d\u2019extension ? \u00a0\u00bb toggle_icon=\u00a0\u00bb&#xf054;||fa||900&Prime; _builder_version=\u00a0\u00bb4.26.0&Prime; _module_preset=\u00a0\u00bbdefault\u00a0\u00bb custom_margin=\u00a0\u00bb||0px||false|false\u00a0\u00bb global_colors_info=\u00a0\u00bb{}\u00a0\u00bb open=\u00a0\u00bboff\u00a0\u00bb]<\/p>\n<p><span style=\"font-weight: 400;\">Oui, l&rsquo;outil mesure avec pr\u00e9cision les longueurs comprim\u00e9es et \u00e9tendues. Une mesure professionnelle des amortisseurs n\u00e9cessite de v\u00e9rifier que les amortisseurs ont au moins 5 cm de d\u00e9battement en compression et 5 cm de d\u00e9battement en d\u00e9tente pour garantir le bon fonctionnement de la suspension. <\/span><\/p>\n<p>[\/et_pb_accordion_item][et_pb_accordion_item title=\u00a0\u00bbQuels diam\u00e8tres de montage sont inclus et pourquoi des tailles diff\u00e9rentes sont-elles n\u00e9cessaires ? \u00a0\u00bb toggle_icon=\u00a0\u00bb&#xf054;||fa||900&Prime; title_last_edited=\u00a0\u00bboff|desktop\u00a0\u00bb _builder_version=\u00a0\u00bb4.26.0&Prime; _module_preset=\u00a0\u00bbdefault\u00a0\u00bb custom_margin=\u00a0\u00bb||0px||false|false\u00a0\u00bb global_colors_info=\u00a0\u00bb{}\u00a0\u00bb title__hover_enabled=\u00a0\u00bboff|desktop\u00a0\u00bb open=\u00a0\u00bboff\u00a0\u00bb]<\/p>\n<p><span style=\"font-weight: 400;\">Le kit comprend des fixations de 10 mm, 12 mm et 13 mm pour s&rsquo;adapter aux diff\u00e9rentes tailles de bagues d&rsquo;amortisseurs des diff\u00e9rents constructeurs automobiles. Un montage correct est essentiel, car la pr\u00e9paration avant le remplissage est essentielle et affecte la pr\u00e9cision des mesures et des proc\u00e9dures d&rsquo;entretien. <\/span><\/p>\n<p>[\/et_pb_accordion_item][\/et_pb_accordion][\/et_pb_column][\/et_pb_row][\/et_pb_section]<\/p>\n","protected":false},"excerpt":{"rendered":"<p>Outil de mesure et d&rsquo;\u00e9tirement des amortisseurs pour ateliers professionnelsL&rsquo;outil d&rsquo;\u00e9tirement et de mesure d&rsquo;amortisseurs LABA7 est indispensable \u00e0 tout atelier professionnel. Fini les estimations approximatives : mesurez, aspirez et remplissez vos amortisseurs en toute confiance. Amortisseurs de service pour tous types de v\u00e9hiculesCe nouvel outil professionnel est disponible en deux tailles, permettant ainsi de [&hellip;]<\/p>\n","protected":false},"author":7,"featured_media":330697,"parent":331690,"menu_order":0,"comment_status":"closed","ping_status":"closed","template":"","meta":{"_acf_changed":false,"_et_pb_use_builder":"on","_et_pb_old_content":"","_et_gb_content_width":"","footnotes":""},"class_list":["post-331721","page","type-page","status-publish","has-post-thumbnail","hentry"],"acf":[],"yoast_head":"<!-- This site is optimized with the Yoast SEO plugin v25.3.1 - https:\/\/yoast.com\/wordpress\/plugins\/seo\/ -->\n<title>Outil d&#039;\u00e9tirement et de mesure des amortisseurs - LABA7<\/title>\n<meta name=\"description\" content=\"Fini les estimations. LABA7 Outil de mesure et d\u2019\u00e9tirement d\u2019amortisseur: 150-500 mm - 550 EUR et 300-1200 mm - 750 EUR.\" \/>\n<meta name=\"robots\" content=\"index, follow, max-snippet:-1, max-image-preview:large, max-video-preview:-1\" \/>\n<link rel=\"canonical\" href=\"https:\/\/laba7.com\/fr\/produits\/outil-detirement-et-de-mesure\/\" \/>\n<meta property=\"og:locale\" content=\"fr_FR\" \/>\n<meta property=\"og:type\" content=\"article\" \/>\n<meta property=\"og:title\" content=\"Outil de mesure et d&#039;\u00e9tirement d&#039;amortisseur\" \/>\n<meta property=\"og:description\" content=\"L&#039;outil d&#039;\u00e9tirement et de mesure des amortisseurs LABA7 vous permet de mesurer, aspirer et remplir les amortisseurs avec certitude. Fini les estimations.\" \/>\n<meta property=\"og:url\" content=\"https:\/\/laba7.com\/fr\/produits\/outil-detirement-et-de-mesure\/\" \/>\n<meta property=\"og:site_name\" content=\"LABA7\" \/>\n<meta property=\"article:publisher\" content=\"https:\/\/www.facebook.com\/LabaSeven\/\" \/>\n<meta property=\"article:modified_time\" content=\"2026-04-10T12:28:24+00:00\" \/>\n<meta property=\"og:image\" content=\"https:\/\/laba7.com\/wp-content\/uploads\/2023\/07\/shock-absorber-stretching-and-measuring-tool-with-semi-transparent-shock-absorber-300x300.webp\" \/>\n<!-- \/ Yoast SEO plugin. -->","yoast_head_json":{"title":"Outil d'\u00e9tirement et de mesure des amortisseurs - LABA7","description":"Fini les estimations. LABA7 Outil de mesure et d\u2019\u00e9tirement d\u2019amortisseur: 150-500 mm - 550 EUR et 300-1200 mm - 750 EUR.","robots":{"index":"index","follow":"follow","max-snippet":"max-snippet:-1","max-image-preview":"max-image-preview:large","max-video-preview":"max-video-preview:-1"},"canonical":"https:\/\/laba7.com\/fr\/produits\/outil-detirement-et-de-mesure\/","og_locale":"fr_FR","og_type":"article","og_title":"Outil de mesure et d'\u00e9tirement d'amortisseur","og_description":"L'outil d'\u00e9tirement et de mesure des amortisseurs LABA7 vous permet de mesurer, aspirer et remplir les amortisseurs avec certitude. Fini les estimations.","og_url":"https:\/\/laba7.com\/fr\/produits\/outil-detirement-et-de-mesure\/","og_site_name":"LABA7","article_publisher":"https:\/\/www.facebook.com\/LabaSeven\/","article_modified_time":"2026-04-10T12:28:24+00:00","og_image":[{"url":"https:\/\/laba7.com\/wp-content\/uploads\/2023\/07\/shock-absorber-stretching-and-measuring-tool-with-semi-transparent-shock-absorber-300x300.webp","type":"","width":"","height":""}],"schema":{"@context":"https:\/\/schema.org","@graph":false}},"_links":{"self":[{"href":"https:\/\/laba7.com\/fr\/wp-json\/wp\/v2\/pages\/331721","targetHints":{"allow":["GET"]}}],"collection":[{"href":"https:\/\/laba7.com\/fr\/wp-json\/wp\/v2\/pages"}],"about":[{"href":"https:\/\/laba7.com\/fr\/wp-json\/wp\/v2\/types\/page"}],"author":[{"embeddable":true,"href":"https:\/\/laba7.com\/fr\/wp-json\/wp\/v2\/users\/7"}],"replies":[{"embeddable":true,"href":"https:\/\/laba7.com\/fr\/wp-json\/wp\/v2\/comments?post=331721"}],"version-history":[{"count":34,"href":"https:\/\/laba7.com\/fr\/wp-json\/wp\/v2\/pages\/331721\/revisions"}],"predecessor-version":[{"id":343127,"href":"https:\/\/laba7.com\/fr\/wp-json\/wp\/v2\/pages\/331721\/revisions\/343127"}],"up":[{"embeddable":true,"href":"https:\/\/laba7.com\/fr\/wp-json\/wp\/v2\/pages\/331690"}],"wp:featuredmedia":[{"embeddable":true,"href":"https:\/\/laba7.com\/fr\/wp-json\/wp\/v2\/media\/330697"}],"wp:attachment":[{"href":"https:\/\/laba7.com\/fr\/wp-json\/wp\/v2\/media?parent=331721"}],"curies":[{"name":"wp","href":"https:\/\/api.w.org\/{rel}","templated":true}]}}