{"id":343454,"date":"2026-04-29T12:46:01","date_gmt":"2026-04-29T12:46:01","guid":{"rendered":"https:\/\/laba7.com\/5-jahre-eingeschraenkte-garantie-auf-superkondensatoren\/"},"modified":"2026-04-29T13:08:07","modified_gmt":"2026-04-29T13:08:07","slug":"5-jahre-eingeschraenkte-garantie-auf-superkondensatoren","status":"publish","type":"page","link":"https:\/\/laba7.com\/de\/5-jahre-eingeschraenkte-garantie-auf-superkondensatoren\/","title":{"rendered":"EMA-Garantie"},"content":{"rendered":"<p>[et_pb_section fb_built=&#8220;1&#8243; admin_label=&#8220;section&#8220; _builder_version=&#8220;4.26.0&#8243; background_color=&#8220;#000000&#8243; global_colors_info=&#8220;{}&#8220; theme_builder_area=&#8220;post_content&#8220;][et_pb_row admin_label=&#8220;row&#8220; _builder_version=&#8220;4.16&#8243; background_size=&#8220;initial&#8220; background_position=&#8220;top_left&#8220; background_repeat=&#8220;repeat&#8220; global_colors_info=&#8220;{}&#8220; theme_builder_area=&#8220;post_content&#8220;][et_pb_column type=&#8220;4_4&#8243; _builder_version=&#8220;4.16&#8243; custom_padding=&#8220;|||&#8220; global_colors_info=&#8220;{}&#8220; custom_padding__hover=&#8220;|||&#8220; theme_builder_area=&#8220;post_content&#8220;][et_pb_heading title=&#8220;Cookie-Richtlinie&#8220; _builder_version=&#8220;4.26.0&#8243; _module_preset=&#8220;default&#8220; title_text_color=&#8220;#FFFFFF&#8220; global_colors_info=&#8220;{}&#8220; theme_builder_area=&#8220;post_content&#8220;][\/et_pb_heading][et_pb_text _builder_version=&#8220;4.26.0&#8243; _module_preset=&#8220;default&#8220; hover_enabled=&#8220;0&#8243; global_colors_info=&#8220;{}&#8220; theme_builder_area=&#8220;post_content&#8220; sticky_enabled=&#8220;0&#8243;]<\/p>\n<h1 style=\"text-align: center;\"><strong><span style=\"color: #ffffff;\">LABA7 EMA 5-Jahres-Garantiebestimmungen f\u00fcr Superkondensatoren<\/span><\/strong><\/h1>\n<p><strong><span style=\"color: #ffffff;\"> <\/span><\/strong><\/p>\n<h2>1. Deckungs- und Leistungsgarantie<\/h2>\n<p>LABA7 garantiert, dass der in <a href=\"https:\/\/laba7.com\/de\/produkte\/daempfer-pruefsystem\/\">LABA7 EMA-Systeme<\/a> integrierte Superkondensatorbus (nachfolgend \u201eNetzteil\u201c) frei von Material- und Verarbeitungsfehlern bleibt und f\u00fcr einen Zeitraum von f\u00fcnf (5) Jahren ab dem Datum der urspr\u00fcnglichen Inbetriebnahme eine ausreichende Betriebskapazit\u00e4t zur Stromversorgung der Ger\u00e4te aufweist.<\/p>\n<p>Im Rahmen dieser Garantie gew\u00e4hrleistet LABA7 die Funktionssicherheit: Sollte das Netzteil einen Funktionsausfall erleiden oder sich so weit verschlechtern, dass das EMA-System seine ver\u00f6ffentlichten Testspezifikationen nicht mehr erf\u00fcllen kann, wird LABA7 das Netzteil kostenlos reparieren oder ersetzen.<\/p>\n<p>&nbsp;<\/p>\n<h2>2. Bedingungen f\u00fcr die Inanspruchnahme der Garantie <\/h2>\n<p>Diese eingeschr\u00e4nkte Garantie bleibt nur g\u00fcltig, wenn das EMA-System und das Netzteil gem\u00e4\u00df den Standardbetriebsrichtlinien von LABA7 betrieben werden. Die Garantie gilt unter folgenden Bedingungen: <\/p>\n<ul>\n<li aria-level=\"1\">Normale Verwendung: Das Ger\u00e4t wird den standardm\u00e4\u00dfigen, vorgesehenen Betriebszyklen unterzogen, die f\u00fcr normale Sto\u00dfpr\u00fcfstands- und EMA-Pr\u00fcfumgebungen charakteristisch sind.<\/li>\n<li aria-level=\"1\">Richtiges W\u00e4rmemanagement: Der EMA-Schrank wird in einer gut bel\u00fcfteten Umgebung betrieben, in der die werkseitig installierten K\u00fchlsysteme (Konvektionsl\u00fcfter, L\u00fcftungsschlitze) aktiv, frei und ordnungsgem\u00e4\u00df gewartet sind, um eine systembedingte \u00dcberhitzung zu verhindern.<\/li>\n<li aria-level=\"1\">System Integrity: The Power Supply Unit is utilized exclusively in conjunction with the original, unmodified LABA7 inverter and bus-capacitor filter stage, operating strictly within the factory-configured 700 VDC bus limit.<\/li>\n<\/ul>\n<p>&nbsp;<\/p>\n<h2>3. Warranty Exclusions <\/h2>\n<p>Diese Garantie deckt keine Ausf\u00e4lle, Funktionsst\u00f6rungen oder Sch\u00e4den des Netzteils ab, die durch Folgendes verursacht werden:<\/p>\n<ul>\n<li aria-level=\"1\">Missbr\u00e4uchliche oder anormale Betriebszyklen: Eine Nutzung, die weit \u00fcber die \u00fcblichen kommerziellen Testanwendungen hinausgeht, wie z. B. ein kontinuierlicher, ununterbrochener 24\/7-Hochlastbetrieb ohne die vorgesehenen Ruhezeiten des Systems oder ohne Abschalten des unter Spannung stehenden Busses, wenn nicht aktiv getestet wird.<\/li>\n<li aria-level=\"1\">Physische Besch\u00e4digung &amp; unsachgem\u00e4\u00dfe Handhabung: Jeglicher Ausfall, der durch versehentliches Fallenlassen, St\u00f6\u00dfe, Eindringen von Fl\u00fcssigkeiten, Umweltverschmutzung oder unsachgem\u00e4\u00dfe physische Handhabung des Ger\u00e4ts oder der Superkondensatormodule verursacht wird.<\/li>\n<li aria-level=\"1\">Thermische \u00dcberbeanspruchung: Der Betrieb des EMA-Systems in Umgebungen mit hohen Temperaturen ohne ausreichende Klimaanlage oder die Behinderung der internen K\u00fchlmechanismen der Maschine f\u00fchren zu anhaltenden extremen Temperaturen, die einen vorzeitigen thermischen Abbau der Zellen verursachen.<\/li>\n<li aria-level=\"1\">Nicht autorisierte Modifikationen: Umgehen, Ver\u00e4ndern oder Modifizieren des werkseitigen Wechselrichters, der Leistungsstufen oder der K\u00fchlsysteme, wodurch die Superkondensatoren \u00fcberm\u00e4\u00dfiger Hitze oder ungefilterten hochfrequenten Stromwelligkeiten ausgesetzt w\u00fcrden.<\/li>\n<li aria-level=\"1\">Integration von Drittanbietern: Ausbau der LABA7-Superkondensatormodule zur Verwendung in Testger\u00e4ten, die nicht zu LABA7 geh\u00f6ren, oder Integration nicht zugelassener Hardware von Drittanbietern in die LABA7-Leistungsarchitektur.<\/li>\n<li aria-level=\"1\">H\u00f6here Gewalt: Sch\u00e4den, die durch \u00e4u\u00dfere elektrische St\u00f6rungen (z. B. starke Stromst\u00f6\u00dfe, Blitzeinschl\u00e4ge), Br\u00e4nde, \u00dcberschwemmungen oder andere Naturkatastrophen verursacht werden.<\/li>\n<\/ul>\n<p>&nbsp;<\/p>\n<h2>4. Schadensabwicklung<\/h2>\n<p>Im Falle eines nachgewiesenen Funktionsausfalls des Netzteils innerhalb der Garantiezeit besteht die einzige Verpflichtung von LABA7 darin, nach eigenem Ermessen ein Ersatz-Superkondensatormodul zu liefern oder das vorhandene Netzteil zu reparieren, um die volle Betriebsf\u00e4higkeit des EMA-Systems wiederherzustellen.<\/p>\n<p>&nbsp;<\/p>\n<p>[\/et_pb_text][\/et_pb_column][\/et_pb_row][\/et_pb_section]<\/p>\n","protected":false},"excerpt":{"rendered":"<p>LABA7 EMA 5-Jahres-Garantiebestimmungen f\u00fcr Superkondensatoren 1. Deckungs- und Leistungsgarantie LABA7 garantiert, dass der in LABA7 EMA-Systeme integrierte Superkondensatorbus (nachfolgend \u201eNetzteil\u201c) frei von Material- und Verarbeitungsfehlern bleibt und f\u00fcr einen Zeitraum von f\u00fcnf (5) Jahren ab dem Datum der urspr\u00fcnglichen Inbetriebnahme eine ausreichende Betriebskapazit\u00e4t zur Stromversorgung der Ger\u00e4te aufweist. Im Rahmen dieser Garantie gew\u00e4hrleistet LABA7 die [&hellip;]<\/p>\n","protected":false},"author":2,"featured_media":331073,"parent":0,"menu_order":0,"comment_status":"closed","ping_status":"closed","template":"","meta":{"_acf_changed":false,"_et_pb_use_builder":"on","_et_pb_old_content":"","_et_gb_content_width":"","footnotes":""},"class_list":["post-343454","page","type-page","status-publish","has-post-thumbnail","hentry"],"acf":[],"yoast_head":"<!-- This site is optimized with the Yoast SEO plugin v25.3.1 - https:\/\/yoast.com\/wordpress\/plugins\/seo\/ -->\n<title>LABA7 EMA 5-Jahres-Garantie f\u00fcr Superkondensatoren<\/title>\n<meta name=\"description\" content=\"LABA7 EMA 5-Jahres-Garantie f\u00fcr Superkondensatoren: Deckt Defekte und Betriebskapazit\u00e4t f\u00fcr 5 Jahre ab Inbetriebnahme ab.\" \/>\n<meta name=\"robots\" content=\"index, follow, max-snippet:-1, max-image-preview:large, max-video-preview:-1\" \/>\n<link rel=\"canonical\" href=\"https:\/\/laba7.com\/de\/5-jahre-eingeschraenkte-garantie-auf-superkondensatoren\/\" \/>\n<meta property=\"og:locale\" content=\"de_DE\" \/>\n<meta property=\"og:type\" content=\"article\" \/>\n<meta property=\"og:title\" content=\"LABA7 EMA 5-Jahres-Garantie f\u00fcr Superkondensatoren\" \/>\n<meta property=\"og:description\" content=\"LABA7 EMA 5-Jahres-Garantie f\u00fcr Superkondensatoren: Deckt Defekte und Betriebskapazit\u00e4t f\u00fcr 5 Jahre ab Inbetriebnahme ab.\" \/>\n<meta property=\"og:url\" content=\"https:\/\/laba7.com\/de\/5-jahre-eingeschraenkte-garantie-auf-superkondensatoren\/\" \/>\n<meta property=\"og:site_name\" content=\"LABA7\" \/>\n<meta property=\"article:publisher\" content=\"https:\/\/www.facebook.com\/LabaSeven\/\" \/>\n<meta property=\"article:modified_time\" content=\"2026-04-29T13:08:07+00:00\" \/>\n<meta property=\"og:image\" content=\"https:\/\/laba7.com\/wp-content\/uploads\/2023\/07\/Laba7-logo-square-black-300x300.png\" \/>\n<!-- \/ Yoast SEO plugin. -->","yoast_head_json":{"title":"LABA7 EMA 5-Jahres-Garantie f\u00fcr Superkondensatoren","description":"LABA7 EMA 5-Jahres-Garantie f\u00fcr Superkondensatoren: Deckt Defekte und Betriebskapazit\u00e4t f\u00fcr 5 Jahre ab Inbetriebnahme ab.","robots":{"index":"index","follow":"follow","max-snippet":"max-snippet:-1","max-image-preview":"max-image-preview:large","max-video-preview":"max-video-preview:-1"},"canonical":"https:\/\/laba7.com\/de\/5-jahre-eingeschraenkte-garantie-auf-superkondensatoren\/","og_locale":"de_DE","og_type":"article","og_title":"LABA7 EMA 5-Jahres-Garantie f\u00fcr Superkondensatoren","og_description":"LABA7 EMA 5-Jahres-Garantie f\u00fcr Superkondensatoren: Deckt Defekte und Betriebskapazit\u00e4t f\u00fcr 5 Jahre ab Inbetriebnahme ab.","og_url":"https:\/\/laba7.com\/de\/5-jahre-eingeschraenkte-garantie-auf-superkondensatoren\/","og_site_name":"LABA7","article_publisher":"https:\/\/www.facebook.com\/LabaSeven\/","article_modified_time":"2026-04-29T13:08:07+00:00","og_image":[{"url":"https:\/\/laba7.com\/wp-content\/uploads\/2023\/07\/Laba7-logo-square-black-300x300.png","type":"","width":"","height":""}],"schema":{"@context":"https:\/\/schema.org","@graph":false}},"_links":{"self":[{"href":"https:\/\/laba7.com\/de\/wp-json\/wp\/v2\/pages\/343454","targetHints":{"allow":["GET"]}}],"collection":[{"href":"https:\/\/laba7.com\/de\/wp-json\/wp\/v2\/pages"}],"about":[{"href":"https:\/\/laba7.com\/de\/wp-json\/wp\/v2\/types\/page"}],"author":[{"embeddable":true,"href":"https:\/\/laba7.com\/de\/wp-json\/wp\/v2\/users\/2"}],"replies":[{"embeddable":true,"href":"https:\/\/laba7.com\/de\/wp-json\/wp\/v2\/comments?post=343454"}],"version-history":[{"count":2,"href":"https:\/\/laba7.com\/de\/wp-json\/wp\/v2\/pages\/343454\/revisions"}],"predecessor-version":[{"id":343456,"href":"https:\/\/laba7.com\/de\/wp-json\/wp\/v2\/pages\/343454\/revisions\/343456"}],"wp:featuredmedia":[{"embeddable":true,"href":"https:\/\/laba7.com\/de\/wp-json\/wp\/v2\/media\/331073"}],"wp:attachment":[{"href":"https:\/\/laba7.com\/de\/wp-json\/wp\/v2\/media?parent=343454"}],"curies":[{"name":"wp","href":"https:\/\/api.w.org\/{rel}","templated":true}]}}