{"id":341040,"date":"2025-09-12T07:30:24","date_gmt":"2025-09-12T07:30:24","guid":{"rendered":"https:\/\/laba7.com\/fallstudien\/"},"modified":"2026-02-27T13:07:39","modified_gmt":"2026-02-27T13:07:39","slug":"fallstudien","status":"publish","type":"page","link":"https:\/\/laba7.com\/de\/fallstudien\/","title":{"rendered":"Fallstudien"},"content":{"rendered":"<p>[et_pb_section fb_built=&#8220;1&#8243; _builder_version=&#8220;4.24.0&#8243; _module_preset=&#8220;default&#8220; global_colors_info=&#8220;{}&#8220;][et_pb_row _builder_version=&#8220;4.26.0&#8243; _module_preset=&#8220;default&#8220; width_tablet=&#8220;90%&#8220; width_phone=&#8220;90%&#8220; width_last_edited=&#8220;on|tablet&#8220; module_alignment=&#8220;center&#8220; custom_padding=&#8220;||||false|false&#8220; global_colors_info=&#8220;{}&#8220;][et_pb_column type=&#8220;4_4&#8243; _builder_version=&#8220;4.26.0&#8243; _module_preset=&#8220;default&#8220; global_colors_info=&#8220;{}&#8220;][et_pb_text _builder_version=&#8220;4.26.0&#8243; _module_preset=&#8220;default&#8220; header_font=&#8220;Roboto||||||||&#8220; header_text_color=&#8220;#FFFFFF&#8220; header_font_size=&#8220;50px&#8220; custom_margin=&#8220;100px||||false|false&#8220; custom_padding=&#8220;20px||20px||false|false&#8220; global_colors_info=&#8220;{}&#8220;]<\/p>\n<h1 style=\"text-align: center;\">LABA7-Fallstudien<\/h1>\n<p>[\/et_pb_text][et_pb_text _builder_version=&#8220;4.26.0&#8243; _module_preset=&#8220;default&#8220; custom_padding=&#8220;20px|20px|20px|20px|false|false&#8220; global_colors_info=&#8220;{}&#8220;]<\/p>\n<p style=\"text-align: center;\">Willkommen auf der Seite f\u00fcr LABA7-Fallstudien.<\/p>\n<p style=\"text-align: center;\">Hier finden Sie Praxisbeispiele, wie Fachleute und Ingenieurteams LABA7-Ger\u00e4te nutzen, um Leistungseinblicke zu gewinnen. Jede Fallstudie beleuchtet praktische Setups, Testergebnisse und wichtige Ergebnisse. <\/p>\n<p style=\"text-align: center;\">Egal, ob Sie mit Rennanwendungen oder in der Forschungs- und Entwicklungsabteilung arbeiten, diese Geschichten zeigen, was mit den richtigen Daten m\u00f6glich ist.<\/p>\n<p>[\/et_pb_text][\/et_pb_column][\/et_pb_row][et_pb_row _builder_version=&#8220;4.26.0&#8243; _module_preset=&#8220;default&#8220; global_colors_info=&#8220;{}&#8220;][et_pb_column type=&#8220;4_4&#8243; _builder_version=&#8220;4.26.0&#8243; _module_preset=&#8220;default&#8220; global_colors_info=&#8220;{}&#8220;][et_pb_image src=&#8220;https:\/\/laba7.com\/wp-content\/uploads\/2025\/09\/LABA7-Case-Studies.webp&#8220; alt=&#8220;LABA7-Fallstudien&#8220; title_text=&#8220;LABA7-Fallstudien&#8220; _builder_version=&#8220;4.26.0&#8243; _module_preset=&#8220;default&#8220; global_colors_info=&#8220;{}&#8220;][\/et_pb_image][\/et_pb_column][\/et_pb_row][\/et_pb_section][et_pb_section fb_built=&#8220;1&#8243; _builder_version=&#8220;4.20.4&#8243; _module_preset=&#8220;default&#8220; custom_padding=&#8220;20px|20px|20px|20px|false|false&#8220; global_colors_info=&#8220;{}&#8220;][et_pb_row make_equal=&#8220;on&#8220; _builder_version=&#8220;4.26.0&#8243; _module_preset=&#8220;default&#8220; custom_padding=&#8220;||||false|false&#8220; global_colors_info=&#8220;{}&#8220;][et_pb_column type=&#8220;4_4&#8243; _builder_version=&#8220;4.20.4&#8243; _module_preset=&#8220;default&#8220; global_colors_info=&#8220;{}&#8220;][et_pb_text _builder_version=&#8220;4.26.0&#8243; _module_preset=&#8220;default&#8220; header_font=&#8220;Roboto||||||||&#8220; header_text_color=&#8220;#FFFFFF&#8220; header_2_font=&#8220;Roboto|300|||||||&#8220; custom_margin=&#8220;||||false|false&#8220; custom_padding=&#8220;||||false|false&#8220; global_colors_info=&#8220;{}&#8220;]<\/p>\n<h2 style=\"text-align: center;\">Fallstudie: <strong>Elektromagnetische D\u00e4mpfertests f\u00fcr weltweiten Erfolg in F2 und F3<\/strong><\/h2>\n<p>[\/et_pb_text][\/et_pb_column][\/et_pb_row][et_pb_row column_structure=&#8220;3_5,2_5&#8243; use_custom_gutter=&#8220;on&#8220; gutter_width=&#8220;2&#8243; make_equal=&#8220;on&#8220; _builder_version=&#8220;4.26.0&#8243; _module_preset=&#8220;default&#8220; width_tablet=&#8220;90%&#8220; width_phone=&#8220;90%&#8220; width_last_edited=&#8220;on|phone&#8220; custom_padding=&#8220;||||false|false&#8220; box_shadow_style=&#8220;preset1&#8243; global_colors_info=&#8220;{}&#8220;][et_pb_column type=&#8220;3_5&#8243; _builder_version=&#8220;4.26.0&#8243; _module_preset=&#8220;default&#8220; custom_padding=&#8220;20px|20px|20px|20px|false|false&#8220; custom_css_main_element=&#8220;align-self: center;&#8220; border_radii=&#8220;on|5px|5px|5px|5px&#8220; border_color_all=&#8220;#424242&#8243; global_colors_info=&#8220;{}&#8220;][et_pb_text _builder_version=&#8220;4.26.0&#8243; _module_preset=&#8220;default&#8220; custom_padding=&#8220;20px|20px|20px|20px|false|false&#8220; border_radii=&#8220;on|5px|5px|5px|5px&#8220; border_width_all=&#8220;1px&#8220; border_color_all=&#8220;#424242&#8243; box_shadow_style=&#8220;preset1&#8243; box_shadow_color=&#8220;rgba(79,79,79,0.49)&#8220; global_colors_info=&#8220;{}&#8220;]<\/p>\n<h3>Unternehmen: <strong><a href=\"https:\/\/aixracing.com\/\" target=\"_blank\" rel=\"nofollow noopener noreferrer\">AIX Racing<\/a> &#8211; FIA Formel 2 &amp; Formel 3 Team<\/strong><\/h3>\n<h3>Herausforderung<\/h3>\n<p>Der Wettbewerb in der Formel 2 und Formel 3 erfordert von jeder Komponente, einschlie\u00dflich der Aufh\u00e4ngung, eine nahezu perfekte Leistung. AIX Racing suchte nach einer L\u00f6sung, die drei zentrale Herausforderungen bew\u00e4ltigen sollte: ein besseres Verst\u00e4ndnis des D\u00e4mpferverhaltens, die Steuerung der Reifenleistung und die Verlagerung der Entwicklungsprozesse ins eigene Unternehmen, um die Abh\u00e4ngigkeit von externen Dienstleistern zu verringern. <\/p>\n<h3>L\u00f6sung<\/h3>\n<p>AIX Racing entschied sich f\u00fcr das elektromagnetische D\u00e4mpfertestsystem (EMA) LABA7. Es bietet geringe Latenz, Pr\u00e4zision und einen sehr kompakten Platzbedarf. Neben umfassender Forschung und Entwicklung nutzt das Team das EMA, um die D\u00e4mpfer nach jedem Rennen zu testen und sicherzustellen, dass die Streckeneinstellungen mit der im Labor gemessenen Leistung \u00fcbereinstimmen.  <\/p>\n<h3>Ergebnis<\/h3>\n<p>AIX Racing berichtet <strong>von verbesserten Rundenzeiten, besserem Handling und optimierter Reifenleistung<\/strong> als direkte Folge des Einsatzes von LABA7 EMA. Die M\u00f6glichkeit, D\u00e4mpfer intern zu testen und zu entwickeln, gew\u00e4hrleistet die Unabh\u00e4ngigkeit des Teams, was zu schnelleren Iterationen und messbaren Verbesserungen f\u00fchrt, die die Fahrer auf der Strecke sp\u00fcren. <\/p>\n<p><a href=\"https:\/\/laba7.com\/blog\/aix-racing-case-study-electromagnetic-success-in-f2-f3\/\">Lesen Sie die vollst\u00e4ndige Fallstudie<\/a><\/p>\n<p>[\/et_pb_text][\/et_pb_column][et_pb_column type=&#8220;2_5&#8243; _builder_version=&#8220;4.26.0&#8243; _module_preset=&#8220;default&#8220; custom_padding=&#8220;20px|20px|20px|20px|false|false&#8220; custom_css_main_element=&#8220;align-self: center;&#8220; border_radii=&#8220;on|5px|5px|5px|5px&#8220; border_color_all=&#8220;#424242&#8243; global_colors_info=&#8220;{}&#8220;][et_pb_image src=&#8220;https:\/\/laba7.com\/wp-content\/uploads\/2025\/09\/AIX-Racing-Case-Study-LABA7.webp&#8220; alt=&#8220;AIX Racing Fallstudie LABA7&#8243; title_text=&#8220;AIX Racing Fallstudie LABA7&#8243; align=&#8220;center&#8220; _builder_version=&#8220;4.26.0&#8243; _module_preset=&#8220;default&#8220; global_colors_info=&#8220;{}&#8220;][\/et_pb_image][\/et_pb_column][\/et_pb_row][\/et_pb_section][et_pb_section fb_built=&#8220;1&#8243; _builder_version=&#8220;4.20.4&#8243; _module_preset=&#8220;default&#8220; custom_padding=&#8220;20px|20px|20px|20px|false|false&#8220; global_colors_info=&#8220;{}&#8220;][et_pb_row make_equal=&#8220;on&#8220; _builder_version=&#8220;4.26.0&#8243; _module_preset=&#8220;default&#8220; custom_padding=&#8220;||||false|false&#8220; global_colors_info=&#8220;{}&#8220;][et_pb_column type=&#8220;4_4&#8243; _builder_version=&#8220;4.20.4&#8243; _module_preset=&#8220;default&#8220; global_colors_info=&#8220;{}&#8220;][et_pb_text _builder_version=&#8220;4.26.0&#8243; _module_preset=&#8220;default&#8220; header_font=&#8220;Roboto||||||||&#8220; header_text_color=&#8220;#FFFFFF&#8220; header_2_font=&#8220;Roboto|300|||||||&#8220; custom_margin=&#8220;||||false|false&#8220; custom_padding=&#8220;||||false|false&#8220; global_colors_info=&#8220;{}&#8220;]<\/p>\n<h2 style=\"text-align: center;\">Fallstudie: <strong>Wie Samsonas Motorsport die D\u00e4mpferentwicklung mit LABA7 EMA transformierte<\/strong><\/h2>\n<p>[\/et_pb_text][\/et_pb_column][\/et_pb_row][et_pb_row column_structure=&#8220;3_5,2_5&#8243; use_custom_gutter=&#8220;on&#8220; gutter_width=&#8220;2&#8243; make_equal=&#8220;on&#8220; _builder_version=&#8220;4.26.0&#8243; _module_preset=&#8220;default&#8220; width_tablet=&#8220;90%&#8220; width_phone=&#8220;90%&#8220; width_last_edited=&#8220;on|phone&#8220; custom_padding=&#8220;||||false|false&#8220; box_shadow_style=&#8220;preset1&#8243; global_colors_info=&#8220;{}&#8220;][et_pb_column type=&#8220;3_5&#8243; _builder_version=&#8220;4.26.0&#8243; _module_preset=&#8220;default&#8220; custom_padding=&#8220;20px|20px|20px|20px|false|false&#8220; custom_css_main_element=&#8220;align-self: center;&#8220; border_radii=&#8220;on|5px|5px|5px|5px&#8220; border_color_all=&#8220;#424242&#8243; global_colors_info=&#8220;{}&#8220;][et_pb_text _builder_version=&#8220;4.26.0&#8243; _module_preset=&#8220;default&#8220; custom_padding=&#8220;20px|20px|20px|20px|false|false&#8220; border_radii=&#8220;on|5px|5px|5px|5px&#8220; border_width_all=&#8220;1px&#8220; border_color_all=&#8220;#424242&#8243; box_shadow_style=&#8220;preset1&#8243; box_shadow_color=&#8220;rgba(79,79,79,0.49)&#8220; global_colors_info=&#8220;{}&#8220;]<\/p>\n<h3>Unternehmen: <strong><a href=\"https:\/\/samsonas.com\/\" target=\"_blank\" rel=\"nofollow noopener noreferrer\">Samsonas Motorsport <\/a>\u2013 Getriebe- und D\u00e4mpferunternehmen<\/strong><\/h3>\n<h3>Herausforderung<\/h3>\n<p>Samsonas Motorsport entwickelt Hochleistungsgetriebe und Sto\u00dfd\u00e4mpfer f\u00fcr anspruchsvolle Motorsportkategorien. Trotz jahrelanger Erfahrung wollten die Ingenieure besser verstehen, was im Inneren eines D\u00e4mpfers tats\u00e4chlich passiert. Herk\u00f6mmliche Tests lieferten zwar einige Daten, jedoch nicht in dem Umfang, der zur Optimierung des Ventil- und \u00d6lverhaltens erforderlich war.  <\/p>\n<h3>L\u00f6sung<\/h3>\n<p>Das Team von Samsonas Motorsport integrierte das elektromagnetische D\u00e4mpfertestsystem (EMA) LABA7 in seinen F&amp;E-Workflow. Dank des elektromagnetischen Aktuators und der schnellen Steuerung konnten die D\u00e4mpferkr\u00e4fte in Echtzeit erfasst werden \u2013 selbst bei der Simulation schnell wechselnder Geschwindigkeiten auf Rallye-Etappen. Zus\u00e4tzlich gelang es Samsonas Motorsport, durch die Integration externer Temperatur- und Druckmodule die Entwicklung des D\u00e4mpferverhaltens w\u00e4hrend der Fahrt (in Echtzeit) zu erfassen.   <\/p>\n<h3>Ergebnis<\/h3>\n<p>LABA7 EMA erm\u00f6glichte es ihnen, bisher unbekannte D\u00e4mpferleistungsdaten zu erschlie\u00dfen. Druck, Temperatur und andere dynamische Effekte konnten nun in Echtzeit beobachtet werden. Dieses sofortige Feedback half ihnen, Ventilentscheidungen zu verfeinern, \u00c4nderungen vor Ort zu validieren und erhebliche Kosten zu sparen, indem sie einen Gro\u00dfteil der Tests vom Fahrzeug ins Labor verlagerten.  <\/p>\n<p>Heute schlie\u00dft die EMA die L\u00fccke zwischen Hypothese und Validierung. Sie macht Samsonas Motorsport in jedem Entwicklungsschritt schneller, effizienter und pr\u00e4ziser. <\/p>\n<p><a href=\"https:\/\/laba7.com\/blog\/case-study-how-samsonas-motorsport-transformed-damper-development-with-laba7-ema\/\">Lesen Sie die vollst\u00e4ndige Fallstudie<\/a><\/p>\n<p>[\/et_pb_text][\/et_pb_column][et_pb_column type=&#8220;2_5&#8243; _builder_version=&#8220;4.26.0&#8243; _module_preset=&#8220;default&#8220; custom_padding=&#8220;20px|20px|20px|20px|false|false&#8220; custom_css_main_element=&#8220;align-self: center;&#8220; border_radii=&#8220;on|5px|5px|5px|5px&#8220; border_color_all=&#8220;#424242&#8243; global_colors_info=&#8220;{}&#8220;][et_pb_image src=&#8220;https:\/\/laba7.com\/wp-content\/uploads\/2025\/10\/Samsonas-Motorsport-Case-Study.webp&#8220; alt=&#8220;Fallstudie von Samsonas Motorsport&#8220; title_text=&#8220;Fallstudie von Samsonas Motorsport&#8220; align=&#8220;center&#8220; _builder_version=&#8220;4.26.0&#8243; _module_preset=&#8220;default&#8220; global_colors_info=&#8220;{}&#8220;][\/et_pb_image][\/et_pb_column][\/et_pb_row][\/et_pb_section][et_pb_section fb_built=&#8220;1&#8243; _builder_version=&#8220;4.20.4&#8243; _module_preset=&#8220;default&#8220; custom_padding=&#8220;20px|20px|20px|20px|false|false&#8220; global_colors_info=&#8220;{}&#8220;][et_pb_row make_equal=&#8220;on&#8220; _builder_version=&#8220;4.26.0&#8243; _module_preset=&#8220;default&#8220; custom_padding=&#8220;||||false|false&#8220; global_colors_info=&#8220;{}&#8220;][et_pb_column type=&#8220;4_4&#8243; _builder_version=&#8220;4.20.4&#8243; _module_preset=&#8220;default&#8220; global_colors_info=&#8220;{}&#8220;][et_pb_text _builder_version=&#8220;4.26.0&#8243; _module_preset=&#8220;default&#8220; header_font=&#8220;Roboto||||||||&#8220; header_text_color=&#8220;#FFFFFF&#8220; header_2_font=&#8220;Roboto|300|||||||&#8220; custom_margin=&#8220;||||false|false&#8220; custom_padding=&#8220;||||false|false&#8220; global_colors_info=&#8220;{}&#8220;]<\/p>\n<h2 style=\"text-align: center;\">Fallstudie: <strong>Wachstum kleiner Unternehmen mit LABA7<\/strong><\/h2>\n<p>[\/et_pb_text][\/et_pb_column][\/et_pb_row][et_pb_row column_structure=&#8220;3_5,2_5&#8243; use_custom_gutter=&#8220;on&#8220; gutter_width=&#8220;2&#8243; make_equal=&#8220;on&#8220; _builder_version=&#8220;4.26.0&#8243; _module_preset=&#8220;default&#8220; width_tablet=&#8220;90%&#8220; width_phone=&#8220;90%&#8220; width_last_edited=&#8220;on|phone&#8220; custom_padding=&#8220;||||false|false&#8220; box_shadow_style=&#8220;preset1&#8243; global_colors_info=&#8220;{}&#8220;][et_pb_column type=&#8220;3_5&#8243; _builder_version=&#8220;4.26.0&#8243; _module_preset=&#8220;default&#8220; custom_padding=&#8220;20px|20px|20px|20px|false|false&#8220; custom_css_main_element=&#8220;align-self: center;&#8220; border_radii=&#8220;on|5px|5px|5px|5px&#8220; border_color_all=&#8220;#424242&#8243; global_colors_info=&#8220;{}&#8220;][et_pb_text _builder_version=&#8220;4.26.0&#8243; _module_preset=&#8220;default&#8220; custom_padding=&#8220;20px|20px|20px|20px|false|false&#8220; hover_enabled=&#8220;0&#8243; border_radii=&#8220;on|5px|5px|5px|5px&#8220; border_width_all=&#8220;1px&#8220; border_color_all=&#8220;#424242&#8243; box_shadow_style=&#8220;preset1&#8243; box_shadow_color=&#8220;rgba(79,79,79,0.49)&#8220; global_colors_info=&#8220;{}&#8220; sticky_enabled=&#8220;0&#8243;]<\/p>\n<h3>Unternehmen: <a href=\"https:\/\/stepstopodium.com\/\" target=\"_blank\" rel=\"nofollow noopener noreferrer\">Steps to Podium<\/a> \u2013 <strong>Fahrwerksentwicklung, Beratung und Schulung<\/strong><\/h3>\n<h3>Herausforderung<\/h3>\n<p>Luis Peixoto<span> <\/span>hatte mit<span> <\/span>der \u201eBlinddiagnose\u201c zu k\u00e4mpfen. Es war schwierig und zeitaufwendig, einen Ausgangswert zu ermitteln, ohne die Federraten und den Zustand des D\u00e4mpfungssystems zu kennen. Dieses R\u00e4tselraten verschwendete<span data-feedback-id=\"insertion-232-236\" data-feedback-category=\"grammar\" data-feedback-source=\"instant-feedback\" class=\"g0-inline-suggestion\"> <\/span>wertvolle<span> <\/span>Arbeitsstunden,<span> <\/span>f\u00fchrte zu<span> <\/span>Missverst\u00e4ndnissen und begrenzte den Gesamtdurchsatz.<\/p>\n<h3>L\u00f6sung<\/h3>\n<p>Luis integrierte den LABA7 Light Shock Dyno, den Federratentester, den Vakuumentl\u00fcfter und weitere LABA7-Fahrwerksmessger\u00e4te. Mithilfe dieser Ger\u00e4te zerlegte er komplexe \u00dcberholungen in messbare Mikroprozesse. Der ingenieurtechnisch gepr\u00e4gte Arbeitsablauf ersetzte das R\u00e4tselraten durch verifizierbare Eingangs- und Ausgangswerte f\u00fcr jeden Auftrag.  <\/p>\n<h3>Ergebnis<\/h3>\n<p>Luis erreichte hundertprozentige Kundenzufriedenheit und erlangte die volle Kontrolle \u00fcber den Ruf seiner Werkstatt. Wiederholbare Tests eliminierten potenzielle Fehler und gew\u00e4hrleisteten die Lieferung datengest\u00fctzter Ergebnisse anstelle von Annahmen. <\/p>\n<p><a href=\"https:\/\/laba7.com\/blog\/data-driven-vehicle-suspension-repairs\/\">Lesen Sie die vollst\u00e4ndige Fallstudie<\/a><\/p>\n<p>[\/et_pb_text][\/et_pb_column][et_pb_column type=&#8220;2_5&#8243; _builder_version=&#8220;4.26.0&#8243; _module_preset=&#8220;default&#8220; custom_padding=&#8220;20px|20px|20px|20px|false|false&#8220; custom_css_main_element=&#8220;align-self: center;&#8220; border_radii=&#8220;on|5px|5px|5px|5px&#8220; border_color_all=&#8220;#424242&#8243; global_colors_info=&#8220;{}&#8220;][et_pb_image src=&#8220;https:\/\/laba7.com\/wp-content\/uploads\/2026\/02\/Luis-Peixoto-Steps-to-Podium.webp&#8220; alt=&#8220;Luis Peixoto &#8211; Steps to Podium&#8220; title_text=&#8220;Luis Peixoto &#8211; Steps to Podium&#8220; align=&#8220;center&#8220; _builder_version=&#8220;4.26.0&#8243; _module_preset=&#8220;default&#8220; global_colors_info=&#8220;{}&#8220;][\/et_pb_image][\/et_pb_column][\/et_pb_row][\/et_pb_section][et_pb_section fb_built=&#8220;1&#8243; _builder_version=&#8220;4.26.0&#8243; _module_preset=&#8220;default&#8220; global_colors_info=&#8220;{}&#8220;][et_pb_row _builder_version=&#8220;4.26.0&#8243; _module_preset=&#8220;default&#8220; global_colors_info=&#8220;{}&#8220;][et_pb_column type=&#8220;4_4&#8243; _builder_version=&#8220;4.26.0&#8243; _module_preset=&#8220;default&#8220; global_colors_info=&#8220;{}&#8220;][et_pb_heading title=&#8220;Lassen Sie uns gemeinsam Erfolg haben&#8220; _builder_version=&#8220;4.26.0&#8243; _module_preset=&#8220;default&#8220; title_level=&#8220;h2&#8243; title_text_align=&#8220;center&#8220; title_text_color=&#8220;#FFFFFF&#8220; global_colors_info=&#8220;{}&#8220;][\/et_pb_heading][et_pb_text content_last_edited=&#8220;off|phone&#8220; _builder_version=&#8220;4.26.0&#8243; _module_preset=&#8220;default&#8220; global_colors_info=&#8220;{}&#8220;]<\/p>\n<p style=\"text-align: center;\">Wir bei LABA7 sind \u00fcberzeugt, dass nachhaltiger Erfolg auf starken Partnerschaften beruht. Unsere Mission ist es, Ingenieuren, Werkst\u00e4tten und Herstellern die Werkzeuge und Unterst\u00fctzung zu bieten, die sie f\u00fcr fundierte, datenbasierte Entscheidungen ben\u00f6tigen. <\/p>\n<p style=\"text-align: center;\">Mit unseren Pr\u00fcfger\u00e4ten verwandeln Sie komplexe Herausforderungen in messbare Leistungssteigerungen. Wir helfen Ihnen, schnellere Ergebnisse, h\u00f6here Pr\u00e4zision und langfristige Zuverl\u00e4ssigkeit zu erzielen. <\/p>\n<p style=\"text-align: center;\">Wenn Sie bereit sind, den n\u00e4chsten Schritt zu gehen, freuen wir uns auf die Zusammenarbeit mit Ihnen. Kontaktieren Sie LABA7 noch heute und lassen Sie uns gemeinsam Ihre Erfolgsgeschichte schreiben! <\/p>\n<p>[\/et_pb_text][\/et_pb_column][\/et_pb_row][et_pb_row _builder_version=&#8220;4.26.0&#8243; _module_preset=&#8220;default&#8220; global_colors_info=&#8220;{}&#8220;][et_pb_column type=&#8220;4_4&#8243; _builder_version=&#8220;4.26.0&#8243; _module_preset=&#8220;default&#8220; global_colors_info=&#8220;{}&#8220;][et_pb_button button_url=&#8220;@ET-DC@eyJkeW5hbWljIjp0cnVlLCJjb250ZW50IjoicG9zdF9saW5rX3VybF9wYWdlIiwic2V0dGluZ3MiOnsicG9zdF9pZCI6IjIwIn19@&#8220; button_text=&#8220;Kontaktieren Sie uns&#8220; button_alignment=&#8220;center&#8220; _builder_version=&#8220;4.26.0&#8243; _dynamic_attributes=&#8220;button_url&#8220; _module_preset=&#8220;default&#8220; custom_button=&#8220;on&#8220; button_text_size=&#8220;16px&#8220; button_text_color=&#8220;#000000&#8243; button_bg_color=&#8220;#FFFFFF&#8220; button_border_width=&#8220;0px&#8220; button_border_radius=&#8220;5px&#8220; custom_padding=&#8220;10px|40px|10px|40px|false|false&#8220; global_colors_info=&#8220;{}&#8220;][\/et_pb_button][\/et_pb_column][\/et_pb_row][\/et_pb_section]<\/p>\n","protected":false},"excerpt":{"rendered":"<p>LABA7-FallstudienWillkommen auf der Seite f\u00fcr LABA7-Fallstudien. Hier finden Sie Praxisbeispiele, wie Fachleute und Ingenieurteams LABA7-Ger\u00e4te nutzen, um Leistungseinblicke zu gewinnen. Jede Fallstudie beleuchtet praktische Setups, Testergebnisse und wichtige Ergebnisse. Egal, ob Sie mit Rennanwendungen oder in der Forschungs- und Entwicklungsabteilung arbeiten, diese Geschichten zeigen, was mit den richtigen Daten m\u00f6glich ist.Fallstudie: Elektromagnetische D\u00e4mpfertests f\u00fcr weltweiten [&hellip;]<\/p>\n","protected":false},"author":2,"featured_media":341010,"parent":0,"menu_order":0,"comment_status":"closed","ping_status":"closed","template":"","meta":{"_acf_changed":false,"_et_pb_use_builder":"on","_et_pb_old_content":"","_et_gb_content_width":"","footnotes":""},"class_list":["post-341040","page","type-page","status-publish","has-post-thumbnail","hentry"],"acf":[],"yoast_head":"<!-- This site is optimized with the Yoast SEO plugin v25.3.1 - https:\/\/yoast.com\/wordpress\/plugins\/seo\/ -->\n<title>LABA7-Fallstudien | Praxistests und Leistungseinblicke<\/title>\n<meta name=\"description\" content=\"Entdecken Sie LABA7-Fallstudien zu Sto\u00dfd\u00e4mpfertests, Fahrwerksabstimmung und Fahrzeugdynamik. Echte Ergebnisse. Bew\u00e4hrte Tools. Expertenwissen.\" \/>\n<meta name=\"robots\" content=\"index, follow, max-snippet:-1, max-image-preview:large, max-video-preview:-1\" \/>\n<link rel=\"canonical\" href=\"https:\/\/laba7.com\/de\/fallstudien\/\" \/>\n<meta property=\"og:locale\" content=\"de_DE\" \/>\n<meta property=\"og:type\" content=\"article\" \/>\n<meta property=\"og:title\" content=\"LABA7-Fallstudien | Praxistests und Leistungseinblicke\" \/>\n<meta property=\"og:description\" content=\"Entdecken Sie LABA7-Fallstudien zu Sto\u00dfd\u00e4mpfertests, Fahrwerksabstimmung und Fahrzeugdynamik. Echte Ergebnisse. Bew\u00e4hrte Tools. Expertenwissen.\" \/>\n<meta property=\"og:url\" content=\"https:\/\/laba7.com\/de\/fallstudien\/\" \/>\n<meta property=\"og:site_name\" content=\"LABA7\" \/>\n<meta property=\"article:publisher\" content=\"https:\/\/www.facebook.com\/LabaSeven\/\" \/>\n<meta property=\"article:modified_time\" content=\"2026-02-27T13:07:39+00:00\" \/>\n<meta property=\"og:image\" content=\"https:\/\/laba7.com\/wp-content\/uploads\/2025\/09\/LABA7-Case-Studies-1024x315.webp\" \/>\n<!-- \/ Yoast SEO plugin. -->","yoast_head_json":{"title":"LABA7-Fallstudien | Praxistests und Leistungseinblicke","description":"Entdecken Sie LABA7-Fallstudien zu Sto\u00dfd\u00e4mpfertests, Fahrwerksabstimmung und Fahrzeugdynamik. Echte Ergebnisse. Bew\u00e4hrte Tools. Expertenwissen.","robots":{"index":"index","follow":"follow","max-snippet":"max-snippet:-1","max-image-preview":"max-image-preview:large","max-video-preview":"max-video-preview:-1"},"canonical":"https:\/\/laba7.com\/de\/fallstudien\/","og_locale":"de_DE","og_type":"article","og_title":"LABA7-Fallstudien | Praxistests und Leistungseinblicke","og_description":"Entdecken Sie LABA7-Fallstudien zu Sto\u00dfd\u00e4mpfertests, Fahrwerksabstimmung und Fahrzeugdynamik. Echte Ergebnisse. Bew\u00e4hrte Tools. Expertenwissen.","og_url":"https:\/\/laba7.com\/de\/fallstudien\/","og_site_name":"LABA7","article_publisher":"https:\/\/www.facebook.com\/LabaSeven\/","article_modified_time":"2026-02-27T13:07:39+00:00","og_image":[{"url":"https:\/\/laba7.com\/wp-content\/uploads\/2025\/09\/LABA7-Case-Studies-1024x315.webp","type":"","width":"","height":""}],"schema":{"@context":"https:\/\/schema.org","@graph":false}},"_links":{"self":[{"href":"https:\/\/laba7.com\/de\/wp-json\/wp\/v2\/pages\/341040","targetHints":{"allow":["GET"]}}],"collection":[{"href":"https:\/\/laba7.com\/de\/wp-json\/wp\/v2\/pages"}],"about":[{"href":"https:\/\/laba7.com\/de\/wp-json\/wp\/v2\/types\/page"}],"author":[{"embeddable":true,"href":"https:\/\/laba7.com\/de\/wp-json\/wp\/v2\/users\/2"}],"replies":[{"embeddable":true,"href":"https:\/\/laba7.com\/de\/wp-json\/wp\/v2\/comments?post=341040"}],"version-history":[{"count":12,"href":"https:\/\/laba7.com\/de\/wp-json\/wp\/v2\/pages\/341040\/revisions"}],"predecessor-version":[{"id":341973,"href":"https:\/\/laba7.com\/de\/wp-json\/wp\/v2\/pages\/341040\/revisions\/341973"}],"wp:featuredmedia":[{"embeddable":true,"href":"https:\/\/laba7.com\/de\/wp-json\/wp\/v2\/media\/341010"}],"wp:attachment":[{"href":"https:\/\/laba7.com\/de\/wp-json\/wp\/v2\/media?parent=341040"}],"curies":[{"name":"wp","href":"https:\/\/api.w.org\/{rel}","templated":true}]}}