{"id":339688,"date":"2025-05-15T07:18:28","date_gmt":"2025-05-15T07:18:28","guid":{"rendered":"https:\/\/laba7.com\/cookie-richtlinie\/"},"modified":"2025-06-25T11:36:02","modified_gmt":"2025-06-25T11:36:02","slug":"cookie-richtlinie","status":"publish","type":"page","link":"https:\/\/laba7.com\/de\/cookie-richtlinie\/","title":{"rendered":"Cookie-Richtlinie"},"content":{"rendered":"<p>[et_pb_section fb_built=&#8220;1&#8243; admin_label=&#8220;section&#8220; _builder_version=&#8220;4.26.0&#8243; background_color=&#8220;#000000&#8243; global_colors_info=&#8220;{}&#8220; theme_builder_area=&#8220;post_content&#8220;][et_pb_row admin_label=&#8220;row&#8220; _builder_version=&#8220;4.16&#8243; background_size=&#8220;initial&#8220; background_position=&#8220;top_left&#8220; background_repeat=&#8220;repeat&#8220; global_colors_info=&#8220;{}&#8220; theme_builder_area=&#8220;post_content&#8220;][et_pb_column type=&#8220;4_4&#8243; _builder_version=&#8220;4.16&#8243; custom_padding=&#8220;|||&#8220; global_colors_info=&#8220;{}&#8220; custom_padding__hover=&#8220;|||&#8220; theme_builder_area=&#8220;post_content&#8220;][et_pb_heading title=&#8220;Cookie-Richtlinie&#8220; _builder_version=&#8220;4.26.0&#8243; _module_preset=&#8220;default&#8220; theme_builder_area=&#8220;post_content&#8220; hover_enabled=&#8220;0&#8243; sticky_enabled=&#8220;0&#8243; title_text_color=&#8220;#FFFFFF&#8220;][\/et_pb_heading][et_pb_text _builder_version=&#8220;4.26.0&#8243; _module_preset=&#8220;default&#8220; theme_builder_area=&#8220;post_content&#8220; hover_enabled=&#8220;0&#8243; sticky_enabled=&#8220;0&#8243;]<\/p>\n<p>G\u00fcltig ab: 03.04.2025<br \/>Letzte Aktualisierung: 03.04.2025<\/p>\n<p>&nbsp;<\/p>\n<h2>Was sind Cookies?<\/h2>\n<div class=\"cookie-policy-p\">\n<p>In dieser Cookie-Richtlinie wird erl\u00e4utert, was Cookies sind und wie wir sie verwenden, welche Arten von Cookies wir verwenden, d. h. welche Informationen wir mithilfe von Cookies sammeln und wie diese Informationen verwendet werden und wie die Cookie-Einstellungen verwaltet werden.<\/p>\n<p>Cookies sind kleine Textdateien, in denen Informationen gespeichert werden. Sie werden auf Ihrem Ger\u00e4t gespeichert, wenn die Website in Ihrem Browser geladen wird. Diese Cookies helfen uns dabei, die Website ordnungsgem\u00e4\u00df funktionieren zu lassen, sie sicherer zu machen, ein besseres Benutzererlebnis zu bieten und die Leistung der Website zu verstehen sowie zu analysieren, was funktioniert und wo Verbesserungsbedarf besteht.  <\/p>\n<\/div>\n<p>&nbsp;<\/p>\n<h2>Wie verwenden wir Cookies?<\/h2>\n<div class=\"cookie-policy-p\">\n<p> Wie die meisten Online-Dienste verwendet auch unsere Website Erstanbieter- und Drittanbieter-Cookies f\u00fcr verschiedene Zwecke. Erstanbieter-Cookies sind meist notwendig, damit die Website ordnungsgem\u00e4\u00df funktioniert, und erfassen keine personenbezogenen Daten. <\/p>\n<p>Die auf unserer Website verwendeten Cookies von Drittanbietern dienen haupts\u00e4chlich dazu, die Leistung der Website zu verstehen, Ihre Interaktion mit unserer Website zu verbessern, die Sicherheit unserer Dienste zu gew\u00e4hrleisten, f\u00fcr Sie relevante Werbung anzuzeigen und Ihnen insgesamt eine bessere und verbesserte Benutzererfahrung zu bieten sowie Ihre zuk\u00fcnftigen Interaktionen mit unserer Website zu beschleunigen.<\/p>\n<\/div>\n<p>&nbsp;<\/p>\n<h2>Arten von Cookies, die wir verwenden<\/h2>\n<div class=\"cky-audit-table-element\"><\/div>\n<p>&nbsp;<\/p>\n<h2 style=\"margin-bottom: 20px;\">Cookie-Einstellungen verwalten<\/h2>\n<p><a class=\"cky-banner-element\">Cookie-Einstellungen<\/a><\/p>\n<div>\n<p>Sie k\u00f6nnen Ihre Cookie-Einstellungen jederzeit \u00e4ndern, indem Sie auf die Schaltfl\u00e4che oben klicken. Dadurch k\u00f6nnen Sie das Cookie-Einwilligungsbanner erneut aufrufen und Ihre Einstellungen \u00e4ndern oder Ihre Einwilligung sofort widerrufen. <\/p>\n<p>Dar\u00fcber hinaus bieten verschiedene Browser unterschiedliche Methoden zum Blockieren und L\u00f6schen von Cookies, die von Websites verwendet werden. Sie k\u00f6nnen die Einstellungen Ihres Browsers \u00e4ndern, um Cookies zu blockieren\/l\u00f6schen. Nachfolgend finden Sie Links zu Supportdokumenten zum Verwalten und L\u00f6schen von Cookies in den wichtigsten Webbrowsern.  <\/p>\n<p>Chrome: <a target=\"_blank\" href=\"https:\/\/support.google.com\/accounts\/answer\/32050\" rel=\"nofollow noopener noreferrer\">https:\/\/support.google.com\/accounts\/answer\/32050<\/a><\/p>\n<p>Safari: <a target=\"_blank\" href=\"https:\/\/support.apple.com\/en-in\/guide\/safari\/sfri11471\/mac\" rel=\"nofollow noopener noreferrer\">https:\/\/support.apple.com\/en-in\/guide\/safari\/sfri11471\/mac<\/a><\/p>\n<p>Firefox: <a target=\"_blank\" href=\"https:\/\/support.mozilla.org\/en-US\/kb\/clear-cookies-and-site-data-firefox?redirectslug=delete-cookies-remove-info-websites-stored&amp;redirectlocale=en-US\" rel=\"nofollow noopener noreferrer\">https:\/\/support.mozilla.org\/en-US\/kb\/clear-cookies-and-site-data-firefox?redirectslug=delete-cookies-remove-info-websites-stored&amp;redirectlocale=en-US<\/a><\/p>\n<p>Internet Explorer: <a target=\"_blank\" href=\"https:\/\/support.microsoft.com\/en-us\/topic\/how-to-delete-cookie-files-in-internet-explorer-bca9446f-d873-78de-77ba-d42645fa52fc\" rel=\"nofollow noopener noreferrer\">https:\/\/support.microsoft.com\/en-us\/topic\/how-to-delete-cookie-files-in-internet-explorer-bca9446f-d873-78de-77ba-d42645fa52fc<\/a><\/p>\n<p>Wenn Sie einen anderen Webbrowser verwenden, besuchen Sie bitte die offiziellen Supportdokumente Ihres Browsers.<\/p>\n<\/div>\n<p>&nbsp;<\/p>\n<p class=\"cookie-policy-p\">Cookie-Richtlinie erstellt von <a target=\"_blank\" href=\"https:\/\/www.cookieyes.com\/?utm_source=CP&amp;utm_medium=footer&amp;utm_campaign=UW\" rel=\"nofollow noopener noreferrer\">CookieYes &#8211; Cookie Policy Generator<\/a>.<\/p>\n<p>[\/et_pb_text][\/et_pb_column][\/et_pb_row][\/et_pb_section]<\/p>\n","protected":false},"excerpt":{"rendered":"<p>G\u00fcltig ab: 03.04.2025Letzte Aktualisierung: 03.04.2025 &nbsp; Was sind Cookies? In dieser Cookie-Richtlinie wird erl\u00e4utert, was Cookies sind und wie wir sie verwenden, welche Arten von Cookies wir verwenden, d. h. welche Informationen wir mithilfe von Cookies sammeln und wie diese Informationen verwendet werden und wie die Cookie-Einstellungen verwaltet werden. Cookies sind kleine Textdateien, in denen [&hellip;]<\/p>\n","protected":false},"author":2,"featured_media":331073,"parent":0,"menu_order":0,"comment_status":"closed","ping_status":"closed","template":"","meta":{"_acf_changed":false,"_et_pb_use_builder":"on","_et_pb_old_content":"","_et_gb_content_width":"","footnotes":""},"class_list":["post-339688","page","type-page","status-publish","has-post-thumbnail","hentry"],"acf":[],"yoast_head":"<!-- This site is optimized with the Yoast SEO plugin v25.3.1 - https:\/\/yoast.com\/wordpress\/plugins\/seo\/ -->\n<title>Cookie-Richtlinie | LABA7 Fahrwerkspr\u00fcfger\u00e4t<\/title>\n<meta name=\"description\" content=\"LABA7 nutzt Cookies zur Verbesserung Ihres Erlebnisses, Analyse des Traffics und Personalisierung. Lesen Sie unsere Cookie-Richtlinie.\" \/>\n<meta name=\"robots\" content=\"index, follow, max-snippet:-1, max-image-preview:large, max-video-preview:-1\" \/>\n<link rel=\"canonical\" href=\"https:\/\/laba7.com\/de\/cookie-richtlinie\/\" \/>\n<meta property=\"og:locale\" content=\"de_DE\" \/>\n<meta property=\"og:type\" content=\"article\" \/>\n<meta property=\"og:title\" content=\"Cookie-Richtlinie | LABA7 Fahrwerkspr\u00fcfger\u00e4t\" \/>\n<meta property=\"og:description\" content=\"Erfahren Sie, wie LABA7 Cookies verwendet, um Ihr Erlebnis zu verbessern, den Website-Verkehr zu analysieren und Inhalte zu personalisieren. Unsere vollst\u00e4ndige Cookie-Richtlinie finden Sie hier.\" \/>\n<meta property=\"og:url\" content=\"https:\/\/laba7.com\/de\/cookie-richtlinie\/\" \/>\n<meta property=\"og:site_name\" content=\"LABA7\" \/>\n<meta property=\"article:publisher\" content=\"https:\/\/www.facebook.com\/LabaSeven\/\" \/>\n<meta property=\"article:modified_time\" content=\"2025-06-25T11:36:02+00:00\" \/>\n<meta property=\"og:image\" content=\"https:\/\/laba7.com\/wp-content\/uploads\/2023\/07\/Laba7-logo-square-black-300x300.png\" \/>\n<script type=\"application\/ld+json\" class=\"yoast-schema-graph\">{\"@context\":\"https:\/\/schema.org\",\"@graph\":[{\"@type\":\"Article\",\"@id\":\"https:\/\/laba7.com\/de\/cookie-richtlinie\/#article\",\"isPartOf\":{\"@id\":\"https:\/\/laba7.com\/de\/cookie-richtlinie\/\"},\"author\":{\"name\":\"Marius P\",\"@id\":\"https:\/\/laba7.com\/de\/#\/schema\/person\/4deb6425fca1731fa86ee83cca69204f\"},\"headline\":\"Cookie-Richtlinie\",\"datePublished\":\"2025-05-15T07:18:28+00:00\",\"dateModified\":\"2025-06-25T11:36:02+00:00\",\"mainEntityOfPage\":{\"@id\":\"https:\/\/laba7.com\/de\/cookie-richtlinie\/\"},\"wordCount\":485,\"publisher\":{\"@id\":\"https:\/\/laba7.com\/de\/#organization\"},\"image\":{\"@id\":\"https:\/\/laba7.com\/de\/cookie-richtlinie\/#primaryimage\"},\"thumbnailUrl\":\"https:\/\/laba7.com\/wp-content\/uploads\/2023\/07\/Laba7-logo-square-black.png\",\"inLanguage\":\"de\"},{\"@type\":\"WebPage\",\"@id\":\"https:\/\/laba7.com\/de\/cookie-richtlinie\/\",\"url\":\"https:\/\/laba7.com\/de\/cookie-richtlinie\/\",\"name\":\"Cookie-Richtlinie | LABA7 Fahrwerkspr\u00fcfger\u00e4t\",\"isPartOf\":{\"@id\":\"https:\/\/laba7.com\/de\/#website\"},\"primaryImageOfPage\":{\"@id\":\"https:\/\/laba7.com\/de\/cookie-richtlinie\/#primaryimage\"},\"image\":{\"@id\":\"https:\/\/laba7.com\/de\/cookie-richtlinie\/#primaryimage\"},\"thumbnailUrl\":\"https:\/\/laba7.com\/wp-content\/uploads\/2023\/07\/Laba7-logo-square-black.png\",\"datePublished\":\"2025-05-15T07:18:28+00:00\",\"dateModified\":\"2025-06-25T11:36:02+00:00\",\"description\":\"LABA7 nutzt Cookies zur Verbesserung Ihres Erlebnisses, Analyse des Traffics und Personalisierung. Lesen Sie unsere Cookie-Richtlinie.\",\"breadcrumb\":{\"@id\":\"https:\/\/laba7.com\/de\/cookie-richtlinie\/#breadcrumb\"},\"inLanguage\":\"de\",\"potentialAction\":[{\"@type\":\"ReadAction\",\"target\":[\"https:\/\/laba7.com\/de\/cookie-richtlinie\/\"]}]},{\"@type\":\"ImageObject\",\"inLanguage\":\"de\",\"@id\":\"https:\/\/laba7.com\/de\/cookie-richtlinie\/#primaryimage\",\"url\":\"https:\/\/laba7.com\/wp-content\/uploads\/2023\/07\/Laba7-logo-square-black.png\",\"contentUrl\":\"https:\/\/laba7.com\/wp-content\/uploads\/2023\/07\/Laba7-logo-square-black.png\",\"width\":1572,\"height\":1572,\"caption\":\"Laba7 logo\"},{\"@type\":\"BreadcrumbList\",\"@id\":\"https:\/\/laba7.com\/de\/cookie-richtlinie\/#breadcrumb\",\"itemListElement\":[{\"@type\":\"ListItem\",\"position\":1,\"name\":\"Home\",\"item\":\"https:\/\/laba7.com\/de\/home\/\"},{\"@type\":\"ListItem\",\"position\":2,\"name\":\"Cookie-Richtlinie\"}]},{\"@type\":\"WebSite\",\"@id\":\"https:\/\/laba7.com\/de\/#website\",\"url\":\"https:\/\/laba7.com\/de\/\",\"name\":\"LABA7\",\"description\":\"Precision Testing for Vehicle Dynamics and Performance\",\"publisher\":{\"@id\":\"https:\/\/laba7.com\/de\/#organization\"},\"potentialAction\":[{\"@type\":\"SearchAction\",\"target\":{\"@type\":\"EntryPoint\",\"urlTemplate\":\"https:\/\/laba7.com\/de\/?s={search_term_string}\"},\"query-input\":{\"@type\":\"PropertyValueSpecification\",\"valueRequired\":true,\"valueName\":\"search_term_string\"}}],\"inLanguage\":\"de\"},{\"@type\":\"Organization\",\"@id\":\"https:\/\/laba7.com\/de\/#organization\",\"name\":\"LABA7, UAB\",\"url\":\"https:\/\/laba7.com\/de\/\",\"logo\":{\"@type\":\"ImageObject\",\"inLanguage\":\"de\",\"@id\":\"https:\/\/laba7.com\/de\/#\/schema\/logo\/image\/\",\"url\":\"https:\/\/laba7.com\/wp-content\/uploads\/2023\/07\/Laba7-logo-square-black.png\",\"contentUrl\":\"https:\/\/laba7.com\/wp-content\/uploads\/2023\/07\/Laba7-logo-square-black.png\",\"width\":1572,\"height\":1572,\"caption\":\"LABA7, UAB\"},\"image\":{\"@id\":\"https:\/\/laba7.com\/de\/#\/schema\/logo\/image\/\"},\"sameAs\":[\"https:\/\/www.facebook.com\/LabaSeven\/\",\"https:\/\/www.instagram.com\/laba_seven\/\",\"https:\/\/www.linkedin.com\/company\/laba7\"]},{\"@type\":\"Person\",\"@id\":\"https:\/\/laba7.com\/de\/#\/schema\/person\/4deb6425fca1731fa86ee83cca69204f\",\"name\":\"Marius P\",\"description\":\"With over 15 years of hands-on marketing experience, Marius leads the global marketing strategy at LABA7. Although he holds a degree in Political Science, Marius built his career in Marketing by applying a \u201clearn by doing\u201d philosophy. He developed expertise across content creation, advertising, PR, social media, video production, and strategic planning by delving into the challenges facing him. At LABA7, Marius combines this multidisciplinary knowledge to drive brand growth and product visibility across international markets. He plays a key role in positioning LABA7\u2019s advanced shock dynos, electromagnetic actuators (EMAs), spring testers, and vacuum bleeders as trusted tools for suspension professionals, motorsport teams, research institutes, and automotive workshops worldwide. Get in touch: marius.p@laba7.com Achievements - Produced multiple viral videos for Vertex brands - Acquired 200,000 new users for BitDegree in a financially sustainable manner - Developed a successful initial sales funnel for Verified Payments - Led national and international PR campaigns for Circle K, Nokia, Microsoft, Bite Lietuva, Airbaltic, and many others at Integrity PR Interests - Cycling - Enjoy cycling as a sport and hobby, with a growing interest in how suspension setup affects ride quality. - Motorsport &amp; Engineering - Interested in how motorsport teams use vehicle dynamics data to improve performance. - Photography &amp; Visual Content - Passionate about photography, especially capturing technical subjects and helping viewers see the beauty of innovative solutions. - Writing - Enjoy writing, whether it's simplifying technical topics, developing brand narratives, or creating engaging content.\",\"sameAs\":[\"https:\/\/laba7.com\/\",\"https:\/\/www.facebook.com\/menulis19\/\",\"https:\/\/www.linkedin.com\/in\/mariuspetrauskas\/\"],\"url\":\"https:\/\/laba7.com\/de\/blog\/author\/marius\/\"}]}<\/script>\n<!-- \/ Yoast SEO plugin. -->","yoast_head_json":{"title":"Cookie-Richtlinie | LABA7 Fahrwerkspr\u00fcfger\u00e4t","description":"LABA7 nutzt Cookies zur Verbesserung Ihres Erlebnisses, Analyse des Traffics und Personalisierung. Lesen Sie unsere Cookie-Richtlinie.","robots":{"index":"index","follow":"follow","max-snippet":"max-snippet:-1","max-image-preview":"max-image-preview:large","max-video-preview":"max-video-preview:-1"},"canonical":"https:\/\/laba7.com\/de\/cookie-richtlinie\/","og_locale":"de_DE","og_type":"article","og_title":"Cookie-Richtlinie | LABA7 Fahrwerkspr\u00fcfger\u00e4t","og_description":"Erfahren Sie, wie LABA7 Cookies verwendet, um Ihr Erlebnis zu verbessern, den Website-Verkehr zu analysieren und Inhalte zu personalisieren. Unsere vollst\u00e4ndige Cookie-Richtlinie finden Sie hier.","og_url":"https:\/\/laba7.com\/de\/cookie-richtlinie\/","og_site_name":"LABA7","article_publisher":"https:\/\/www.facebook.com\/LabaSeven\/","article_modified_time":"2025-06-25T11:36:02+00:00","og_image":[{"url":"https:\/\/laba7.com\/wp-content\/uploads\/2023\/07\/Laba7-logo-square-black-300x300.png","type":"","width":"","height":""}],"schema":{"@context":"https:\/\/schema.org","@graph":[{"@type":"Article","@id":"https:\/\/laba7.com\/de\/cookie-richtlinie\/#article","isPartOf":{"@id":"https:\/\/laba7.com\/de\/cookie-richtlinie\/"},"author":{"name":"Marius P","@id":"https:\/\/laba7.com\/de\/#\/schema\/person\/4deb6425fca1731fa86ee83cca69204f"},"headline":"Cookie-Richtlinie","datePublished":"2025-05-15T07:18:28+00:00","dateModified":"2025-06-25T11:36:02+00:00","mainEntityOfPage":{"@id":"https:\/\/laba7.com\/de\/cookie-richtlinie\/"},"wordCount":485,"publisher":{"@id":"https:\/\/laba7.com\/de\/#organization"},"image":{"@id":"https:\/\/laba7.com\/de\/cookie-richtlinie\/#primaryimage"},"thumbnailUrl":"https:\/\/laba7.com\/wp-content\/uploads\/2023\/07\/Laba7-logo-square-black.png","inLanguage":"de"},{"@type":"WebPage","@id":"https:\/\/laba7.com\/de\/cookie-richtlinie\/","url":"https:\/\/laba7.com\/de\/cookie-richtlinie\/","name":"Cookie-Richtlinie | LABA7 Fahrwerkspr\u00fcfger\u00e4t","isPartOf":{"@id":"https:\/\/laba7.com\/de\/#website"},"primaryImageOfPage":{"@id":"https:\/\/laba7.com\/de\/cookie-richtlinie\/#primaryimage"},"image":{"@id":"https:\/\/laba7.com\/de\/cookie-richtlinie\/#primaryimage"},"thumbnailUrl":"https:\/\/laba7.com\/wp-content\/uploads\/2023\/07\/Laba7-logo-square-black.png","datePublished":"2025-05-15T07:18:28+00:00","dateModified":"2025-06-25T11:36:02+00:00","description":"LABA7 nutzt Cookies zur Verbesserung Ihres Erlebnisses, Analyse des Traffics und Personalisierung. Lesen Sie unsere Cookie-Richtlinie.","breadcrumb":{"@id":"https:\/\/laba7.com\/de\/cookie-richtlinie\/#breadcrumb"},"inLanguage":"de","potentialAction":[{"@type":"ReadAction","target":["https:\/\/laba7.com\/de\/cookie-richtlinie\/"]}]},{"@type":"ImageObject","inLanguage":"de","@id":"https:\/\/laba7.com\/de\/cookie-richtlinie\/#primaryimage","url":"https:\/\/laba7.com\/wp-content\/uploads\/2023\/07\/Laba7-logo-square-black.png","contentUrl":"https:\/\/laba7.com\/wp-content\/uploads\/2023\/07\/Laba7-logo-square-black.png","width":1572,"height":1572,"caption":"Laba7 logo"},{"@type":"BreadcrumbList","@id":"https:\/\/laba7.com\/de\/cookie-richtlinie\/#breadcrumb","itemListElement":[{"@type":"ListItem","position":1,"name":"Home","item":"https:\/\/laba7.com\/de\/home\/"},{"@type":"ListItem","position":2,"name":"Cookie-Richtlinie"}]},{"@type":"WebSite","@id":"https:\/\/laba7.com\/de\/#website","url":"https:\/\/laba7.com\/de\/","name":"LABA7","description":"Precision Testing for Vehicle Dynamics and Performance","publisher":{"@id":"https:\/\/laba7.com\/de\/#organization"},"potentialAction":[{"@type":"SearchAction","target":{"@type":"EntryPoint","urlTemplate":"https:\/\/laba7.com\/de\/?s={search_term_string}"},"query-input":{"@type":"PropertyValueSpecification","valueRequired":true,"valueName":"search_term_string"}}],"inLanguage":"de"},{"@type":"Organization","@id":"https:\/\/laba7.com\/de\/#organization","name":"LABA7, UAB","url":"https:\/\/laba7.com\/de\/","logo":{"@type":"ImageObject","inLanguage":"de","@id":"https:\/\/laba7.com\/de\/#\/schema\/logo\/image\/","url":"https:\/\/laba7.com\/wp-content\/uploads\/2023\/07\/Laba7-logo-square-black.png","contentUrl":"https:\/\/laba7.com\/wp-content\/uploads\/2023\/07\/Laba7-logo-square-black.png","width":1572,"height":1572,"caption":"LABA7, UAB"},"image":{"@id":"https:\/\/laba7.com\/de\/#\/schema\/logo\/image\/"},"sameAs":["https:\/\/www.facebook.com\/LabaSeven\/","https:\/\/www.instagram.com\/laba_seven\/","https:\/\/www.linkedin.com\/company\/laba7"]},{"@type":"Person","@id":"https:\/\/laba7.com\/de\/#\/schema\/person\/4deb6425fca1731fa86ee83cca69204f","name":"Marius P","description":"With over 15 years of hands-on marketing experience, Marius leads the global marketing strategy at LABA7. Although he holds a degree in Political Science, Marius built his career in Marketing by applying a \u201clearn by doing\u201d philosophy. He developed expertise across content creation, advertising, PR, social media, video production, and strategic planning by delving into the challenges facing him. At LABA7, Marius combines this multidisciplinary knowledge to drive brand growth and product visibility across international markets. He plays a key role in positioning LABA7\u2019s advanced shock dynos, electromagnetic actuators (EMAs), spring testers, and vacuum bleeders as trusted tools for suspension professionals, motorsport teams, research institutes, and automotive workshops worldwide. Get in touch: marius.p@laba7.com Achievements - Produced multiple viral videos for Vertex brands - Acquired 200,000 new users for BitDegree in a financially sustainable manner - Developed a successful initial sales funnel for Verified Payments - Led national and international PR campaigns for Circle K, Nokia, Microsoft, Bite Lietuva, Airbaltic, and many others at Integrity PR Interests - Cycling - Enjoy cycling as a sport and hobby, with a growing interest in how suspension setup affects ride quality. - Motorsport &amp; Engineering - Interested in how motorsport teams use vehicle dynamics data to improve performance. - Photography &amp; Visual Content - Passionate about photography, especially capturing technical subjects and helping viewers see the beauty of innovative solutions. - Writing - Enjoy writing, whether it's simplifying technical topics, developing brand narratives, or creating engaging content.","sameAs":["https:\/\/laba7.com\/","https:\/\/www.facebook.com\/menulis19\/","https:\/\/www.linkedin.com\/in\/mariuspetrauskas\/"],"url":"https:\/\/laba7.com\/de\/blog\/author\/marius\/"}]}},"_links":{"self":[{"href":"https:\/\/laba7.com\/de\/wp-json\/wp\/v2\/pages\/339688","targetHints":{"allow":["GET"]}}],"collection":[{"href":"https:\/\/laba7.com\/de\/wp-json\/wp\/v2\/pages"}],"about":[{"href":"https:\/\/laba7.com\/de\/wp-json\/wp\/v2\/types\/page"}],"author":[{"embeddable":true,"href":"https:\/\/laba7.com\/de\/wp-json\/wp\/v2\/users\/2"}],"replies":[{"embeddable":true,"href":"https:\/\/laba7.com\/de\/wp-json\/wp\/v2\/comments?post=339688"}],"version-history":[{"count":6,"href":"https:\/\/laba7.com\/de\/wp-json\/wp\/v2\/pages\/339688\/revisions"}],"predecessor-version":[{"id":340243,"href":"https:\/\/laba7.com\/de\/wp-json\/wp\/v2\/pages\/339688\/revisions\/340243"}],"wp:featuredmedia":[{"embeddable":true,"href":"https:\/\/laba7.com\/de\/wp-json\/wp\/v2\/media\/331073"}],"wp:attachment":[{"href":"https:\/\/laba7.com\/de\/wp-json\/wp\/v2\/media?parent=339688"}],"curies":[{"name":"wp","href":"https:\/\/api.w.org\/{rel}","templated":true}]}}