{"id":339098,"date":"2025-04-03T05:51:30","date_gmt":"2025-04-03T05:51:30","guid":{"rendered":"https:\/\/laba7.com\/cookie-policy\/"},"modified":"2025-05-15T08:25:57","modified_gmt":"2025-05-15T08:25:57","slug":"geschaeftsbedingungen","status":"publish","type":"page","link":"https:\/\/laba7.com\/de\/geschaeftsbedingungen\/","title":{"rendered":"Gesch\u00e4ftsbedingungen"},"content":{"rendered":"<p>[et_pb_section fb_built=&#8220;1&#8243; admin_label=&#8220;section&#8220; _builder_version=&#8220;4.26.0&#8243; background_color=&#8220;#000000&#8243; global_colors_info=&#8220;{}&#8220;][et_pb_row admin_label=&#8220;row&#8220; _builder_version=&#8220;4.16&#8243; background_size=&#8220;initial&#8220; background_position=&#8220;top_left&#8220; background_repeat=&#8220;repeat&#8220; global_colors_info=&#8220;{}&#8220;][et_pb_column type=&#8220;4_4&#8243; _builder_version=&#8220;4.16&#8243; custom_padding=&#8220;|||&#8220; global_colors_info=&#8220;{}&#8220; custom_padding__hover=&#8220;|||&#8220;][et_pb_text admin_label=&#8220;Text&#8220; _builder_version=&#8220;4.26.0&#8243; background_size=&#8220;initial&#8220; background_position=&#8220;top_left&#8220; background_repeat=&#8220;repeat&#8220; hover_enabled=&#8220;0&#8243; global_colors_info=&#8220;{}&#8220; sticky_enabled=&#8220;0&#8243;]<\/p>\n<h1 class=\"cookie-policy-h1\"><span style=\"color: #ffffff;\">Gesch\u00e4ftsbedingungen<\/span><\/h1>\n<p><strong><\/strong><\/p>\n<p><strong>Firmenname<\/strong>: LABA7, UAB<br \/>\n<strong>Firmen-ID<\/strong>: 304433443<br \/>\n<strong>Umsatzsteuer-ID<\/strong>: LT100011059417<br \/>\n<strong>Registrierte Adresse<\/strong>: Gilu\u017eio Str. 15, LT-06239 Vilnius, Litauen <\/p>\n<p>Indem Sie auf die LABA7-Website (<a href=\"https:\/\/laba7.com\/\">https:\/\/laba7.com\/<\/a>) zugreifen oder diese nutzen, erkl\u00e4ren Sie sich mit den folgenden Allgemeinen Gesch\u00e4ftsbedingungen einverstanden. Wenn Sie nicht einverstanden sind, verwenden Sie die Site bitte nicht.<\/p>\n<p>&nbsp;<\/p>\n<hr class=\"wp-block-separator has-alpha-channel-opacity\">\n<p>&nbsp;<\/p>\n<h2 class=\"wp-block-heading\">1. Nutzung der Website<\/h2>\n<p>Die LABA7-Website informiert \u00fcber unser Produktsortiment und unsere Preise, bietet Schulungsressourcen und erm\u00f6glicht potenziellen Kunden die Einreichung von Anfragen. Alle K\u00e4ufe werden nach der Anfrage direkt \u00fcber unsere Vertriebsmitarbeiter abgewickelt. <\/p>\n<p>&nbsp;<\/p>\n<p>&nbsp;<\/p>\n<h2 class=\"wp-block-heading\">2. Produkte und Dienstleistungen<\/h2>\n<p>LABA7 entwickelt, fertigt und vertreibt Pr\u00fcfger\u00e4te und zugeh\u00f6rige Werkzeuge f\u00fcr Motorsport und Industrieanwendungen. Wir bieten auch Softwarel\u00f6sungen an, die in unseren Hardwareprodukten enthalten sind. Sonderanfertigungen und individuelle Beratung sind auf Anfrage m\u00f6glich.  <\/p>\n<p>&nbsp;<\/p>\n<p>&nbsp;<\/p>\n<h2 class=\"wp-block-heading\">3. Bestellungen, Zahlungen und Preise<\/h2>\n<p>Die Produktpreise sind auf der LABA7-Website und in anderen offiziellen Materialien \u00f6ffentlich verf\u00fcgbar. Der endg\u00fcltige Preis kann jedoch individuell ausgehandelt werden, basierend auf den spezifischen Bed\u00fcrfnissen, Mengen oder Anpassungsw\u00fcnschen des Kunden. Alle Zahlungsarten und Lieferbedingungen werden im Bestellvorgang individuell besprochen und best\u00e4tigt. Akzeptierte Zahlungsmethoden sind Bank\u00fcberweisung, PayPal und weitere Optionen nach Absprache mit unserem Vertriebsteam.   <\/p>\n<p>&nbsp;<\/p>\n<p>&nbsp;<\/p>\n<h2 class=\"wp-block-heading\">4. Garantie und R\u00fcckgabe<\/h2>\n<p>F\u00fcr die Produkte gilt eine <strong>einj\u00e4hrige Garantie<\/strong> auf Herstellungsfehler. Diese Garantie <strong>deckt keine <\/strong>Sch\u00e4den durch Missbrauch, nicht autorisierte Reparaturen oder Modifikationen sowie unsachgem\u00e4\u00dfe Installation ab. R\u00fccksendungen und R\u00fcckerstattungen werden individuell behandelt und m\u00fcssen schriftlich vereinbart werden.  <\/p>\n<p>&nbsp;<\/p>\n<p>&nbsp;<\/p>\n<h2 class=\"wp-block-heading\">5. Versand und Lieferung<\/h2>\n<p>LABA7 liefert weltweit. Versandkosten, Z\u00f6lle und Steuern werden im Bestellvorgang individuell besprochen. Die Lieferzeiten variieren:  <\/p>\n<ul class=\"wp-block-list\">\n<ul class=\"wp-block-list\">\n<li>Die meisten Werkzeuge und Ger\u00e4te: <strong>0\u20134 Wochen <\/strong>(normalerweise 1\u20132 Wochen)<\/li>\n<\/ul>\n<\/ul>\n<ul class=\"wp-block-list\">\n<ul class=\"wp-block-list\">\n<li>Elektromagnetisches D\u00e4mpfertestsystem (EMA): <strong>bis zu 5 Monate<\/strong><\/li>\n<\/ul>\n<\/ul>\n<p><strong>Einfuhrz\u00f6lle, Steuern und Zollabfertigungsgeb\u00fchren liegen ausschlie\u00dflich in der Verantwortung des Kunden.<\/strong> LABA7 haftet nicht f\u00fcr zus\u00e4tzliche Geb\u00fchren, die w\u00e4hrend des Einfuhrprozesses anfallen, oder f\u00fcr Verz\u00f6gerungen, die durch Zollverfahren entstehen. <\/p>\n<p>&nbsp;<\/p>\n<p>&nbsp;<\/p>\n<h2 class=\"wp-block-heading\">6. Geistiges Eigentum<\/h2>\n<p>Alle Inhalte der LABA7-Website, einschlie\u00dflich Logos, Texten, Bildern, Software und Dokumentation, sind geistiges Eigentum von LABA7, UAB. Die Wiederverwendung jeglicher Materialien (Handb\u00fccher, Fotos, Anleitungen) bedarf der <strong>vorherigen schriftlichen Genehmigung<\/strong>. <\/p>\n<p>&nbsp;<\/p>\n<p>&nbsp;<\/p>\n<h2 class=\"wp-block-heading\">7. Softwarenutzung<\/h2>\n<p>Die gesamte mit der LABA7-Ausr\u00fcstung gelieferte Software ist kostenlos und im Kaufpreis enthalten.<\/p>\n<ul class=\"wp-block-list\">\n<ul class=\"wp-block-list\">\n<li><strong>Reverse Engineering, Weiterverbreitung oder Modifikation <\/strong>der Software ist verboten.<\/li>\n<\/ul>\n<\/ul>\n<ul class=\"wp-block-list\">\n<ul class=\"wp-block-list\">\n<li>Nicht autorisierte Updates oder Verbesserungen f\u00fchren w\u00e4hrend der Garantiezeit zum<strong> Erl\u00f6schen der Garantie<\/strong>.<\/li>\n<\/ul>\n<\/ul>\n<p>&nbsp;<\/p>\n<p>&nbsp;<\/p>\n<h2 class=\"wp-block-heading\">8. Nutzerverhalten<\/h2>\n<p>Benutzer d\u00fcrfen keine Aktivit\u00e4ten durchf\u00fchren, die:<\/p>\n<ul class=\"wp-block-list\">\n<ul class=\"wp-block-list\">\n<li>Die LABA7-Website oder ihre Funktionalit\u00e4t beeintr\u00e4chtigen<\/li>\n<\/ul>\n<\/ul>\n<ul class=\"wp-block-list\">\n<ul class=\"wp-block-list\">\n<li>Den Ruf oder das Image des Unternehmens sch\u00e4digen<\/li>\n<\/ul>\n<\/ul>\n<p>Nutzer d\u00fcrfen keine Kommentare hinterlassen oder Inhalte auf die Website hochladen. Feedback \u00fcber <a href=\"https:\/\/www.trustpilot.com\/review\/www.laba7.com\" rel=\"nofollow noopener noreferrer\">TrustPilot<\/a>, <a href=\"https:\/\/www.google.com\/maps\/place\/\/data=!4m3!3m2!1s0x46dd937732d91f95:0x99a5b537e2acc3d7!12e1\" rel=\"nofollow noopener noreferrer\">Google Reviews<\/a> oder direkten Kontakt ist jedoch erw\u00fcnscht. <\/p>\n<p>&nbsp;<\/p>\n<p>&nbsp;<\/p>\n<h2 class=\"wp-block-heading\">9. Datenschutz und Datenerfassung<\/h2>\n<p>LABA7 erhebt begrenzte Daten f\u00fcr Kundensupport, Analysen und Marketingzwecke. Weitere Informationen finden Sie unter: <\/p>\n<ul class=\"wp-block-list\">\n<ul class=\"wp-block-list\">\n<li><a class=\"\" href=\"https:\/\/laba7.com\/privacy-policy\/\">Datenschutzrichtlinie<\/a><\/li>\n<\/ul>\n<\/ul>\n<ul class=\"wp-block-list\">\n<ul class=\"wp-block-list\">\n<li><a class=\"\" href=\"https:\/\/laba7.com\/cookie-policy\/\">Cookie-Richtlinie<\/a><\/li>\n<\/ul>\n<\/ul>\n<p>&nbsp;<\/p>\n<p>&nbsp;<\/p>\n<h2 class=\"wp-block-heading\">10. Haftungsbeschr\u00e4nkung<\/h2>\n<p>LABA7, UAB haftet nicht f\u00fcr <strong>indirekte, zuf\u00e4llige oder Folgesch\u00e4den<\/strong>, die durch die Verwendung oder den Missbrauch unserer Produkte entstehen. Die Leistungsergebnisse k\u00f6nnen je nach Anwendung und Konfiguration variieren. <\/p>\n<p>&nbsp;<\/p>\n<p>&nbsp;<\/p>\n<h2 class=\"wp-block-heading\">11. Geltendes Recht<\/h2>\n<p>Diese Bedingungen unterliegen dem Recht der <strong>Republik Litauen<\/strong>. Streitigkeiten, die sich aus diesen Bedingungen ergeben, werden von den Gerichten Litauens beigelegt. <\/p>\n<p>&nbsp;<\/p>\n<p>&nbsp;<\/p>\n<h2 class=\"wp-block-heading\">12. \u00c4nderungen der Bedingungen<\/h2>\n<p>LABA7 beh\u00e4lt sich das Recht vor, diese Allgemeinen Gesch\u00e4ftsbedingungen jederzeit und ohne Vorank\u00fcndigung zu aktualisieren oder zu \u00e4ndern. Die fortgesetzte Nutzung der Website gilt als Zustimmung zu den aktuellen Bedingungen. Bitte \u00fcberpr\u00fcfen Sie diese Seite regelm\u00e4\u00dfig auf Aktualisierungen.  <\/p>\n<p>&nbsp;<\/p>\n<p>&nbsp;<\/p>\n<h2 class=\"wp-block-heading\">13. Kontaktinformationen<\/h2>\n<p>Bei Fragen zu diesen Bedingungen oder zur Kontaktaufnahme mit LABA7 besuchen Sie bitte:<br \/>\n<a class=\"\" href=\"https:\/\/laba7.com\/contact-us\/\">https:\/\/laba7.com\/contact-us\/<\/a><\/p>\n<p>&nbsp;<\/p>\n<p>&nbsp;[\/et_pb_text][\/et_pb_column][\/et_pb_row][\/et_pb_section]<\/p>\n","protected":false},"excerpt":{"rendered":"<p>Gesch\u00e4ftsbedingungen Firmenname: LABA7, UAB Firmen-ID: 304433443 Umsatzsteuer-ID: LT100011059417 Registrierte Adresse: Gilu\u017eio Str. 15, LT-06239 Vilnius, Litauen Indem Sie auf die LABA7-Website (https:\/\/laba7.com\/) zugreifen oder diese nutzen, erkl\u00e4ren Sie sich mit den folgenden Allgemeinen Gesch\u00e4ftsbedingungen einverstanden. Wenn Sie nicht einverstanden sind, verwenden Sie die Site bitte nicht. &nbsp; &nbsp; 1. Nutzung der Website Die LABA7-Website informiert [&hellip;]<\/p>\n","protected":false},"author":2,"featured_media":331073,"parent":0,"menu_order":0,"comment_status":"closed","ping_status":"closed","template":"","meta":{"_acf_changed":false,"_et_pb_use_builder":"on","_et_pb_old_content":"","_et_gb_content_width":"","footnotes":""},"class_list":["post-339098","page","type-page","status-publish","has-post-thumbnail","hentry"],"acf":[],"yoast_head":"<!-- This site is optimized with the Yoast SEO plugin v25.3.1 - https:\/\/yoast.com\/wordpress\/plugins\/seo\/ -->\n<title>Gesch\u00e4ftsbedingungen - LABA7<\/title>\n<meta name=\"description\" content=\"Mit dem Zugriff auf die LABA7-Website (https:\/\/laba7.com\/) stimmen Sie den folgenden Allgemeinen Gesch\u00e4ftsbedingungen zu.\" \/>\n<meta name=\"robots\" content=\"index, follow, max-snippet:-1, max-image-preview:large, max-video-preview:-1\" \/>\n<link rel=\"canonical\" href=\"https:\/\/laba7.com\/de\/geschaeftsbedingungen\/\" \/>\n<meta property=\"og:locale\" content=\"de_DE\" \/>\n<meta property=\"og:type\" content=\"article\" \/>\n<meta property=\"og:title\" content=\"Allgemeine Gesch\u00e4ftsbedingungen - LABA7\" \/>\n<meta property=\"og:description\" content=\"Mit dem Zugriff auf die LABA7-Website (https:\/\/laba7.com\/) stimmen Sie den folgenden Allgemeinen Gesch\u00e4ftsbedingungen zu.\" \/>\n<meta property=\"og:url\" content=\"https:\/\/laba7.com\/de\/geschaeftsbedingungen\/\" \/>\n<meta property=\"og:site_name\" content=\"LABA7\" \/>\n<meta property=\"article:publisher\" content=\"https:\/\/www.facebook.com\/LabaSeven\/\" \/>\n<meta property=\"article:modified_time\" content=\"2025-05-15T08:25:57+00:00\" \/>\n<meta property=\"og:image\" content=\"https:\/\/laba7.com\/wp-content\/uploads\/2023\/07\/Laba7-logo-square-black.png\" \/>\n\t<meta property=\"og:image:width\" content=\"1572\" \/>\n\t<meta property=\"og:image:height\" content=\"1572\" \/>\n\t<meta property=\"og:image:type\" content=\"image\/png\" \/>\n<!-- \/ Yoast SEO plugin. -->","yoast_head_json":{"title":"Gesch\u00e4ftsbedingungen - LABA7","description":"Mit dem Zugriff auf die LABA7-Website (https:\/\/laba7.com\/) stimmen Sie den folgenden Allgemeinen Gesch\u00e4ftsbedingungen zu.","robots":{"index":"index","follow":"follow","max-snippet":"max-snippet:-1","max-image-preview":"max-image-preview:large","max-video-preview":"max-video-preview:-1"},"canonical":"https:\/\/laba7.com\/de\/geschaeftsbedingungen\/","og_locale":"de_DE","og_type":"article","og_title":"Allgemeine Gesch\u00e4ftsbedingungen - LABA7","og_description":"Mit dem Zugriff auf die LABA7-Website (https:\/\/laba7.com\/) stimmen Sie den folgenden Allgemeinen Gesch\u00e4ftsbedingungen zu.","og_url":"https:\/\/laba7.com\/de\/geschaeftsbedingungen\/","og_site_name":"LABA7","article_publisher":"https:\/\/www.facebook.com\/LabaSeven\/","article_modified_time":"2025-05-15T08:25:57+00:00","og_image":[{"width":1572,"height":1572,"url":"https:\/\/laba7.com\/wp-content\/uploads\/2023\/07\/Laba7-logo-square-black.png","type":"image\/png"}],"schema":{"@context":"https:\/\/schema.org","@graph":false}},"_links":{"self":[{"href":"https:\/\/laba7.com\/de\/wp-json\/wp\/v2\/pages\/339098","targetHints":{"allow":["GET"]}}],"collection":[{"href":"https:\/\/laba7.com\/de\/wp-json\/wp\/v2\/pages"}],"about":[{"href":"https:\/\/laba7.com\/de\/wp-json\/wp\/v2\/types\/page"}],"author":[{"embeddable":true,"href":"https:\/\/laba7.com\/de\/wp-json\/wp\/v2\/users\/2"}],"replies":[{"embeddable":true,"href":"https:\/\/laba7.com\/de\/wp-json\/wp\/v2\/comments?post=339098"}],"version-history":[{"count":11,"href":"https:\/\/laba7.com\/de\/wp-json\/wp\/v2\/pages\/339098\/revisions"}],"predecessor-version":[{"id":339700,"href":"https:\/\/laba7.com\/de\/wp-json\/wp\/v2\/pages\/339098\/revisions\/339700"}],"wp:featuredmedia":[{"embeddable":true,"href":"https:\/\/laba7.com\/de\/wp-json\/wp\/v2\/media\/331073"}],"wp:attachment":[{"href":"https:\/\/laba7.com\/de\/wp-json\/wp\/v2\/media?parent=339098"}],"curies":[{"name":"wp","href":"https:\/\/api.w.org\/{rel}","templated":true}]}}