{"id":334851,"date":"2023-12-12T08:05:44","date_gmt":"2023-12-12T08:05:44","guid":{"rendered":"https:\/\/laba7.com\/produkte\/stossdaempfer-dyno-adapter-fur-mtb\/"},"modified":"2025-09-19T08:31:43","modified_gmt":"2025-09-19T08:31:43","slug":"stossdaempfer-dyno-adapter-fur-mtb","status":"publish","type":"page","link":"https:\/\/laba7.com\/de\/produkte\/stossdaempfer-dyno-adapter-fur-mtb\/","title":{"rendered":"Sto\u00dfd\u00e4mpfer-Pr\u00fcfstand-Adapter f\u00fcr MTB"},"content":{"rendered":"<p>[et_pb_section fb_built=&#8220;1&#8243; admin_label=&#8220;Header&#8220; _builder_version=&#8220;4.23.1&#8243; _module_preset=&#8220;default&#8220; background_color=&#8220;#000000&#8243; background_enable_image=&#8220;off&#8220; background_size=&#8220;contain&#8220; background_position=&#8220;bottom_center&#8220; background_vertical_offset=&#8220;-40%&#8220; min_height=&#8220;500px&#8220; height_last_edited=&#8220;off|phone&#8220; custom_margin=&#8220;0px||0px||false|false&#8220; custom_padding=&#8220;||||false|false&#8220; bottom_divider_style=&#8220;arrow3&#8243; bottom_divider_color=&#8220;#303030&#8243; bottom_divider_height=&#8220;40px&#8220; locked=&#8220;off&#8220; global_colors_info=&#8220;{}&#8220;][et_pb_row _builder_version=&#8220;4.23.1&#8243; _module_preset=&#8220;default&#8220; width=&#8220;100%&#8220; max_width=&#8220;1100px&#8220; custom_padding=&#8220;100px||||false|false&#8220; global_colors_info=&#8220;{}&#8220;][et_pb_column type=&#8220;4_4&#8243; _builder_version=&#8220;4.20.4&#8243; _module_preset=&#8220;default&#8220; global_colors_info=&#8220;{}&#8220;][et_pb_text _builder_version=&#8220;4.23.1&#8243; _module_preset=&#8220;default&#8220; header_text_align=&#8220;center&#8220; header_text_color=&#8220;#FFFFFF&#8220; header_font_size=&#8220;50px&#8220; text_orientation=&#8220;center&#8220; background_layout=&#8220;dark&#8220; custom_margin=&#8220;||||false|false&#8220; header_text_shadow_style=&#8220;preset1&#8243; global_colors_info=&#8220;{}&#8220;]<\/p>\n<h1>Sto\u00dfd\u00e4mpfer-Pr\u00fcfstand-Adapter f\u00fcr MTB<\/h1>\n<p>[\/et_pb_text][et_pb_text _builder_version=&#8220;4.23.1&#8243; _module_preset=&#8220;default&#8220; text_text_color=&#8220;gcid-d40f5d1e-f5d1-4b41-ab11-4faa03a3a11c&#8220; custom_padding=&#8220;||30px||false|false&#8220; text_text_shadow_style=&#8220;preset3&#8243; global_colors_info=&#8220;{%22gcid-d40f5d1e-f5d1-4b41-ab11-4faa03a3a11c%22:%91%22text_text_color%22%93}&#8220;]<\/p>\n<p style=\"text-align: center;\">Diese Sto\u00dfd\u00e4mpfer-Pr\u00fcfstand-Adapter f\u00fcr MTB-D\u00e4mpfer werden in der \u00fcblichen LABA7-Manier hergestellt und verwenden langlebige und zuverl\u00e4ssige Materialien, um Pr\u00e4zision bei Leistungstests zu gew\u00e4hrleisten. Diese mit viel Liebe zum Detail gefertigten Adapter spielen eine entscheidende Rolle bei der Verbesserung des Testprozesses sowohl f\u00fcr Gabeln als auch f\u00fcr hintere Sto\u00dfd\u00e4mpfer an MTB-Fahrr\u00e4dern.<\/p>\n<p style=\"text-align: center;\">[\/et_pb_text][et_pb_button button_url=&#8220;#AdaptersPP&#8220; url_new_window=&#8220;on&#8220; button_text=&#8220;Geben Sie jetzt eine Bestellung auf&#8220; button_alignment=&#8220;center&#8220; admin_label=&#8220;Contact button&#8220; _builder_version=&#8220;4.25.0&#8243; _module_preset=&#8220;default&#8220; custom_button=&#8220;on&#8220; button_text_size=&#8220;16px&#8220; button_text_color=&#8220;#000000&#8243; button_bg_color=&#8220;#FFFFFF&#8220; button_border_width=&#8220;0px&#8220; button_border_radius=&#8220;5px&#8220; custom_margin=&#8220;||||false|false&#8220; custom_padding=&#8220;10px|40px|10px|40px|false|false&#8220; global_colors_info=&#8220;{}&#8220; button_font=&#8220;||||||||&#8220; button_use_icon=&#8220;off&#8220;][\/et_pb_button][\/et_pb_column][\/et_pb_row][\/et_pb_section][et_pb_section fb_built=&#8220;1&#8243; admin_label=&#8220;Dynos Selection&#8220; module_id=&#8220;stossdaempfer-Pr\u00fcfstand-Adapter&#8220; _builder_version=&#8220;4.23.1&#8243; _module_preset=&#8220;default&#8220; background_color=&#8220;rgba(0,0,0,0.44)&#8220; custom_margin=&#8220;||||false|false&#8220; custom_padding=&#8220;||||false|false&#8220; top_divider_style=&#8220;graph4&#8243; top_divider_color=&#8220;#303030&#8243; top_divider_height=&#8220;40px&#8220; bottom_divider_style=&#8220;graph4&#8243; bottom_divider_color=&#8220;#303030&#8243; bottom_divider_height=&#8220;40px&#8220; global_colors_info=&#8220;{}&#8220;][et_pb_row _builder_version=&#8220;4.23.1&#8243; _module_preset=&#8220;default&#8220; width=&#8220;100%&#8220; max_width=&#8220;1100px&#8220; custom_margin=&#8220;30px||||false|false&#8220; custom_padding=&#8220;20px|20px|20px|20px|false|false&#8220; global_colors_info=&#8220;{}&#8220;][et_pb_column type=&#8220;4_4&#8243; _builder_version=&#8220;4.20.4&#8243; _module_preset=&#8220;default&#8220; global_colors_info=&#8220;{}&#8220;][et_pb_text _builder_version=&#8220;4.23.1&#8243; _module_preset=&#8220;default&#8220; global_colors_info=&#8220;{}&#8220;]<\/p>\n<h2 style=\"text-align: center;\"> LABA7 Sto\u00dfd\u00e4mpfer-Pr\u00fcfstand-Adapter f\u00fcr <strong>MTB-Gabeln und Sto\u00dfd\u00e4mpfer <\/strong><\/h2>\n<p>[\/et_pb_text][\/et_pb_column][\/et_pb_row][et_pb_row column_structure=&#8220;1_3,2_3&#8243; make_equal=&#8220;on&#8220; _builder_version=&#8220;4.23.1&#8243; _module_preset=&#8220;default&#8220; background_color=&#8220;#000000&#8243; width=&#8220;auto&#8220; custom_margin=&#8220;||||false|false&#8220; custom_padding=&#8220;20px|20px|20px|20px|false|false&#8220; global_colors_info=&#8220;{}&#8220;][et_pb_column type=&#8220;1_3&#8243; _builder_version=&#8220;4.20.4&#8243; _module_preset=&#8220;default&#8220; custom_padding=&#8220;|0px||0px|false|false&#8220; global_colors_info=&#8220;{}&#8220;][et_pb_text _builder_version=&#8220;4.27.0&#8243; _module_preset=&#8220;default&#8220; text_text_color=&#8220;gcid-d40f5d1e-f5d1-4b41-ab11-4faa03a3a11c&#8220; custom_margin=&#8220;||0px||false|false&#8220; custom_padding=&#8220;20px|0px|10px|0px|false|false&#8220; global_colors_info=&#8220;{%22gcid-d40f5d1e-f5d1-4b41-ab11-4faa03a3a11c%22:%91%22text_text_color%22%93}&#8220;]<\/p>\n<h3>Selbstvorspannender Gabelkopf<\/h3>\n<p><span>Dieser Adapter vereinfacht die Pr\u00fcfung von Sto\u00dfd\u00e4mpfern. Es erm\u00f6glicht eine schnelle und einfache Montage\/Demontage von D\u00e4mpfern und <\/span><span>sorgt f\u00fcr Effizienz beim Testen.<\/span><\/p>\n<p><span>Besonders praktisch beim Testen von Sto\u00dfd\u00e4mpfern mit Ausgleichsbeh\u00e4ltern.<\/span><\/p>\n<p><strong><\/strong>Kann sowohl oben als auch unten montiert werden.<strong><\/strong><\/p>\n<p>&nbsp;<\/p>\n<h3>Preis \u2013 <strong>200<\/strong> <strong>EUR <\/strong> <em>(exkl. MwSt.)<\/em><\/h3>\n<p>[\/et_pb_text][\/et_pb_column][et_pb_column type=&#8220;2_3&#8243; _builder_version=&#8220;4.20.4&#8243; _module_preset=&#8220;default&#8220; global_colors_info=&#8220;{}&#8220;][dnxte_masonary gallery_ids=&#8220;333793&#8243; dnxte_columns=&#8220;2&#8243; dnxte_masonry_hvr_effect=&#8220;zoom-in&#8220; dnxte_msnary_filter_active_bg_color=&#8220;RGBA(255,255,255,0)&#8220; dnxte_msnary_overlay_bg_color=&#8220;RGBA(255,255,255,0)&#8220; dnxte_lightbox_overlay_bg_color=&#8220;RGBA(255,255,255,0)&#8220; _builder_version=&#8220;4.24.2&#8243; _module_preset=&#8220;default&#8220; background_color=&#8220;RGBA(255,255,255,0)&#8220; locked=&#8220;off&#8220; global_colors_info=&#8220;{}&#8220;][\/dnxte_masonary][\/et_pb_column][\/et_pb_row][et_pb_row column_structure=&#8220;1_3,2_3&#8243; make_equal=&#8220;on&#8220; _builder_version=&#8220;4.23.1&#8243; _module_preset=&#8220;default&#8220; background_color=&#8220;#000000&#8243; width=&#8220;auto&#8220; custom_margin=&#8220;||||false|false&#8220; custom_padding=&#8220;20px|20px|20px|20px|false|false&#8220; border_width_top=&#8220;5px&#8220; global_colors_info=&#8220;{}&#8220;][et_pb_column type=&#8220;1_3&#8243; _builder_version=&#8220;4.20.4&#8243; _module_preset=&#8220;default&#8220; custom_padding=&#8220;|0px||0px|false|false&#8220; global_colors_info=&#8220;{}&#8220;][et_pb_text _builder_version=&#8220;4.27.0&#8243; _module_preset=&#8220;default&#8220; text_text_color=&#8220;gcid-d40f5d1e-f5d1-4b41-ab11-4faa03a3a11c&#8220; custom_margin=&#8220;||0px||false|false&#8220; custom_padding=&#8220;20px|0px|10px|0px|false|false&#8220; global_colors_info=&#8220;{%22gcid-d40f5d1e-f5d1-4b41-ab11-4faa03a3a11c%22:%91%22text_text_color%22%93}&#8220;]<\/p>\n<h3 style=\"text-align: left;\">MTB-Gabeladapter<\/h3>\n<p>MTB-Gabeladapter f\u00fcr diese Eins\u00e4tze:<\/p>\n<ul>\n<li>100 x 15 mm<\/li>\n<li>110 x 15 mm<\/li>\n<li>110 x 20 mm<\/li>\n<\/ul>\n<p>&nbsp;<\/p>\n<h3>Preis \u2013 <strong>430 <\/strong> <strong>EUR <\/strong> <em>(exkl. MwSt.) <\/em><\/h3>\n<p>[\/et_pb_text][\/et_pb_column][et_pb_column type=&#8220;2_3&#8243; _builder_version=&#8220;4.20.4&#8243; _module_preset=&#8220;default&#8220; global_colors_info=&#8220;{}&#8220;][dnxte_masonary gallery_ids=&#8220;334304&#8243; dnxte_columns=&#8220;2&#8243; dnxte_masonry_hvr_effect=&#8220;zoom-in&#8220; dnxte_msnary_filter_active_bg_color=&#8220;RGBA(255,255,255,0)&#8220; dnxte_msnary_overlay_bg_color=&#8220;RGBA(255,255,255,0)&#8220; dnxte_lightbox_overlay_bg_color=&#8220;RGBA(255,255,255,0)&#8220; _builder_version=&#8220;4.25.0&#8243; _module_preset=&#8220;default&#8220; background_color=&#8220;RGBA(255,255,255,0)&#8220; global_colors_info=&#8220;{}&#8220;][\/dnxte_masonary][\/et_pb_column][\/et_pb_row][et_pb_row column_structure=&#8220;1_3,2_3&#8243; make_equal=&#8220;on&#8220; _builder_version=&#8220;4.23.1&#8243; _module_preset=&#8220;default&#8220; background_color=&#8220;#000000&#8243; width=&#8220;auto&#8220; custom_margin=&#8220;||||false|false&#8220; custom_padding=&#8220;20px|20px|20px|20px|false|false&#8220; border_width_top=&#8220;5px&#8220; border_color_bottom=&#8220;#303030&#8243; locked=&#8220;off&#8220; global_colors_info=&#8220;{}&#8220;][et_pb_column type=&#8220;1_3&#8243; _builder_version=&#8220;4.20.4&#8243; _module_preset=&#8220;default&#8220; custom_padding=&#8220;|0px||0px|false|false&#8220; global_colors_info=&#8220;{}&#8220;][et_pb_text _builder_version=&#8220;4.27.0&#8243; _module_preset=&#8220;default&#8220; text_text_color=&#8220;gcid-d40f5d1e-f5d1-4b41-ab11-4faa03a3a11c&#8220; custom_margin=&#8220;||0px||false|false&#8220; custom_padding=&#8220;20px|0px|10px|0px|false|false&#8220; global_colors_info=&#8220;{%22gcid-d40f5d1e-f5d1-4b41-ab11-4faa03a3a11c%22:%91%22text_text_color%22%93}&#8220;]<\/p>\n<h3 style=\"text-align: left;\">Zapfenadapter<\/h3>\n<p><span>Es erm\u00f6glicht ein effizientes und sicheres Anbringen und L\u00f6sen von Sto\u00dfd\u00e4mpfern w\u00e4hrend der Pr\u00fcfung. Sein sch\u00fctzendes Design sch\u00fctzt vor St\u00f6\u00dfen und sorgt so f\u00fcr einen besch\u00e4digungsfreien Pr\u00fcfprozess. <\/span><\/p>\n<p>&nbsp;<\/p>\n<h3>Preis \u2013 <strong>210 <\/strong> <strong>EUR <\/strong> <em>(exkl. MwSt.)<\/em><\/h3>\n<p>[\/et_pb_text][\/et_pb_column][et_pb_column type=&#8220;2_3&#8243; _builder_version=&#8220;4.20.4&#8243; _module_preset=&#8220;default&#8220; global_colors_info=&#8220;{}&#8220;][dnxte_masonary gallery_ids=&#8220;333804&#8243; dnxte_columns=&#8220;2&#8243; dnxte_masonry_hvr_effect=&#8220;zoom-in&#8220; dnxte_msnary_filter_active_bg_color=&#8220;RGBA(255,255,255,0)&#8220; dnxte_msnary_overlay_bg_color=&#8220;RGBA(255,255,255,0)&#8220; dnxte_lightbox_overlay_bg_color=&#8220;RGBA(255,255,255,0)&#8220; _builder_version=&#8220;4.24.2&#8243; _module_preset=&#8220;default&#8220; background_color=&#8220;RGBA(255,255,255,0)&#8220; global_colors_info=&#8220;{}&#8220;][\/dnxte_masonary][\/et_pb_column][\/et_pb_row][et_pb_row column_structure=&#8220;1_3,2_3&#8243; make_equal=&#8220;on&#8220; _builder_version=&#8220;4.23.1&#8243; _module_preset=&#8220;default&#8220; background_color=&#8220;#000000&#8243; width=&#8220;auto&#8220; custom_margin=&#8220;||||false|false&#8220; custom_padding=&#8220;20px|20px|20px|20px|false|false&#8220; border_color_all=&#8220;#303030&#8243; border_width_top=&#8220;5px&#8220; locked=&#8220;off&#8220; global_colors_info=&#8220;{}&#8220;][et_pb_column type=&#8220;1_3&#8243; _builder_version=&#8220;4.20.4&#8243; _module_preset=&#8220;default&#8220; custom_padding=&#8220;|0px||0px|false|false&#8220; global_colors_info=&#8220;{}&#8220;][et_pb_text _builder_version=&#8220;4.27.0&#8243; _module_preset=&#8220;default&#8220; text_text_color=&#8220;gcid-d40f5d1e-f5d1-4b41-ab11-4faa03a3a11c&#8220; custom_margin=&#8220;||0px||false|false&#8220; custom_padding=&#8220;20px|0px|10px|0px|false|false&#8220; global_colors_info=&#8220;{%22gcid-d40f5d1e-f5d1-4b41-ab11-4faa03a3a11c%22:%91%22text_text_color%22%93}&#8220;]<\/p>\n<h3 style=\"text-align: left;\">Adapterset f\u00fcr MTB-Kartuschen:<\/h3>\n<ul>\n<li><strong>RockShox<\/strong> \u2013 RS32 M29x1, RS35 (old) M33x1, RS35 (new) M32x0.5, (Bottom) D8, RS38 M35x0.75\/Ohlins RXF38<\/li>\n<li>\n<p class=\"LC20lb MBeuO DKV0Md\"><strong>\u00d6hlins <\/strong> \u2013 RXF36 M34x1, DH38 M35x1, (unten) D12<\/p>\n<\/li>\n<li><strong>FOX <\/strong> \u2013 32&#8220; 1-11\/64&#8243; &#8211; 28G, 34&#8220; 1-15\/64&#8220; &#8211; 32G, 36&#8220; 1-5\/16&#8220; &#8211; 32G, 38&#8220; 1-3\/8&#8220; &#8211; 32G, 40&#8220; 1-31\/64&#8220; &#8211; 32G, (unten) D13,5<\/li>\n<\/ul>\n<h3>Preis \u2013 <strong>800 <\/strong> <strong>EUR<\/strong> <em>(exkl. MwSt.) <\/em><\/h3>\n<p><strong><\/strong><\/p>\n<p><strong><\/strong><\/p>\n<ul>\n<li><strong>SR Suntour<\/strong> \u2013 AURON RC2 M32x1, RL-RC PCS M31x1, DUROLUX R2C2 D10.1, (Bottom) D8.1, RL-RC PCS M29x1<\/li>\n<\/ul>\n<h3>Preis \u2013 <strong>400 EUR <\/strong> <em>(exkl. MwSt.)<\/em><\/h3>\n<p>[\/et_pb_text][\/et_pb_column][et_pb_column type=&#8220;2_3&#8243; _builder_version=&#8220;4.20.4&#8243; _module_preset=&#8220;default&#8220; global_colors_info=&#8220;{}&#8220;][dnxte_masonary gallery_ids=&#8220;333798,332252&#8243; dnxte_columns=&#8220;2&#8243; dnxte_masonry_hvr_effect=&#8220;zoom-in&#8220; dnxte_msnary_filter_active_bg_color=&#8220;RGBA(255,255,255,0)&#8220; dnxte_msnary_overlay_bg_color=&#8220;RGBA(255,255,255,0)&#8220; dnxte_lightbox_overlay_bg_color=&#8220;RGBA(255,255,255,0)&#8220; _builder_version=&#8220;4.24.2&#8243; _module_preset=&#8220;default&#8220; background_color=&#8220;RGBA(255,255,255,0)&#8220; global_colors_info=&#8220;{}&#8220;][\/dnxte_masonary][\/et_pb_column][\/et_pb_row][\/et_pb_section][et_pb_section fb_built=&#8220;1&#8243; admin_label=&#8220;Dynos Selection&#8220; module_id=&#8220;stossdaempfer-Pr\u00fcfstand-Adapter&#8220; _builder_version=&#8220;4.23.1&#8243; _module_preset=&#8220;default&#8220; background_color=&#8220;rgba(0,0,0,0.44)&#8220; min_height=&#8220;750px&#8220; custom_margin=&#8220;0px|0px|0px|0px|false|false&#8220; custom_padding=&#8220;20px|20px|20px|20px|false|false&#8220; global_colors_info=&#8220;{}&#8220;][et_pb_row _builder_version=&#8220;4.23.1&#8243; _module_preset=&#8220;default&#8220; width=&#8220;100%&#8220; max_width=&#8220;1100px&#8220; custom_margin=&#8220;30px||||false|false&#8220; custom_padding=&#8220;20px|20px|20px|20px|false|false&#8220; global_colors_info=&#8220;{}&#8220;][et_pb_column type=&#8220;4_4&#8243; _builder_version=&#8220;4.20.4&#8243; _module_preset=&#8220;default&#8220; global_colors_info=&#8220;{}&#8220;][et_pb_text _builder_version=&#8220;4.23.1&#8243; _module_preset=&#8220;default&#8220; global_colors_info=&#8220;{}&#8220;]<\/p>\n<h2 style=\"text-align: center;\">Warum sollten Sto\u00dfd\u00e4mpfer-Pr\u00fcfstand-Adapter f\u00fcr MTB-D\u00e4mpfer verwendet werden?<\/h2>\n<p>[\/et_pb_text][et_pb_text _builder_version=&#8220;4.23.1&#8243; _module_preset=&#8220;default&#8220; global_colors_info=&#8220;{}&#8220;]<\/p>\n<p style=\"text-align: center;\">Sto\u00dfd\u00e4mpfer-Pr\u00fcfstand-Adapter f\u00fcr MTB-D\u00e4mpfer sind wesentliche Komponenten bei der Bewertung von Federungssystemen und fungieren als Schnittstelle zwischen dem Sto\u00dfd\u00e4mpfer-Dyno und der spezifischen Geometrie des Fahrradd\u00e4mpfers. Durch die Bereitstellung einer standardisierten Verbindung stellen diese Adapter sicher, dass die Testbedingungen reale Szenarien genau nachbilden, was zu zuverl\u00e4ssigeren und wiederholbaren Ergebnissen f\u00fchrt.<\/p>\n<p style=\"text-align: center;\">Diese Pr\u00e4zision ist bei der Entwicklung und Feinabstimmung von Federungssystemen f\u00fcr Mountainbikes von gr\u00f6\u00dfter Bedeutung und erm\u00f6glicht es Ingenieuren und Herstellern, Leistung und Reaktionsf\u00e4higkeit zu optimieren. Mit LABA7-D\u00e4mpfer-Pr\u00fcfstand-Adaptern wird der Testprozess zu einem Eckpfeiler f\u00fcr die Erzielung h\u00f6chster Genauigkeit und tr\u00e4gt letztendlich zur Weiterentwicklung der MTB-Federungstechnologie bei.<\/p>\n<p style=\"text-align: center;\">[\/et_pb_text][et_pb_button button_url=&#8220;#AdaptersPP&#8220; url_new_window=&#8220;on&#8220; button_text=&#8220;Geben Sie jetzt eine Bestellung auf&#8220; button_alignment=&#8220;center&#8220; admin_label=&#8220;Contact button&#8220; _builder_version=&#8220;4.25.0&#8243; _module_preset=&#8220;default&#8220; custom_button=&#8220;on&#8220; button_text_size=&#8220;16px&#8220; button_text_color=&#8220;#000000&#8243; button_bg_color=&#8220;#FFFFFF&#8220; button_border_width=&#8220;0px&#8220; button_border_radius=&#8220;5px&#8220; custom_margin=&#8220;||||false|false&#8220; custom_padding=&#8220;10px|40px|10px|40px|false|false&#8220; global_colors_info=&#8220;{}&#8220; button_font=&#8220;||||||||&#8220; button_use_icon=&#8220;off&#8220;][\/et_pb_button][\/et_pb_column][\/et_pb_row][\/et_pb_section]<\/p>\n","protected":false},"excerpt":{"rendered":"<p>Sto\u00dfd\u00e4mpfer-Pr\u00fcfstand-Adapter f\u00fcr MTBDiese Sto\u00dfd\u00e4mpfer-Pr\u00fcfstand-Adapter f\u00fcr MTB-D\u00e4mpfer werden in der \u00fcblichen LABA7-Manier hergestellt und verwenden langlebige und zuverl\u00e4ssige Materialien, um Pr\u00e4zision bei Leistungstests zu gew\u00e4hrleisten. Diese mit viel Liebe zum Detail gefertigten Adapter spielen eine entscheidende Rolle bei der Verbesserung des Testprozesses sowohl f\u00fcr Gabeln als auch f\u00fcr hintere Sto\u00dfd\u00e4mpfer an MTB-Fahrr\u00e4dern. LABA7 Sto\u00dfd\u00e4mpfer-Pr\u00fcfstand-Adapter f\u00fcr MTB-Gabeln [&hellip;]<\/p>\n","protected":false},"author":2,"featured_media":334852,"parent":334805,"menu_order":0,"comment_status":"closed","ping_status":"closed","template":"","meta":{"_acf_changed":false,"_et_pb_use_builder":"on","_et_pb_old_content":"","_et_gb_content_width":"","footnotes":""},"class_list":["post-334851","page","type-page","status-publish","has-post-thumbnail","hentry"],"acf":[],"yoast_head":"<!-- This site is optimized with the Yoast SEO plugin v25.3.1 - https:\/\/yoast.com\/wordpress\/plugins\/seo\/ -->\n<title>Sto\u00dfd\u00e4mpfer-Pr\u00fcfstand-Adapter f\u00fcr MTB - LABA7<\/title>\n<meta name=\"description\" content=\"Sto\u00dfd\u00e4mpfer-Pr\u00fcfstand-Adapter f\u00fcr MTB: Gabeladapter, Zapfenadapter, Adapter f\u00fcr Kartuschen und mehr.\" \/>\n<meta name=\"robots\" content=\"index, follow, max-snippet:-1, max-image-preview:large, max-video-preview:-1\" \/>\n<link rel=\"canonical\" href=\"https:\/\/laba7.com\/de\/produkte\/stossdaempfer-dyno-adapter-fur-mtb\/\" \/>\n<meta property=\"og:locale\" content=\"de_DE\" \/>\n<meta property=\"og:type\" content=\"article\" \/>\n<meta property=\"og:title\" content=\"Sto\u00dfd\u00e4mpfer-Pr\u00fcfstand-Adapter f\u00fcr MTB\" \/>\n<meta property=\"og:description\" content=\"Sto\u00dfd\u00e4mpfer-Pr\u00fcfstand-Adapter f\u00fcr MTB-D\u00e4mpfer werden in gewohnter LABA7-Manier hergestellt \u2013 aus langlebigen und zuverl\u00e4ssigen Materialien.\" \/>\n<meta property=\"og:url\" content=\"https:\/\/laba7.com\/de\/produkte\/stossdaempfer-dyno-adapter-fur-mtb\/\" \/>\n<meta property=\"og:site_name\" content=\"LABA7\" \/>\n<meta property=\"article:publisher\" content=\"https:\/\/www.facebook.com\/LabaSeven\/\" \/>\n<meta property=\"article:modified_time\" content=\"2025-09-19T08:31:43+00:00\" \/>\n<meta property=\"og:image\" content=\"https:\/\/laba7.com\/wp-content\/uploads\/2024\/03\/Trunnion-adapter-300x300.webp\" \/>\n<!-- \/ Yoast SEO plugin. -->","yoast_head_json":{"title":"Sto\u00dfd\u00e4mpfer-Pr\u00fcfstand-Adapter f\u00fcr MTB - LABA7","description":"Sto\u00dfd\u00e4mpfer-Pr\u00fcfstand-Adapter f\u00fcr MTB: Gabeladapter, Zapfenadapter, Adapter f\u00fcr Kartuschen und mehr.","robots":{"index":"index","follow":"follow","max-snippet":"max-snippet:-1","max-image-preview":"max-image-preview:large","max-video-preview":"max-video-preview:-1"},"canonical":"https:\/\/laba7.com\/de\/produkte\/stossdaempfer-dyno-adapter-fur-mtb\/","og_locale":"de_DE","og_type":"article","og_title":"Sto\u00dfd\u00e4mpfer-Pr\u00fcfstand-Adapter f\u00fcr MTB","og_description":"Sto\u00dfd\u00e4mpfer-Pr\u00fcfstand-Adapter f\u00fcr MTB-D\u00e4mpfer werden in gewohnter LABA7-Manier hergestellt \u2013 aus langlebigen und zuverl\u00e4ssigen Materialien.","og_url":"https:\/\/laba7.com\/de\/produkte\/stossdaempfer-dyno-adapter-fur-mtb\/","og_site_name":"LABA7","article_publisher":"https:\/\/www.facebook.com\/LabaSeven\/","article_modified_time":"2025-09-19T08:31:43+00:00","og_image":[{"url":"https:\/\/laba7.com\/wp-content\/uploads\/2024\/03\/Trunnion-adapter-300x300.webp","type":"","width":"","height":""}],"schema":{"@context":"https:\/\/schema.org","@graph":false}},"_links":{"self":[{"href":"https:\/\/laba7.com\/de\/wp-json\/wp\/v2\/pages\/334851","targetHints":{"allow":["GET"]}}],"collection":[{"href":"https:\/\/laba7.com\/de\/wp-json\/wp\/v2\/pages"}],"about":[{"href":"https:\/\/laba7.com\/de\/wp-json\/wp\/v2\/types\/page"}],"author":[{"embeddable":true,"href":"https:\/\/laba7.com\/de\/wp-json\/wp\/v2\/users\/2"}],"replies":[{"embeddable":true,"href":"https:\/\/laba7.com\/de\/wp-json\/wp\/v2\/comments?post=334851"}],"version-history":[{"count":30,"href":"https:\/\/laba7.com\/de\/wp-json\/wp\/v2\/pages\/334851\/revisions"}],"predecessor-version":[{"id":341147,"href":"https:\/\/laba7.com\/de\/wp-json\/wp\/v2\/pages\/334851\/revisions\/341147"}],"up":[{"embeddable":true,"href":"https:\/\/laba7.com\/de\/wp-json\/wp\/v2\/pages\/334805"}],"wp:featuredmedia":[{"embeddable":true,"href":"https:\/\/laba7.com\/de\/wp-json\/wp\/v2\/media\/334852"}],"wp:attachment":[{"href":"https:\/\/laba7.com\/de\/wp-json\/wp\/v2\/media?parent=334851"}],"curies":[{"name":"wp","href":"https:\/\/api.w.org\/{rel}","templated":true}]}}