{"id":334847,"date":"2023-12-12T08:42:36","date_gmt":"2023-12-12T08:42:36","guid":{"rendered":"https:\/\/laba7.com\/produkte\/stossdaempfer-adapter-fur-moto\/"},"modified":"2026-04-24T06:16:57","modified_gmt":"2026-04-24T06:16:57","slug":"stossdaempferpruefstand-adapter-fuer-moto","status":"publish","type":"page","link":"https:\/\/laba7.com\/de\/produkte\/stossdaempferpruefstand-adapter-fuer-moto\/","title":{"rendered":"Anpassungs- und Wartungselemente f\u00fcr MOTORRAD-D\u00e4mpfungssysteme"},"content":{"rendered":"<p>[et_pb_section fb_built=&#8220;1&#8243; admin_label=&#8220;Header&#8220; _builder_version=&#8220;4.23.1&#8243; _module_preset=&#8220;default&#8220; background_color=&#8220;#000000&#8243; background_enable_image=&#8220;off&#8220; background_size=&#8220;contain&#8220; background_position=&#8220;bottom_center&#8220; background_vertical_offset=&#8220;-40%&#8220; min_height=&#8220;500px&#8220; height_last_edited=&#8220;off|phone&#8220; custom_margin=&#8220;0px||0px||false|false&#8220; custom_padding=&#8220;||||false|false&#8220; bottom_divider_style=&#8220;arrow3&#8243; bottom_divider_color=&#8220;#303030&#8243; bottom_divider_height=&#8220;43px&#8220; locked=&#8220;off&#8220; global_colors_info=&#8220;{}&#8220;][et_pb_row _builder_version=&#8220;4.23.1&#8243; _module_preset=&#8220;default&#8220; width=&#8220;100%&#8220; max_width=&#8220;1100px&#8220; custom_padding=&#8220;100px||||false|false&#8220; global_colors_info=&#8220;{}&#8220;][et_pb_column type=&#8220;4_4&#8243; _builder_version=&#8220;4.20.4&#8243; _module_preset=&#8220;default&#8220; global_colors_info=&#8220;{}&#8220;][et_pb_text _builder_version=&#8220;4.26.0&#8243; _module_preset=&#8220;default&#8220; header_text_align=&#8220;center&#8220; header_text_color=&#8220;#FFFFFF&#8220; header_font_size=&#8220;50px&#8220; text_orientation=&#8220;center&#8220; background_layout=&#8220;dark&#8220; custom_margin=&#8220;||||false|false&#8220; hover_enabled=&#8220;0&#8243; header_text_shadow_style=&#8220;preset1&#8243; global_colors_info=&#8220;{}&#8220; sticky_enabled=&#8220;0&#8243;]<\/p>\n<h1>Adapter und Befestigungselemente f\u00fcr Motorrad-D\u00e4mpfungssysteme<\/h1>\n<p>[\/et_pb_text][et_pb_text _builder_version=&#8220;4.26.0&#8243; _module_preset=&#8220;default&#8220; text_text_color=&#8220;gcid-d40f5d1e-f5d1-4b41-ab11-4faa03a3a11c&#8220; custom_padding=&#8220;||30px||false|false&#8220; hover_enabled=&#8220;0&#8243; text_text_shadow_style=&#8220;preset3&#8243; global_colors_info=&#8220;{%22gcid-d40f5d1e-f5d1-4b41-ab11-4faa03a3a11c%22:%91%22text_text_color%22%93}&#8220; sticky_enabled=&#8220;0&#8243;]<\/p>\n<p style=\"text-align: center;\">Diese Adapter f\u00fcr MOTO-D\u00e4mpfer werden im typischen LABA7-Stil gefertigt: robuste und zuverl\u00e4ssige Materialien f\u00fcr dauerhafte Haltbarkeit und pr\u00e4zise Tests. Speziell auf die besonderen Anforderungen von Motorradfederungssystemen zugeschnitten, spielen diese Adapter eine entscheidende Rolle bei der Optimierung des Testprozesses f\u00fcr Vorderradgabeln und Hinterradd\u00e4mpfer. <\/p>\n<p style=\"text-align: center;\">Diese Halterungen sind so konzipiert, dass sie nahtlos mit jedem professionellen LABA7-<a _ngcontent-ng-c2677975379=\"\" target=\"_blank\" rel=\"noopener noreferrer\" href=\"https:\/\/www.google.com\/url?sa=E&amp;q=https%3A%2F%2Flaba7.com%2Fproducts%2Fshock-dyno%2F\">Sto\u00dfd\u00e4mpferpr\u00fcfstand <\/a>zusammenarbeiten und sicherstellen, dass Ihre Ausr\u00fcstung auch bei Hochgeschwindigkeitstests sicher an ihrem Platz bleibt.<\/p>\n<p style=\"text-align: center;\">[\/et_pb_text][et_pb_button button_url=&#8220;#AdaptersPP&#8220; url_new_window=&#8220;on&#8220; button_text=&#8220;Nehmen Sie jetzt Kontakt auf&#8220; button_alignment=&#8220;center&#8220; admin_label=&#8220;Contact button&#8220; _builder_version=&#8220;4.23.3&#8243; _module_preset=&#8220;default&#8220; custom_button=&#8220;on&#8220; button_text_size=&#8220;16px&#8220; button_text_color=&#8220;#000000&#8243; button_bg_color=&#8220;#FFFFFF&#8220; button_border_width=&#8220;0px&#8220; button_border_radius=&#8220;5px&#8220; button_font=&#8220;||||||||&#8220; button_use_icon=&#8220;off&#8220; custom_margin=&#8220;||||false|false&#8220; custom_padding=&#8220;10px|40px|10px|40px|false|false&#8220; global_colors_info=&#8220;{}&#8220;][\/et_pb_button][\/et_pb_column][\/et_pb_row][\/et_pb_section][et_pb_section fb_built=&#8220;1&#8243; admin_label=&#8220;Dynos Selection&#8220; module_id=&#8220;stossdaempfer-Pr\u00fcfstand-Adapter&#8220; _builder_version=&#8220;4.23.1&#8243; _module_preset=&#8220;default&#8220; background_color=&#8220;rgba(0,0,0,0.44)&#8220; custom_margin=&#8220;||||false|false&#8220; custom_padding=&#8220;||||false|false&#8220; top_divider_style=&#8220;graph4&#8243; top_divider_color=&#8220;#303030&#8243; top_divider_height=&#8220;40px&#8220; top_divider_arrangement=&#8220;above_content&#8220; bottom_divider_style=&#8220;graph4&#8243; bottom_divider_color=&#8220;#303030&#8243; bottom_divider_height=&#8220;40px&#8220; global_colors_info=&#8220;{}&#8220;][et_pb_row _builder_version=&#8220;4.23.1&#8243; _module_preset=&#8220;default&#8220; width=&#8220;100%&#8220; max_width=&#8220;1100px&#8220; custom_margin=&#8220;30px||||false|false&#8220; custom_padding=&#8220;20px|20px|20px|20px|false|false&#8220; global_colors_info=&#8220;{}&#8220;][et_pb_column type=&#8220;4_4&#8243; _builder_version=&#8220;4.20.4&#8243; _module_preset=&#8220;default&#8220; global_colors_info=&#8220;{}&#8220;][et_pb_text _builder_version=&#8220;4.26.0&#8243; _module_preset=&#8220;default&#8220; hover_enabled=&#8220;0&#8243; global_colors_info=&#8220;{}&#8220; sticky_enabled=&#8220;0&#8243;]<\/p>\n<h2 style=\"text-align: center;\">Motorrad-Befestigungselemente f\u00fcr Vordergabel und Hinterradsto\u00dfd\u00e4mpfer<\/h2>\n<p>[\/et_pb_text][\/et_pb_column][\/et_pb_row][et_pb_row column_structure=&#8220;1_3,2_3&#8243; make_equal=&#8220;on&#8220; _builder_version=&#8220;4.23.1&#8243; _module_preset=&#8220;default&#8220; background_color=&#8220;#000000&#8243; width=&#8220;auto&#8220; custom_margin=&#8220;||||false|false&#8220; custom_padding=&#8220;20px|20px|20px|20px|false|false&#8220; global_colors_info=&#8220;{}&#8220;][et_pb_column type=&#8220;1_3&#8243; _builder_version=&#8220;4.20.4&#8243; _module_preset=&#8220;default&#8220; custom_padding=&#8220;|0px||0px|false|false&#8220; global_colors_info=&#8220;{}&#8220;][et_pb_text _builder_version=&#8220;4.27.0&#8243; _module_preset=&#8220;default&#8220; text_text_color=&#8220;gcid-d40f5d1e-f5d1-4b41-ab11-4faa03a3a11c&#8220; custom_margin=&#8220;||0px||false|false&#8220; custom_padding=&#8220;20px|0px|10px|0px|false|false&#8220; global_colors_info=&#8220;{%22gcid-d40f5d1e-f5d1-4b41-ab11-4faa03a3a11c%22:%91%22text_text_color%22%93}&#8220;]<\/p>\n<h3>Selbstvorspannender Gabelkopf<\/h3>\n<p><span>Dieser Adapter vereinfacht die Sto\u00dfd\u00e4mpferpr\u00fcfung. Es erm\u00f6glicht die schnelle und einfache Montage\/Demontage von D\u00e4mpfern und <\/span><span>gew\u00e4hrleistet Effizienz beim Testen.<\/span><\/p>\n<p><span>Besonders praktisch beim Testen von Sto\u00dfd\u00e4mpfern mit Ausgleichsbeh\u00e4ltern.<\/span><\/p>\n<p><strong><\/strong>Kann sowohl oben als auch unten montiert werden.<\/p>\n<p>&nbsp;<\/p>\n<h3>Preis \u2013 <strong>200<\/strong> <strong>EUR<\/strong> <em>(exkl. MwSt.)<\/em><\/h3>\n<p>[\/et_pb_text][\/et_pb_column][et_pb_column type=&#8220;2_3&#8243; _builder_version=&#8220;4.20.4&#8243; _module_preset=&#8220;default&#8220; global_colors_info=&#8220;{}&#8220;][dnxte_masonary gallery_ids=&#8220;333793&#8243; dnxte_columns=&#8220;2&#8243; dnxte_masonry_hvr_effect=&#8220;zoom-in&#8220; dnxte_msnary_filter_active_bg_color=&#8220;RGBA(255,255,255,0)&#8220; dnxte_msnary_overlay_bg_color=&#8220;RGBA(255,255,255,0)&#8220; dnxte_lightbox_overlay_bg_color=&#8220;RGBA(255,255,255,0)&#8220; _builder_version=&#8220;4.24.2&#8243; _module_preset=&#8220;default&#8220; background_color=&#8220;RGBA(255,255,255,0)&#8220; global_colors_info=&#8220;{}&#8220;][\/dnxte_masonary][\/et_pb_column][\/et_pb_row][et_pb_row column_structure=&#8220;1_3,2_3&#8243; make_equal=&#8220;on&#8220; _builder_version=&#8220;4.23.1&#8243; _module_preset=&#8220;default&#8220; background_color=&#8220;#000000&#8243; width=&#8220;auto&#8220; custom_margin=&#8220;||||false|false&#8220; custom_padding=&#8220;20px|20px|20px|20px|false|false&#8220; border_width_top=&#8220;5px&#8220; locked=&#8220;off&#8220; global_colors_info=&#8220;{}&#8220;][et_pb_column type=&#8220;1_3&#8243; _builder_version=&#8220;4.20.4&#8243; _module_preset=&#8220;default&#8220; custom_padding=&#8220;|0px||0px|false|false&#8220; global_colors_info=&#8220;{}&#8220;][et_pb_text _builder_version=&#8220;4.27.0&#8243; _module_preset=&#8220;default&#8220; text_text_color=&#8220;gcid-d40f5d1e-f5d1-4b41-ab11-4faa03a3a11c&#8220; custom_margin=&#8220;||0px||false|false&#8220; custom_padding=&#8220;20px|0px|10px|0px|false|false&#8220; global_colors_info=&#8220;{%22gcid-d40f5d1e-f5d1-4b41-ab11-4faa03a3a11c%22:%91%22text_text_color%22%93}&#8220;]<\/p>\n<h3 style=\"text-align: left;\">MOTO Gabelmontageadapter<\/h3>\n<ul>\n<li>MOTO Gabelmontageadapter f\u00fcr 54-mm- und 56-mm-Gabeln.<\/li>\n<li>Individuelle Eins\u00e4tze sind erh\u00e4ltlich.<\/li>\n<\/ul>\n<p>&nbsp;<\/p>\n<h3>Preis \u2013 <strong>600 <\/strong><strong>EUR<\/strong> <em>(exkl. MwSt.)<\/em><\/h3>\n<p>[\/et_pb_text][\/et_pb_column][et_pb_column type=&#8220;2_3&#8243; _builder_version=&#8220;4.20.4&#8243; _module_preset=&#8220;default&#8220; global_colors_info=&#8220;{}&#8220;][dnxte_masonary gallery_ids=&#8220;333796&#8243; dnxte_columns=&#8220;2&#8243; dnxte_masonry_hvr_effect=&#8220;zoom-in&#8220; dnxte_msnary_filter_active_bg_color=&#8220;RGBA(255,255,255,0)&#8220; dnxte_msnary_overlay_bg_color=&#8220;RGBA(255,255,255,0)&#8220; dnxte_lightbox_overlay_bg_color=&#8220;RGBA(255,255,255,0)&#8220; _builder_version=&#8220;4.26.0&#8243; _module_preset=&#8220;default&#8220; background_color=&#8220;RGBA(255,255,255,0)&#8220; hover_enabled=&#8220;0&#8243; global_colors_info=&#8220;{}&#8220; sticky_enabled=&#8220;0&#8243;][\/dnxte_masonary][\/et_pb_column][\/et_pb_row][et_pb_row column_structure=&#8220;1_3,2_3&#8243; make_equal=&#8220;on&#8220; _builder_version=&#8220;4.23.1&#8243; _module_preset=&#8220;default&#8220; background_color=&#8220;#000000&#8243; width=&#8220;auto&#8220; custom_margin=&#8220;||||false|false&#8220; custom_padding=&#8220;20px|20px|20px|20px|false|false&#8220; border_width_top=&#8220;5px&#8220; locked=&#8220;off&#8220; global_colors_info=&#8220;{}&#8220;][et_pb_column type=&#8220;1_3&#8243; _builder_version=&#8220;4.20.4&#8243; _module_preset=&#8220;default&#8220; custom_padding=&#8220;|0px||0px|false|false&#8220; global_colors_info=&#8220;{}&#8220;][et_pb_text _builder_version=&#8220;4.26.0&#8243; _module_preset=&#8220;default&#8220; text_text_color=&#8220;gcid-d40f5d1e-f5d1-4b41-ab11-4faa03a3a11c&#8220; custom_margin=&#8220;||0px||false|false&#8220; custom_padding=&#8220;20px|0px|10px|0px|false|false&#8220; global_colors_info=&#8220;{%22gcid-d40f5d1e-f5d1-4b41-ab11-4faa03a3a11c%22:%91%22text_text_color%22%93}&#8220;]<\/p>\n<h3 style=\"text-align: left;\">Single MOTO fork adapter<\/h3>\n<ul>\n<li>MOTO Gabeladapter f\u00fcr 54mm und 56mm Gabeln.<\/li>\n<li>Individuelle Eins\u00e4tze sind erh\u00e4ltlich.<\/li>\n<li><span style=\"font-size: 18px;\">Einfacher Zugang zur Einstellung der Gabelparameter.<\/span><\/li>\n<li>Einstellbarer Versatz.<\/li>\n<li>Die unteren Klemmen st\u00fctzen Wellen mit einem Durchmesser von 15-30 mm.<\/li>\n<\/ul>\n<p>&nbsp;<\/p>\n<h3>Preis \u2013 <strong>500 <\/strong><strong>EUR <\/strong><em>(exkl. MwSt.)<\/em><\/h3>\n<p>[\/et_pb_text][\/et_pb_column][et_pb_column type=&#8220;2_3&#8243; _builder_version=&#8220;4.20.4&#8243; _module_preset=&#8220;default&#8220; global_colors_info=&#8220;{}&#8220;][dnxte_masonary gallery_ids=&#8220;338017&#8243; dnxte_columns=&#8220;2&#8243; dnxte_masonry_hvr_effect=&#8220;zoom-in&#8220; dnxte_msnary_filter_active_bg_color=&#8220;RGBA(255,255,255,0)&#8220; dnxte_msnary_overlay_bg_color=&#8220;RGBA(255,255,255,0)&#8220; dnxte_lightbox_overlay_bg_color=&#8220;RGBA(255,255,255,0)&#8220; _builder_version=&#8220;4.26.0&#8243; _module_preset=&#8220;default&#8220; background_color=&#8220;RGBA(255,255,255,0)&#8220; hover_enabled=&#8220;0&#8243; global_colors_info=&#8220;{}&#8220; sticky_enabled=&#8220;0&#8243;][\/dnxte_masonary][\/et_pb_column][\/et_pb_row][et_pb_row column_structure=&#8220;1_3,2_3&#8243; make_equal=&#8220;on&#8220; _builder_version=&#8220;4.23.1&#8243; _module_preset=&#8220;default&#8220; background_color=&#8220;#000000&#8243; width=&#8220;auto&#8220; custom_margin=&#8220;||||false|false&#8220; custom_padding=&#8220;20px|20px|20px|20px|false|false&#8220; border_width_top=&#8220;5px&#8220; locked=&#8220;off&#8220; global_colors_info=&#8220;{}&#8220;][et_pb_column type=&#8220;1_3&#8243; _builder_version=&#8220;4.20.4&#8243; _module_preset=&#8220;default&#8220; custom_padding=&#8220;|0px||0px|false|false&#8220; global_colors_info=&#8220;{}&#8220;][et_pb_text _builder_version=&#8220;4.26.0&#8243; _module_preset=&#8220;default&#8220; text_text_color=&#8220;gcid-d40f5d1e-f5d1-4b41-ab11-4faa03a3a11c&#8220; custom_margin=&#8220;||0px||false|false&#8220; custom_padding=&#8220;20px|0px|10px|0px|false|false&#8220; global_colors_info=&#8220;{%22gcid-d40f5d1e-f5d1-4b41-ab11-4faa03a3a11c%22:%91%22text_text_color%22%93}&#8220;]<\/p>\n<h3 style=\"text-align: left;\">Adapterset f\u00fcr MOTO-Kartuschen:<\/h3>\n<ul>\n<li>TOP M51 x 1 mm<\/li>\n<li>TOP M50 x 1 mm<\/li>\n<li>TOP M51 x 1.5 mm<\/li>\n<li>BOTTOM M20 x 1 mm<\/li>\n<li>BOTTOM M22 x 1 mm<\/li>\n<li>BOTTOM M15 x 1 mm<\/li>\n<li>BOTTOM M24 x 1 mm<\/li>\n<li>BOTTOM M22 x 1.25 mm<\/li>\n<li>BOTTOM D21<\/li>\n<\/ul>\n<h3>Preis \u2013 <strong>800 <\/strong><strong>EUR <\/strong><em>(zzgl. MwSt.)<\/em><\/h3>\n<p>[\/et_pb_text][\/et_pb_column][et_pb_column type=&#8220;2_3&#8243; _builder_version=&#8220;4.20.4&#8243; _module_preset=&#8220;default&#8220; global_colors_info=&#8220;{}&#8220;][dnxte_masonary gallery_ids=&#8220;333798&#8243; dnxte_columns=&#8220;2&#8243; dnxte_masonry_hvr_effect=&#8220;zoom-in&#8220; dnxte_msnary_filter_active_bg_color=&#8220;RGBA(255,255,255,0)&#8220; dnxte_msnary_overlay_bg_color=&#8220;RGBA(255,255,255,0)&#8220; dnxte_lightbox_overlay_bg_color=&#8220;RGBA(255,255,255,0)&#8220; _builder_version=&#8220;4.26.0&#8243; _module_preset=&#8220;default&#8220; background_color=&#8220;RGBA(255,255,255,0)&#8220; hover_enabled=&#8220;0&#8243; global_colors_info=&#8220;{}&#8220; sticky_enabled=&#8220;0&#8243;][\/dnxte_masonary][\/et_pb_column][\/et_pb_row][\/et_pb_section][et_pb_section fb_built=&#8220;1&#8243; admin_label=&#8220;Dynos Selection&#8220; module_id=&#8220;stossdaempfer-Pr\u00fcfstand-Adapter&#8220; _builder_version=&#8220;4.23.1&#8243; _module_preset=&#8220;default&#8220; background_color=&#8220;rgba(0,0,0,0.44)&#8220; min_height=&#8220;750px&#8220; custom_margin=&#8220;0px|0px|0px|0px|false|false&#8220; custom_padding=&#8220;20px|20px|20px|20px|false|false&#8220; global_colors_info=&#8220;{}&#8220;][et_pb_row _builder_version=&#8220;4.23.1&#8243; _module_preset=&#8220;default&#8220; width=&#8220;100%&#8220; max_width=&#8220;1100px&#8220; custom_margin=&#8220;30px||||false|false&#8220; custom_padding=&#8220;20px|20px|20px|20px|false|false&#8220; global_colors_info=&#8220;{}&#8220;][et_pb_column type=&#8220;4_4&#8243; _builder_version=&#8220;4.20.4&#8243; _module_preset=&#8220;default&#8220; global_colors_info=&#8220;{}&#8220;][et_pb_text _builder_version=&#8220;4.26.0&#8243; _module_preset=&#8220;default&#8220; hover_enabled=&#8220;0&#8243; global_colors_info=&#8220;{}&#8220; sticky_enabled=&#8220;0&#8243;]<\/p>\n<h2 style=\"text-align: center;\">Robuste Adapter f\u00fcr Dirtbikes und Stra\u00dfenmotorr\u00e4der<\/h2>\n<p>[\/et_pb_text][et_pb_text _builder_version=&#8220;4.26.0&#8243; _module_preset=&#8220;default&#8220; hover_enabled=&#8220;0&#8243; global_colors_info=&#8220;{}&#8220; sticky_enabled=&#8220;0&#8243;]<\/p>\n<p style=\"text-align: center;\">Die Bedeutung von Pr\u00e4zision bei Motorradfederungstests kann nicht hoch genug eingesch\u00e4tzt werden, da sie es Ingenieuren und Herstellern erm\u00f6glicht, Federungssysteme mit Zuversicht feinabzustimmen, was zu verbesserter Leistung und Reaktionsf\u00e4higkeit f\u00fchrt.<\/p>\n<p style=\"text-align: center;\">Die LABA7-Adapter f\u00fcr Motorr\u00e4der stehen beispielhaft f\u00fcr h\u00f6chste Qualit\u00e4t und bilden die Grundlage f\u00fcr pr\u00e4zise Tests sowie f\u00fcr die Weiterentwicklung der Motorradfederungstechnologie.<\/p>\n<p>[\/et_pb_text][et_pb_button button_url=&#8220;#AdaptersPP&#8220; url_new_window=&#8220;on&#8220; button_text=&#8220;Nehmen Sie jetzt Kontakt auf&#8220; button_alignment=&#8220;center&#8220; admin_label=&#8220;Contact button&#8220; _builder_version=&#8220;4.23.3&#8243; _module_preset=&#8220;default&#8220; custom_button=&#8220;on&#8220; button_text_size=&#8220;16px&#8220; button_text_color=&#8220;#000000&#8243; button_bg_color=&#8220;#FFFFFF&#8220; button_border_width=&#8220;0px&#8220; button_border_radius=&#8220;5px&#8220; button_font=&#8220;||||||||&#8220; button_use_icon=&#8220;off&#8220; custom_margin=&#8220;||||false|false&#8220; custom_padding=&#8220;10px|40px|10px|40px|false|false&#8220; global_colors_info=&#8220;{}&#8220;][\/et_pb_button][\/et_pb_column][\/et_pb_row][\/et_pb_section]<\/p>\n","protected":false},"excerpt":{"rendered":"<p>Adapter und Befestigungselemente f\u00fcr Motorrad-D\u00e4mpfungssystemeDiese Adapter f\u00fcr MOTO-D\u00e4mpfer werden im typischen LABA7-Stil gefertigt: robuste und zuverl\u00e4ssige Materialien f\u00fcr dauerhafte Haltbarkeit und pr\u00e4zise Tests. Speziell auf die besonderen Anforderungen von Motorradfederungssystemen zugeschnitten, spielen diese Adapter eine entscheidende Rolle bei der Optimierung des Testprozesses f\u00fcr Vorderradgabeln und Hinterradd\u00e4mpfer. Diese Halterungen sind so konzipiert, dass sie nahtlos mit [&hellip;]<\/p>\n","protected":false},"author":2,"featured_media":334848,"parent":334805,"menu_order":0,"comment_status":"closed","ping_status":"closed","template":"","meta":{"_acf_changed":false,"_et_pb_use_builder":"on","_et_pb_old_content":"","_et_gb_content_width":"","footnotes":""},"class_list":["post-334847","page","type-page","status-publish","has-post-thumbnail","hentry"],"acf":[],"yoast_head":"<!-- This site is optimized with the Yoast SEO plugin v25.3.1 - https:\/\/yoast.com\/wordpress\/plugins\/seo\/ -->\n<title>Motorradadapter f\u00fcr Fahrwerkspr\u00fcfmaschinen | LABA7<\/title>\n<meta name=\"description\" content=\"Hochwertige Halterungen und Adapter f\u00fcr Motorradsto\u00dfd\u00e4mpfer und -gabeln. Entwickelt f\u00fcr Fahrwerkstests und -abstimmung.\" \/>\n<meta name=\"robots\" content=\"index, follow, max-snippet:-1, max-image-preview:large, max-video-preview:-1\" \/>\n<link rel=\"canonical\" href=\"https:\/\/laba7.com\/de\/produkte\/stossdaempferpruefstand-adapter-fuer-moto\/\" \/>\n<meta property=\"og:locale\" content=\"de_DE\" \/>\n<meta property=\"og:type\" content=\"article\" \/>\n<meta property=\"og:title\" content=\"Adapter und Befestigungselemente f\u00fcr MOTO-D\u00e4mpfungssysteme\" \/>\n<meta property=\"og:description\" content=\"Hochwertige Halterungen und Adapter f\u00fcr Motorradsto\u00dfd\u00e4mpfer und -gabeln. Entwickelt f\u00fcr Fahrwerkstests und -abstimmung.\" \/>\n<meta property=\"og:url\" content=\"https:\/\/laba7.com\/de\/produkte\/stossdaempferpruefstand-adapter-fuer-moto\/\" \/>\n<meta property=\"og:site_name\" content=\"LABA7\" \/>\n<meta property=\"article:publisher\" content=\"https:\/\/www.facebook.com\/LabaSeven\/\" \/>\n<meta property=\"article:modified_time\" content=\"2026-04-24T06:16:57+00:00\" \/>\n<meta property=\"og:image\" content=\"https:\/\/laba7.com\/wp-content\/uploads\/2024\/04\/MTB-fork-holder-assembly-300x300.png\" \/>\n<!-- \/ Yoast SEO plugin. -->","yoast_head_json":{"title":"Motorradadapter f\u00fcr Fahrwerkspr\u00fcfmaschinen | LABA7","description":"Hochwertige Halterungen und Adapter f\u00fcr Motorradsto\u00dfd\u00e4mpfer und -gabeln. Entwickelt f\u00fcr Fahrwerkstests und -abstimmung.","robots":{"index":"index","follow":"follow","max-snippet":"max-snippet:-1","max-image-preview":"max-image-preview:large","max-video-preview":"max-video-preview:-1"},"canonical":"https:\/\/laba7.com\/de\/produkte\/stossdaempferpruefstand-adapter-fuer-moto\/","og_locale":"de_DE","og_type":"article","og_title":"Adapter und Befestigungselemente f\u00fcr MOTO-D\u00e4mpfungssysteme","og_description":"Hochwertige Halterungen und Adapter f\u00fcr Motorradsto\u00dfd\u00e4mpfer und -gabeln. Entwickelt f\u00fcr Fahrwerkstests und -abstimmung.","og_url":"https:\/\/laba7.com\/de\/produkte\/stossdaempferpruefstand-adapter-fuer-moto\/","og_site_name":"LABA7","article_publisher":"https:\/\/www.facebook.com\/LabaSeven\/","article_modified_time":"2026-04-24T06:16:57+00:00","og_image":[{"url":"https:\/\/laba7.com\/wp-content\/uploads\/2024\/04\/MTB-fork-holder-assembly-300x300.png","type":"","width":"","height":""}],"schema":{"@context":"https:\/\/schema.org","@graph":false}},"_links":{"self":[{"href":"https:\/\/laba7.com\/de\/wp-json\/wp\/v2\/pages\/334847","targetHints":{"allow":["GET"]}}],"collection":[{"href":"https:\/\/laba7.com\/de\/wp-json\/wp\/v2\/pages"}],"about":[{"href":"https:\/\/laba7.com\/de\/wp-json\/wp\/v2\/types\/page"}],"author":[{"embeddable":true,"href":"https:\/\/laba7.com\/de\/wp-json\/wp\/v2\/users\/2"}],"replies":[{"embeddable":true,"href":"https:\/\/laba7.com\/de\/wp-json\/wp\/v2\/comments?post=334847"}],"version-history":[{"count":34,"href":"https:\/\/laba7.com\/de\/wp-json\/wp\/v2\/pages\/334847\/revisions"}],"predecessor-version":[{"id":343410,"href":"https:\/\/laba7.com\/de\/wp-json\/wp\/v2\/pages\/334847\/revisions\/343410"}],"up":[{"embeddable":true,"href":"https:\/\/laba7.com\/de\/wp-json\/wp\/v2\/pages\/334805"}],"wp:featuredmedia":[{"embeddable":true,"href":"https:\/\/laba7.com\/de\/wp-json\/wp\/v2\/media\/334848"}],"wp:attachment":[{"href":"https:\/\/laba7.com\/de\/wp-json\/wp\/v2\/media?parent=334847"}],"curies":[{"name":"wp","href":"https:\/\/api.w.org\/{rel}","templated":true}]}}