{"id":334843,"date":"2023-12-12T08:46:24","date_gmt":"2023-12-12T08:46:24","guid":{"rendered":"https:\/\/laba7.com\/produkte\/stossdaempfer-dyno-adapter-fur-auto\/"},"modified":"2026-04-24T05:56:16","modified_gmt":"2026-04-24T05:56:16","slug":"stossdaempferpruefstand-adapter-fuer-auto","status":"publish","type":"page","link":"https:\/\/laba7.com\/de\/produkte\/stossdaempferpruefstand-adapter-fuer-auto\/","title":{"rendered":"Adapter und Befestigungen f\u00fcr Kfz-Sto\u00dfd\u00e4mpfer"},"content":{"rendered":"<p>[et_pb_section fb_built=&#8220;1&#8243; admin_label=&#8220;Header&#8220; _builder_version=&#8220;4.23.1&#8243; _module_preset=&#8220;default&#8220; background_color=&#8220;#000000&#8243; background_enable_image=&#8220;off&#8220; background_size=&#8220;contain&#8220; background_position=&#8220;bottom_center&#8220; background_vertical_offset=&#8220;-40%&#8220; min_height=&#8220;500px&#8220; height_last_edited=&#8220;off|phone&#8220; custom_margin=&#8220;0px||0px||false|false&#8220; custom_padding=&#8220;||||false|false&#8220; bottom_divider_style=&#8220;arrow3&#8243; bottom_divider_color=&#8220;#303030&#8243; bottom_divider_height=&#8220;43px&#8220; locked=&#8220;off&#8220; global_colors_info=&#8220;{}&#8220;][et_pb_row _builder_version=&#8220;4.23.1&#8243; _module_preset=&#8220;default&#8220; width=&#8220;100%&#8220; max_width=&#8220;1100px&#8220; custom_padding=&#8220;100px||||false|false&#8220; global_colors_info=&#8220;{}&#8220;][et_pb_column type=&#8220;4_4&#8243; _builder_version=&#8220;4.20.4&#8243; _module_preset=&#8220;default&#8220; global_colors_info=&#8220;{}&#8220;][et_pb_text _builder_version=&#8220;4.26.0&#8243; _module_preset=&#8220;default&#8220; header_text_align=&#8220;center&#8220; header_text_color=&#8220;#FFFFFF&#8220; header_font_size=&#8220;50px&#8220; text_orientation=&#8220;center&#8220; background_layout=&#8220;dark&#8220; custom_margin=&#8220;||||false|false&#8220; hover_enabled=&#8220;0&#8243; header_text_shadow_style=&#8220;preset1&#8243; global_colors_info=&#8220;{}&#8220; sticky_enabled=&#8220;0&#8243;]<\/p>\n<h1 style=\"text-align: center;\">Adapter und Befestigungen f\u00fcr Kfz-Sto\u00dfd\u00e4mpfer<\/h1>\n<p>[\/et_pb_text][et_pb_text _builder_version=&#8220;4.26.0&#8243; _module_preset=&#8220;default&#8220; text_text_color=&#8220;gcid-d40f5d1e-f5d1-4b41-ab11-4faa03a3a11c&#8220; custom_padding=&#8220;||30px||false|false&#8220; hover_enabled=&#8220;0&#8243; text_text_shadow_style=&#8220;preset3&#8243; global_colors_info=&#8220;{%22gcid-d40f5d1e-f5d1-4b41-ab11-4faa03a3a11c%22:%91%22text_text_color%22%93}&#8220; sticky_enabled=&#8220;0&#8243;]<\/p>\n<p style=\"text-align: center;\"><span>Diese f\u00fcr Sto\u00dfd\u00e4mpfer im Automobilbereich entwickelten Adapter werden in der charakteristischen LABA7-Technik mit gr\u00f6\u00dfter Sorgfalt aus robusten und zuverl\u00e4ssigen Materialien gefertigt. Sie sind speziell auf die Bed\u00fcrfnisse von Fahrzeugfederungssystemen zugeschnitten und tragen ma\u00dfgeblich zur Optimierung des Testprozesses f\u00fcr Vorder- und Hinterachssto\u00dfd\u00e4mpfer bei. <\/span><\/p>\n<p style=\"text-align: center;\"><span _ngcontent-ng-c2677975379=\"\" class=\"ng-star-inserted\">Diese Halterungen sind so konzipiert, dass sie nahtlos mit jedem professionellen<\/span> <span _ngcontent-ng-c2677975379=\"\" class=\"ng-star-inserted\">LABA7<\/span>&#8211;<a _ngcontent-ng-c2677975379=\"\" target=\"_blank\" rel=\"noopener noreferrer\" href=\"https:\/\/www.google.com\/url?sa=E&amp;q=https%3A%2F%2Flaba7.com%2Fproducts%2Fshock-dyno%2F\" class=\"ng-star-inserted\">Sto\u00dfd\u00e4mpferpr\u00fcfstand <\/a>zusammenarbeiten und sicherstellen, dass Ihre Ausr\u00fcstung auch bei Hochgeschwindigkeitstests sicher an ihrem Platz bleibt.<\/p>\n<p>[\/et_pb_text][et_pb_button button_url=&#8220;#AdaptersPP&#8220; url_new_window=&#8220;on&#8220; button_text=&#8220;Geben Sie jetzt eine Bestellung auf&#8220; button_alignment=&#8220;center&#8220; admin_label=&#8220;Contact button&#8220; _builder_version=&#8220;4.26.0&#8243; _module_preset=&#8220;default&#8220; custom_button=&#8220;on&#8220; button_text_size=&#8220;16px&#8220; button_text_color=&#8220;#000000&#8243; button_bg_color=&#8220;#FFFFFF&#8220; button_border_width=&#8220;0px&#8220; button_border_radius=&#8220;5px&#8220; button_font=&#8220;||||||||&#8220; button_use_icon=&#8220;off&#8220; custom_margin=&#8220;||||false|false&#8220; custom_padding=&#8220;10px|40px|10px|40px|false|false&#8220; locked=&#8220;off&#8220; global_colors_info=&#8220;{}&#8220;][\/et_pb_button][\/et_pb_column][\/et_pb_row][\/et_pb_section][et_pb_section fb_built=&#8220;1&#8243; admin_label=&#8220;Dynos Selection&#8220; module_id=&#8220;stossdaempfer-Pr\u00fcfstand-Adapter&#8220; _builder_version=&#8220;4.23.1&#8243; _module_preset=&#8220;default&#8220; background_color=&#8220;rgba(0,0,0,0.44)&#8220; min_height=&#8220;750px&#8220; custom_margin=&#8220;||||false|false&#8220; custom_padding=&#8220;||||false|false&#8220; top_divider_style=&#8220;graph4&#8243; top_divider_color=&#8220;#303030&#8243; top_divider_height=&#8220;40px&#8220; bottom_divider_style=&#8220;graph4&#8243; bottom_divider_color=&#8220;#303030&#8243; bottom_divider_height=&#8220;40px&#8220; global_colors_info=&#8220;{}&#8220;][et_pb_row _builder_version=&#8220;4.23.1&#8243; _module_preset=&#8220;default&#8220; width=&#8220;100%&#8220; max_width=&#8220;1100px&#8220; custom_margin=&#8220;30px||||false|false&#8220; custom_padding=&#8220;20px|20px|20px|20px|false|false&#8220; global_colors_info=&#8220;{}&#8220;][et_pb_column type=&#8220;4_4&#8243; _builder_version=&#8220;4.20.4&#8243; _module_preset=&#8220;default&#8220; global_colors_info=&#8220;{}&#8220;][et_pb_text _builder_version=&#8220;4.26.0&#8243; _module_preset=&#8220;default&#8220; hover_enabled=&#8220;0&#8243; global_colors_info=&#8220;{}&#8220; sticky_enabled=&#8220;0&#8243;]<\/p>\n<h2 style=\"text-align: center;\">Adapter f\u00fcr AUTO-D\u00e4mpfer<\/h2>\n<p>[\/et_pb_text][\/et_pb_column][\/et_pb_row][et_pb_row column_structure=&#8220;1_3,2_3&#8243; make_equal=&#8220;on&#8220; _builder_version=&#8220;4.23.1&#8243; _module_preset=&#8220;default&#8220; background_color=&#8220;#000000&#8243; width=&#8220;auto&#8220; custom_margin=&#8220;||||false|false&#8220; custom_padding=&#8220;20px|20px|20px|20px|false|false&#8220; global_colors_info=&#8220;{}&#8220;][et_pb_column type=&#8220;1_3&#8243; _builder_version=&#8220;4.20.4&#8243; _module_preset=&#8220;default&#8220; custom_padding=&#8220;|0px||0px|false|false&#8220; global_colors_info=&#8220;{}&#8220;][et_pb_text _builder_version=&#8220;4.27.0&#8243; _module_preset=&#8220;default&#8220; text_text_color=&#8220;gcid-d40f5d1e-f5d1-4b41-ab11-4faa03a3a11c&#8220; custom_margin=&#8220;||0px||false|false&#8220; custom_padding=&#8220;20px|0px|10px|0px|false|false&#8220; global_colors_info=&#8220;{%22gcid-d40f5d1e-f5d1-4b41-ab11-4faa03a3a11c%22:%91%22text_text_color%22%93}&#8220;]<\/p>\n<h3>Selbstvorspannender Gabelkopf<\/h3>\n<p><span>Dieser Adapter vereinfacht die Sto\u00dfd\u00e4mpferpr\u00fcfung. Es erm\u00f6glicht die schnelle und einfache Montage\/Demontage von D\u00e4mpfern und <\/span><span>gew\u00e4hrleistet Effizienz beim Testen. <\/span><\/p>\n<p><span>Besonders praktisch beim Testen von Sto\u00dfd\u00e4mpfern mit Ausgleichsbeh\u00e4ltern.<\/span><\/p>\n<p><strong><\/strong>Kann sowohl oben als auch unten montiert werden.<\/p>\n<p>&nbsp;<\/p>\n<h3 style=\"text-align: left;\">Preis \u2013 <strong>200<\/strong> <strong>EUR<\/strong> <em>(exkl. MwSt.)<\/em><\/h3>\n<p>[\/et_pb_text][\/et_pb_column][et_pb_column type=&#8220;2_3&#8243; _builder_version=&#8220;4.20.4&#8243; _module_preset=&#8220;default&#8220; global_colors_info=&#8220;{}&#8220;][dnxte_masonary gallery_ids=&#8220;333793&#8243; dnxte_columns=&#8220;2&#8243; dnxte_masonry_hvr_effect=&#8220;zoom-in&#8220; dnxte_msnary_filter_active_bg_color=&#8220;RGBA(255,255,255,0)&#8220; dnxte_msnary_overlay_bg_color=&#8220;RGBA(255,255,255,0)&#8220; dnxte_lightbox_overlay_bg_color=&#8220;RGBA(255,255,255,0)&#8220; _builder_version=&#8220;4.24.2&#8243; _module_preset=&#8220;default&#8220; background_color=&#8220;RGBA(255,255,255,0)&#8220; custom_margin=&#8220;10px|||||&#8220; custom_padding=&#8220;||20px|||&#8220; global_colors_info=&#8220;{}&#8220;][\/dnxte_masonary][\/et_pb_column][\/et_pb_row][et_pb_row column_structure=&#8220;1_3,2_3&#8243; make_equal=&#8220;on&#8220; _builder_version=&#8220;4.23.1&#8243; _module_preset=&#8220;default&#8220; background_color=&#8220;#000000&#8243; width=&#8220;auto&#8220; custom_margin=&#8220;||||false|false&#8220; custom_padding=&#8220;20px|20px|20px|20px|false|false&#8220; border_width_top=&#8220;5px&#8220; locked=&#8220;off&#8220; global_colors_info=&#8220;{}&#8220;][et_pb_column type=&#8220;1_3&#8243; _builder_version=&#8220;4.20.4&#8243; _module_preset=&#8220;default&#8220; custom_padding=&#8220;|0px||0px|false|false&#8220; global_colors_info=&#8220;{}&#8220;][et_pb_text _builder_version=&#8220;4.27.0&#8243; _module_preset=&#8220;default&#8220; text_text_color=&#8220;gcid-d40f5d1e-f5d1-4b41-ab11-4faa03a3a11c&#8220; custom_margin=&#8220;||0px||false|false&#8220; custom_padding=&#8220;20px|0px|10px|0px|false|false&#8220; global_colors_info=&#8220;{%22gcid-d40f5d1e-f5d1-4b41-ab11-4faa03a3a11c%22:%91%22text_text_color%22%93}&#8220;]<\/p>\n<h3>Automobiladapter<\/h3>\n<p>Stangenendadapter mit 6 m\u00f6glichen Gewindeg\u00e4ngen.<\/p>\n<p>Die Garne werden individuell f\u00fcr jeden Kunden angefertigt.<\/p>\n<p>&nbsp;<\/p>\n<h3><strong><br \/><\/strong>Preis \u2013 <strong>100 <\/strong><strong>EUR<\/strong> <em>(zzgl. MwSt.)<\/em><\/h3>\n<p>[\/et_pb_text][\/et_pb_column][et_pb_column type=&#8220;2_3&#8243; _builder_version=&#8220;4.20.4&#8243; _module_preset=&#8220;default&#8220; global_colors_info=&#8220;{}&#8220;][dnxte_masonary gallery_ids=&#8220;342870&#8243; dnxte_columns=&#8220;2&#8243; dnxte_masonry_hvr_effect=&#8220;zoom-in&#8220; dnxte_msnary_filter_active_bg_color=&#8220;RGBA(255,255,255,0)&#8220; dnxte_msnary_overlay_bg_color=&#8220;RGBA(255,255,255,0)&#8220; dnxte_lightbox_overlay_bg_color=&#8220;RGBA(255,255,255,0)&#8220; _builder_version=&#8220;4.26.0&#8243; _module_preset=&#8220;default&#8220; background_color=&#8220;RGBA(255,255,255,0)&#8220; hover_enabled=&#8220;0&#8243; global_colors_info=&#8220;{}&#8220; sticky_enabled=&#8220;0&#8243;][\/dnxte_masonary][\/et_pb_column][\/et_pb_row][et_pb_row column_structure=&#8220;1_3,2_3&#8243; make_equal=&#8220;on&#8220; _builder_version=&#8220;4.23.1&#8243; _module_preset=&#8220;default&#8220; background_color=&#8220;#000000&#8243; width=&#8220;auto&#8220; custom_margin=&#8220;||||false|false&#8220; custom_padding=&#8220;20px|20px|20px|20px|false|false&#8220; border_width_top=&#8220;5px&#8220; locked=&#8220;off&#8220; global_colors_info=&#8220;{}&#8220;][et_pb_column type=&#8220;1_3&#8243; _builder_version=&#8220;4.20.4&#8243; _module_preset=&#8220;default&#8220; custom_padding=&#8220;|0px||0px|false|false&#8220; global_colors_info=&#8220;{}&#8220;][et_pb_text _builder_version=&#8220;4.27.0&#8243; _module_preset=&#8220;default&#8220; text_text_color=&#8220;gcid-d40f5d1e-f5d1-4b41-ab11-4faa03a3a11c&#8220; custom_margin=&#8220;||0px||false|false&#8220; custom_padding=&#8220;20px|0px|10px|0px|false|false&#8220; global_colors_info=&#8220;{%22gcid-d40f5d1e-f5d1-4b41-ab11-4faa03a3a11c%22:%91%22text_text_color%22%93}&#8220;]<\/p>\n<h3>Automobiladapter<\/h3>\n<p>MacPherson-Federbeinhalter. 54 mm Durchmesser, um eine besch\u00e4digungsfreie Montage und Demontage der Sto\u00dfd\u00e4mpfer w\u00e4hrend der Pr\u00fcfung zu gew\u00e4hrleisten. <\/p>\n<p>Verschiedene Gr\u00f6\u00dfen sind auf Anfrage erh\u00e4ltlich.<\/p>\n<p>&nbsp;<\/p>\n<p>&nbsp;<\/p>\n<p>&nbsp;<\/p>\n<h3><strong><\/strong>Preis \u2013 <strong>150 <\/strong><strong>EUR<\/strong> <em>(zzgl. MwSt.)<\/em><\/h3>\n<p>[\/et_pb_text][\/et_pb_column][et_pb_column type=&#8220;2_3&#8243; _builder_version=&#8220;4.20.4&#8243; _module_preset=&#8220;default&#8220; global_colors_info=&#8220;{}&#8220;][dnxte_masonary gallery_ids=&#8220;342864&#8243; dnxte_columns=&#8220;2&#8243; dnxte_masonry_hvr_effect=&#8220;zoom-in&#8220; dnxte_msnary_filter_active_bg_color=&#8220;RGBA(255,255,255,0)&#8220; dnxte_msnary_overlay_bg_color=&#8220;RGBA(255,255,255,0)&#8220; dnxte_lightbox_overlay_bg_color=&#8220;RGBA(255,255,255,0)&#8220; _builder_version=&#8220;4.26.0&#8243; _module_preset=&#8220;default&#8220; background_color=&#8220;RGBA(255,255,255,0)&#8220; hover_enabled=&#8220;0&#8243; global_colors_info=&#8220;{}&#8220; sticky_enabled=&#8220;0&#8243; custom_margin=&#8220;||||false|false&#8220; module_alignment=&#8220;center&#8220; thumb_size=&#8220;large&#8220;][\/dnxte_masonary][\/et_pb_column][\/et_pb_row][\/et_pb_section][et_pb_section fb_built=&#8220;1&#8243; admin_label=&#8220;Dynos Selection&#8220; module_id=&#8220;stossdaempfer-Pr\u00fcfstand-Adapter&#8220; _builder_version=&#8220;4.23.1&#8243; _module_preset=&#8220;default&#8220; background_color=&#8220;rgba(0,0,0,0.44)&#8220; min_height=&#8220;750px&#8220; custom_margin=&#8220;0px|0px|0px|0px|false|false&#8220; custom_padding=&#8220;20px|20px|20px|20px|false|false&#8220; global_colors_info=&#8220;{}&#8220;][et_pb_row _builder_version=&#8220;4.23.1&#8243; _module_preset=&#8220;default&#8220; width=&#8220;100%&#8220; max_width=&#8220;1100px&#8220; custom_margin=&#8220;30px||||false|false&#8220; custom_padding=&#8220;20px|20px|20px|20px|false|false&#8220; global_colors_info=&#8220;{}&#8220;][et_pb_column type=&#8220;4_4&#8243; _builder_version=&#8220;4.20.4&#8243; _module_preset=&#8220;default&#8220; global_colors_info=&#8220;{}&#8220;][et_pb_text _builder_version=&#8220;4.26.0&#8243; _module_preset=&#8220;default&#8220; hover_enabled=&#8220;0&#8243; global_colors_info=&#8220;{}&#8220; sticky_enabled=&#8220;0&#8243;]<\/p>\n<h2 style=\"text-align: center;\">Warum Adapter f\u00fcr AUTO-D\u00e4mpfer verwenden?<\/h2>\n<p>[\/et_pb_text][et_pb_text _builder_version=&#8220;4.26.0&#8243; _module_preset=&#8220;default&#8220; hover_enabled=&#8220;0&#8243; global_colors_info=&#8220;{}&#8220; sticky_enabled=&#8220;0&#8243;]<\/p>\n<p style=\"text-align: center;\">Adapter spielen als Verbindungselemente eine entscheidende Rolle und schaffen eine standardisierte Schnittstelle zwischen dem Sto\u00dfd\u00e4mpferpr\u00fcfstand und der komplexen Geometrie von Fahrzeugkomponenten. Diese standardisierte Verbindung ist unerl\u00e4sslich, um sicherzustellen, dass die Testbedingungen reale Fahrsituationen pr\u00e4zise abbilden und somit die Genauigkeit und Reproduzierbarkeit der Ergebnisse erh\u00f6hen. Pr\u00e4zision bei den Tests ist insbesondere f\u00fcr die statistische Analyse von entscheidender Bedeutung, da sie die Generierung zuverl\u00e4ssiger Datens\u00e4tze erm\u00f6glicht, die statistisch validiert und analysiert werden k\u00f6nnen.  <\/p>\n<p style=\"text-align: center;\">Die LABA7-Adapter f\u00fcr Sto\u00dfd\u00e4mpfer im Automobilbereich verdeutlichen unser Engagement f\u00fcr pr\u00e4zise Pr\u00fcfungen und bilden eine solide Grundlage f\u00fcr h\u00f6chste Genauigkeit bei der Bewertung von Fahrwerksystemen. Dieses Engagement ist unerl\u00e4sslich f\u00fcr Statistiker und Forscher, die auf robuste und reproduzierbare Daten f\u00fcr detaillierte statistische Analysen angewiesen sind und so letztendlich zur Weiterentwicklung der Fahrwerkstechnik beitragen. <\/p>\n<p>[\/et_pb_text][et_pb_button button_url=&#8220;#AdaptersPP&#8220; url_new_window=&#8220;on&#8220; button_text=&#8220;Geben Sie jetzt eine Bestellung auf&#8220; button_alignment=&#8220;center&#8220; admin_label=&#8220;Contact button&#8220; _builder_version=&#8220;4.25.0&#8243; _module_preset=&#8220;default&#8220; custom_button=&#8220;on&#8220; button_text_size=&#8220;16px&#8220; button_text_color=&#8220;#000000&#8243; button_bg_color=&#8220;#FFFFFF&#8220; button_border_width=&#8220;0px&#8220; button_border_radius=&#8220;5px&#8220; button_font=&#8220;||||||||&#8220; button_use_icon=&#8220;off&#8220; custom_margin=&#8220;||||false|false&#8220; custom_padding=&#8220;10px|40px|10px|40px|false|false&#8220; global_colors_info=&#8220;{}&#8220;][\/et_pb_button][\/et_pb_column][\/et_pb_row][\/et_pb_section]<\/p>\n","protected":false},"excerpt":{"rendered":"<p>Adapter und Befestigungen f\u00fcr Kfz-Sto\u00dfd\u00e4mpferDiese f\u00fcr Sto\u00dfd\u00e4mpfer im Automobilbereich entwickelten Adapter werden in der charakteristischen LABA7-Technik mit gr\u00f6\u00dfter Sorgfalt aus robusten und zuverl\u00e4ssigen Materialien gefertigt. Sie sind speziell auf die Bed\u00fcrfnisse von Fahrzeugfederungssystemen zugeschnitten und tragen ma\u00dfgeblich zur Optimierung des Testprozesses f\u00fcr Vorder- und Hinterachssto\u00dfd\u00e4mpfer bei. Diese Halterungen sind so konzipiert, dass sie nahtlos mit [&hellip;]<\/p>\n","protected":false},"author":2,"featured_media":334844,"parent":334805,"menu_order":0,"comment_status":"closed","ping_status":"closed","template":"","meta":{"_acf_changed":false,"_et_pb_use_builder":"on","_et_pb_old_content":"","_et_gb_content_width":"","footnotes":""},"class_list":["post-334843","page","type-page","status-publish","has-post-thumbnail","hentry"],"acf":[],"yoast_head":"<!-- This site is optimized with the Yoast SEO plugin v25.3.1 - https:\/\/yoast.com\/wordpress\/plugins\/seo\/ -->\n<title>Adapter f\u00fcr Fahrwerkspr\u00fcfmaschinen im Automobilbereich<\/title>\n<meta name=\"description\" content=\"Professionelle Montagevorrichtungen f\u00fcr Sto\u00dfd\u00e4mpfer im Automobilbereich. F\u00fchren Sie D\u00e4mpfertests mit robusten Adaptern f\u00fcr die Fahrzeugaufh\u00e4ngung durch.\" \/>\n<meta name=\"robots\" content=\"index, follow, max-snippet:-1, max-image-preview:large, max-video-preview:-1\" \/>\n<link rel=\"canonical\" href=\"https:\/\/laba7.com\/de\/produkte\/stossdaempferpruefstand-adapter-fuer-auto\/\" \/>\n<meta property=\"og:locale\" content=\"de_DE\" \/>\n<meta property=\"og:type\" content=\"article\" \/>\n<meta property=\"og:title\" content=\"Adapter und Befestigungen f\u00fcr Kfz-Sto\u00dfd\u00e4mpfer\" \/>\n<meta property=\"og:description\" content=\"Die Adapter und Befestigungselemente f\u00fcr Kfz-Sto\u00dfd\u00e4mpfer werden in gewohnter LABA7-Manier aus robusten und zuverl\u00e4ssigen Materialien gefertigt.\" \/>\n<meta property=\"og:url\" content=\"https:\/\/laba7.com\/de\/produkte\/stossdaempferpruefstand-adapter-fuer-auto\/\" \/>\n<meta property=\"og:site_name\" content=\"LABA7\" \/>\n<meta property=\"article:publisher\" content=\"https:\/\/www.facebook.com\/LabaSeven\/\" \/>\n<meta property=\"article:modified_time\" content=\"2026-04-24T05:56:16+00:00\" \/>\n<meta property=\"og:image\" content=\"https:\/\/laba7.com\/wp-content\/uploads\/2023\/11\/LABA7-shock-dyno-Automobile-adapters-300x300.webp\" \/>\n<!-- \/ Yoast SEO plugin. -->","yoast_head_json":{"title":"Adapter f\u00fcr Fahrwerkspr\u00fcfmaschinen im Automobilbereich","description":"Professionelle Montagevorrichtungen f\u00fcr Sto\u00dfd\u00e4mpfer im Automobilbereich. F\u00fchren Sie D\u00e4mpfertests mit robusten Adaptern f\u00fcr die Fahrzeugaufh\u00e4ngung durch.","robots":{"index":"index","follow":"follow","max-snippet":"max-snippet:-1","max-image-preview":"max-image-preview:large","max-video-preview":"max-video-preview:-1"},"canonical":"https:\/\/laba7.com\/de\/produkte\/stossdaempferpruefstand-adapter-fuer-auto\/","og_locale":"de_DE","og_type":"article","og_title":"Adapter und Befestigungen f\u00fcr Kfz-Sto\u00dfd\u00e4mpfer","og_description":"Die Adapter und Befestigungselemente f\u00fcr Kfz-Sto\u00dfd\u00e4mpfer werden in gewohnter LABA7-Manier aus robusten und zuverl\u00e4ssigen Materialien gefertigt.","og_url":"https:\/\/laba7.com\/de\/produkte\/stossdaempferpruefstand-adapter-fuer-auto\/","og_site_name":"LABA7","article_publisher":"https:\/\/www.facebook.com\/LabaSeven\/","article_modified_time":"2026-04-24T05:56:16+00:00","og_image":[{"url":"https:\/\/laba7.com\/wp-content\/uploads\/2023\/11\/LABA7-shock-dyno-Automobile-adapters-300x300.webp","type":"","width":"","height":""}],"schema":{"@context":"https:\/\/schema.org","@graph":false}},"_links":{"self":[{"href":"https:\/\/laba7.com\/de\/wp-json\/wp\/v2\/pages\/334843","targetHints":{"allow":["GET"]}}],"collection":[{"href":"https:\/\/laba7.com\/de\/wp-json\/wp\/v2\/pages"}],"about":[{"href":"https:\/\/laba7.com\/de\/wp-json\/wp\/v2\/types\/page"}],"author":[{"embeddable":true,"href":"https:\/\/laba7.com\/de\/wp-json\/wp\/v2\/users\/2"}],"replies":[{"embeddable":true,"href":"https:\/\/laba7.com\/de\/wp-json\/wp\/v2\/comments?post=334843"}],"version-history":[{"count":28,"href":"https:\/\/laba7.com\/de\/wp-json\/wp\/v2\/pages\/334843\/revisions"}],"predecessor-version":[{"id":343404,"href":"https:\/\/laba7.com\/de\/wp-json\/wp\/v2\/pages\/334843\/revisions\/343404"}],"up":[{"embeddable":true,"href":"https:\/\/laba7.com\/de\/wp-json\/wp\/v2\/pages\/334805"}],"wp:featuredmedia":[{"embeddable":true,"href":"https:\/\/laba7.com\/de\/wp-json\/wp\/v2\/media\/334844"}],"wp:attachment":[{"href":"https:\/\/laba7.com\/de\/wp-json\/wp\/v2\/media?parent=334843"}],"curies":[{"name":"wp","href":"https:\/\/api.w.org\/{rel}","templated":true}]}}