{"id":334836,"date":"2023-12-19T06:49:29","date_gmt":"2023-12-19T06:49:29","guid":{"rendered":"https:\/\/laba7.com\/produkte\/federratentester-adapter-fur-moto\/"},"modified":"2025-09-19T08:32:07","modified_gmt":"2025-09-19T08:32:07","slug":"federratentester-adapter-fur-moto","status":"publish","type":"page","link":"https:\/\/laba7.com\/de\/produkte\/federratentester-adapter-fur-moto\/","title":{"rendered":"Federtest-Adapter f\u00fcr MOTO"},"content":{"rendered":"<p>[et_pb_section fb_built=&#8220;1&#8243; admin_label=&#8220;Header&#8220; _builder_version=&#8220;4.23.1&#8243; _module_preset=&#8220;default&#8220; background_color=&#8220;#000000&#8243; background_enable_image=&#8220;off&#8220; background_size=&#8220;contain&#8220; background_position=&#8220;bottom_center&#8220; background_vertical_offset=&#8220;-40%&#8220; min_height=&#8220;500px&#8220; height_last_edited=&#8220;off|phone&#8220; custom_margin=&#8220;0px||0px||false|false&#8220; custom_padding=&#8220;||||false|false&#8220; bottom_divider_style=&#8220;arrow3&#8243; bottom_divider_color=&#8220;#303030&#8243; bottom_divider_height=&#8220;43px&#8220; locked=&#8220;off&#8220; global_colors_info=&#8220;{}&#8220;][et_pb_row _builder_version=&#8220;4.23.1&#8243; _module_preset=&#8220;default&#8220; width=&#8220;100%&#8220; max_width=&#8220;1100px&#8220; custom_padding=&#8220;100px||||false|false&#8220; global_colors_info=&#8220;{}&#8220;][et_pb_column type=&#8220;4_4&#8243; _builder_version=&#8220;4.20.4&#8243; _module_preset=&#8220;default&#8220; global_colors_info=&#8220;{}&#8220;][et_pb_text _builder_version=&#8220;4.24.2&#8243; _module_preset=&#8220;default&#8220; header_text_align=&#8220;center&#8220; header_text_color=&#8220;#FFFFFF&#8220; header_font_size=&#8220;50px&#8220; text_orientation=&#8220;center&#8220; background_layout=&#8220;dark&#8220; custom_margin=&#8220;||||false|false&#8220; header_text_shadow_style=&#8220;preset1&#8243; global_colors_info=&#8220;{}&#8220;]<\/p>\n<h1>Federratentester-Adapter f\u00fcr MOTO &amp; AUTO<\/h1>\n<p>[\/et_pb_text][et_pb_text _builder_version=&#8220;4.24.2&#8243; _module_preset=&#8220;default&#8220; text_text_color=&#8220;gcid-d40f5d1e-f5d1-4b41-ab11-4faa03a3a11c&#8220; custom_padding=&#8220;||30px||false|false&#8220; text_text_shadow_style=&#8220;preset3&#8243; global_colors_info=&#8220;{%22gcid-d40f5d1e-f5d1-4b41-ab11-4faa03a3a11c%22:%91%22text_text_color%22%93}&#8220;]<\/p>\n<p style=\"text-align: center;\"><span>Federratenadapter f\u00fcr MOTO und AUTO kommen ins Spiel, wenn es auf Pr\u00e4zision ankommt. Diese Adapter sind unverzichtbar f\u00fcr Profis, die ein hervorragendes Erlebnis mit ihren Fahrzeugen w\u00fcnschen. Durch die pr\u00e4zise Messung der Federrate k\u00f6nnen Sie die Federung individuell anpassen, um sie an die individuellen Vorlieben des Fahrers, seinen Stil und die unterschiedlichen Bedingungen auf der Stra\u00dfe anzupassen.<\/span><\/p>\n<p>[\/et_pb_text][et_pb_button button_url=&#8220;#AdaptersPP&#8220; url_new_window=&#8220;on&#8220; button_text=&#8220;Geben Sie jetzt eine Bestellung auf&#8220; button_alignment=&#8220;center&#8220; admin_label=&#8220;Contact button&#8220; _builder_version=&#8220;4.25.0&#8243; _module_preset=&#8220;default&#8220; custom_button=&#8220;on&#8220; button_text_size=&#8220;16px&#8220; button_text_color=&#8220;#000000&#8243; button_bg_color=&#8220;#FFFFFF&#8220; button_border_width=&#8220;0px&#8220; button_border_radius=&#8220;5px&#8220; custom_margin=&#8220;||||false|false&#8220; custom_padding=&#8220;10px|40px|10px|40px|false|false&#8220; locked=&#8220;off&#8220; global_colors_info=&#8220;{}&#8220; sticky_enabled=&#8220;0&#8243; button_font=&#8220;||||||||&#8220; button_use_icon=&#8220;off&#8220;][\/et_pb_button][\/et_pb_column][\/et_pb_row][\/et_pb_section][et_pb_section fb_built=&#8220;1&#8243; admin_label=&#8220;Dynos Selection&#8220; module_id=&#8220;stossdaempfer-Pr\u00fcfstand-Adapter&#8220; _builder_version=&#8220;4.23.1&#8243; _module_preset=&#8220;default&#8220; background_color=&#8220;rgba(0,0,0,0.44)&#8220; min_height=&#8220;750px&#8220; custom_margin=&#8220;||||false|false&#8220; custom_padding=&#8220;||||false|false&#8220; top_divider_style=&#8220;graph4&#8243; top_divider_color=&#8220;#303030&#8243; top_divider_height=&#8220;40px&#8220; bottom_divider_style=&#8220;graph4&#8243; bottom_divider_color=&#8220;#303030&#8243; bottom_divider_height=&#8220;40px&#8220; global_colors_info=&#8220;{}&#8220;][et_pb_row _builder_version=&#8220;4.23.1&#8243; _module_preset=&#8220;default&#8220; width=&#8220;100%&#8220; max_width=&#8220;1100px&#8220; custom_margin=&#8220;30px||||false|false&#8220; custom_padding=&#8220;20px|20px|20px|20px|false|false&#8220; global_colors_info=&#8220;{}&#8220;][et_pb_column type=&#8220;4_4&#8243; _builder_version=&#8220;4.20.4&#8243; _module_preset=&#8220;default&#8220; global_colors_info=&#8220;{}&#8220;][et_pb_text _builder_version=&#8220;4.24.2&#8243; _module_preset=&#8220;default&#8220; global_colors_info=&#8220;{}&#8220;]<\/p>\n<h2 style=\"text-align: center;\"> LABA7-Federratenpr\u00fcfadapter f\u00fcr <strong>MOTO- und AUTOsprings<\/strong><\/h2>\n<p>[\/et_pb_text][\/et_pb_column][\/et_pb_row][et_pb_row column_structure=&#8220;1_3,2_3&#8243; make_equal=&#8220;on&#8220; _builder_version=&#8220;4.23.1&#8243; _module_preset=&#8220;default&#8220; background_color=&#8220;#000000&#8243; width=&#8220;auto&#8220; max_width=&#8220;1100px&#8220; custom_margin=&#8220;||||false|false&#8220; custom_padding=&#8220;||||false|false&#8220; locked=&#8220;off&#8220; global_colors_info=&#8220;{}&#8220;][et_pb_column type=&#8220;1_3&#8243; _builder_version=&#8220;4.20.4&#8243; _module_preset=&#8220;default&#8220; custom_padding=&#8220;|0px||0px|false|false&#8220; global_colors_info=&#8220;{}&#8220;][et_pb_text _builder_version=&#8220;4.27.0&#8243; _module_preset=&#8220;default&#8220; text_text_color=&#8220;gcid-d40f5d1e-f5d1-4b41-ab11-4faa03a3a11c&#8220; custom_margin=&#8220;||0px||false|false&#8220; custom_padding=&#8220;20px|0px|10px|0px|false|false&#8220; global_colors_info=&#8220;{%22gcid-d40f5d1e-f5d1-4b41-ab11-4faa03a3a11c%22:%91%22text_text_color%22%93}&#8220;]<\/p>\n<h3 style=\"text-align: left;\">Selbstvorspannender Gabelkopf<\/h3>\n<p>Dieser Adapter erm\u00f6glicht eine schnelle und einfache <span>Montage\/Demontage von Hinterradsto\u00dfd\u00e4mpfern<\/span>.<\/p>\n<p><span>Besonders praktisch beim Testen von Sto\u00dfd\u00e4mpfern mit Ausgleichsbeh\u00e4ltern.<\/span><\/p>\n<p><strong><\/strong>Kann sowohl oben als auch unten montiert werden. Geeignet f\u00fcr MTB-, AUTO- und MOTO-D\u00e4mpfer.<\/p>\n<p>&nbsp;<\/p>\n<h3>Preis \u2013 <strong>200 EUR <\/strong> <em> (exkl. MwSt.)<\/em><\/h3>\n<p><em>Nicht kompatibel mit dem Federtester PRO.<\/em><\/p>\n<p>[\/et_pb_text][\/et_pb_column][et_pb_column type=&#8220;2_3&#8243; _builder_version=&#8220;4.20.4&#8243; _module_preset=&#8220;default&#8220; global_colors_info=&#8220;{}&#8220;][dnxte_masonary gallery_ids=&#8220;333817&#8243; dnxte_columns=&#8220;2&#8243; dnxte_masonry_hvr_effect=&#8220;zoom-in&#8220; dnxte_msnary_filter_active_bg_color=&#8220;RGBA(255,255,255,0)&#8220; dnxte_msnary_overlay_bg_color=&#8220;RGBA(255,255,255,0)&#8220; dnxte_lightbox_overlay_bg_color=&#8220;RGBA(255,255,255,0)&#8220; _builder_version=&#8220;4.24.2&#8243; _module_preset=&#8220;default&#8220; background_color=&#8220;RGBA(255,255,255,0)&#8220; global_colors_info=&#8220;{}&#8220;][\/dnxte_masonary][\/et_pb_column][\/et_pb_row][et_pb_row column_structure=&#8220;1_3,2_3&#8243; make_equal=&#8220;on&#8220; _builder_version=&#8220;4.23.1&#8243; _module_preset=&#8220;default&#8220; background_color=&#8220;#000000&#8243; width=&#8220;auto&#8220; max_width=&#8220;1100px&#8220; custom_margin=&#8220;||||false|false&#8220; custom_padding=&#8220;||||false|false&#8220; locked=&#8220;off&#8220; global_colors_info=&#8220;{}&#8220;][et_pb_column type=&#8220;1_3&#8243; _builder_version=&#8220;4.20.4&#8243; _module_preset=&#8220;default&#8220; custom_padding=&#8220;|0px||0px|false|false&#8220; global_colors_info=&#8220;{}&#8220;][et_pb_text _builder_version=&#8220;4.27.0&#8243; _module_preset=&#8220;default&#8220; text_text_color=&#8220;gcid-d40f5d1e-f5d1-4b41-ab11-4faa03a3a11c&#8220; custom_margin=&#8220;||0px||false|false&#8220; custom_padding=&#8220;20px|0px|10px|0px|false|false&#8220; global_colors_info=&#8220;{%22gcid-d40f5d1e-f5d1-4b41-ab11-4faa03a3a11c%22:%91%22text_text_color%22%93}&#8220;]<\/p>\n<h3 style=\"text-align: left;\">U-Klemme<\/h3>\n<p>Universaladapter f\u00fcr AUTO und MOTO.<\/p>\n<p>Kann sowohl oben als auch unten montiert werden.<\/p>\n<p>&nbsp;<\/p>\n<h3>Preis \u2013 <strong>100 EUR<\/strong> <em>(exkl. MwSt.) <\/em> <\/h3>\n<p><em>Nicht kompatibel mit dem Federtester PRO.<\/em><\/p>\n<p>[\/et_pb_text][\/et_pb_column][et_pb_column type=&#8220;2_3&#8243; _builder_version=&#8220;4.20.4&#8243; _module_preset=&#8220;default&#8220; global_colors_info=&#8220;{}&#8220;][dnxte_masonary gallery_ids=&#8220;333827&#8243; dnxte_columns=&#8220;2&#8243; dnxte_masonry_hvr_effect=&#8220;zoom-in&#8220; dnxte_msnary_filter_active_bg_color=&#8220;RGBA(255,255,255,0)&#8220; dnxte_msnary_overlay_bg_color=&#8220;RGBA(255,255,255,0)&#8220; dnxte_lightbox_overlay_bg_color=&#8220;RGBA(255,255,255,0)&#8220; _builder_version=&#8220;4.24.2&#8243; _module_preset=&#8220;default&#8220; background_color=&#8220;RGBA(255,255,255,0)&#8220; global_colors_info=&#8220;{}&#8220;][\/dnxte_masonary][\/et_pb_column][\/et_pb_row][et_pb_row column_structure=&#8220;1_3,2_3&#8243; make_equal=&#8220;on&#8220; _builder_version=&#8220;4.23.1&#8243; _module_preset=&#8220;default&#8220; background_color=&#8220;#000000&#8243; width=&#8220;auto&#8220; max_width=&#8220;1100px&#8220; custom_margin=&#8220;||||false|false&#8220; custom_padding=&#8220;||||false|false&#8220; locked=&#8220;off&#8220; global_colors_info=&#8220;{}&#8220;][et_pb_column type=&#8220;1_3&#8243; _builder_version=&#8220;4.20.4&#8243; _module_preset=&#8220;default&#8220; custom_padding=&#8220;|0px||0px|false|false&#8220; global_colors_info=&#8220;{}&#8220;][et_pb_text _builder_version=&#8220;4.26.0&#8243; _module_preset=&#8220;default&#8220; text_text_color=&#8220;gcid-d40f5d1e-f5d1-4b41-ab11-4faa03a3a11c&#8220; custom_margin=&#8220;||0px||false|false&#8220; custom_padding=&#8220;20px|0px|10px|0px|false|false&#8220; global_colors_info=&#8220;{%22gcid-d40f5d1e-f5d1-4b41-ab11-4faa03a3a11c%22:%91%22text_text_color%22%93}&#8220;]<\/p>\n<h3>MOTO-Gabeladapter<\/h3>\n<p><strong>Motorrad-Gabeladapter<\/strong> mit Eins\u00e4tzen f\u00fcr 58.4-mm-, 59.2-mm-, 60-mm-, und 60.9-mm-Gabeln.<\/p>\n<p>Es sind kundenspezifische Eins\u00e4tze erh\u00e4ltlich.<\/p>\n<p>&nbsp;<\/p>\n<h3>Preis \u2013 <strong>425 EUR<\/strong> <em>(exkl. MwSt.) <\/em><\/h3>\n<p><em>Nicht kompatibel mit dem Federtester PRO.<\/em><\/p>\n<p>[\/et_pb_text][\/et_pb_column][et_pb_column type=&#8220;2_3&#8243; _builder_version=&#8220;4.20.4&#8243; _module_preset=&#8220;default&#8220; global_colors_info=&#8220;{}&#8220;][dnxte_masonary gallery_ids=&#8220;332719&#8243; dnxte_columns=&#8220;2&#8243; dnxte_masonry_hvr_effect=&#8220;zoom-in&#8220; dnxte_msnary_filter_active_bg_color=&#8220;RGBA(255,255,255,0)&#8220; dnxte_msnary_overlay_bg_color=&#8220;RGBA(255,255,255,0)&#8220; dnxte_lightbox_overlay_bg_color=&#8220;RGBA(255,255,255,0)&#8220; _builder_version=&#8220;4.24.2&#8243; _module_preset=&#8220;default&#8220; background_color=&#8220;RGBA(255,255,255,0)&#8220; global_colors_info=&#8220;{}&#8220;][\/dnxte_masonary][\/et_pb_column][\/et_pb_row][\/et_pb_section][et_pb_section fb_built=&#8220;1&#8243; admin_label=&#8220;Dynos Selection&#8220; module_id=&#8220;stossdaempfer-Pr\u00fcfstand-Adapter&#8220; _builder_version=&#8220;4.23.1&#8243; _module_preset=&#8220;default&#8220; background_color=&#8220;rgba(0,0,0,0.44)&#8220; min_height=&#8220;750px&#8220; custom_margin=&#8220;0px|0px|0px|0px|false|false&#8220; custom_padding=&#8220;20px|20px|20px|20px|false|false&#8220; global_colors_info=&#8220;{}&#8220;][et_pb_row _builder_version=&#8220;4.23.1&#8243; _module_preset=&#8220;default&#8220; width=&#8220;100%&#8220; max_width=&#8220;1100px&#8220; custom_margin=&#8220;30px||||false|false&#8220; custom_padding=&#8220;20px|20px|20px|20px|false|false&#8220; global_colors_info=&#8220;{}&#8220;][et_pb_column type=&#8220;4_4&#8243; _builder_version=&#8220;4.20.4&#8243; _module_preset=&#8220;default&#8220; global_colors_info=&#8220;{}&#8220;][et_pb_text _builder_version=&#8220;4.23.1&#8243; _module_preset=&#8220;default&#8220; global_colors_info=&#8220;{}&#8220;]<\/p>\n<h2 style=\"text-align: center;\">Warum Federratenpr\u00fcfadapter f\u00fcr MOTO-D\u00e4mpfer verwenden?<\/h2>\n<p>[\/et_pb_text][et_pb_text _builder_version=&#8220;4.23.1&#8243; _module_preset=&#8220;default&#8220; global_colors_info=&#8220;{}&#8220;]<\/p>\n<p style=\"text-align: center;\">Motorradadapter f\u00fcr Federratenpr\u00fcfer sind der Schl\u00fcssel zum Erreichen einer idealen Balance zwischen Ansprechverhalten und Stabilit\u00e4t. Fahrer k\u00f6nnen die Federung ihres Fahrrads so einstellen, dass sie St\u00f6\u00dfe, Senken und Kurven pr\u00e4zise absorbiert, was zu mehr Kontrolle und Komfort f\u00fchrt. Dieses Ma\u00df an Individualisierung ist besonders wichtig f\u00fcr Biker mit unterschiedlichem Gewicht und unterschiedlichen Fahrvorlieben, um sicherzustellen, dass das Federungssystem unter verschiedenen Umst\u00e4nden optimal funktioniert.<\/p>\n<p style=\"text-align: center;\">Eine pr\u00e4zise Einstellung der Federrate tr\u00e4gt wesentlich zur Sicherheit und Handhabung bei. Ganz gleich, ob Sie auf Autobahnen unterwegs sind, durch Stadtstra\u00dfen navigieren oder anspruchsvolles Gel\u00e4nde abseits der Stra\u00dfe bew\u00e4ltigen \u2013 ein gut abgestimmtes Federungssystem verbessert die allgemeine Stabilit\u00e4t und Man\u00f6vrierf\u00e4higkeit.<\/p>\n<p style=\"text-align: center;\">Durch die Investition in Motorradadapter f\u00fcr Federratenpr\u00fcfer k\u00f6nnen Sie das volle Potenzial des Motorrads aussch\u00f6pfen. Nach der Entwicklung eines personalisierten und optimierten Federungssystems k\u00f6nnen Biker eine sanftere, sicherere und angenehmere Fahrt genie\u00dfen, die auf ihre individuellen Vorlieben und die Anforderungen der Stra\u00dfe zugeschnitten ist.<\/p>\n<p>[\/et_pb_text][et_pb_button button_url=&#8220;#AdaptersPP&#8220; url_new_window=&#8220;on&#8220; button_text=&#8220;Geben Sie jetzt eine Bestellung auf&#8220; button_alignment=&#8220;center&#8220; admin_label=&#8220;Contact button&#8220; _builder_version=&#8220;4.25.0&#8243; _module_preset=&#8220;default&#8220; custom_button=&#8220;on&#8220; button_text_size=&#8220;16px&#8220; button_text_color=&#8220;#000000&#8243; button_bg_color=&#8220;#FFFFFF&#8220; button_border_width=&#8220;0px&#8220; button_border_radius=&#8220;5px&#8220; custom_margin=&#8220;||||false|false&#8220; custom_padding=&#8220;10px|40px|10px|40px|false|false&#8220; global_colors_info=&#8220;{}&#8220; button_font=&#8220;||||||||&#8220; button_use_icon=&#8220;off&#8220;][\/et_pb_button][\/et_pb_column][\/et_pb_row][\/et_pb_section]<\/p>\n","protected":false},"excerpt":{"rendered":"<p>Federratentester-Adapter f\u00fcr MOTO &amp; AUTOFederratenadapter f\u00fcr MOTO und AUTO kommen ins Spiel, wenn es auf Pr\u00e4zision ankommt. Diese Adapter sind unverzichtbar f\u00fcr Profis, die ein hervorragendes Erlebnis mit ihren Fahrzeugen w\u00fcnschen. Durch die pr\u00e4zise Messung der Federrate k\u00f6nnen Sie die Federung individuell anpassen, um sie an die individuellen Vorlieben des Fahrers, seinen Stil und die [&hellip;]<\/p>\n","protected":false},"author":2,"featured_media":334837,"parent":334805,"menu_order":0,"comment_status":"closed","ping_status":"closed","template":"","meta":{"_acf_changed":false,"_et_pb_use_builder":"on","_et_pb_old_content":"","_et_gb_content_width":"","footnotes":""},"class_list":["post-334836","page","type-page","status-publish","has-post-thumbnail","hentry"],"acf":[],"yoast_head":"<!-- This site is optimized with the Yoast SEO plugin v25.3.1 - https:\/\/yoast.com\/wordpress\/plugins\/seo\/ -->\n<title>Federtest-Adapter f\u00fcr MOTO - LABA7<\/title>\n<meta name=\"description\" content=\"Federpr\u00fcfadapter f\u00fcr MOTO. Motorradgabeladapter mit Eins\u00e4tzen f\u00fcr 54 mm, 55 mm und 56 mm Gabeln, U-Klemme und mehr.\" \/>\n<meta name=\"robots\" content=\"index, follow, max-snippet:-1, max-image-preview:large, max-video-preview:-1\" \/>\n<link rel=\"canonical\" href=\"https:\/\/laba7.com\/de\/produkte\/federratentester-adapter-fur-moto\/\" \/>\n<meta property=\"og:locale\" content=\"de_DE\" \/>\n<meta property=\"og:type\" content=\"article\" \/>\n<meta property=\"og:title\" content=\"Federtest-Adapter f\u00fcr MOTO\" \/>\n<meta property=\"og:description\" content=\"Federratenpr\u00fcfadapter f\u00fcr MOTO zur pr\u00e4zisen Optimierung Ihrer Fahrt. Verbessern Sie die Leistung und den Komfort jedes Fahrrads.\" \/>\n<meta property=\"og:url\" content=\"https:\/\/laba7.com\/de\/produkte\/federratentester-adapter-fur-moto\/\" \/>\n<meta property=\"og:site_name\" content=\"LABA7\" \/>\n<meta property=\"article:publisher\" content=\"https:\/\/www.facebook.com\/LabaSeven\/\" \/>\n<meta property=\"article:modified_time\" content=\"2025-09-19T08:32:07+00:00\" \/>\n<meta property=\"og:image\" content=\"https:\/\/laba7.com\/wp-content\/uploads\/2023\/12\/Spring-rate-tester-Moto-Fork-adapter-Small-300x300.webp\" \/>\n<!-- \/ Yoast SEO plugin. -->","yoast_head_json":{"title":"Federtest-Adapter f\u00fcr MOTO - LABA7","description":"Federpr\u00fcfadapter f\u00fcr MOTO. Motorradgabeladapter mit Eins\u00e4tzen f\u00fcr 54 mm, 55 mm und 56 mm Gabeln, U-Klemme und mehr.","robots":{"index":"index","follow":"follow","max-snippet":"max-snippet:-1","max-image-preview":"max-image-preview:large","max-video-preview":"max-video-preview:-1"},"canonical":"https:\/\/laba7.com\/de\/produkte\/federratentester-adapter-fur-moto\/","og_locale":"de_DE","og_type":"article","og_title":"Federtest-Adapter f\u00fcr MOTO","og_description":"Federratenpr\u00fcfadapter f\u00fcr MOTO zur pr\u00e4zisen Optimierung Ihrer Fahrt. Verbessern Sie die Leistung und den Komfort jedes Fahrrads.","og_url":"https:\/\/laba7.com\/de\/produkte\/federratentester-adapter-fur-moto\/","og_site_name":"LABA7","article_publisher":"https:\/\/www.facebook.com\/LabaSeven\/","article_modified_time":"2025-09-19T08:32:07+00:00","og_image":[{"url":"https:\/\/laba7.com\/wp-content\/uploads\/2023\/12\/Spring-rate-tester-Moto-Fork-adapter-Small-300x300.webp","type":"","width":"","height":""}],"schema":{"@context":"https:\/\/schema.org","@graph":false}},"_links":{"self":[{"href":"https:\/\/laba7.com\/de\/wp-json\/wp\/v2\/pages\/334836","targetHints":{"allow":["GET"]}}],"collection":[{"href":"https:\/\/laba7.com\/de\/wp-json\/wp\/v2\/pages"}],"about":[{"href":"https:\/\/laba7.com\/de\/wp-json\/wp\/v2\/types\/page"}],"author":[{"embeddable":true,"href":"https:\/\/laba7.com\/de\/wp-json\/wp\/v2\/users\/2"}],"replies":[{"embeddable":true,"href":"https:\/\/laba7.com\/de\/wp-json\/wp\/v2\/comments?post=334836"}],"version-history":[{"count":17,"href":"https:\/\/laba7.com\/de\/wp-json\/wp\/v2\/pages\/334836\/revisions"}],"predecessor-version":[{"id":341152,"href":"https:\/\/laba7.com\/de\/wp-json\/wp\/v2\/pages\/334836\/revisions\/341152"}],"up":[{"embeddable":true,"href":"https:\/\/laba7.com\/de\/wp-json\/wp\/v2\/pages\/334805"}],"wp:featuredmedia":[{"embeddable":true,"href":"https:\/\/laba7.com\/de\/wp-json\/wp\/v2\/media\/334837"}],"wp:attachment":[{"href":"https:\/\/laba7.com\/de\/wp-json\/wp\/v2\/media?parent=334836"}],"curies":[{"name":"wp","href":"https:\/\/api.w.org\/{rel}","templated":true}]}}