{"id":334829,"date":"2023-12-19T07:22:04","date_gmt":"2023-12-19T07:22:04","guid":{"rendered":"https:\/\/laba7.com\/produkte\/vakuum-entluftungspumpenadapter-fur-mtb\/"},"modified":"2025-09-19T08:33:41","modified_gmt":"2025-09-19T08:33:41","slug":"vakuum-entluftungspumpenadapter-fur-mtb","status":"publish","type":"page","link":"https:\/\/laba7.com\/de\/produkte\/vakuum-entluftungspumpenadapter-fur-mtb\/","title":{"rendered":"Vakuum-Entl\u00fcftungspumpenadapter f\u00fcr MTB"},"content":{"rendered":"<p>[et_pb_section fb_built=&#8220;1&#8243; admin_label=&#8220;Header&#8220; _builder_version=&#8220;4.23.1&#8243; _module_preset=&#8220;default&#8220; background_color=&#8220;#000000&#8243; background_enable_image=&#8220;off&#8220; background_size=&#8220;contain&#8220; background_position=&#8220;bottom_center&#8220; background_vertical_offset=&#8220;-40%&#8220; min_height=&#8220;500px&#8220; height_last_edited=&#8220;off|phone&#8220; custom_margin=&#8220;0px||0px||false|false&#8220; custom_padding=&#8220;||||false|false&#8220; bottom_divider_style=&#8220;arrow3&#8243; bottom_divider_color=&#8220;#303030&#8243; bottom_divider_height=&#8220;43px&#8220; locked=&#8220;off&#8220; global_colors_info=&#8220;{}&#8220;][et_pb_row _builder_version=&#8220;4.23.1&#8243; _module_preset=&#8220;default&#8220; width=&#8220;100%&#8220; max_width=&#8220;1100px&#8220; custom_padding=&#8220;100px||||false|false&#8220; global_colors_info=&#8220;{}&#8220;][et_pb_column type=&#8220;4_4&#8243; _builder_version=&#8220;4.20.4&#8243; _module_preset=&#8220;default&#8220; global_colors_info=&#8220;{}&#8220;][et_pb_text _builder_version=&#8220;4.23.1&#8243; _module_preset=&#8220;default&#8220; header_text_align=&#8220;center&#8220; header_text_color=&#8220;#FFFFFF&#8220; header_font_size=&#8220;50px&#8220; text_orientation=&#8220;center&#8220; background_layout=&#8220;dark&#8220; custom_margin=&#8220;||||false|false&#8220; header_text_shadow_style=&#8220;preset1&#8243; global_colors_info=&#8220;{}&#8220;]<\/p>\n<h1 style=\"text-align: center;\">Vakuum-Entl\u00fcftungspumpenadapter f\u00fcr MTB<\/h1>\n<p>[\/et_pb_text][et_pb_text _builder_version=&#8220;4.23.1&#8243; _module_preset=&#8220;default&#8220; text_text_color=&#8220;gcid-d40f5d1e-f5d1-4b41-ab11-4faa03a3a11c&#8220; custom_padding=&#8220;||30px||false|false&#8220; text_text_shadow_style=&#8220;preset3&#8243; global_colors_info=&#8220;{%22gcid-d40f5d1e-f5d1-4b41-ab11-4faa03a3a11c%22:%91%22text_text_color%22%93}&#8220;]<\/p>\n<p style=\"text-align: center;\"><span>Unsere Vakuum-Entl\u00fcftungspumpen-Adapter f\u00fcr MTB sind unverzichtbar f\u00fcr die Aufrechterhaltung der optimalen Leistung von Sto\u00dfd\u00e4mpfern. Diese Adapter sorgen f\u00fcr eine effiziente Entl\u00fcftung der D\u00e4mpfer und deren Bef\u00fcllung mit \u00d6l, um sicherzustellen, dass sie auf h\u00f6chstem Leistungsniveau arbeiten.<\/span><\/p>\n<p>[\/et_pb_text][et_pb_button button_url=&#8220;#AdaptersPP&#8220; url_new_window=&#8220;on&#8220; button_text=&#8220;Geben Sie jetzt eine Bestellung auf&#8220; button_alignment=&#8220;center&#8220; admin_label=&#8220;Contact button&#8220; _builder_version=&#8220;4.25.0&#8243; _module_preset=&#8220;default&#8220; custom_button=&#8220;on&#8220; button_text_size=&#8220;16px&#8220; button_text_color=&#8220;#000000&#8243; button_bg_color=&#8220;#FFFFFF&#8220; button_border_width=&#8220;0px&#8220; button_border_radius=&#8220;5px&#8220; custom_margin=&#8220;||||false|false&#8220; custom_padding=&#8220;10px|40px|10px|40px|false|false&#8220; locked=&#8220;off&#8220; global_colors_info=&#8220;{}&#8220; button_font=&#8220;||||||||&#8220; button_use_icon=&#8220;off&#8220;][\/et_pb_button][\/et_pb_column][\/et_pb_row][\/et_pb_section][et_pb_section fb_built=&#8220;1&#8243; admin_label=&#8220;Dynos Selection&#8220; module_id=&#8220;stossdaempfer-Pr\u00fcfstand-Adapter&#8220; _builder_version=&#8220;4.23.1&#8243; _module_preset=&#8220;default&#8220; background_color=&#8220;rgba(0,0,0,0.44)&#8220; min_height=&#8220;750px&#8220; custom_margin=&#8220;||||false|false&#8220; custom_padding=&#8220;||||false|false&#8220; top_divider_style=&#8220;graph4&#8243; top_divider_color=&#8220;#303030&#8243; top_divider_height=&#8220;40px&#8220; bottom_divider_style=&#8220;graph4&#8243; bottom_divider_color=&#8220;#303030&#8243; bottom_divider_height=&#8220;40px&#8220; global_colors_info=&#8220;{}&#8220;][et_pb_row _builder_version=&#8220;4.23.1&#8243; _module_preset=&#8220;default&#8220; width=&#8220;100%&#8220; max_width=&#8220;1100px&#8220; custom_margin=&#8220;30px||||false|false&#8220; custom_padding=&#8220;20px|20px|20px|20px|false|false&#8220; global_colors_info=&#8220;{}&#8220;][et_pb_column type=&#8220;4_4&#8243; _builder_version=&#8220;4.20.4&#8243; _module_preset=&#8220;default&#8220; global_colors_info=&#8220;{}&#8220;][et_pb_text _builder_version=&#8220;4.23.1&#8243; _module_preset=&#8220;default&#8220; global_colors_info=&#8220;{}&#8220;]<\/p>\n<h2 style=\"text-align: center;\"> LABA7 Vakuum-Entl\u00fcftungspumpenadapter f\u00fcr <strong>MTB-Sto\u00dfd\u00e4mpfer <\/strong><\/h2>\n<p>[\/et_pb_text][\/et_pb_column][\/et_pb_row][et_pb_row column_structure=&#8220;1_3,2_3&#8243; make_equal=&#8220;on&#8220; _builder_version=&#8220;4.23.1&#8243; _module_preset=&#8220;default&#8220; background_color=&#8220;#000000&#8243; width=&#8220;auto&#8220; custom_margin=&#8220;||||false|false&#8220; custom_padding=&#8220;20px|20px|20px|20px|false|false&#8220; locked=&#8220;off&#8220; global_colors_info=&#8220;{}&#8220;][et_pb_column type=&#8220;1_3&#8243; _builder_version=&#8220;4.20.4&#8243; _module_preset=&#8220;default&#8220; custom_padding=&#8220;|0px||0px|false|false&#8220; global_colors_info=&#8220;{}&#8220;][et_pb_text _builder_version=&#8220;4.26.0&#8243; _module_preset=&#8220;default&#8220; text_text_color=&#8220;gcid-d40f5d1e-f5d1-4b41-ab11-4faa03a3a11c&#8220; custom_margin=&#8220;||0px||false|false&#8220; custom_padding=&#8220;20px|0px|10px|0px|false|false&#8220; global_colors_info=&#8220;{%22gcid-d40f5d1e-f5d1-4b41-ab11-4faa03a3a11c%22:%91%22text_text_color%22%93}&#8220;]<\/p>\n<h3 style=\"text-align: left;\">MTB-Adaptersatz<\/h3>\n<p>Hergestellt aus Edelstahl und Aluminium.<\/p>\n<h3>Preis \u2013 <strong>375 EUR <\/strong><em>(exkl. MwSt.)<\/em><\/h3>\n<p>&nbsp;<\/p>\n<h4 style=\"text-align: left;\"><strong>O-Ring 2.9&#215;1.78 mm<\/strong><\/h4>\n<ul>\n<li>Fox Van R<\/li>\n<li>Fox Van RC<\/li>\n<li>Fox DH X2<\/li>\n<li>Fox Float X2<\/li>\n<li>Fox DHX 3.0<\/li>\n<li>Fox DHX 4.0<\/li>\n<li>Fox DHX 5.0<\/li>\n<li>Fox DHX 3.0 Air<\/li>\n<li>Fox DHX 4.0 Air<\/li>\n<li>Fox DHX 5.0 Air<\/li>\n<li>Fox DHX RC2<\/li>\n<li>Fox DHX RC4<\/li>\n<li>Marzocchi B.CR<\/li>\n<\/ul>\n<h4 style=\"text-align: left;\"><strong>O-Ring 3&#215;1 mm <\/strong><\/h4>\n<ul>\n<li>Cane Creek DB Coil IL<\/li>\n<li>Cane Creek DB Air IL<\/li>\n<\/ul>\n<h4 style=\"text-align: left;\"><strong>O-Ring 3&#215;1.5 mm<\/strong><\/h4>\n<ul>\n<li>Cane Creek DB Coil<\/li>\n<li>Cane Creek DB Coil CS<\/li>\n<li>Cane Creek DB Air<\/li>\n<li>Cane Creek DB Air CS<\/li>\n<li>Cane Creek DB Heritage Coil<\/li>\n<li>Cane Creek DB Kitsuma Coil<\/li>\n<li>Cane Creek DB Kitsuma Air<\/li>\n<li>\u00d6hlins TTX22m Standard Mount<\/li>\n<li>\u00d6hlins TTX22m.2 Standard Mount <\/li>\n<li>\u00d6hlins TTX1Air Standard Mount<\/li>\n<li>\u00d6hlins TTX2Air Standard Mount<\/li>\n<\/ul>\n<h4 style=\"text-align: left;\"><strong>O-Ring 3&#215;1.5 mm (x2)<\/strong><\/h4>\n<ul>\n<li>Fox 32 FIT4<\/li>\n<li>Fox 34 FIT4<\/li>\n<li>Fox 36 FIT4<\/li>\n<li>Fox 40 FIT4<\/li>\n<\/ul>\n<h4 style=\"text-align: left;\"><strong>O-Ring 3.5&#215;1.5 mm <\/strong><\/h4>\n<ul>\n<li>\u00d6hlins RXF36<\/li>\n<li>\u00d6hlins RXF36 Evo<\/li>\n<\/ul>\n<h4 style=\"text-align: left;\"><strong>O-Ring 4&#215;1 mm<\/strong><\/h4>\n<p style=\"font-size: 80%; text-align: left; line-height: 1.5;\">* \u00e4lter \u00fcber IFP, neuer \u00fcber \u00e4u\u00dferen Entl\u00fcftungsanschluss<br \/>** \u00fcber IFP-Anschluss<\/p>\n<ul>\n<li>Rock Shox Charger 2 (Boxxer, Zeb, Lyrik, Pike, Sid)<\/li>\n<li>Rock Shox Charger 2.1 (Boxxer, Zeb, Lyrik, Pike, Sid)<\/li>\n<li>Rock Shox Vivid R2 Coil &lt;2014<\/li>\n<li>Rock Shox Vivid R2C Coil &lt;2014<\/li>\n<li>Rock Shox Vivid R2 Air &lt;2014<\/li>\n<li>Rock Shox Vivid R2C Air &lt;2014<\/li>\n<li>Rock Shox Kage R *<\/li>\n<li>Rock Shox Kage RC *<\/li>\n<li>Rock Shox Super Deluxe R Coil **<\/li>\n<li>Rock Shox Super Deluxe RCT Coil **<\/li>\n<li>Rock Shox Super Deluxe Ultimate Coil **<\/li>\n<li>Rock Shox Super Deluxe Select Coil **<\/li>\n<li>Rock Shox Super Deluxe Select+ Coil **<\/li>\n<li>Rock Shox Super Deluxe R Air **<\/li>\n<li>Rock Shox Super Deluxe RCT Air **<\/li>\n<li>Rock Shox Super Deluxe Ultimate Air **<\/li>\n<li>Rock Shox Super Deluxe Select Air **<\/li>\n<li>Rock Shox Super Deluxe Select+ Air **<\/li>\n<li>\u00d6hlins TTX22m Trunnion<\/li>\n<li>\u00d6hlins TTX22m.2 Trunnion <\/li>\n<li>\u00d6hlins TTX1Air Trunnion<\/li>\n<li>\u00d6hlins TTX2Air Trunnion<\/li>\n<li>Marzocchi Roco R Coil<\/li>\n<li>Marzocchi Roco RC WC Coil<\/li>\n<li>Marzocchi Roco R TST Coil<\/li>\n<li>Marzocchi Roco RC WC Air<\/li>\n<li>Marzocchi Roco R TST Air<\/li>\n<\/ul>\n<ul><\/ul>\n<h4 style=\"text-align: left;\"><strong>O-Ring 4&#215;1 mm<\/strong><\/h4>\n<p style=\"font-size: 80%; text-align: left; line-height: 1.5;\">* \u00e4lter \u00fcber IFP, neuer \u00fcber \u00e4u\u00dferen Entl\u00fcftungsanschluss<\/p>\n<ul>\n<li>Roch Shox Monarch Plus R<\/li>\n<li>Roch Shox Monarch Plus RC3<\/li>\n<li>Rock Shox Super Deluxe R Coil *<\/li>\n<li>Rock Shox Super Deluxe RCT Coil *<\/li>\n<li>Rock Shox Super Deluxe Ultimate Coil *<\/li>\n<li>Rock Shox Super Deluxe Select Coil *<\/li>\n<li>Rock Shox Super Deluxe Select+ Coil *<\/li>\n<li>Rock Shox Super Deluxe R Air *<\/li>\n<li>Rock Shox Super Deluxe RCT Air *<\/li>\n<li>Rock Shox Super Deluxe Ultimate Air *<\/li>\n<li>Rock Shox Super Deluxe Select Air *<\/li>\n<li>Rock Shox Super Deluxe Select+ Air *<\/li>\n<li>Marzocchi 053 S3C2R<\/li>\n<li>Marzocchi Roco RC WC Air<\/li>\n<li>Marzocchi Roco R TST Air<\/li>\n<li>DVO Topaz Gen 1<\/li>\n<li>DVO Topaz Gen 2<\/li>\n<li>SR Suntour Triair<\/li>\n<\/ul>\n<h4 style=\"text-align: left;\"><strong>O-Ring 4&#215;1.5 mm <\/strong><\/h4>\n<ul>\n<li>Fox Float X<\/li>\n<li>Fox Float DPX<\/li>\n<li>Fox Float DPX2<\/li>\n<li>Fox DHX 3.0 Air<\/li>\n<li>Fox DHX 4.0 Air<\/li>\n<li>Fox DHX 5.0 Air<\/li>\n<li>Marzocchi Bomber Air<\/li>\n<\/ul>\n<h4 style=\"text-align: left;\"><strong>O-Ring 4.5&#215;1.5 mm<\/strong><\/h4>\n<ul>\n<li>Rock Shox Charger 1 (Boxxer, Lyrik, Pike, Sid, RS-1, Bluto)<\/li>\n<\/ul>\n<h4 style=\"text-align: left;\"><strong>O-Ring 5&#215;1.5 mm<\/strong><\/h4>\n<ul>\n<li>Fox 32 FIT CTD<\/li>\n<li>Fox 32 FIT CTD Trail Adj<\/li>\n<li>Fox 34 FIT CTD<\/li>\n<li>Fox 34 FIT CTD Trail Adj<\/li>\n<\/ul>\n<h4 style=\"text-align: left;\"><strong>O-Ring 9&#215;1.5 mm <\/strong><\/h4>\n<ul>\n<li>Rock Shox Vivid R2C Coil 2014+<\/li>\n<li>Rock Shox Vivid R2C Air 2014+<\/li>\n<\/ul>\n<h4 style=\"text-align: left;\"><strong>O-Ring 11&#215;1.5mm (x2)<\/strong><\/h4>\n<ul>\n<li>Fox 36 FIT RC2<\/li>\n<li>Fox 40 FIT RC2<\/li>\n<\/ul>\n<h4 style=\"text-align: left;\"><strong>O-Ring 20&#215;1.5 mm<\/strong><\/h4>\n<ul>\n<li>Specialized Shock &#8211; Rock Shox Brain<\/li>\n<\/ul>\n<h4 style=\"text-align: left;\"><strong>O-Ring 22&#215;1.5 mm<\/strong><\/h4>\n<ul>\n<li>Rock Shox SID Brain Fork<\/li>\n<\/ul>\n<p>[\/et_pb_text][\/et_pb_column][et_pb_column type=&#8220;2_3&#8243; _builder_version=&#8220;4.20.4&#8243; _module_preset=&#8220;default&#8220; global_colors_info=&#8220;{}&#8220;][dnxte_masonary gallery_ids=&#8220;332277&#8243; dnxte_columns=&#8220;1&#8243; dnxte_masonry_hvr_effect=&#8220;zoom-in&#8220; dnxte_msnary_filter_active_bg_color=&#8220;RGBA(255,255,255,0)&#8220; dnxte_msnary_overlay_bg_color=&#8220;RGBA(255,255,255,0)&#8220; dnxte_lightbox_overlay_bg_color=&#8220;RGBA(255,255,255,0)&#8220; _builder_version=&#8220;4.23.1&#8243; _module_preset=&#8220;default&#8220; background_color=&#8220;RGBA(255,255,255,0)&#8220; global_colors_info=&#8220;{}&#8220;][\/dnxte_masonary][\/et_pb_column][\/et_pb_row][et_pb_row column_structure=&#8220;1_3,2_3&#8243; make_equal=&#8220;on&#8220; _builder_version=&#8220;4.23.1&#8243; _module_preset=&#8220;default&#8220; background_color=&#8220;#000000&#8243; width=&#8220;auto&#8220; custom_margin=&#8220;||||false|false&#8220; custom_padding=&#8220;20px|20px|20px|20px|false|false&#8220; border_width_top=&#8220;5px&#8220; locked=&#8220;off&#8220; global_colors_info=&#8220;{}&#8220;][et_pb_column type=&#8220;1_3&#8243; _builder_version=&#8220;4.20.4&#8243; _module_preset=&#8220;default&#8220; custom_padding=&#8220;|0px||0px|false|false&#8220; global_colors_info=&#8220;{}&#8220;][et_pb_text _builder_version=&#8220;4.27.0&#8243; _module_preset=&#8220;default&#8220; text_text_color=&#8220;gcid-d40f5d1e-f5d1-4b41-ab11-4faa03a3a11c&#8220; custom_margin=&#8220;||0px||false|false&#8220; custom_padding=&#8220;20px|0px|10px|0px|false|false&#8220; global_colors_info=&#8220;{%22gcid-d40f5d1e-f5d1-4b41-ab11-4faa03a3a11c%22:%91%22text_text_color%22%93}&#8220;]<\/p>\n<h3 style=\"text-align: left;\">Glasadapter<\/h3>\n<p>Hergestellt aus langlebigen Materialien. Damit k\u00f6nnen Sie die Hydraulikfl\u00fcssigkeit visuell auf Luftblasen und Verunreinigungen pr\u00fcfen und so einen gr\u00fcndlichen und pr\u00e4zisen Entl\u00fcftungsvorgang gew\u00e4hrleisten.<\/p>\n<p>&nbsp;<\/p>\n<h3>Preis \u2013 <strong>130 EUR <\/strong> <em> (exkl. MwSt.) <\/em><\/h3>\n<p>[\/et_pb_text][\/et_pb_column][et_pb_column type=&#8220;2_3&#8243; _builder_version=&#8220;4.23.1&#8243; _module_preset=&#8220;default&#8220; global_colors_info=&#8220;{}&#8220;][dnxte_masonary gallery_ids=&#8220;332267&#8243; dnxte_columns=&#8220;1&#8243; dnxte_masonry_hvr_effect=&#8220;zoom-in&#8220; dnxte_msnary_filter_active_bg_color=&#8220;RGBA(255,255,255,0)&#8220; dnxte_msnary_overlay_bg_color=&#8220;RGBA(255,255,255,0)&#8220; dnxte_lightbox_overlay_bg_color=&#8220;RGBA(255,255,255,0)&#8220; _builder_version=&#8220;4.23.1&#8243; _module_preset=&#8220;default&#8220; background_color=&#8220;RGBA(255,255,255,0)&#8220; global_colors_info=&#8220;{}&#8220;][\/dnxte_masonary][\/et_pb_column][\/et_pb_row][\/et_pb_section][et_pb_section fb_built=&#8220;1&#8243; admin_label=&#8220;Dynos Selection&#8220; module_id=&#8220;stossdaempfer-Pr\u00fcfstand-Adapter&#8220; _builder_version=&#8220;4.23.1&#8243; _module_preset=&#8220;default&#8220; background_color=&#8220;rgba(0,0,0,0.44)&#8220; min_height=&#8220;750px&#8220; custom_margin=&#8220;0px|0px|0px|0px|false|false&#8220; custom_padding=&#8220;20px|20px|20px|20px|false|false&#8220; global_colors_info=&#8220;{}&#8220;][et_pb_row _builder_version=&#8220;4.23.1&#8243; _module_preset=&#8220;default&#8220; width=&#8220;100%&#8220; max_width=&#8220;1100px&#8220; custom_margin=&#8220;30px||||false|false&#8220; custom_padding=&#8220;20px|20px|20px|20px|false|false&#8220; global_colors_info=&#8220;{}&#8220;][et_pb_column type=&#8220;4_4&#8243; _builder_version=&#8220;4.20.4&#8243; _module_preset=&#8220;default&#8220; global_colors_info=&#8220;{}&#8220;][et_pb_text _builder_version=&#8220;4.23.1&#8243; _module_preset=&#8220;default&#8220; global_colors_info=&#8220;{}&#8220;]<\/p>\n<h2 style=\"text-align: center;\">Warum Vakuum-Entl\u00fcftungspumpenadapter f\u00fcr MTB-Sto\u00dfd\u00e4mpfer verwenden?<\/h2>\n<p>[\/et_pb_text][et_pb_text _builder_version=&#8220;4.23.1&#8243; _module_preset=&#8220;default&#8220; global_colors_info=&#8220;{}&#8220;]<\/p>\n<p style=\"text-align: center;\">In jeder gut ausgestatteten Federungswerkstatt sind Vakuum-Entl\u00fcftungspumpenadapter unverzichtbare Werkzeuge, um optimale Leistung und Langlebigkeit von Mountainbike-Sto\u00dfd\u00e4mpfern (MTB) sicherzustellen. Diese Adapter spielen eine entscheidende Rolle bei der Wartung und Entl\u00fcftung von Sto\u00dfd\u00e4mpfern.<\/p>\n<p style=\"text-align: center;\">Bei Federungssystemen kommt es auf Pr\u00e4zision an, und diese Adapter erm\u00f6glichen es Technikern, Luftblasen und Verunreinigungen mit beispielloser Genauigkeit aus der Hydraulikfl\u00fcssigkeit des Sto\u00dfd\u00e4mpfers zu entfernen. Durch die Erzeugung eines Vakuums im System erleichtern die Adapter das Absaugen unerw\u00fcnschter Luft und verhindern so eine schwammige oder inkonsistente Leistung der Federung.<\/p>\n<p style=\"text-align: center;\">Regelm\u00e4\u00dfige Wartung ist f\u00fcr MTB-Enthusiasten, die von ihren Fahrten H\u00f6chstleistungen verlangen, unerl\u00e4sslich. Die Adapter rationalisieren den Entl\u00fcftungsprozess und machen ihn f\u00fcr Fahrwerksprofis effizient und problemlos. Dies sorgt nicht nur f\u00fcr eine sanftere und reaktionsfreudigere Fahrt des Radfahrers, sondern verl\u00e4ngert auch die Lebensdauer der Sto\u00dfd\u00e4mpfer.<\/p>\n<p style=\"text-align: center;\">Die Investition in hochwertige Adapter f\u00fcr Vakuum-Entl\u00fcftungspumpen ist eine Investition in die Gesamtleistung und Haltbarkeit des Federungssystems eines MTB. In der schnelllebigen Welt des Mountainbikens, in der Pr\u00e4zision und Zuverl\u00e4ssigkeit an erster Stelle stehen, sind diese Adapter ein Muss f\u00fcr jede Federungswerkstatt, die begeisterten Fahrern erstklassigen Service bieten m\u00f6chte.<\/p>\n<p>[\/et_pb_text][et_pb_button button_url=&#8220;#AdaptersPP&#8220; url_new_window=&#8220;on&#8220; button_text=&#8220;Geben Sie jetzt eine Bestellung auf&#8220; button_alignment=&#8220;center&#8220; admin_label=&#8220;Contact button&#8220; _builder_version=&#8220;4.25.0&#8243; _module_preset=&#8220;default&#8220; custom_button=&#8220;on&#8220; button_text_size=&#8220;16px&#8220; button_text_color=&#8220;#000000&#8243; button_bg_color=&#8220;#FFFFFF&#8220; button_border_width=&#8220;0px&#8220; button_border_radius=&#8220;5px&#8220; custom_margin=&#8220;||||false|false&#8220; custom_padding=&#8220;10px|40px|10px|40px|false|false&#8220; global_colors_info=&#8220;{}&#8220; button_font=&#8220;||||||||&#8220; button_use_icon=&#8220;off&#8220;][\/et_pb_button][\/et_pb_column][\/et_pb_row][\/et_pb_section]<\/p>\n","protected":false},"excerpt":{"rendered":"<p>Vakuum-Entl\u00fcftungspumpenadapter f\u00fcr MTBUnsere Vakuum-Entl\u00fcftungspumpen-Adapter f\u00fcr MTB sind unverzichtbar f\u00fcr die Aufrechterhaltung der optimalen Leistung von Sto\u00dfd\u00e4mpfern. Diese Adapter sorgen f\u00fcr eine effiziente Entl\u00fcftung der D\u00e4mpfer und deren Bef\u00fcllung mit \u00d6l, um sicherzustellen, dass sie auf h\u00f6chstem Leistungsniveau arbeiten. LABA7 Vakuum-Entl\u00fcftungspumpenadapter f\u00fcr MTB-Sto\u00dfd\u00e4mpfer MTB-Adaptersatz Hergestellt aus Edelstahl und Aluminium. Preis \u2013 375 EUR (exkl. MwSt.) &nbsp; [&hellip;]<\/p>\n","protected":false},"author":2,"featured_media":334830,"parent":334805,"menu_order":0,"comment_status":"closed","ping_status":"closed","template":"","meta":{"_acf_changed":false,"_et_pb_use_builder":"on","_et_pb_old_content":"","_et_gb_content_width":"","footnotes":""},"class_list":["post-334829","page","type-page","status-publish","has-post-thumbnail","hentry"],"acf":[],"yoast_head":"<!-- This site is optimized with the Yoast SEO plugin v25.3.1 - https:\/\/yoast.com\/wordpress\/plugins\/seo\/ -->\n<title>Vakuum-Entl\u00fcftungspumpenadapter f\u00fcr MTB - LABA7<\/title>\n<meta name=\"description\" content=\"Vakuum-Entl\u00fcftungspumpenadapter f\u00fcr MTB: FOX, Rockshox, \u00d6hlins, Marzzochi, Crane Creek, SR Suntour und viele andere.\" \/>\n<meta name=\"robots\" content=\"index, follow, max-snippet:-1, max-image-preview:large, max-video-preview:-1\" \/>\n<link rel=\"canonical\" href=\"https:\/\/laba7.com\/de\/produkte\/vakuum-entluftungspumpenadapter-fur-mtb\/\" \/>\n<meta property=\"og:locale\" content=\"de_DE\" \/>\n<meta property=\"og:type\" content=\"article\" \/>\n<meta property=\"og:title\" content=\"Vakuum-Entl\u00fcftungspumpenadapter f\u00fcr MTB\" \/>\n<meta property=\"og:description\" content=\"Entdecken Sie die LABA7-Vakuum-Entl\u00fcftungspumpenadapter f\u00fcr MTB Warten und entl\u00fcften Sie Ihre Mountainbike-Sto\u00dfd\u00e4mpfer m\u00fchelos, pr\u00e4zise und einfach.\" \/>\n<meta property=\"og:url\" content=\"https:\/\/laba7.com\/de\/produkte\/vakuum-entluftungspumpenadapter-fur-mtb\/\" \/>\n<meta property=\"og:site_name\" content=\"LABA7\" \/>\n<meta property=\"article:publisher\" content=\"https:\/\/www.facebook.com\/LabaSeven\/\" \/>\n<meta property=\"article:modified_time\" content=\"2025-09-19T08:33:41+00:00\" \/>\n<meta property=\"og:image\" content=\"https:\/\/laba7.com\/wp-content\/uploads\/2023\/11\/LABA7-vacuum-bleed-pump-adapters-MTB-1024x576.webp\" \/>\n<!-- \/ Yoast SEO plugin. -->","yoast_head_json":{"title":"Vakuum-Entl\u00fcftungspumpenadapter f\u00fcr MTB - LABA7","description":"Vakuum-Entl\u00fcftungspumpenadapter f\u00fcr MTB: FOX, Rockshox, \u00d6hlins, Marzzochi, Crane Creek, SR Suntour und viele andere.","robots":{"index":"index","follow":"follow","max-snippet":"max-snippet:-1","max-image-preview":"max-image-preview:large","max-video-preview":"max-video-preview:-1"},"canonical":"https:\/\/laba7.com\/de\/produkte\/vakuum-entluftungspumpenadapter-fur-mtb\/","og_locale":"de_DE","og_type":"article","og_title":"Vakuum-Entl\u00fcftungspumpenadapter f\u00fcr MTB","og_description":"Entdecken Sie die LABA7-Vakuum-Entl\u00fcftungspumpenadapter f\u00fcr MTB Warten und entl\u00fcften Sie Ihre Mountainbike-Sto\u00dfd\u00e4mpfer m\u00fchelos, pr\u00e4zise und einfach.","og_url":"https:\/\/laba7.com\/de\/produkte\/vakuum-entluftungspumpenadapter-fur-mtb\/","og_site_name":"LABA7","article_publisher":"https:\/\/www.facebook.com\/LabaSeven\/","article_modified_time":"2025-09-19T08:33:41+00:00","og_image":[{"url":"https:\/\/laba7.com\/wp-content\/uploads\/2023\/11\/LABA7-vacuum-bleed-pump-adapters-MTB-1024x576.webp","type":"","width":"","height":""}],"schema":{"@context":"https:\/\/schema.org","@graph":false}},"_links":{"self":[{"href":"https:\/\/laba7.com\/de\/wp-json\/wp\/v2\/pages\/334829","targetHints":{"allow":["GET"]}}],"collection":[{"href":"https:\/\/laba7.com\/de\/wp-json\/wp\/v2\/pages"}],"about":[{"href":"https:\/\/laba7.com\/de\/wp-json\/wp\/v2\/types\/page"}],"author":[{"embeddable":true,"href":"https:\/\/laba7.com\/de\/wp-json\/wp\/v2\/users\/2"}],"replies":[{"embeddable":true,"href":"https:\/\/laba7.com\/de\/wp-json\/wp\/v2\/comments?post=334829"}],"version-history":[{"count":35,"href":"https:\/\/laba7.com\/de\/wp-json\/wp\/v2\/pages\/334829\/revisions"}],"predecessor-version":[{"id":341172,"href":"https:\/\/laba7.com\/de\/wp-json\/wp\/v2\/pages\/334829\/revisions\/341172"}],"up":[{"embeddable":true,"href":"https:\/\/laba7.com\/de\/wp-json\/wp\/v2\/pages\/334805"}],"wp:featuredmedia":[{"embeddable":true,"href":"https:\/\/laba7.com\/de\/wp-json\/wp\/v2\/media\/334830"}],"wp:attachment":[{"href":"https:\/\/laba7.com\/de\/wp-json\/wp\/v2\/media?parent=334829"}],"curies":[{"name":"wp","href":"https:\/\/api.w.org\/{rel}","templated":true}]}}