{"id":334825,"date":"2023-12-19T07:49:33","date_gmt":"2023-12-19T07:49:33","guid":{"rendered":"https:\/\/laba7.com\/produkte\/vakuum-entluftungspumpenadapter-fur-moto\/"},"modified":"2026-01-29T09:59:12","modified_gmt":"2026-01-29T09:59:12","slug":"vakuum-entluftungspumpenadapter-fur-moto","status":"publish","type":"page","link":"https:\/\/laba7.com\/de\/produkte\/vakuum-entluftungspumpenadapter-fur-moto\/","title":{"rendered":"Vakuum-Entl\u00fcftungspumpenadapter f\u00fcr MOTO"},"content":{"rendered":"<p>[et_pb_section fb_built=&#8220;1&#8243; admin_label=&#8220;Header&#8220; _builder_version=&#8220;4.23.1&#8243; _module_preset=&#8220;default&#8220; background_color=&#8220;#000000&#8243; background_enable_image=&#8220;off&#8220; background_size=&#8220;contain&#8220; background_position=&#8220;bottom_center&#8220; background_vertical_offset=&#8220;-40%&#8220; min_height=&#8220;500px&#8220; height_last_edited=&#8220;off|phone&#8220; custom_margin=&#8220;0px||0px||false|false&#8220; custom_padding=&#8220;||||false|false&#8220; bottom_divider_style=&#8220;arrow3&#8243; bottom_divider_color=&#8220;#303030&#8243; bottom_divider_height=&#8220;43px&#8220; locked=&#8220;off&#8220; global_colors_info=&#8220;{}&#8220;][et_pb_row _builder_version=&#8220;4.23.1&#8243; _module_preset=&#8220;default&#8220; width=&#8220;100%&#8220; max_width=&#8220;1100px&#8220; custom_padding=&#8220;100px||||false|false&#8220; global_colors_info=&#8220;{}&#8220;][et_pb_column type=&#8220;4_4&#8243; _builder_version=&#8220;4.20.4&#8243; _module_preset=&#8220;default&#8220; global_colors_info=&#8220;{}&#8220;][et_pb_text _builder_version=&#8220;4.23.1&#8243; _module_preset=&#8220;default&#8220; header_text_align=&#8220;center&#8220; header_text_color=&#8220;#FFFFFF&#8220; header_font_size=&#8220;50px&#8220; text_orientation=&#8220;center&#8220; background_layout=&#8220;dark&#8220; custom_margin=&#8220;||||false|false&#8220; header_text_shadow_style=&#8220;preset1&#8243; global_colors_info=&#8220;{}&#8220;]<\/p>\n<h1 style=\"text-align: center;\">Vakuum-Entl\u00fcftungspumpenadapter f\u00fcr MOTO<\/h1>\n<p>[\/et_pb_text][et_pb_text _builder_version=&#8220;4.23.1&#8243; _module_preset=&#8220;default&#8220; text_text_color=&#8220;gcid-d40f5d1e-f5d1-4b41-ab11-4faa03a3a11c&#8220; custom_padding=&#8220;||30px||false|false&#8220; text_text_shadow_style=&#8220;preset3&#8243; global_colors_info=&#8220;{%22gcid-d40f5d1e-f5d1-4b41-ab11-4faa03a3a11c%22:%91%22text_text_color%22%93}&#8220;]<\/p>\n<p style=\"text-align: center;\"><span>Unsere Vakuum-Entl\u00fcftungspumpenadapter f\u00fcr MOTO-D\u00e4mpfer sind unverzichtbare Werkzeuge zur Erhaltung der Spitzenleistung von Sto\u00dfd\u00e4mpfern. Diese Adapter erleichtern das effektive Entfernen von Luft aus den D\u00e4mpfern und das Nachf\u00fcllen von Hydraulikfl\u00fcssigkeit und garantieren so, dass Motorrad-Sto\u00dfd\u00e4mpfer auf h\u00f6chstem Leistungsniveau arbeiten.<\/span><\/p>\n<p>[\/et_pb_text][et_pb_button button_url=&#8220;#AdaptersPP&#8220; url_new_window=&#8220;on&#8220; button_text=&#8220;Geben Sie jetzt eine Bestellung auf&#8220; button_alignment=&#8220;center&#8220; admin_label=&#8220;Contact button&#8220; _builder_version=&#8220;4.25.0&#8243; _module_preset=&#8220;default&#8220; custom_button=&#8220;on&#8220; button_text_size=&#8220;16px&#8220; button_text_color=&#8220;#000000&#8243; button_bg_color=&#8220;#FFFFFF&#8220; button_border_width=&#8220;0px&#8220; button_border_radius=&#8220;5px&#8220; custom_margin=&#8220;||||false|false&#8220; custom_padding=&#8220;10px|40px|10px|40px|false|false&#8220; locked=&#8220;off&#8220; global_colors_info=&#8220;{}&#8220; button_font=&#8220;||||||||&#8220; button_use_icon=&#8220;off&#8220;][\/et_pb_button][\/et_pb_column][\/et_pb_row][\/et_pb_section][et_pb_section fb_built=&#8220;1&#8243; admin_label=&#8220;Dynos Selection&#8220; module_id=&#8220;stossdaempfer-Pr\u00fcfstand-Adapter&#8220; _builder_version=&#8220;4.23.1&#8243; _module_preset=&#8220;default&#8220; background_color=&#8220;rgba(0,0,0,0.44)&#8220; min_height=&#8220;750px&#8220; custom_margin=&#8220;||||false|false&#8220; custom_padding=&#8220;||||false|false&#8220; top_divider_style=&#8220;graph4&#8243; top_divider_color=&#8220;#303030&#8243; top_divider_height=&#8220;40px&#8220; bottom_divider_style=&#8220;graph4&#8243; bottom_divider_color=&#8220;#303030&#8243; bottom_divider_height=&#8220;40px&#8220; global_colors_info=&#8220;{}&#8220;][et_pb_row _builder_version=&#8220;4.23.1&#8243; _module_preset=&#8220;default&#8220; width=&#8220;100%&#8220; max_width=&#8220;1100px&#8220; custom_margin=&#8220;30px||||false|false&#8220; custom_padding=&#8220;20px|20px|20px|20px|false|false&#8220; global_colors_info=&#8220;{}&#8220;][et_pb_column type=&#8220;4_4&#8243; _builder_version=&#8220;4.20.4&#8243; _module_preset=&#8220;default&#8220; global_colors_info=&#8220;{}&#8220;][et_pb_text _builder_version=&#8220;4.23.1&#8243; _module_preset=&#8220;default&#8220; global_colors_info=&#8220;{}&#8220;]<\/p>\n<h2 style=\"text-align: center;\"> LABA7 Vakuum-Entl\u00fcftungspumpenadapter <strong>f\u00fcr MOTO <\/strong> Sto\u00dfd\u00e4mpfer<\/h2>\n<p>[\/et_pb_text][\/et_pb_column][\/et_pb_row][et_pb_row column_structure=&#8220;1_3,2_3&#8243; make_equal=&#8220;on&#8220; _builder_version=&#8220;4.23.1&#8243; _module_preset=&#8220;default&#8220; background_color=&#8220;#000000&#8243; width=&#8220;auto&#8220; custom_margin=&#8220;||||false|false&#8220; custom_padding=&#8220;20px|20px|20px|20px|false|false&#8220; locked=&#8220;off&#8220; global_colors_info=&#8220;{}&#8220;][et_pb_column type=&#8220;1_3&#8243; _builder_version=&#8220;4.20.4&#8243; _module_preset=&#8220;default&#8220; custom_padding=&#8220;|0px||0px|false|false&#8220; global_colors_info=&#8220;{}&#8220;][et_pb_text _builder_version=&#8220;4.26.0&#8243; _module_preset=&#8220;default&#8220; text_text_color=&#8220;gcid-d40f5d1e-f5d1-4b41-ab11-4faa03a3a11c&#8220; custom_margin=&#8220;||0px||false|false&#8220; custom_padding=&#8220;20px|0px|10px|0px|false|false&#8220; global_colors_info=&#8220;{%22gcid-d40f5d1e-f5d1-4b41-ab11-4faa03a3a11c%22:%91%22text_text_color%22%93}&#8220;]<\/p>\n<h3 style=\"text-align: left;\">MOTO-Adaptersatz<\/h3>\n<p>Hergestellt aus Edelstahl und Aluminium.<\/p>\n<ul>\n<li>WP \u2013 alle Sto\u00dfd\u00e4mpfer und WP-Lenkungsd\u00e4mpfer<\/li>\n<li>KAYABA \u2013 MX and Street<\/li>\n<li>SHOWA \u2013 MX and Street<\/li>\n<li>\u00d6HLINS \u2013 alle Sto\u00dfd\u00e4mpfer und Lenkungsd\u00e4mpfer<\/li>\n<li>Mono Cross SACHS<\/li>\n<\/ul>\n<p>&nbsp;<\/p>\n<ul>\n<li>O-Ring 23&#215;2,5 mm<\/li>\n<li>O-Ring 4&#215;1 mm<\/li>\n<li>O-Ring 4,5&#215;1.5 mm<\/li>\n<li>O-Ring 4,5&#215;1.5 mm<\/li>\n<li>O-Ring 3,5&#215;1.5 mm<\/li>\n<li>O-Ring 8,5&#215;2 mm<\/li>\n<li>O-Ring 31&#215;1.8 mm<\/li>\n<li>O-Ring 20&#215;2.5 mm<\/li>\n<li>O-Ring 18&#215;2.5 mm<\/li>\n<li>O-Ring 17&#215;1.8 mm<\/li>\n<li>O-Ring 26&#215;2 mm<\/li>\n<li>O-Ring 12.5&#215;2 mm<\/li>\n<li>O-Ring 26&#215;2 mm<\/li>\n<\/ul>\n<h3>Preis \u2013 <strong>375 <\/strong><strong>EUR <\/strong><em>(exkl. MwSt.)<\/em><\/h3>\n<p>[\/et_pb_text][\/et_pb_column][et_pb_column type=&#8220;2_3&#8243; _builder_version=&#8220;4.20.4&#8243; _module_preset=&#8220;default&#8220; global_colors_info=&#8220;{}&#8220;][dnxte_masonary gallery_ids=&#8220;332281&#8243; dnxte_columns=&#8220;1&#8243; dnxte_masonry_hvr_effect=&#8220;zoom-in&#8220; dnxte_msnary_filter_active_bg_color=&#8220;RGBA(255,255,255,0)&#8220; dnxte_msnary_overlay_bg_color=&#8220;RGBA(255,255,255,0)&#8220; dnxte_lightbox_overlay_bg_color=&#8220;RGBA(255,255,255,0)&#8220; _builder_version=&#8220;4.23.1&#8243; _module_preset=&#8220;default&#8220; background_color=&#8220;RGBA(255,255,255,0)&#8220; global_colors_info=&#8220;{}&#8220;][\/dnxte_masonary][\/et_pb_column][\/et_pb_row][et_pb_row column_structure=&#8220;1_3,2_3&#8243; make_equal=&#8220;on&#8220; _builder_version=&#8220;4.23.1&#8243; _module_preset=&#8220;default&#8220; background_color=&#8220;#000000&#8243; width=&#8220;auto&#8220; custom_margin=&#8220;||||false|false&#8220; custom_padding=&#8220;20px|20px|20px|20px|false|false&#8220; border_width_top=&#8220;5px&#8220; locked=&#8220;off&#8220; global_colors_info=&#8220;{}&#8220;][et_pb_column type=&#8220;1_3&#8243; _builder_version=&#8220;4.20.4&#8243; _module_preset=&#8220;default&#8220; custom_padding=&#8220;|0px||0px|false|false&#8220; global_colors_info=&#8220;{}&#8220;][et_pb_text _builder_version=&#8220;4.27.0&#8243; _module_preset=&#8220;default&#8220; text_text_color=&#8220;gcid-d40f5d1e-f5d1-4b41-ab11-4faa03a3a11c&#8220; custom_margin=&#8220;||0px||false|false&#8220; custom_padding=&#8220;20px|0px|10px|0px|false|false&#8220; global_colors_info=&#8220;{%22gcid-d40f5d1e-f5d1-4b41-ab11-4faa03a3a11c%22:%91%22text_text_color%22%93}&#8220;]<\/p>\n<h3 style=\"text-align: left;\">MOTO-Gastank-Adaptersatz<\/h3>\n<p>F\u00fcr folgende Durchmesser von Ausdehnungsgef\u00e4\u00dfen:<\/p>\n<ul>\n<li>40 mm<\/li>\n<li>46 mm<\/li>\n<li>48 mm<\/li>\n<li>52 mm<\/li>\n<li>54 mm<\/li>\n<li>60 mm<\/li>\n<li>64 mm<\/li>\n<\/ul>\n<p>&nbsp;<\/p>\n<h3>Preis \u2013 <strong>400 EUR <\/strong> <em>(exkl. MwSt.)<\/em><\/h3>\n<p>[\/et_pb_text][\/et_pb_column][et_pb_column type=&#8220;2_3&#8243; _builder_version=&#8220;4.20.4&#8243; _module_preset=&#8220;default&#8220; global_colors_info=&#8220;{}&#8220;][dnxte_masonary gallery_ids=&#8220;332283&#8243; dnxte_columns=&#8220;1&#8243; dnxte_masonry_hvr_effect=&#8220;zoom-in&#8220; dnxte_msnary_filter_active_bg_color=&#8220;RGBA(255,255,255,0)&#8220; dnxte_msnary_overlay_bg_color=&#8220;RGBA(255,255,255,0)&#8220; dnxte_lightbox_overlay_bg_color=&#8220;RGBA(255,255,255,0)&#8220; _builder_version=&#8220;4.23.1&#8243; _module_preset=&#8220;default&#8220; background_color=&#8220;RGBA(255,255,255,0)&#8220; global_colors_info=&#8220;{}&#8220;][\/dnxte_masonary][\/et_pb_column][\/et_pb_row][et_pb_row column_structure=&#8220;1_3,2_3&#8243; make_equal=&#8220;on&#8220; _builder_version=&#8220;4.23.1&#8243; _module_preset=&#8220;default&#8220; background_color=&#8220;#000000&#8243; width=&#8220;auto&#8220; custom_margin=&#8220;||||false|false&#8220; custom_padding=&#8220;20px|20px|20px|20px|false|false&#8220; border_width_top=&#8220;5px&#8220; locked=&#8220;off&#8220; global_colors_info=&#8220;{}&#8220;][et_pb_column type=&#8220;1_3&#8243; _builder_version=&#8220;4.20.4&#8243; _module_preset=&#8220;default&#8220; custom_padding=&#8220;|0px||0px|false|false&#8220; global_colors_info=&#8220;{}&#8220;][et_pb_text _builder_version=&#8220;4.27.0&#8243; _module_preset=&#8220;default&#8220; text_text_color=&#8220;gcid-d40f5d1e-f5d1-4b41-ab11-4faa03a3a11c&#8220; custom_margin=&#8220;||0px||false|false&#8220; custom_padding=&#8220;20px|0px|10px|0px|false|false&#8220; global_colors_info=&#8220;{%22gcid-d40f5d1e-f5d1-4b41-ab11-4faa03a3a11c%22:%91%22text_text_color%22%93}&#8220;]<\/p>\n<h3 style=\"text-align: left;\">Glasadapter<\/h3>\n<p>Hergestellt aus langlebigen Materialien. Damit k\u00f6nnen Sie die Hydraulikfl\u00fcssigkeit visuell auf Luftblasen und Verunreinigungen pr\u00fcfen und so einen gr\u00fcndlichen und pr\u00e4zisen Entl\u00fcftungsvorgang gew\u00e4hrleisten.<\/p>\n<p>&nbsp;<\/p>\n<h3>Preis \u2013 <strong>130 EUR <\/strong> <em>(exkl. MwSt.)<\/em> <\/h3>\n<p>[\/et_pb_text][\/et_pb_column][et_pb_column type=&#8220;2_3&#8243; _builder_version=&#8220;4.23.1&#8243; _module_preset=&#8220;default&#8220; global_colors_info=&#8220;{}&#8220;][dnxte_masonary gallery_ids=&#8220;332267&#8243; dnxte_columns=&#8220;1&#8243; dnxte_masonry_hvr_effect=&#8220;zoom-in&#8220; dnxte_msnary_filter_active_bg_color=&#8220;RGBA(255,255,255,0)&#8220; dnxte_msnary_overlay_bg_color=&#8220;RGBA(255,255,255,0)&#8220; dnxte_lightbox_overlay_bg_color=&#8220;RGBA(255,255,255,0)&#8220; _builder_version=&#8220;4.23.1&#8243; _module_preset=&#8220;default&#8220; background_color=&#8220;RGBA(255,255,255,0)&#8220; global_colors_info=&#8220;{}&#8220;][\/dnxte_masonary][\/et_pb_column][\/et_pb_row][\/et_pb_section][et_pb_section fb_built=&#8220;1&#8243; admin_label=&#8220;Dynos Selection&#8220; module_id=&#8220;stossdaempfer-Pr\u00fcfstand-Adapter&#8220; _builder_version=&#8220;4.23.1&#8243; _module_preset=&#8220;default&#8220; background_color=&#8220;rgba(0,0,0,0.44)&#8220; min_height=&#8220;750px&#8220; custom_margin=&#8220;0px|0px|0px|0px|false|false&#8220; custom_padding=&#8220;20px|20px|20px|20px|false|false&#8220; global_colors_info=&#8220;{}&#8220;][et_pb_row _builder_version=&#8220;4.23.1&#8243; _module_preset=&#8220;default&#8220; width=&#8220;100%&#8220; max_width=&#8220;1100px&#8220; custom_margin=&#8220;30px||||false|false&#8220; custom_padding=&#8220;20px|20px|20px|20px|false|false&#8220; global_colors_info=&#8220;{}&#8220;][et_pb_column type=&#8220;4_4&#8243; _builder_version=&#8220;4.20.4&#8243; _module_preset=&#8220;default&#8220; global_colors_info=&#8220;{}&#8220;][et_pb_text _builder_version=&#8220;4.23.1&#8243; _module_preset=&#8220;default&#8220; global_colors_info=&#8220;{}&#8220;]<\/p>\n<h2 style=\"text-align: center;\">Warum Vakuum-Entl\u00fcftungspumpenadapter f\u00fcr MOTO-Sto\u00dfd\u00e4mpfer verwenden?<\/h2>\n<p>[\/et_pb_text][et_pb_text _builder_version=&#8220;4.23.1&#8243; _module_preset=&#8220;default&#8220; global_colors_info=&#8220;{}&#8220;]<\/p>\n<p style=\"text-align: center;\">Vakuum-Entl\u00fcftungspumpenadapter f\u00fcr MOTO-D\u00e4mpfer sorgen f\u00fcr optimale Leistung und Langlebigkeit. Diese Adapter sind f\u00fcr eine pr\u00e4zise Wartung unerl\u00e4sslich und entfernen effizient Luftblasen und Verunreinigungen aus der Hydraulikfl\u00fcssigkeit. Sie tragen dazu bei, eine schwammige oder inkonsistente Federung zu verhindern und sorgen so f\u00fcr eine reibungslose Fahrt.<\/p>\n<p style=\"text-align: center;\">Regelm\u00e4\u00dfige Wartung ist f\u00fcr Spitzenleistungen unerl\u00e4sslich. Diese Adapter vereinfachen den Entl\u00fcftungsprozess, steigern die Effizienz f\u00fcr Profis und f\u00f6rdern eine reaktionsschnelle Fahrt. Dies kommt nicht nur dem Fahrer zugute, sondern verl\u00e4ngert auch die Lebensdauer des Sto\u00dfd\u00e4mpfers.<\/p>\n<p style=\"text-align: center;\">In der dynamischen Welt des Motorradfahrens, in der Pr\u00e4zision an erster Stelle steht, sind diese Adapter ein unverzichtbarer Bestandteil der Werkstatt und bieten engagierten Fahrern zuverl\u00e4ssige Dienste.<\/p>\n<p>[\/et_pb_text][et_pb_button button_url=&#8220;#AdaptersPP&#8220; url_new_window=&#8220;on&#8220; button_text=&#8220;Geben Sie jetzt eine Bestellung auf&#8220; button_alignment=&#8220;center&#8220; admin_label=&#8220;Contact button&#8220; _builder_version=&#8220;4.25.0&#8243; _module_preset=&#8220;default&#8220; custom_button=&#8220;on&#8220; button_text_size=&#8220;16px&#8220; button_text_color=&#8220;#000000&#8243; button_bg_color=&#8220;#FFFFFF&#8220; button_border_width=&#8220;0px&#8220; button_border_radius=&#8220;5px&#8220; custom_margin=&#8220;||||false|false&#8220; custom_padding=&#8220;10px|40px|10px|40px|false|false&#8220; global_colors_info=&#8220;{}&#8220; button_font=&#8220;||||||||&#8220; button_use_icon=&#8220;off&#8220;][\/et_pb_button][\/et_pb_column][\/et_pb_row][\/et_pb_section]<\/p>\n","protected":false},"excerpt":{"rendered":"<p>Vakuum-Entl\u00fcftungspumpenadapter f\u00fcr MOTOUnsere Vakuum-Entl\u00fcftungspumpenadapter f\u00fcr MOTO-D\u00e4mpfer sind unverzichtbare Werkzeuge zur Erhaltung der Spitzenleistung von Sto\u00dfd\u00e4mpfern. Diese Adapter erleichtern das effektive Entfernen von Luft aus den D\u00e4mpfern und das Nachf\u00fcllen von Hydraulikfl\u00fcssigkeit und garantieren so, dass Motorrad-Sto\u00dfd\u00e4mpfer auf h\u00f6chstem Leistungsniveau arbeiten. LABA7 Vakuum-Entl\u00fcftungspumpenadapter f\u00fcr MOTO Sto\u00dfd\u00e4mpferMOTO-Adaptersatz Hergestellt aus Edelstahl und Aluminium. WP \u2013 alle Sto\u00dfd\u00e4mpfer und [&hellip;]<\/p>\n","protected":false},"author":2,"featured_media":334826,"parent":334805,"menu_order":0,"comment_status":"closed","ping_status":"closed","template":"","meta":{"_acf_changed":false,"_et_pb_use_builder":"on","_et_pb_old_content":"","_et_gb_content_width":"","footnotes":""},"class_list":["post-334825","page","type-page","status-publish","has-post-thumbnail","hentry"],"acf":[],"yoast_head":"<!-- This site is optimized with the Yoast SEO plugin v25.3.1 - https:\/\/yoast.com\/wordpress\/plugins\/seo\/ -->\n<title>Vakuum-Entl\u00fcftungspumpenadapter f\u00fcr MOTO - LABA7<\/title>\n<meta name=\"description\" content=\"Vakuum-Entl\u00fcftungspumpenadapter f\u00fcr MOTO f\u00fcr WP, KAYABA, SHOWA, \u00d6HLINS, SACHS und viele andere. Au\u00dferdem MOTO-Benzintank-Adapterkit und Glasadapter.\" \/>\n<meta name=\"robots\" content=\"index, follow, max-snippet:-1, max-image-preview:large, max-video-preview:-1\" \/>\n<link rel=\"canonical\" href=\"https:\/\/laba7.com\/de\/produkte\/vakuum-entluftungspumpenadapter-fur-moto\/\" \/>\n<meta property=\"og:locale\" content=\"de_DE\" \/>\n<meta property=\"og:type\" content=\"article\" \/>\n<meta property=\"og:title\" content=\"Vakuum-Entl\u00fcftungspumpenadapter f\u00fcr MOTO\" \/>\n<meta property=\"og:description\" content=\"Vakuum-Entl\u00fcftungspumpenadapter f\u00fcr MOTO helfen dabei, die Federung Ihres Motorrads m\u00fchelos zu entl\u00fcften und zu warten, um eine ruhigere Fahrt zu gew\u00e4hrleisten.\" \/>\n<meta property=\"og:url\" content=\"https:\/\/laba7.com\/de\/produkte\/vakuum-entluftungspumpenadapter-fur-moto\/\" \/>\n<meta property=\"og:site_name\" content=\"LABA7\" \/>\n<meta property=\"article:publisher\" content=\"https:\/\/www.facebook.com\/LabaSeven\/\" \/>\n<meta property=\"article:modified_time\" content=\"2026-01-29T09:59:12+00:00\" \/>\n<meta property=\"og:image\" content=\"https:\/\/laba7.com\/wp-content\/uploads\/2023\/11\/LABA7-vacuum-bleed-pump-adapters-MOTO-1024x576.webp\" \/>\n<!-- \/ Yoast SEO plugin. -->","yoast_head_json":{"title":"Vakuum-Entl\u00fcftungspumpenadapter f\u00fcr MOTO - LABA7","description":"Vakuum-Entl\u00fcftungspumpenadapter f\u00fcr MOTO f\u00fcr WP, KAYABA, SHOWA, \u00d6HLINS, SACHS und viele andere. Au\u00dferdem MOTO-Benzintank-Adapterkit und Glasadapter.","robots":{"index":"index","follow":"follow","max-snippet":"max-snippet:-1","max-image-preview":"max-image-preview:large","max-video-preview":"max-video-preview:-1"},"canonical":"https:\/\/laba7.com\/de\/produkte\/vakuum-entluftungspumpenadapter-fur-moto\/","og_locale":"de_DE","og_type":"article","og_title":"Vakuum-Entl\u00fcftungspumpenadapter f\u00fcr MOTO","og_description":"Vakuum-Entl\u00fcftungspumpenadapter f\u00fcr MOTO helfen dabei, die Federung Ihres Motorrads m\u00fchelos zu entl\u00fcften und zu warten, um eine ruhigere Fahrt zu gew\u00e4hrleisten.","og_url":"https:\/\/laba7.com\/de\/produkte\/vakuum-entluftungspumpenadapter-fur-moto\/","og_site_name":"LABA7","article_publisher":"https:\/\/www.facebook.com\/LabaSeven\/","article_modified_time":"2026-01-29T09:59:12+00:00","og_image":[{"url":"https:\/\/laba7.com\/wp-content\/uploads\/2023\/11\/LABA7-vacuum-bleed-pump-adapters-MOTO-1024x576.webp","type":"","width":"","height":""}],"schema":{"@context":"https:\/\/schema.org","@graph":false}},"_links":{"self":[{"href":"https:\/\/laba7.com\/de\/wp-json\/wp\/v2\/pages\/334825","targetHints":{"allow":["GET"]}}],"collection":[{"href":"https:\/\/laba7.com\/de\/wp-json\/wp\/v2\/pages"}],"about":[{"href":"https:\/\/laba7.com\/de\/wp-json\/wp\/v2\/types\/page"}],"author":[{"embeddable":true,"href":"https:\/\/laba7.com\/de\/wp-json\/wp\/v2\/users\/2"}],"replies":[{"embeddable":true,"href":"https:\/\/laba7.com\/de\/wp-json\/wp\/v2\/comments?post=334825"}],"version-history":[{"count":27,"href":"https:\/\/laba7.com\/de\/wp-json\/wp\/v2\/pages\/334825\/revisions"}],"predecessor-version":[{"id":341822,"href":"https:\/\/laba7.com\/de\/wp-json\/wp\/v2\/pages\/334825\/revisions\/341822"}],"up":[{"embeddable":true,"href":"https:\/\/laba7.com\/de\/wp-json\/wp\/v2\/pages\/334805"}],"wp:featuredmedia":[{"embeddable":true,"href":"https:\/\/laba7.com\/de\/wp-json\/wp\/v2\/media\/334826"}],"wp:attachment":[{"href":"https:\/\/laba7.com\/de\/wp-json\/wp\/v2\/media?parent=334825"}],"curies":[{"name":"wp","href":"https:\/\/api.w.org\/{rel}","templated":true}]}}