{"id":334821,"date":"2023-12-19T08:04:15","date_gmt":"2023-12-19T08:04:15","guid":{"rendered":"https:\/\/laba7.com\/produkte\/vakuum-entluftungspumpenadapter-fur-auto\/"},"modified":"2025-10-28T06:46:28","modified_gmt":"2025-10-28T06:46:28","slug":"vakuum-entluftungspumpenadapter-fur-auto","status":"publish","type":"page","link":"https:\/\/laba7.com\/de\/produkte\/vakuum-entluftungspumpenadapter-fur-auto\/","title":{"rendered":"Vakuum-Entl\u00fcftungspumpenadapter f\u00fcr AUTO"},"content":{"rendered":"<p>[et_pb_section fb_built=&#8220;1&#8243; admin_label=&#8220;Header&#8220; _builder_version=&#8220;4.23.1&#8243; _module_preset=&#8220;default&#8220; background_color=&#8220;#000000&#8243; background_enable_image=&#8220;off&#8220; background_size=&#8220;contain&#8220; background_position=&#8220;bottom_center&#8220; background_vertical_offset=&#8220;-40%&#8220; min_height=&#8220;500px&#8220; height_last_edited=&#8220;off|phone&#8220; custom_margin=&#8220;0px||0px||false|false&#8220; custom_padding=&#8220;||||false|false&#8220; bottom_divider_style=&#8220;arrow3&#8243; bottom_divider_color=&#8220;#303030&#8243; bottom_divider_height=&#8220;43px&#8220; locked=&#8220;off&#8220; global_colors_info=&#8220;{}&#8220;][et_pb_row _builder_version=&#8220;4.23.1&#8243; _module_preset=&#8220;default&#8220; width=&#8220;100%&#8220; max_width=&#8220;1100px&#8220; custom_padding=&#8220;100px||||false|false&#8220; global_colors_info=&#8220;{}&#8220;][et_pb_column type=&#8220;4_4&#8243; _builder_version=&#8220;4.20.4&#8243; _module_preset=&#8220;default&#8220; global_colors_info=&#8220;{}&#8220;][et_pb_text _builder_version=&#8220;4.23.1&#8243; _module_preset=&#8220;default&#8220; header_text_align=&#8220;center&#8220; header_text_color=&#8220;#FFFFFF&#8220; header_font_size=&#8220;50px&#8220; text_orientation=&#8220;center&#8220; background_layout=&#8220;dark&#8220; custom_margin=&#8220;||||false|false&#8220; header_text_shadow_style=&#8220;preset1&#8243; global_colors_info=&#8220;{}&#8220;]<\/p>\n<h1 style=\"text-align: center;\">Vakuum-Entl\u00fcftungspumpenadapter f\u00fcr AUTO<\/h1>\n<p>[\/et_pb_text][et_pb_text _builder_version=&#8220;4.23.1&#8243; _module_preset=&#8220;default&#8220; text_text_color=&#8220;gcid-d40f5d1e-f5d1-4b41-ab11-4faa03a3a11c&#8220; custom_padding=&#8220;||30px||false|false&#8220; text_text_shadow_style=&#8220;preset3&#8243; global_colors_info=&#8220;{%22gcid-d40f5d1e-f5d1-4b41-ab11-4faa03a3a11c%22:%91%22text_text_color%22%93}&#8220;]<\/p>\n<p style=\"text-align: center;\">Vakuum-Entl\u00fcftungspumpenadapter f\u00fcr AUTO-Sto\u00dfd\u00e4mpfer. Ideal f\u00fcr die professionelle Wartung, sorgt m\u00fchelos f\u00fcr optimale Funktion.<\/p>\n<p style=\"text-align: center;\">Unsere Vakuum-Entl\u00fcftungspumpenadapter f\u00fcr AUTO-D\u00e4mpfer sind unverzichtbare Werkzeuge zur Erhaltung der Spitzenleistung von Sto\u00dfd\u00e4mpfern. Revitalisieren Sie Sto\u00dfd\u00e4mpfer mit unserer Vakuum-Entl\u00fcftungspumpe, die f\u00fcr eine optimale Wartung konzipiert ist. Entfernen Sie m\u00fchelos Luft und f\u00fcllen Sie Hydraulikfl\u00fcssigkeit auf, um die Spitzenleistung Ihrer Fahrt zu gew\u00e4hrleisten.<\/p>\n<p>[\/et_pb_text][et_pb_button button_url=&#8220;#AdaptersPP&#8220; url_new_window=&#8220;on&#8220; button_text=&#8220;Geben Sie jetzt eine Bestellung auf&#8220; button_alignment=&#8220;center&#8220; admin_label=&#8220;Contact button&#8220; _builder_version=&#8220;4.25.0&#8243; _module_preset=&#8220;default&#8220; custom_button=&#8220;on&#8220; button_text_size=&#8220;16px&#8220; button_text_color=&#8220;#000000&#8243; button_bg_color=&#8220;#FFFFFF&#8220; button_border_width=&#8220;0px&#8220; button_border_radius=&#8220;5px&#8220; button_font=&#8220;||||||||&#8220; button_use_icon=&#8220;off&#8220; custom_margin=&#8220;||||false|false&#8220; custom_padding=&#8220;10px|40px|10px|40px|false|false&#8220; locked=&#8220;off&#8220; global_colors_info=&#8220;{}&#8220;][\/et_pb_button][\/et_pb_column][\/et_pb_row][\/et_pb_section][et_pb_section fb_built=&#8220;1&#8243; admin_label=&#8220;Dynos Selection&#8220; module_id=&#8220;stossdaempfer-Pr\u00fcfstand-Adapter&#8220; _builder_version=&#8220;4.23.1&#8243; _module_preset=&#8220;default&#8220; background_color=&#8220;rgba(0,0,0,0.44)&#8220; min_height=&#8220;750px&#8220; custom_margin=&#8220;||||false|false&#8220; custom_padding=&#8220;||||false|false&#8220; top_divider_style=&#8220;graph4&#8243; top_divider_color=&#8220;#303030&#8243; top_divider_height=&#8220;40px&#8220; bottom_divider_style=&#8220;graph4&#8243; bottom_divider_color=&#8220;#303030&#8243; bottom_divider_height=&#8220;40px&#8220; global_colors_info=&#8220;{}&#8220;][et_pb_row _builder_version=&#8220;4.23.1&#8243; _module_preset=&#8220;default&#8220; width=&#8220;100%&#8220; max_width=&#8220;1100px&#8220; custom_margin=&#8220;30px||||false|false&#8220; custom_padding=&#8220;20px|20px|20px|20px|false|false&#8220; global_colors_info=&#8220;{}&#8220;][et_pb_column type=&#8220;4_4&#8243; _builder_version=&#8220;4.20.4&#8243; _module_preset=&#8220;default&#8220; global_colors_info=&#8220;{}&#8220;][et_pb_text _builder_version=&#8220;4.23.1&#8243; _module_preset=&#8220;default&#8220; global_colors_info=&#8220;{}&#8220;]<\/p>\n<h2 style=\"text-align: center;\"> LABA7 Vakuum-Entl\u00fcftungspumpenadapter <strong> f\u00fcr AUTO<\/strong> shocks<\/h2>\n<p>[\/et_pb_text][\/et_pb_column][\/et_pb_row][et_pb_row column_structure=&#8220;1_3,2_3&#8243; make_equal=&#8220;on&#8220; _builder_version=&#8220;4.23.1&#8243; _module_preset=&#8220;default&#8220; background_color=&#8220;#000000&#8243; width=&#8220;auto&#8220; custom_margin=&#8220;||||false|false&#8220; custom_padding=&#8220;20px|20px|20px|20px|false|false&#8220; locked=&#8220;off&#8220; global_colors_info=&#8220;{}&#8220;][et_pb_column type=&#8220;1_3&#8243; _builder_version=&#8220;4.20.4&#8243; _module_preset=&#8220;default&#8220; custom_padding=&#8220;|0px||0px|false|false&#8220; global_colors_info=&#8220;{}&#8220;][et_pb_text _builder_version=&#8220;4.26.0&#8243; _module_preset=&#8220;default&#8220; text_text_color=&#8220;gcid-d40f5d1e-f5d1-4b41-ab11-4faa03a3a11c&#8220; custom_margin=&#8220;||0px||false|false&#8220; custom_padding=&#8220;20px|0px|10px|0px|false|false&#8220; hover_enabled=&#8220;0&#8243; global_colors_info=&#8220;{%22gcid-d40f5d1e-f5d1-4b41-ab11-4faa03a3a11c%22:%91%22text_text_color%22%93}&#8220; sticky_enabled=&#8220;0&#8243;]<\/p>\n<h3 style=\"text-align: left;\">AUTO-Adapterbaugruppe<\/h3>\n<ul>\n<li>G1\/4<\/li>\n<li>41.4&#215;9.4 M6x1<\/li>\n<li>41.4&#215;9.4 M5x0.9<\/li>\n<li>41.4&#215;9.4 M4x0.75<\/li>\n<li>60&#215;7 M3x0.5<\/li>\n<\/ul>\n<h3><\/h3>\n<h3>Preis \u2013 <strong>375 EUR <\/strong><em>(exkl. MwSt.)<\/em><\/h3>\n<p>[\/et_pb_text][\/et_pb_column][et_pb_column type=&#8220;2_3&#8243; _builder_version=&#8220;4.23.1&#8243; _module_preset=&#8220;default&#8220; global_colors_info=&#8220;{}&#8220;][dnxte_masonary gallery_ids=&#8220;332265&#8243; dnxte_columns=&#8220;1&#8243; dnxte_masonry_hvr_effect=&#8220;zoom-in&#8220; dnxte_msnary_filter_active_bg_color=&#8220;RGBA(255,255,255,0)&#8220; dnxte_msnary_overlay_bg_color=&#8220;RGBA(255,255,255,0)&#8220; dnxte_lightbox_overlay_bg_color=&#8220;RGBA(255,255,255,0)&#8220; _builder_version=&#8220;4.23.1&#8243; _module_preset=&#8220;default&#8220; background_color=&#8220;RGBA(255,255,255,0)&#8220; global_colors_info=&#8220;{}&#8220;][\/dnxte_masonary][\/et_pb_column][\/et_pb_row][et_pb_row column_structure=&#8220;1_3,2_3&#8243; make_equal=&#8220;on&#8220; _builder_version=&#8220;4.23.1&#8243; _module_preset=&#8220;default&#8220; background_color=&#8220;#000000&#8243; width=&#8220;auto&#8220; custom_margin=&#8220;||||false|false&#8220; custom_padding=&#8220;20px|20px|20px|20px|false|false&#8220; border_width_top=&#8220;5px&#8220; locked=&#8220;off&#8220; global_colors_info=&#8220;{}&#8220;][et_pb_column type=&#8220;1_3&#8243; _builder_version=&#8220;4.20.4&#8243; _module_preset=&#8220;default&#8220; custom_padding=&#8220;|0px||0px|false|false&#8220; global_colors_info=&#8220;{}&#8220;][et_pb_text _builder_version=&#8220;4.27.0&#8243; _module_preset=&#8220;default&#8220; text_text_color=&#8220;gcid-d40f5d1e-f5d1-4b41-ab11-4faa03a3a11c&#8220; custom_margin=&#8220;||0px||false|false&#8220; custom_padding=&#8220;20px|0px|10px|0px|false|false&#8220; global_colors_info=&#8220;{%22gcid-d40f5d1e-f5d1-4b41-ab11-4faa03a3a11c%22:%91%22text_text_color%22%93}&#8220;]<\/p>\n<h3 style=\"text-align: left;\">Glasadapter<\/h3>\n<p>Hergestellt aus langlebigen Materialien. Damit k\u00f6nnen Sie die Hydraulikfl\u00fcssigkeit visuell auf Luftblasen und Verunreinigungen pr\u00fcfen und so einen gr\u00fcndlichen und pr\u00e4zisen Entl\u00fcftungsvorgang gew\u00e4hrleisten.<\/p>\n<p>&nbsp;<\/p>\n<h3>Preis \u2013 <strong>130 EUR <\/strong> <em> (exkl. MwSt.) <\/em><\/h3>\n<p>[\/et_pb_text][\/et_pb_column][et_pb_column type=&#8220;2_3&#8243; _builder_version=&#8220;4.23.1&#8243; _module_preset=&#8220;default&#8220; global_colors_info=&#8220;{}&#8220;][dnxte_masonary gallery_ids=&#8220;332267&#8243; dnxte_columns=&#8220;1&#8243; dnxte_masonry_hvr_effect=&#8220;zoom-in&#8220; dnxte_msnary_filter_active_bg_color=&#8220;RGBA(255,255,255,0)&#8220; dnxte_msnary_overlay_bg_color=&#8220;RGBA(255,255,255,0)&#8220; dnxte_lightbox_overlay_bg_color=&#8220;RGBA(255,255,255,0)&#8220; _builder_version=&#8220;4.23.1&#8243; _module_preset=&#8220;default&#8220; background_color=&#8220;RGBA(255,255,255,0)&#8220; global_colors_info=&#8220;{}&#8220;][\/dnxte_masonary][\/et_pb_column][\/et_pb_row][\/et_pb_section][et_pb_section fb_built=&#8220;1&#8243; admin_label=&#8220;Dynos Selection&#8220; module_id=&#8220;stossdaempfer-Pr\u00fcfstand-Adapter&#8220; _builder_version=&#8220;4.23.1&#8243; _module_preset=&#8220;default&#8220; background_color=&#8220;rgba(0,0,0,0.44)&#8220; min_height=&#8220;750px&#8220; custom_margin=&#8220;0px|0px|0px|0px|false|false&#8220; custom_padding=&#8220;20px|20px|20px|20px|false|false&#8220; global_colors_info=&#8220;{}&#8220;][et_pb_row _builder_version=&#8220;4.23.1&#8243; _module_preset=&#8220;default&#8220; width=&#8220;100%&#8220; max_width=&#8220;1100px&#8220; custom_margin=&#8220;30px||||false|false&#8220; custom_padding=&#8220;20px|20px|20px|20px|false|false&#8220; global_colors_info=&#8220;{}&#8220;][et_pb_column type=&#8220;4_4&#8243; _builder_version=&#8220;4.20.4&#8243; _module_preset=&#8220;default&#8220; global_colors_info=&#8220;{}&#8220;][et_pb_text _builder_version=&#8220;4.23.1&#8243; _module_preset=&#8220;default&#8220; global_colors_info=&#8220;{}&#8220;]<\/p>\n<h2 style=\"text-align: center;\">Warum Vakuum-Entl\u00fcftungspumpenadapter f\u00fcr AUTO-Sto\u00dfd\u00e4mpfer verwenden?<\/h2>\n<p>[\/et_pb_text][et_pb_text _builder_version=&#8220;4.23.1&#8243; _module_preset=&#8220;default&#8220; global_colors_info=&#8220;{}&#8220;]<\/p>\n<p style=\"text-align: center;\">Erschlie\u00dfen Sie mit unseren Vakuum-Entl\u00fcftungspumpenadaptern Spitzenleistung und Haltbarkeit f\u00fcr AUTO-D\u00e4mpfer. Diese Adapter sind f\u00fcr Federungswerkst\u00e4tten von entscheidender Bedeutung, da sie die pr\u00e4zise Wartung optimieren und effektiv Luftblasen und Verunreinigungen aus der Hydraulikfl\u00fcssigkeit entfernen. Die Vermeidung einer schwammigen oder ungleichm\u00e4\u00dfigen Federung sorgt f\u00fcr eine gleichbleibend ruhige Fahrt.<\/p>\n<p style=\"text-align: center;\">Diese f\u00fcr die routinem\u00e4\u00dfige Wartung unverzichtbaren Adapter vereinfachen den Entl\u00fcftungsprozess, steigern die Effizienz f\u00fcr Profis und verbessern die Reaktionsf\u00e4higkeit. Sie kommen nicht nur dem Fahrer zugute, sondern tragen auch dazu bei, die Lebensdauer des Sto\u00dfd\u00e4mpfers zu verl\u00e4ngern.<\/p>\n<p style=\"text-align: center;\">Im schnelllebigen Bereich der Automobilfederung, wo es auf Pr\u00e4zision ankommt, sind diese Adapter ein unverzichtbarer Bestandteil der Werkstatt. Sie bieten zuverl\u00e4ssigen Service, gehen auf die Bed\u00fcrfnisse engagierter Fahrer ein und steigern die Leistung automatischer D\u00e4mpfer.<\/p>\n<p>[\/et_pb_text][et_pb_button button_url=&#8220;#AdaptersPP&#8220; url_new_window=&#8220;on&#8220; button_text=&#8220;Geben Sie jetzt eine Bestellung auf&#8220; button_alignment=&#8220;center&#8220; admin_label=&#8220;Contact button&#8220; _builder_version=&#8220;4.25.0&#8243; _module_preset=&#8220;default&#8220; custom_button=&#8220;on&#8220; button_text_size=&#8220;16px&#8220; button_text_color=&#8220;#000000&#8243; button_bg_color=&#8220;#FFFFFF&#8220; button_border_width=&#8220;0px&#8220; button_border_radius=&#8220;5px&#8220; button_font=&#8220;||||||||&#8220; button_use_icon=&#8220;off&#8220; custom_margin=&#8220;||||false|false&#8220; custom_padding=&#8220;10px|40px|10px|40px|false|false&#8220; global_colors_info=&#8220;{}&#8220;][\/et_pb_button][\/et_pb_column][\/et_pb_row][\/et_pb_section]<\/p>\n","protected":false},"excerpt":{"rendered":"<p>Vakuum-Entl\u00fcftungspumpenadapter f\u00fcr AUTOVakuum-Entl\u00fcftungspumpenadapter f\u00fcr AUTO-Sto\u00dfd\u00e4mpfer. Ideal f\u00fcr die professionelle Wartung, sorgt m\u00fchelos f\u00fcr optimale Funktion. Unsere Vakuum-Entl\u00fcftungspumpenadapter f\u00fcr AUTO-D\u00e4mpfer sind unverzichtbare Werkzeuge zur Erhaltung der Spitzenleistung von Sto\u00dfd\u00e4mpfern. Revitalisieren Sie Sto\u00dfd\u00e4mpfer mit unserer Vakuum-Entl\u00fcftungspumpe, die f\u00fcr eine optimale Wartung konzipiert ist. Entfernen Sie m\u00fchelos Luft und f\u00fcllen Sie Hydraulikfl\u00fcssigkeit auf, um die Spitzenleistung Ihrer Fahrt [&hellip;]<\/p>\n","protected":false},"author":2,"featured_media":334822,"parent":334805,"menu_order":0,"comment_status":"closed","ping_status":"closed","template":"","meta":{"_acf_changed":false,"_et_pb_use_builder":"on","_et_pb_old_content":"","_et_gb_content_width":"","footnotes":""},"class_list":["post-334821","page","type-page","status-publish","has-post-thumbnail","hentry"],"acf":[],"yoast_head":"<!-- This site is optimized with the Yoast SEO plugin v25.3.1 - https:\/\/yoast.com\/wordpress\/plugins\/seo\/ -->\n<title>Vakuum-Entl\u00fcftungspumpenadapter f\u00fcr AUTO - LABA7<\/title>\n<meta name=\"description\" content=\"Vakuum-Entl\u00fcftungspumpenadapter f\u00fcr AUTO-Sto\u00dfd\u00e4mpfer. Ideal f\u00fcr die professionelle Wartung, sorgt m\u00fchelos f\u00fcr optimale Funktion.\" \/>\n<meta name=\"robots\" content=\"index, follow, max-snippet:-1, max-image-preview:large, max-video-preview:-1\" \/>\n<link rel=\"canonical\" href=\"https:\/\/laba7.com\/de\/produkte\/vakuum-entluftungspumpenadapter-fur-auto\/\" \/>\n<meta property=\"og:locale\" content=\"de_DE\" \/>\n<meta property=\"og:type\" content=\"article\" \/>\n<meta property=\"og:title\" content=\"Vakuum-Entl\u00fcftungspumpenadapter f\u00fcr AUTO\" \/>\n<meta property=\"og:description\" content=\"Vakuum-Entl\u00fcftungspumpenadapter f\u00fcr AUTO-Sto\u00dfd\u00e4mpfer. Ideal f\u00fcr die professionelle Wartung, sorgt m\u00fchelos f\u00fcr optimale Funktion.\" \/>\n<meta property=\"og:url\" content=\"https:\/\/laba7.com\/de\/produkte\/vakuum-entluftungspumpenadapter-fur-auto\/\" \/>\n<meta property=\"og:site_name\" content=\"LABA7\" \/>\n<meta property=\"article:publisher\" content=\"https:\/\/www.facebook.com\/LabaSeven\/\" \/>\n<meta property=\"article:modified_time\" content=\"2025-10-28T06:46:28+00:00\" \/>\n<meta property=\"og:image\" content=\"https:\/\/laba7.com\/wp-content\/uploads\/2023\/11\/LABA7-vacuum-bleed-pump-adapters-AUTO-1024x576.webp\" \/>\n<!-- \/ Yoast SEO plugin. -->","yoast_head_json":{"title":"Vakuum-Entl\u00fcftungspumpenadapter f\u00fcr AUTO - LABA7","description":"Vakuum-Entl\u00fcftungspumpenadapter f\u00fcr AUTO-Sto\u00dfd\u00e4mpfer. Ideal f\u00fcr die professionelle Wartung, sorgt m\u00fchelos f\u00fcr optimale Funktion.","robots":{"index":"index","follow":"follow","max-snippet":"max-snippet:-1","max-image-preview":"max-image-preview:large","max-video-preview":"max-video-preview:-1"},"canonical":"https:\/\/laba7.com\/de\/produkte\/vakuum-entluftungspumpenadapter-fur-auto\/","og_locale":"de_DE","og_type":"article","og_title":"Vakuum-Entl\u00fcftungspumpenadapter f\u00fcr AUTO","og_description":"Vakuum-Entl\u00fcftungspumpenadapter f\u00fcr AUTO-Sto\u00dfd\u00e4mpfer. Ideal f\u00fcr die professionelle Wartung, sorgt m\u00fchelos f\u00fcr optimale Funktion.","og_url":"https:\/\/laba7.com\/de\/produkte\/vakuum-entluftungspumpenadapter-fur-auto\/","og_site_name":"LABA7","article_publisher":"https:\/\/www.facebook.com\/LabaSeven\/","article_modified_time":"2025-10-28T06:46:28+00:00","og_image":[{"url":"https:\/\/laba7.com\/wp-content\/uploads\/2023\/11\/LABA7-vacuum-bleed-pump-adapters-AUTO-1024x576.webp","type":"","width":"","height":""}],"schema":{"@context":"https:\/\/schema.org","@graph":false}},"_links":{"self":[{"href":"https:\/\/laba7.com\/de\/wp-json\/wp\/v2\/pages\/334821","targetHints":{"allow":["GET"]}}],"collection":[{"href":"https:\/\/laba7.com\/de\/wp-json\/wp\/v2\/pages"}],"about":[{"href":"https:\/\/laba7.com\/de\/wp-json\/wp\/v2\/types\/page"}],"author":[{"embeddable":true,"href":"https:\/\/laba7.com\/de\/wp-json\/wp\/v2\/users\/2"}],"replies":[{"embeddable":true,"href":"https:\/\/laba7.com\/de\/wp-json\/wp\/v2\/comments?post=334821"}],"version-history":[{"count":24,"href":"https:\/\/laba7.com\/de\/wp-json\/wp\/v2\/pages\/334821\/revisions"}],"predecessor-version":[{"id":341655,"href":"https:\/\/laba7.com\/de\/wp-json\/wp\/v2\/pages\/334821\/revisions\/341655"}],"up":[{"embeddable":true,"href":"https:\/\/laba7.com\/de\/wp-json\/wp\/v2\/pages\/334805"}],"wp:featuredmedia":[{"embeddable":true,"href":"https:\/\/laba7.com\/de\/wp-json\/wp\/v2\/media\/334822"}],"wp:attachment":[{"href":"https:\/\/laba7.com\/de\/wp-json\/wp\/v2\/media?parent=334821"}],"curies":[{"name":"wp","href":"https:\/\/api.w.org\/{rel}","templated":true}]}}