{"id":334796,"date":"2023-05-22T07:42:28","date_gmt":"2023-05-22T07:42:28","guid":{"rendered":"https:\/\/laba7.com\/blog\/"},"modified":"2024-07-20T08:26:30","modified_gmt":"2024-07-20T08:26:30","slug":"blog","status":"publish","type":"page","link":"https:\/\/laba7.com\/de\/blog\/","title":{"rendered":"Blog"},"content":{"rendered":"<p>[et_pb_section fb_built=&#8220;1&#8243; _builder_version=&#8220;4.21.0&#8243; _module_preset=&#8220;default&#8220; custom_margin=&#8220;||||false|false&#8220; global_colors_info=&#8220;{}&#8220; da_is_popup=&#8220;off&#8220; da_exit_intent=&#8220;off&#8220; da_has_close=&#8220;on&#8220; da_alt_close=&#8220;off&#8220; da_dark_close=&#8220;off&#8220; da_not_modal=&#8220;on&#8220; da_is_singular=&#8220;off&#8220; da_with_loader=&#8220;off&#8220; da_has_shadow=&#8220;on&#8220; da_disable_devices=&#8220;off|off|off&#8220;][et_pb_row _builder_version=&#8220;4.21.0&#8243; _module_preset=&#8220;default&#8220; locked=&#8220;off&#8220; global_colors_info=&#8220;{}&#8220;][et_pb_column type=&#8220;4_4&#8243; _builder_version=&#8220;4.21.0&#8243; _module_preset=&#8220;default&#8220; global_colors_info=&#8220;{}&#8220;][et_pb_text _builder_version=&#8220;4.21.0&#8243; _module_preset=&#8220;default&#8220; text_font=&#8220;|600||on|||||&#8220; text_line_height=&#8220;1.5em&#8220; header_font=&#8220;Roboto|300|||||||&#8220; header_letter_spacing=&#8220;1px&#8220; global_colors_info=&#8220;{}&#8220;]<\/p>\n<h1 style=\"text-align: center;\"> <span style=\"color: #ffffff;\">Der <\/span> <span style=\"color: #ffffff;\"><strong>LABA7-Blog<\/strong><\/span><\/h1>\n<p>[\/et_pb_text][et_pb_text _builder_version=&#8220;4.21.0&#8243; _module_preset=&#8220;default&#8220; text_font_size=&#8220;20px&#8220; text_orientation=&#8220;center&#8220; custom_padding=&#8220;||||false|false&#8220; global_colors_info=&#8220;{}&#8220;]<\/p>\n<p>Hier sprechen wir \u00fcber LABA7-Produkte, Sto\u00dfd\u00e4mpfer, Federung und alles dazwischen.<\/p>\n<p>[\/et_pb_text][\/et_pb_column][\/et_pb_row][\/et_pb_section][et_pb_section fb_built=&#8220;1&#8243; _builder_version=&#8220;4.20.4&#8243; _module_preset=&#8220;default&#8220; custom_padding=&#8220;20px|20px|20px|20px|false|false&#8220; global_colors_info=&#8220;{}&#8220; da_is_popup=&#8220;off&#8220; da_exit_intent=&#8220;off&#8220; da_has_close=&#8220;on&#8220; da_alt_close=&#8220;off&#8220; da_dark_close=&#8220;off&#8220; da_not_modal=&#8220;on&#8220; da_is_singular=&#8220;off&#8220; da_with_loader=&#8220;off&#8220; da_has_shadow=&#8220;on&#8220; da_disable_devices=&#8220;off|off|off&#8220;][et_pb_row _builder_version=&#8220;4.21.0&#8243; _module_preset=&#8220;default&#8220; width=&#8220;100%&#8220; max_width=&#8220;1100px&#8220; global_colors_info=&#8220;{}&#8220;][et_pb_column type=&#8220;4_4&#8243; _builder_version=&#8220;4.20.4&#8243; _module_preset=&#8220;default&#8220; global_colors_info=&#8220;{}&#8220;][et_pb_blog fullwidth=&#8220;off&#8220; posts_number=&#8220;30&#8243; include_categories=&#8220;all&#8220; excerpt_length=&#8220;200&#8243; show_author=&#8220;off&#8220; show_date=&#8220;off&#8220; show_categories=&#8220;off&#8220; masonry_tile_background_color=&#8220;#191919&#8243; _builder_version=&#8220;4.21.0&#8243; _module_preset=&#8220;default&#8220; header_font=&#8220;||||||||&#8220; header_text_align=&#8220;left&#8220; header_text_color=&#8220;gcid-d40f5d1e-f5d1-4b41-ab11-4faa03a3a11c&#8220; header_font_size=&#8220;26px&#8220; body_font=&#8220;|300|||||||&#8220; body_text_color=&#8220;gcid-d40f5d1e-f5d1-4b41-ab11-4faa03a3a11c&#8220; body_font_size=&#8220;16px&#8220; body_line_height=&#8220;1.4em&#8220; read_more_font=&#8220;|||on|||||&#8220; read_more_text_color=&#8220;#FFFFFF&#8220; read_more_font_size=&#8220;16px&#8220; read_more_letter_spacing=&#8220;1px&#8220; background_enable_color=&#8220;off&#8220; text_orientation=&#8220;left&#8220; custom_margin=&#8220;||||false|false&#8220; custom_padding=&#8220;10px|0px|10px|0px|false|false&#8220; border_radii=&#8220;on|5px|5px|5px|5px&#8220; border_color_all=&#8220;#1e1e1e&#8220; border_radii_image=&#8220;off|5px|5px|5px|5px&#8220; global_colors_info=&#8220;{%22gcid-d40f5d1e-f5d1-4b41-ab11-4faa03a3a11c%22:%91%22body_text_color%22,%22header_text_color%22%93}&#8220;][\/et_pb_blog][\/et_pb_column][\/et_pb_row][et_pb_row _builder_version=&#8220;4.21.0&#8243; _module_preset=&#8220;default&#8220; max_width=&#8220;1100px&#8220; custom_padding=&#8220;0px|||||&#8220; global_colors_info=&#8220;{}&#8220;][et_pb_column type=&#8220;4_4&#8243; _builder_version=&#8220;4.21.0&#8243; _module_preset=&#8220;default&#8220; global_colors_info=&#8220;{}&#8220;][et_pb_text _builder_version=&#8220;4.21.0&#8243; _module_preset=&#8220;default&#8220; global_colors_info=&#8220;{}&#8220;]<\/p>\n<p style=\"text-align: center;\">Bei Fragen zu Blogs und Marketing wenden Sie sich bitte an <a href=\"mailto:marius.p@laba7.com\">marius.p@laba7.com<\/a>. <\/p>\n<p>[\/et_pb_text][\/et_pb_column][\/et_pb_row][\/et_pb_section]<\/p>\n","protected":false},"excerpt":{"rendered":"<p>Der LABA7-BlogHier sprechen wir \u00fcber LABA7-Produkte, Sto\u00dfd\u00e4mpfer, Federung und alles dazwischen.Bei Fragen zu Blogs und Marketing wenden Sie sich bitte an marius.p@laba7.com.<\/p>\n","protected":false},"author":7,"featured_media":0,"parent":0,"menu_order":0,"comment_status":"closed","ping_status":"closed","template":"","meta":{"_acf_changed":false,"_et_pb_use_builder":"on","_et_pb_old_content":"","_et_gb_content_width":"","footnotes":""},"class_list":["post-334796","page","type-page","status-publish","hentry"],"acf":[],"yoast_head":"<!-- This site is optimized with the Yoast SEO plugin v25.3.1 - https:\/\/yoast.com\/wordpress\/plugins\/seo\/ -->\n<title>Aktuelle Nachrichten, Updates und Artikel \u2013 LABA7 Blog<\/title>\n<meta name=\"description\" content=\"Im LABA7-Blog sprechen wir \u00fcber unsere Produkte, Sto\u00dfd\u00e4mpfer, Federung, Diagnose und alles dazwischen.\" \/>\n<meta name=\"robots\" content=\"index, follow, max-snippet:-1, max-image-preview:large, max-video-preview:-1\" \/>\n<link rel=\"canonical\" href=\"https:\/\/laba7.com\/de\/blog\/\" \/>\n<meta property=\"og:locale\" content=\"de_DE\" \/>\n<meta property=\"og:type\" content=\"article\" \/>\n<meta property=\"og:title\" content=\"Aktuelle Nachrichten, Updates und Artikel \u2013 LABA7 Blog\" \/>\n<meta property=\"og:description\" content=\"Im LABA7-Blog sprechen wir \u00fcber unsere Produkte, Sto\u00dfd\u00e4mpfer, Federung, Diagnose und alles dazwischen.\" \/>\n<meta property=\"og:url\" content=\"https:\/\/laba7.com\/de\/blog\/\" \/>\n<meta property=\"og:site_name\" content=\"LABA7\" \/>\n<meta property=\"article:publisher\" content=\"https:\/\/www.facebook.com\/LabaSeven\/\" \/>\n<meta property=\"article:modified_time\" content=\"2024-07-20T08:26:30+00:00\" \/>\n<meta property=\"og:image\" content=\"https:\/\/laba7.com\/wp-content\/uploads\/2024\/04\/Comparing-shock-performance-LABA7-shock-dyno-300x225.webp\" \/>\n<!-- \/ Yoast SEO plugin. -->","yoast_head_json":{"title":"Aktuelle Nachrichten, Updates und Artikel \u2013 LABA7 Blog","description":"Im LABA7-Blog sprechen wir \u00fcber unsere Produkte, Sto\u00dfd\u00e4mpfer, Federung, Diagnose und alles dazwischen.","robots":{"index":"index","follow":"follow","max-snippet":"max-snippet:-1","max-image-preview":"max-image-preview:large","max-video-preview":"max-video-preview:-1"},"canonical":"https:\/\/laba7.com\/de\/blog\/","og_locale":"de_DE","og_type":"article","og_title":"Aktuelle Nachrichten, Updates und Artikel \u2013 LABA7 Blog","og_description":"Im LABA7-Blog sprechen wir \u00fcber unsere Produkte, Sto\u00dfd\u00e4mpfer, Federung, Diagnose und alles dazwischen.","og_url":"https:\/\/laba7.com\/de\/blog\/","og_site_name":"LABA7","article_publisher":"https:\/\/www.facebook.com\/LabaSeven\/","article_modified_time":"2024-07-20T08:26:30+00:00","og_image":[{"url":"https:\/\/laba7.com\/wp-content\/uploads\/2024\/04\/Comparing-shock-performance-LABA7-shock-dyno-300x225.webp","type":"","width":"","height":""}],"schema":{"@context":"https:\/\/schema.org","@graph":false}},"_links":{"self":[{"href":"https:\/\/laba7.com\/de\/wp-json\/wp\/v2\/pages\/334796","targetHints":{"allow":["GET"]}}],"collection":[{"href":"https:\/\/laba7.com\/de\/wp-json\/wp\/v2\/pages"}],"about":[{"href":"https:\/\/laba7.com\/de\/wp-json\/wp\/v2\/types\/page"}],"author":[{"embeddable":true,"href":"https:\/\/laba7.com\/de\/wp-json\/wp\/v2\/users\/7"}],"replies":[{"embeddable":true,"href":"https:\/\/laba7.com\/de\/wp-json\/wp\/v2\/comments?post=334796"}],"version-history":[{"count":10,"href":"https:\/\/laba7.com\/de\/wp-json\/wp\/v2\/pages\/334796\/revisions"}],"predecessor-version":[{"id":336557,"href":"https:\/\/laba7.com\/de\/wp-json\/wp\/v2\/pages\/334796\/revisions\/336557"}],"wp:attachment":[{"href":"https:\/\/laba7.com\/de\/wp-json\/wp\/v2\/media?parent=334796"}],"curies":[{"name":"wp","href":"https:\/\/api.w.org\/{rel}","templated":true}]}}