{"id":334790,"date":"2023-05-22T07:43:38","date_gmt":"2023-05-22T07:43:38","guid":{"rendered":"https:\/\/laba7.com\/download-handbucher\/"},"modified":"2026-04-09T12:47:27","modified_gmt":"2026-04-09T12:47:27","slug":"download-handbucher","status":"publish","type":"page","link":"https:\/\/laba7.com\/de\/download-handbucher\/","title":{"rendered":"Handb\u00fccher"},"content":{"rendered":"<p>[et_pb_section fb_built=&#8220;1&#8243; _builder_version=&#8220;4.24.0&#8243; _module_preset=&#8220;default&#8220; global_colors_info=&#8220;{}&#8220;][et_pb_row _builder_version=&#8220;4.24.0&#8243; _module_preset=&#8220;default&#8220; width=&#8220;100%&#8220; max_width=&#8220;1000px&#8220; custom_padding=&#8220;||||false|false&#8220; global_colors_info=&#8220;{}&#8220;][et_pb_column type=&#8220;4_4&#8243; _builder_version=&#8220;4.20.4&#8243; _module_preset=&#8220;default&#8220; global_colors_info=&#8220;{}&#8220;][et_pb_text _builder_version=&#8220;4.21.0&#8243; _module_preset=&#8220;default&#8220; header_text_color=&#8220;#FFFFFF&#8220; custom_margin=&#8220;100px||||false|false&#8220; custom_padding=&#8220;20px||20px||false|false&#8220; global_colors_info=&#8220;{}&#8220;]<\/p>\n<h1 style=\"text-align: center;\">Handb\u00fccher herunterladen<\/h1>\n<p>[\/et_pb_text][et_pb_text _builder_version=&#8220;4.21.0&#8243; _module_preset=&#8220;default&#8220; custom_padding=&#8220;20px|20px|20px|20px|false|false&#8220; global_colors_info=&#8220;{}&#8220;]<\/p>\n<p>Hier k\u00f6nnen Sie ganz einfach das neueste Handbuch f\u00fcr Ihr LABA7-Ger\u00e4t finden und herunterladen. Wir sind davon \u00fcberzeugt, dass Ihnen unsere Produkte viele Jahre lang zuverl\u00e4ssig dienen werden, und w\u00fcnschen Ihnen viel Freude bei der Nutzung. <\/p>\n<p>Wir arbeiten st\u00e4ndig an der Verbesserung unserer Ausr\u00fcstung, was bedeutet, dass wir auch unsere Handb\u00fccher regelm\u00e4\u00dfig aktualisieren.<\/p>\n<p>Wenn Sie Feedback oder Vorschl\u00e4ge haben, teilen Sie sie uns bitte mit. Unser Team hat immer ein offenes Ohr und nimmt die notwendigen Verbesserungen vor, um Ihnen das bestm\u00f6gliche Erlebnis zu bieten. <\/p>\n<p>[\/et_pb_text][\/et_pb_column][\/et_pb_row][\/et_pb_section][et_pb_section fb_built=&#8220;1&#8243; _builder_version=&#8220;4.20.4&#8243; _module_preset=&#8220;default&#8220; custom_padding=&#8220;20px|20px|20px|20px|false|false&#8220; global_colors_info=&#8220;{}&#8220;][et_pb_row _builder_version=&#8220;4.20.4&#8243; _module_preset=&#8220;default&#8220; width=&#8220;100%&#8220; max_width=&#8220;1000px&#8220; custom_padding=&#8220;20px|20px|20px|20px|false|false&#8220; global_colors_info=&#8220;{}&#8220;][et_pb_column type=&#8220;4_4&#8243; _builder_version=&#8220;4.20.4&#8243; _module_preset=&#8220;default&#8220; global_colors_info=&#8220;{}&#8220;][et_pb_text _builder_version=&#8220;4.24.0&#8243; _module_preset=&#8220;default&#8220; header_text_color=&#8220;#FFFFFF&#8220; custom_margin=&#8220;||||false|false&#8220; custom_padding=&#8220;20px||20px||false|false&#8220; global_colors_info=&#8220;{}&#8220;]<\/p>\n<h2 style=\"text-align: center;\">W\u00e4hlen Sie Ihr Ger\u00e4t:<\/h2>\n<p>[\/et_pb_text][\/et_pb_column][\/et_pb_row][et_pb_row column_structure=&#8220;1_2,1_2&#8243; make_equal=&#8220;on&#8220; _builder_version=&#8220;4.27.0&#8243; _module_preset=&#8220;default&#8220; width=&#8220;100%&#8220; max_width=&#8220;1000px&#8220; min_height=&#8220;370px&#8220; custom_padding=&#8220;20px|20px|20px|20px|false|false&#8220; global_colors_info=&#8220;{}&#8220;][et_pb_column type=&#8220;1_2&#8243; _builder_version=&#8220;4.20.4&#8243; _module_preset=&#8220;default&#8220; custom_padding=&#8220;20px|20px|20px|20px|false|false&#8220; border_radii=&#8220;on|5px|5px|5px|5px&#8220; border_width_all=&#8220;1px&#8220; border_color_all=&#8220;#424242&#8243; box_shadow_style=&#8220;preset1&#8243; box_shadow_color=&#8220;rgba(79,79,79,0.49)&#8220; global_colors_info=&#8220;{}&#8220;][et_pb_text _builder_version=&#8220;4.20.4&#8243; _module_preset=&#8220;default&#8220; global_colors_info=&#8220;{}&#8220;]<\/p>\n<h3 style=\"text-align: center;\">Sto\u00dfd\u00e4mpferpr\u00fcfst\u00e4nde<\/h3>\n<p>[\/et_pb_text][et_pb_text _builder_version=&#8220;4.26.0&#8243; _module_preset=&#8220;default&#8220; global_colors_info=&#8220;{}&#8220;]<\/p>\n<p><strong><a href=\"https:\/\/laba7.com\/wp-content\/uploads\/2026\/03\/LABA7-Shock-Dyno-User-Manual-V2-2.0.26089.pdf\" target=\"_blank\" rel=\"noopener\" title=\"Download the Shock Dyno v2.0 Manual\">Download the Shock Dyno v2.0 Manual<\/a><\/strong><br \/><span style=\"font-size: 14px;\">Letzte Aktualisierung: 30. M\u00e4rz 2026<\/span><\/p>\n<p>[\/et_pb_text][et_pb_text _builder_version=&#8220;4.26.0&#8243; _module_preset=&#8220;default&#8220; global_colors_info=&#8220;{}&#8220;]<\/p>\n<p><strong><a href=\"https:\/\/laba7.com\/wp-content\/uploads\/2024\/10\/LABA7-Shock-Dyno-User-Manual-1.0.24280.pdf\" target=\"_blank\" rel=\"noopener\" title=\"Download the Shock Dyno Manual\">Download the Shock Dyno Manual<\/a><\/strong><br \/><span style=\"font-size: 14px;\">Zuletzt aktualisiert: 8. Oktober 2024<\/span><\/p>\n<p>[\/et_pb_text][\/et_pb_column][et_pb_column type=&#8220;1_2&#8243; _builder_version=&#8220;4.20.4&#8243; _module_preset=&#8220;default&#8220; custom_padding=&#8220;20px|20px|20px|20px|false|false&#8220; border_radii=&#8220;on|5px|5px|5px|5px&#8220; border_width_all=&#8220;1px&#8220; border_color_all=&#8220;#424242&#8243; box_shadow_style=&#8220;preset1&#8243; box_shadow_color=&#8220;rgba(79,79,79,0.49)&#8220; global_colors_info=&#8220;{}&#8220;][et_pb_text _builder_version=&#8220;4.27.0&#8243; _module_preset=&#8220;default&#8220; global_colors_info=&#8220;{}&#8220;]<\/p>\n<h3 style=\"text-align: center;\">EMA-Testsystem<\/h3>\n<p>[\/et_pb_text][et_pb_text _builder_version=&#8220;4.26.0&#8243; _module_preset=&#8220;default&#8220; locked=&#8220;off&#8220; global_colors_info=&#8220;{}&#8220;]<\/p>\n<p><strong><a href=\"https:\/\/laba7.com\/wp-content\/uploads\/2026\/03\/LABA7-electromagnetic-Shock-Dyno-EMA-User-Manual-1.0.26083.pdf\" title=\"Download EMA damper test system manual\" target=\"_blank\" rel=\"noopener\">Download the EMA Damper Test System Manual<\/a><\/strong><br \/><span style=\"font-size: 14px;\">Letzte Aktualisierung<\/span>: <span style=\"font-size: 14px;\">24. M\u00e4rz 2026<\/span><\/p>\n<p>[\/et_pb_text][dnxte_feature_list_parent _builder_version=&#8220;4.20.4&#8243; _module_preset=&#8220;default&#8220; global_colors_info=&#8220;{}&#8220;][\/dnxte_feature_list_parent][\/et_pb_column][\/et_pb_row][et_pb_row column_structure=&#8220;1_2,1_2&#8243; make_equal=&#8220;on&#8220; _builder_version=&#8220;4.27.0&#8243; _module_preset=&#8220;default&#8220; width=&#8220;100%&#8220; max_width=&#8220;1000px&#8220; min_height=&#8220;370px&#8220; custom_padding=&#8220;20px|20px|20px|20px|false|false&#8220; locked=&#8220;off&#8220; global_colors_info=&#8220;{}&#8220;][et_pb_column type=&#8220;1_2&#8243; _builder_version=&#8220;4.20.4&#8243; _module_preset=&#8220;default&#8220; custom_padding=&#8220;20px|20px|20px|20px|false|false&#8220; border_radii=&#8220;on|5px|5px|5px|5px&#8220; border_width_all=&#8220;1px&#8220; border_color_all=&#8220;#424242&#8243; box_shadow_style=&#8220;preset1&#8243; box_shadow_color=&#8220;rgba(79,79,79,0.49)&#8220; global_colors_info=&#8220;{}&#8220;][et_pb_text _builder_version=&#8220;4.20.4&#8243; _module_preset=&#8220;default&#8220; global_colors_info=&#8220;{}&#8220;]<\/p>\n<h3 style=\"text-align: center;\">Federratetesters<\/h3>\n<p>[\/et_pb_text][et_pb_text _builder_version=&#8220;4.26.0&#8243; _module_preset=&#8220;default&#8220; hover_enabled=&#8220;0&#8243; locked=&#8220;off&#8220; global_colors_info=&#8220;{}&#8220; sticky_enabled=&#8220;0&#8243;]<\/p>\n<p><strong><a href=\"https:\/\/laba7.com\/wp-content\/uploads\/2026\/04\/LABA7-Spring-Dyno-Pro-instruction-1.0.26098.pdf\" target=\"_blank\" rel=\"noopener\" title=\"Download the Spring Dyno PRO Manual\">Download the Spring Dyno PRO Manual<\/a><\/strong><br \/>Letzte Aktualisierung: <span style=\"font-size: 14px;\">8. April 2026<\/span><\/p>\n<p>[\/et_pb_text][et_pb_text _builder_version=&#8220;4.26.0&#8243; _module_preset=&#8220;default&#8220; hover_enabled=&#8220;0&#8243; locked=&#8220;off&#8220; global_colors_info=&#8220;{}&#8220; sticky_enabled=&#8220;0&#8243;]<\/p>\n<p><strong><a href=\"https:\/\/laba7.com\/wp-content\/uploads\/2026\/04\/LABA7-Spring-Dyno-instruction-1.0.26098.pdf\" target=\"_blank\" rel=\"noopener\" title=\"Download the Spring Dyno DAILY Manual\">Download the Spring Dyno DAILY Manual<\/a><\/strong><br \/><span style=\"font-size: 14px;\">Letzte Aktualisierung:<\/span> <span style=\"font-size: 14px;\">8. April 2026<\/span><\/p>\n<p>[\/et_pb_text][et_pb_text _builder_version=&#8220;4.26.0&#8243; _module_preset=&#8220;default&#8220; hover_enabled=&#8220;0&#8243; locked=&#8220;off&#8220; global_colors_info=&#8220;{}&#8220; sticky_enabled=&#8220;0&#8243;]<\/p>\n<p><strong><a href=\"https:\/\/laba7.com\/wp-content\/uploads\/2026\/04\/LABA7-Spring-Dyno-MINI-instruction-1.0.26098.pdf\" target=\"_blank\" rel=\"noopener\" title=\"Download the Spring Dyno MINI Manual\">Download the Spring Dyno MINI Manual<\/a><\/strong><br \/><span style=\"font-size: 14px;\">Letzte Aktualisierung: <\/span><span style=\"font-size: 14px;\">8. April 2026<\/span><\/p>\n<p>[\/et_pb_text][\/et_pb_column][et_pb_column type=&#8220;1_2&#8243; _builder_version=&#8220;4.20.4&#8243; _module_preset=&#8220;default&#8220; custom_padding=&#8220;20px|20px|20px|20px|false|false&#8220; border_radii=&#8220;on|5px|5px|5px|5px&#8220; border_width_all=&#8220;1px&#8220; border_color_all=&#8220;#424242&#8243; box_shadow_style=&#8220;preset1&#8243; box_shadow_color=&#8220;rgba(79,79,79,0.49)&#8220; global_colors_info=&#8220;{}&#8220;][et_pb_text _builder_version=&#8220;4.26.0&#8243; _module_preset=&#8220;default&#8220; global_colors_info=&#8220;{}&#8220;]<\/p>\n<h3 style=\"text-align: center;\">Vakuum-Entl\u00fcftungspumpen<\/h3>\n<p>[\/et_pb_text][et_pb_text _builder_version=&#8220;4.26.0&#8243; _module_preset=&#8220;default&#8220; locked=&#8220;off&#8220; global_colors_info=&#8220;{}&#8220;]<\/p>\n<p><strong><a href=\"https:\/\/laba7.com\/wp-content\/uploads\/2026\/03\/LABA7-VBP-PRO-instruction-1.0.26075.pdf\" title=\"Download the Vacuum Bleed Pump PRO Manual\" target=\"_blank\" rel=\"noopener\">Download the Vacuum Bleed Pump PRO Manual<\/a><\/strong><br \/><span style=\"font-size: 14px;\">Letzte Aktualisierung:<\/span> <span style=\"font-size: 14px;\">16. M\u00e4rz 2026<\/span><\/p>\n<p>[\/et_pb_text][et_pb_text _builder_version=&#8220;4.26.0&#8243; _dynamic_attributes=&#8220;link_option_url&#8220; _module_preset=&#8220;default&#8220; link_option_url=&#8220;@ET-DC@eyJkeW5hbWljIjp0cnVlLCJjb250ZW50IjoicG9zdF9saW5rX3VybF9hdHRhY2htZW50Iiwic2V0dGluZ3MiOnsicG9zdF9pZCI6IjMyOTMwOSJ9fQ==@&#8220; locked=&#8220;off&#8220; global_colors_info=&#8220;{}&#8220;]<\/p>\n<p><strong><a href=\"https:\/\/laba7.com\/wp-content\/uploads\/2026\/03\/LABA7-VBP-DAILY-instruction-1.0.26075.pdf\" title=\"Download the Vacuum Bleed Pump DAILY Manual\" target=\"_blank\" rel=\"noopener\">Download the Vacuum Bleed Pump DAILY Manual<\/a><\/strong><br \/><span style=\"font-size: 14px;\">Letzte Aktualisierung:<\/span> <span style=\"font-size: 14px;\">16. M\u00e4rz 2026<\/span><\/p>\n<p>[\/et_pb_text][et_pb_text _builder_version=&#8220;4.26.0&#8243; _module_preset=&#8220;default&#8220; locked=&#8220;off&#8220; global_colors_info=&#8220;{}&#8220;]<\/p>\n<p><strong><a href=\"https:\/\/laba7.com\/wp-content\/uploads\/2026\/03\/LABA7-VBP-MODULE-instruction-1.0.26075.pdf\" title=\"Download the Vacuum Bleed Pump MODULE Manual\" target=\"_blank\" rel=\"noopener\">Download the Vacuum Bleed Pump MODULE Manual<\/a><\/strong><br \/><span style=\"font-size: 14px;\">Letzte Aktualisierung: <\/span>16. M\u00e4rz 2026<\/p>\n<p>[\/et_pb_text][et_pb_text _builder_version=&#8220;4.26.0&#8243; _module_preset=&#8220;default&#8220; locked=&#8220;off&#8220; global_colors_info=&#8220;{}&#8220;]<\/p>\n<p><strong><a href=\"https:\/\/laba7.com\/wp-content\/uploads\/2026\/03\/LABA7-MANUAL-VBP-instruction-1.0.26075.pdf\" title=\"Download the MANUAL Vacuum Bleed Pump Instructions\" target=\"_blank\" rel=\"noopener\">Download the MANUAL Vacuum Bleed Pump Instructions<\/a><\/strong><br \/><span style=\"font-size: 14px;\">Letzte Aktualisierung: <\/span><span style=\"font-size: 14px;\">16. M\u00e4rz 2026<\/span><\/p>\n<p>[\/et_pb_text][\/et_pb_column][\/et_pb_row][et_pb_row column_structure=&#8220;1_2,1_2&#8243; make_equal=&#8220;on&#8220; _builder_version=&#8220;4.20.4&#8243; _module_preset=&#8220;default&#8220; width=&#8220;100%&#8220; max_width=&#8220;1000px&#8220; min_height=&#8220;370px&#8220; custom_padding=&#8220;20px|20px|20px|20px|false|false&#8220; locked=&#8220;off&#8220; global_colors_info=&#8220;{}&#8220;][et_pb_column type=&#8220;1_2&#8243; _builder_version=&#8220;4.20.4&#8243; _module_preset=&#8220;default&#8220; custom_padding=&#8220;20px|20px|20px|20px|false|false&#8220; border_radii=&#8220;on|5px|5px|5px|5px&#8220; border_width_all=&#8220;1px&#8220; border_color_all=&#8220;#424242&#8243; box_shadow_style=&#8220;preset1&#8243; box_shadow_color=&#8220;rgba(79,79,79,0.49)&#8220; global_colors_info=&#8220;{}&#8220;][et_pb_text _builder_version=&#8220;4.20.4&#8243; _module_preset=&#8220;default&#8220; global_colors_info=&#8220;{}&#8220;]<\/p>\n<h3 style=\"text-align: center;\">Drahtlose Rennwagenwaagen<\/h3>\n<p>[\/et_pb_text][et_pb_text _builder_version=&#8220;4.26.0&#8243; _module_preset=&#8220;default&#8220; locked=&#8220;off&#8220; global_colors_info=&#8220;{}&#8220;]<\/p>\n<p><a href=\"https:\/\/laba7.com\/wp-content\/uploads\/2026\/03\/LABA7-Race-Car-Scales-Manual-1.0.26075.pdf\" target=\"_blank\" rel=\"noopener\" title=\"Download the Wireless Racing Scales PRO Manual\">Download the Wireless Racing Scales PRO Manual<\/a><br \/><span style=\"font-weight: 500;\">Letzte Aktualisierung: <\/span><span style=\"font-size: 14px;\">16. M\u00e4rz 2026<\/span><\/p>\n<p>[\/et_pb_text][et_pb_text _builder_version=&#8220;4.26.0&#8243; _module_preset=&#8220;default&#8220; locked=&#8220;off&#8220; global_colors_info=&#8220;{}&#8220;]<\/p>\n<p><a href=\"https:\/\/laba7.com\/wp-content\/uploads\/2026\/03\/LABA7-Car-Scales-LITE-User-Manual-V1-1.0.26075.pdf\" target=\"_blank\" rel=\"noopener\" title=\"Download the Wireless Racing Scales PRO Manual\">Download the Wireless Racing Scales LITE for Cars Manual<\/a><br \/><span style=\"font-weight: 500;\">Letzte Aktualisierung: <\/span><span style=\"font-size: 14px;\">16. M\u00e4rz 2026<\/span><\/p>\n<p>[\/et_pb_text][et_pb_text _builder_version=&#8220;4.26.0&#8243; _module_preset=&#8220;default&#8220; locked=&#8220;off&#8220; global_colors_info=&#8220;{}&#8220;]<\/p>\n<p><a href=\"https:\/\/laba7.com\/wp-content\/uploads\/2026\/03\/LABA7-Motorcycle-Scales-LITE-User-Manual-V1-1.0.26075.pdf\" target=\"_blank\" rel=\"noopener\" title=\"Download the Wireless Racing Scales PRO Manual\"><span style=\"font-weight: 500;\">Download the Wireless Racing Scales LITE for Motorcycles Manual<\/span><\/a><br \/><span style=\"font-size: 14px;\">Letzte Aktualisierung: 16. M\u00e4rz 2026<\/span><\/p>\n<p>[\/et_pb_text][\/et_pb_column][et_pb_column type=&#8220;1_2&#8243; _builder_version=&#8220;4.20.4&#8243; _module_preset=&#8220;default&#8220; custom_padding=&#8220;20px|20px|20px|20px|false|false&#8220; border_radii=&#8220;on|5px|5px|5px|5px&#8220; border_width_all=&#8220;1px&#8220; border_color_all=&#8220;#424242&#8243; box_shadow_style=&#8220;preset1&#8243; box_shadow_color=&#8220;rgba(79,79,79,0.49)&#8220; global_colors_info=&#8220;{}&#8220;][et_pb_text _builder_version=&#8220;4.27.0&#8243; _module_preset=&#8220;default&#8220; global_colors_info=&#8220;{}&#8220;]<\/p>\n<h3 style=\"text-align: center;\">MTB-D\u00e4mpfertester mit Elektronik<\/h3>\n<p>[\/et_pb_text][et_pb_text _builder_version=&#8220;4.26.0&#8243; _module_preset=&#8220;default&#8220; locked=&#8220;off&#8220; global_colors_info=&#8220;{}&#8220;]<\/p>\n<p><strong><a href=\"https:\/\/laba7.com\/wp-content\/uploads\/2024\/10\/LABA7-hand-dyno-1.0.24280.pdf\" target=\"_blank\" rel=\"noopener\" title=\"Download the MTB Shock Tester Manual\">Download the MTB Shock Tester Manual<\/a><\/strong><br \/><span style=\"font-size: 14px;\">Zuletzt aktualisiert: 8. Oktober 2024<\/span><\/p>\n<p>[\/et_pb_text][\/et_pb_column][\/et_pb_row][et_pb_row column_structure=&#8220;1_2,1_2&#8243; make_equal=&#8220;on&#8220; _builder_version=&#8220;4.26.0&#8243; _module_preset=&#8220;default&#8220; width=&#8220;100%&#8220; max_width=&#8220;1000px&#8220; min_height=&#8220;370px&#8220; custom_padding=&#8220;20px|20px|20px|20px|false|false&#8220; locked=&#8220;off&#8220; global_colors_info=&#8220;{}&#8220;][et_pb_column type=&#8220;1_2&#8243; _builder_version=&#8220;4.20.4&#8243; _module_preset=&#8220;default&#8220; custom_padding=&#8220;20px|20px|20px|20px|false|false&#8220; border_radii=&#8220;on|5px|5px|5px|5px&#8220; border_width_all=&#8220;1px&#8220; border_color_all=&#8220;#424242&#8243; box_shadow_style=&#8220;preset1&#8243; box_shadow_color=&#8220;rgba(79,79,79,0.49)&#8220; global_colors_info=&#8220;{}&#8220;][et_pb_text _builder_version=&#8220;4.26.0&#8243; _module_preset=&#8220;default&#8220; global_colors_info=&#8220;{}&#8220;]<\/p>\n<h3 style=\"text-align: center;\">TMD Drehmomentmessger\u00e4t<\/h3>\n<p>[\/et_pb_text][et_pb_text _builder_version=&#8220;4.26.0&#8243; _module_preset=&#8220;default&#8220; locked=&#8220;off&#8220; global_colors_info=&#8220;{}&#8220;]<\/p>\n<p><a href=\"https:\/\/laba7.com\/wp-content\/uploads\/2026\/03\/LABA7-Torque-Measuring-Device-User-Manual-V1-1.0.26063.pdf\" target=\"_blank\" rel=\"noopener\" title=\"Download the Wireless Racing Scales PRO Manual\">Download the TMD User Manual<\/a><br \/>Zuletzt aktualisiert: <span style=\"font-size: 14px;\">4. M\u00e4rz 2026 <\/span><\/p>\n<p>[\/et_pb_text][\/et_pb_column][et_pb_column type=&#8220;1_2&#8243; _builder_version=&#8220;4.26.0&#8243; _module_preset=&#8220;default&#8220; custom_padding=&#8220;20px|20px|20px|20px|false|false&#8220; border_radii=&#8220;on|5px|5px|5px|5px&#8220; border_color_all=&#8220;#424242&#8243; global_colors_info=&#8220;{}&#8220;][\/et_pb_column][\/et_pb_row][\/et_pb_section]<\/p>\n","protected":false},"excerpt":{"rendered":"<p>Handb\u00fccher herunterladenHier k\u00f6nnen Sie ganz einfach das neueste Handbuch f\u00fcr Ihr LABA7-Ger\u00e4t finden und herunterladen. Wir sind davon \u00fcberzeugt, dass Ihnen unsere Produkte viele Jahre lang zuverl\u00e4ssig dienen werden, und w\u00fcnschen Ihnen viel Freude bei der Nutzung. Wir arbeiten st\u00e4ndig an der Verbesserung unserer Ausr\u00fcstung, was bedeutet, dass wir auch unsere Handb\u00fccher regelm\u00e4\u00dfig aktualisieren. Wenn [&hellip;]<\/p>\n","protected":false},"author":7,"featured_media":0,"parent":0,"menu_order":0,"comment_status":"closed","ping_status":"closed","template":"","meta":{"_acf_changed":false,"_et_pb_use_builder":"on","_et_pb_old_content":"","_et_gb_content_width":"","footnotes":""},"class_list":["post-334790","page","type-page","status-publish","hentry"],"acf":[],"yoast_head":"<!-- This site is optimized with the Yoast SEO plugin v25.3.1 - https:\/\/yoast.com\/wordpress\/plugins\/seo\/ -->\n<title>Handb\u00fccher LABA7 herunterladen<\/title>\n<meta name=\"description\" content=\"Auf dieser Seite k\u00f6nnen Sie ganz einfach die neuesten Handb\u00fccher f\u00fcr Ihr LABA7-Ger\u00e4t finden und herunterladen.\" \/>\n<meta name=\"robots\" content=\"index, follow, max-snippet:-1, max-image-preview:large, max-video-preview:-1\" \/>\n<link rel=\"canonical\" href=\"https:\/\/laba7.com\/de\/download-handbucher\/\" \/>\n<meta property=\"og:locale\" content=\"de_DE\" \/>\n<meta property=\"og:type\" content=\"article\" \/>\n<meta property=\"og:title\" content=\"Handb\u00fccher herunterladen - LABA7\" \/>\n<meta property=\"og:description\" content=\"Auf dieser Seite k\u00f6nnen Sie ganz einfach die neuesten Handb\u00fccher f\u00fcr Ihr LABA7-Ger\u00e4t finden und herunterladen.\" \/>\n<meta property=\"og:url\" content=\"https:\/\/laba7.com\/de\/download-handbucher\/\" \/>\n<meta property=\"og:site_name\" content=\"LABA7\" \/>\n<meta property=\"article:publisher\" content=\"https:\/\/www.facebook.com\/LabaSeven\/\" \/>\n<meta property=\"article:modified_time\" content=\"2026-04-09T12:47:27+00:00\" \/>\n<meta property=\"og:image\" content=\"https:\/\/laba7.com\/wp-content\/uploads\/2023\/07\/Laba7-logo-square-black-300x300.png\" \/>\n<!-- \/ Yoast SEO plugin. -->","yoast_head_json":{"title":"Handb\u00fccher LABA7 herunterladen","description":"Auf dieser Seite k\u00f6nnen Sie ganz einfach die neuesten Handb\u00fccher f\u00fcr Ihr LABA7-Ger\u00e4t finden und herunterladen.","robots":{"index":"index","follow":"follow","max-snippet":"max-snippet:-1","max-image-preview":"max-image-preview:large","max-video-preview":"max-video-preview:-1"},"canonical":"https:\/\/laba7.com\/de\/download-handbucher\/","og_locale":"de_DE","og_type":"article","og_title":"Handb\u00fccher herunterladen - LABA7","og_description":"Auf dieser Seite k\u00f6nnen Sie ganz einfach die neuesten Handb\u00fccher f\u00fcr Ihr LABA7-Ger\u00e4t finden und herunterladen.","og_url":"https:\/\/laba7.com\/de\/download-handbucher\/","og_site_name":"LABA7","article_publisher":"https:\/\/www.facebook.com\/LabaSeven\/","article_modified_time":"2026-04-09T12:47:27+00:00","og_image":[{"url":"https:\/\/laba7.com\/wp-content\/uploads\/2023\/07\/Laba7-logo-square-black-300x300.png","type":"","width":"","height":""}],"schema":{"@context":"https:\/\/schema.org","@graph":false}},"_links":{"self":[{"href":"https:\/\/laba7.com\/de\/wp-json\/wp\/v2\/pages\/334790","targetHints":{"allow":["GET"]}}],"collection":[{"href":"https:\/\/laba7.com\/de\/wp-json\/wp\/v2\/pages"}],"about":[{"href":"https:\/\/laba7.com\/de\/wp-json\/wp\/v2\/types\/page"}],"author":[{"embeddable":true,"href":"https:\/\/laba7.com\/de\/wp-json\/wp\/v2\/users\/7"}],"replies":[{"embeddable":true,"href":"https:\/\/laba7.com\/de\/wp-json\/wp\/v2\/comments?post=334790"}],"version-history":[{"count":62,"href":"https:\/\/laba7.com\/de\/wp-json\/wp\/v2\/pages\/334790\/revisions"}],"predecessor-version":[{"id":342667,"href":"https:\/\/laba7.com\/de\/wp-json\/wp\/v2\/pages\/334790\/revisions\/342667"}],"wp:attachment":[{"href":"https:\/\/laba7.com\/de\/wp-json\/wp\/v2\/media?parent=334790"}],"curies":[{"name":"wp","href":"https:\/\/api.w.org\/{rel}","templated":true}]}}