{"id":334787,"date":"2023-05-22T07:42:57","date_gmt":"2023-05-22T07:42:57","guid":{"rendered":"https:\/\/laba7.com\/eu-projekte\/"},"modified":"2026-03-06T13:04:33","modified_gmt":"2026-03-06T13:04:33","slug":"eu-projekte","status":"publish","type":"page","link":"https:\/\/laba7.com\/de\/eu-projekte\/","title":{"rendered":"EU-Projekte"},"content":{"rendered":"<p>[et_pb_section fb_built=&#8220;1&#8243; _builder_version=&#8220;4.20.4&#8243; _module_preset=&#8220;default&#8220; global_colors_info=&#8220;{}&#8220;][et_pb_row _builder_version=&#8220;4.20.4&#8243; _module_preset=&#8220;default&#8220; global_colors_info=&#8220;{}&#8220;][et_pb_column type=&#8220;4_4&#8243; _builder_version=&#8220;4.20.4&#8243; _module_preset=&#8220;default&#8220; global_colors_info=&#8220;{}&#8220;][et_pb_text _builder_version=&#8220;4.20.4&#8243; _module_preset=&#8220;default&#8220; header_text_color=&#8220;#FFFFFF&#8220; global_colors_info=&#8220;{}&#8220;]<\/p>\n<h1 style=\"text-align: center;\">EU-gef\u00f6rderte Projekte<\/h1>\n<p>[\/et_pb_text][et_pb_text _builder_version=&#8220;4.26.0&#8243; _module_preset=&#8220;default&#8220; global_colors_info=&#8220;{%22gcid-d40f5d1e-f5d1-4b41-ab11-4faa03a3a11c%22:%91%22text_text_color%22%93}&#8220;]<\/p>\n<p>LABA7 widmet sich der Weiterentwicklung moderner und umfassender Designs f\u00fcr Automobiltests. Mit der Unterst\u00fctzung von EU-F\u00f6rdermitteln k\u00f6nnen wir die Umsetzung unserer innovativen Konzepte beschleunigen. Nachfolgend finden Sie eine Auswahl von Projekten, die von der Europ\u00e4ischen Union gef\u00f6rdert werden.<\/p>\n<p>[\/et_pb_text][et_pb_text _builder_version=&#8220;4.26.0&#8243; _module_preset=&#8220;default&#8220; header_text_color=&#8220;#FFFFFF&#8220; custom_margin=&#8220;100px||||false|false&#8220; global_colors_info=&#8220;{}&#8220;]<\/p>\n<h2 style=\"text-align: center;\">Aktuelle Projekte<\/h2>\n<p>[\/et_pb_text][et_pb_image src=&#8220;https:\/\/laba7.com\/wp-content\/uploads\/2024\/07\/Co-funded-by-the-EU.webp&#8220; alt=&#8220;Kofinanziert von der EU&#8220; title_text=&#8220;Kofinanziert von der EU&#8220; align=&#8220;center&#8220; _builder_version=&#8220;4.26.0&#8243; _module_preset=&#8220;default&#8220; width=&#8220;30%&#8220; global_colors_info=&#8220;{}&#8220;][\/et_pb_image][et_pb_text _builder_version=&#8220;4.27.0&#8243; _module_preset=&#8220;default&#8220; global_colors_info=&#8220;{%22gcid-d40f5d1e-f5d1-4b41-ab11-4faa03a3a11c%22:%91%22text_text_color%22%93}&#8220;]<\/p>\n<h3 style=\"text-align: center;\">Entwicklung der Exportm\u00e4rkte von &#8222;LABA7&#8220;<\/h3>\n<p style=\"text-align: justify;\">Ziel des Projekts ist die Erweiterung der Exportm\u00e4rkte f\u00fcr \u201eLaba7\u201c.<\/p>\n<p style=\"text-align: justify;\">Unternehmensaktivit\u00e4ten \u2013 LABA7 hat das Projekt \u201eErweiterung der Exportm\u00e4rkte f\u00fcr UAB Laba7\u201c gestartet. Ziel der Projektaktivit\u00e4ten ist die F\u00f6rderung des Exports der Produkte des Antragstellers, die Suche nach neuen Exportm\u00e4rkten und die Erweiterung bestehender M\u00e4rkte sowie die Steigerung der Wettbewerbsf\u00e4higkeit des Unternehmens. Die Investitionen sollen f\u00fcr die Pr\u00e4sentation der geplanten Exportprodukte des Unternehmens auf internationalen Messen im Ausland verwendet werden.  <\/p>\n<p style=\"text-align: justify;\">Das Projekt wird gem\u00e4\u00df der Fortschrittsma\u00dfnahme Nr. 05-001-01-11-04 des Entwicklungsprogramms \u201eUmsetzung von Ma\u00dfnahmen zur F\u00f6rderung der Exportwettbewerbsf\u00e4higkeit\u201c, Aktivit\u00e4t \u201eF\u00f6rderung der Internationalisierung von Kleinst-, kleinen und mittleren Unternehmen und Identifizierung neuer Exportm\u00e4rkte (Region Zentral- und Westlitauen)\u201c, durchgef\u00fchrt.<\/p>\n<p style=\"text-align: justify;\">Das Projekt wird aus Mitteln der Europ\u00e4ischen Union finanziert.<br \/>Das Projektbudget betr\u00e4gt 175.162 EUR. Die EU-F\u00f6rderung bel\u00e4uft sich auf 87.581 EUR.<br \/>Die Projektlaufzeit erstreckt sich von Oktober 2024 bis Dezember 2026.<br \/>Projektleitung: UAB \u201eLaba7\u201c.<br \/>Kontakt: info@laba7.com; +370 621 99 469<\/p>\n<p>[\/et_pb_text][et_pb_image src=&#8220;https:\/\/laba7.com\/wp-content\/uploads\/2024\/07\/Co-funded-by-the-EU.webp&#8220; alt=&#8220;Kofinanziert von der EU&#8220; title_text=&#8220;Kofinanziert von der EU&#8220; align=&#8220;center&#8220; _builder_version=&#8220;4.26.0&#8243; _module_preset=&#8220;default&#8220; width=&#8220;30%&#8220; global_colors_info=&#8220;{}&#8220;][\/et_pb_image][et_pb_text _builder_version=&#8220;4.27.0&#8243; _module_preset=&#8220;default&#8220; global_colors_info=&#8220;{%22gcid-d40f5d1e-f5d1-4b41-ab11-4faa03a3a11c%22:%91%22text_text_color%22%93}&#8220;]<\/p>\n<h3 style=\"text-align: center;\">Entwicklung eines Hochleistungspr\u00fcf- und Diagnoseger\u00e4ts f\u00fcr lineare D\u00e4mpfer<\/h3>\n<p style=\"text-align: justify;\">LABA7 hat mit der Umsetzung des Projekts &#8222;Entwicklung von Test- und Diagnoseger\u00e4ten f\u00fcr lineare Hochleistungssto\u00dfd\u00e4mpfer&#8220; begonnen. Ziel des Projekts ist die Entwicklung eines neuen Ger\u00e4ts, eines Hochleistungs- und Hochgeschwindigkeits-Linearpr\u00fcf- und Diagnosestands f\u00fcr Sto\u00dfd\u00e4mpfer, mit dem sich echte Arbeitszyklen von Sto\u00dfd\u00e4mpfern reproduzieren lassen, wenn diese unter unterschiedlichen und wechselnden Bedingungen betrieben werden.<\/p>\n<p style=\"text-align: justify;\">Das Projekt wird gem\u00e4\u00df der Fortschrittsmessung des Entwicklungsprogramms Nr. 05-001-01-05-07 \u201eSchaffung eines koh\u00e4renten Systems zur F\u00f6rderung innovativer Aktivit\u00e4ten\u201c, Aktivit\u00e4t \u201eF\u00f6rderung des Angebots an Innovationen\u201c, umgesetzt.<\/p>\n<p>Das Projekt wird aus Mitteln der Europ\u00e4ischen Union finanziert.<br \/>Das Projektbudget betr\u00e4gt 975.527,52 EUR.<br \/>Die H\u00f6he der vom EU-Fonds bereitgestellten Mittel betr\u00e4gt 638.499,35 EUR.<br \/>Die Dauer der Projektumsetzung liegt zwischen Juli 2024 und Juli 2026.<br \/>Projektleiter UAB \u201eLaba7\u201c<\/p>\n<p>[\/et_pb_text][et_pb_text _builder_version=&#8220;4.26.0&#8243; _module_preset=&#8220;default&#8220; header_text_color=&#8220;#FFFFFF&#8220; custom_margin=&#8220;100px||||false|false&#8220; global_colors_info=&#8220;{}&#8220;]<\/p>\n<h2 style=\"text-align: center;\">Abgeschlossene Projekte<\/h2>\n<p>[\/et_pb_text][et_pb_text _builder_version=&#8220;4.26.0&#8243; _module_preset=&#8220;default&#8220; custom_padding=&#8220;0px|||||&#8220; global_colors_info=&#8220;{%22gcid-d40f5d1e-f5d1-4b41-ab11-4faa03a3a11c%22:%91%22text_text_color%22%93}&#8220;]<\/p>\n<h3 style=\"text-align: center;\">Produktzertifizierung<\/h3>\n<p style=\"text-align: justify;\">Im Jahr 2022 begann UAB Sprendim\u0173 laboratorija mit der Umsetzung des Projekts \u201eProduktzertifizierung UAB Srendim\u0173 laboratorija\u201c. Ziel des Unternehmens ist es, mit diesem Projekt die von LABA7 hergestellten Produkte zu zertifizieren, die exportiert werden. Auf diese Weise wird die internationale Pr\u00e4senz von LABA7 und das Exportvolumen des Unternehmens erh\u00f6ht.<\/p>\n<p style=\"text-align: justify;\">Das Projekt wird im Einklang mit den Investitionen aus Mitteln der Europ\u00e4ischen Union in Litauen f\u00fcr die Priorit\u00e4t 3 des Aktionsprogramms 2014-2020 \u201eF\u00f6rderung der Wettbewerbsf\u00e4higkeit kleiner und mittlerer Unternehmen\u201c unter Verwendung des Instruments \u201eExpo-Zertifikat LT\u201c (Nr. 03.2.1) umgesetzt -LVPA-K-802).<\/p>\n<p style=\"text-align: justify;\">F\u00fcr die Umsetzung des Projekts wurde aus dem Europ\u00e4ischen Fonds f\u00fcr regionale Entwicklung ein Betrag von 8990 EUR bereitgestellt. Dieser Betrag deckt 50 Prozent der Projektkosten und tr\u00e4gt damit ma\u00dfgeblich zur F\u00e4higkeit des Unternehmens bei, die Projektziele zu erreichen. Das Projekt soll voraussichtlich bis zum 30. November 2023 umgesetzt werden.<\/p>\n<p>[\/et_pb_text][et_pb_image src=&#8220;https:\/\/laba7.com\/wp-content\/uploads\/2023\/06\/EU-Projects-Logo.webp&#8220; title_text=&#8220;Logo der EU-Projekte&#8220; align=&#8220;center&#8220; _builder_version=&#8220;4.20.4&#8243; _module_preset=&#8220;default&#8220; max_height=&#8220;70px&#8220; custom_padding=&#8220;20px|20px|20px|20px|false|false&#8220; global_colors_info=&#8220;{}&#8220;][\/et_pb_image][\/et_pb_column][\/et_pb_row][\/et_pb_section][et_pb_section fb_built=&#8220;1&#8243; _builder_version=&#8220;4.21.0&#8243; _module_preset=&#8220;default&#8220; background_color=&#8220;#1e1e1e&#8220; width=&#8220;100%&#8220; max_width=&#8220;1600%&#8220; custom_padding=&#8220;2px|0px|2px|0px|false|false&#8220; border_width_top=&#8220;1px&#8220; global_module=&#8220;327854&#8243; saved_tabs=&#8220;all&#8220; global_colors_info=&#8220;{}&#8220;][et_pb_row column_structure=&#8220;1_3,1_3,1_3&#8243; _builder_version=&#8220;4.20.4&#8243; _module_preset=&#8220;default&#8220; width=&#8220;100%&#8220; module_alignment=&#8220;center&#8220; custom_margin=&#8220;0px|0px|0px|0px|false|false&#8220; custom_padding=&#8220;0px|0px|0px|0px|false|false&#8220; global_colors_info=&#8220;{}&#8220;][et_pb_column type=&#8220;1_3&#8243; _builder_version=&#8220;4.20.4&#8243; _module_preset=&#8220;default&#8220; global_colors_info=&#8220;{}&#8220;][et_pb_text _builder_version=&#8220;4.21.0&#8243; _module_preset=&#8220;default&#8220; text_font_size=&#8220;14px&#8220; text_line_height=&#8220;1.3em&#8220; module_alignment=&#8220;center&#8220; custom_margin=&#8220;23px||||false|false&#8220; custom_margin_tablet=&#8220;||0px||false|false&#8220; custom_margin_phone=&#8220;10px||0px||false|false&#8220; custom_margin_last_edited=&#8220;on|phone&#8220; custom_padding=&#8220;||||false|false&#8220; locked=&#8220;off&#8220; global_colors_info=&#8220;{}&#8220;]<\/p>\n<p style=\"text-align: center;\"><strong>Nehmen Sie Kontakt mit uns auf!<\/strong><\/p>\n<p>[\/et_pb_text][\/et_pb_column][et_pb_column type=&#8220;1_3&#8243; _builder_version=&#8220;4.20.4&#8243; _module_preset=&#8220;default&#8220; global_colors_info=&#8220;{}&#8220;][et_pb_text _builder_version=&#8220;4.22.2&#8243; _module_preset=&#8220;default&#8220; text_font_size=&#8220;14px&#8220; text_line_height=&#8220;1.5em&#8220; module_alignment=&#8220;center&#8220; custom_margin=&#8220;10px||10px||false|false&#8220; custom_margin_tablet=&#8220;10px||10px||false|false&#8220; custom_margin_phone=&#8220;0px||0px||false|false&#8220; custom_margin_last_edited=&#8220;on|phone&#8220; custom_padding=&#8220;||||false|false&#8220; locked=&#8220;off&#8220; global_colors_info=&#8220;{}&#8220;]<\/p>\n<p style=\"text-align: center;\">Allgemein: <a href=\"mailto:info@laba7.com\">info@laba7.com<\/a><br \/>Verk\u00e4ufe: <a href=\"mailto:lukas@laba7.com\" target=\"_blank\" rel=\"noopener\">lukas@laba7.com<\/a><\/p>\n<p>[\/et_pb_text][\/et_pb_column][et_pb_column type=&#8220;1_3&#8243; _builder_version=&#8220;4.20.4&#8243; _module_preset=&#8220;default&#8220; global_colors_info=&#8220;{}&#8220;][et_pb_button button_url=&#8220;https:\/\/laba7.com\/de\/kontaktiere-uns\/&#8220; button_text=&#8220;Kontaktiere uns jetzt!&#8220; button_alignment=&#8220;center&#8220; _builder_version=&#8220;4.21.0&#8243; _module_preset=&#8220;default&#8220; custom_button=&#8220;on&#8220; button_text_size=&#8220;16px&#8220; button_text_color=&#8220;#000000&#8243; button_bg_color=&#8220;#FFFFFF&#8220; button_border_width=&#8220;0px&#8220; button_border_radius=&#8220;5px&#8220; button_use_icon=&#8220;off&#8220; custom_margin=&#8220;10px||10px||false|false&#8220; custom_margin_tablet=&#8220;10px||10px||false|false&#8220; custom_margin_phone=&#8220;0px||||false|false&#8220; custom_margin_last_edited=&#8220;on|phone&#8220; custom_padding=&#8220;||||false|false&#8220; global_colors_info=&#8220;{}&#8220;][\/et_pb_button][\/et_pb_column][\/et_pb_row][\/et_pb_section]<\/p>\n","protected":false},"excerpt":{"rendered":"<p>EU-gef\u00f6rderte ProjekteLABA7 widmet sich der Weiterentwicklung moderner und umfassender Designs f\u00fcr Automobiltests. Mit der Unterst\u00fctzung von EU-F\u00f6rdermitteln k\u00f6nnen wir die Umsetzung unserer innovativen Konzepte beschleunigen. Nachfolgend finden Sie eine Auswahl von Projekten, die von der Europ\u00e4ischen Union gef\u00f6rdert werden.Aktuelle ProjekteEntwicklung der Exportm\u00e4rkte von &#8222;LABA7&#8220; Ziel des Projekts ist die Erweiterung der Exportm\u00e4rkte f\u00fcr \u201eLaba7\u201c. Unternehmensaktivit\u00e4ten [&hellip;]<\/p>\n","protected":false},"author":7,"featured_media":0,"parent":0,"menu_order":0,"comment_status":"closed","ping_status":"closed","template":"","meta":{"_acf_changed":false,"_et_pb_use_builder":"on","_et_pb_old_content":"","_et_gb_content_width":"","footnotes":""},"class_list":["post-334787","page","type-page","status-publish","hentry"],"acf":[],"yoast_head":"<!-- This site is optimized with the Yoast SEO plugin v25.3.1 - https:\/\/yoast.com\/wordpress\/plugins\/seo\/ -->\n<title>EU-Projekte - LABA7<\/title>\n<meta name=\"description\" content=\"Mithilfe der EU-Mittel k\u00f6nnen wir unser Ziel, moderne Designs f\u00fcr Automobiltests bereitzustellen, schneller erreichen.\" \/>\n<meta name=\"robots\" content=\"index, follow, max-snippet:-1, max-image-preview:large, max-video-preview:-1\" \/>\n<link rel=\"canonical\" href=\"https:\/\/laba7.com\/de\/eu-projekte\/\" \/>\n<meta property=\"og:locale\" content=\"de_DE\" \/>\n<meta property=\"og:type\" content=\"article\" \/>\n<meta property=\"og:title\" content=\"EU-Projekte\" \/>\n<meta property=\"og:description\" content=\"Mithilfe der EU-Mittel k\u00f6nnen wir unser Ziel, moderne Designs f\u00fcr Automobiltests bereitzustellen, schneller erreichen.\" \/>\n<meta property=\"og:url\" content=\"https:\/\/laba7.com\/de\/eu-projekte\/\" \/>\n<meta property=\"og:site_name\" content=\"LABA7\" \/>\n<meta property=\"article:publisher\" content=\"https:\/\/www.facebook.com\/LabaSeven\/\" \/>\n<meta property=\"article:modified_time\" content=\"2026-03-06T13:04:33+00:00\" \/>\n<meta property=\"og:image\" content=\"https:\/\/laba7.com\/wp-content\/uploads\/2023\/07\/Laba7-logo-square-black-300x300.png\" \/>\n<!-- \/ Yoast SEO plugin. -->","yoast_head_json":{"title":"EU-Projekte - LABA7","description":"Mithilfe der EU-Mittel k\u00f6nnen wir unser Ziel, moderne Designs f\u00fcr Automobiltests bereitzustellen, schneller erreichen.","robots":{"index":"index","follow":"follow","max-snippet":"max-snippet:-1","max-image-preview":"max-image-preview:large","max-video-preview":"max-video-preview:-1"},"canonical":"https:\/\/laba7.com\/de\/eu-projekte\/","og_locale":"de_DE","og_type":"article","og_title":"EU-Projekte","og_description":"Mithilfe der EU-Mittel k\u00f6nnen wir unser Ziel, moderne Designs f\u00fcr Automobiltests bereitzustellen, schneller erreichen.","og_url":"https:\/\/laba7.com\/de\/eu-projekte\/","og_site_name":"LABA7","article_publisher":"https:\/\/www.facebook.com\/LabaSeven\/","article_modified_time":"2026-03-06T13:04:33+00:00","og_image":[{"url":"https:\/\/laba7.com\/wp-content\/uploads\/2023\/07\/Laba7-logo-square-black-300x300.png","type":"","width":"","height":""}],"schema":{"@context":"https:\/\/schema.org","@graph":false}},"_links":{"self":[{"href":"https:\/\/laba7.com\/de\/wp-json\/wp\/v2\/pages\/334787","targetHints":{"allow":["GET"]}}],"collection":[{"href":"https:\/\/laba7.com\/de\/wp-json\/wp\/v2\/pages"}],"about":[{"href":"https:\/\/laba7.com\/de\/wp-json\/wp\/v2\/types\/page"}],"author":[{"embeddable":true,"href":"https:\/\/laba7.com\/de\/wp-json\/wp\/v2\/users\/7"}],"replies":[{"embeddable":true,"href":"https:\/\/laba7.com\/de\/wp-json\/wp\/v2\/comments?post=334787"}],"version-history":[{"count":19,"href":"https:\/\/laba7.com\/de\/wp-json\/wp\/v2\/pages\/334787\/revisions"}],"predecessor-version":[{"id":342019,"href":"https:\/\/laba7.com\/de\/wp-json\/wp\/v2\/pages\/334787\/revisions\/342019"}],"wp:attachment":[{"href":"https:\/\/laba7.com\/de\/wp-json\/wp\/v2\/media?parent=334787"}],"curies":[{"name":"wp","href":"https:\/\/api.w.org\/{rel}","templated":true}]}}