{"id":334784,"date":"2023-05-22T07:43:07","date_gmt":"2023-05-22T07:43:07","guid":{"rendered":"https:\/\/laba7.com\/kontaktiere-uns\/"},"modified":"2025-07-23T11:53:40","modified_gmt":"2025-07-23T11:53:40","slug":"kontaktiere-uns","status":"publish","type":"page","link":"https:\/\/laba7.com\/de\/kontaktiere-uns\/","title":{"rendered":"Kontaktiere uns"},"content":{"rendered":"<p>[et_pb_section fb_built=&#8220;1&#8243; _builder_version=&#8220;4.21.0&#8243; _module_preset=&#8220;default&#8220; custom_margin=&#8220;||100px||false|false&#8220; custom_padding=&#8220;100px|0px|0px|0px|false|false&#8220; global_colors_info=&#8220;{}&#8220;][et_pb_row _builder_version=&#8220;4.21.0&#8243; _module_preset=&#8220;default&#8220; max_width=&#8220;1100px&#8220; global_colors_info=&#8220;{}&#8220;][et_pb_column type=&#8220;4_4&#8243; _builder_version=&#8220;4.21.0&#8243; _module_preset=&#8220;default&#8220; global_colors_info=&#8220;{}&#8220;][et_pb_text _builder_version=&#8220;4.21.0&#8243; _module_preset=&#8220;default&#8220; header_font=&#8220;Roboto||||||||&#8220; header_text_align=&#8220;center&#8220; header_text_color=&#8220;#FFFFFF&#8220; header_letter_spacing=&#8220;1px&#8220; global_colors_info=&#8220;{}&#8220;]<\/p>\n<h1 style=\"text-align: center;\">Kontaktiere uns!<\/h1>\n<p>[\/et_pb_text][et_pb_text _builder_version=&#8220;4.26.0&#8243; _module_preset=&#8220;default&#8220; global_colors_info=&#8220;{}&#8220;]<\/p>\n<p style=\"text-align: center;\">Ben\u00f6tigen Sie Hilfe bei der Auswahl des richtigen LABA7-Systems? Haben Sie Fragen zu Preisen und Lieferzeiten oder ben\u00f6tigen Sie individuelle L\u00f6sungen? <\/p>\n<p style=\"text-align: center;\">Unser Team steht Ihnen mit fachkundiger Beratung, schnellen Reaktionen und klaren Antworten zur Seite \u2013 damit Sie sich weiterhin auf die Leistung konzentrieren k\u00f6nnen.<\/p>\n<p>[\/et_pb_text][\/et_pb_column][\/et_pb_row][et_pb_row column_structure=&#8220;2_3,1_3&#8243; use_custom_gutter=&#8220;on&#8220; gutter_width=&#8220;2&#8243; make_equal=&#8220;on&#8220; _builder_version=&#8220;4.26.0&#8243; _module_preset=&#8220;default&#8220; module_alignment=&#8220;center&#8220; custom_margin=&#8220;||||false|false&#8220; custom_padding=&#8220;20px|20px|20px|20px|false|false&#8220; global_colors_info=&#8220;{}&#8220;][et_pb_column type=&#8220;2_3&#8243; _builder_version=&#8220;4.20.4&#8243; _module_preset=&#8220;default&#8220; background_color=&#8220;#191919&#8243; background_color_gradient_direction=&#8220;187deg&#8220; custom_padding=&#8220;20px|20px|20px|20px|false|false&#8220; border_radii=&#8220;on|5px|5px|5px|5px&#8220; border_width_all=&#8220;1px&#8220; border_color_all=&#8220;#1e1e1e&#8220; global_colors_info=&#8220;{}&#8220;][et_pb_text _builder_version=&#8220;4.21.0&#8243; _module_preset=&#8220;default&#8220; header_text_align=&#8220;center&#8220; header_text_color=&#8220;#FFFFFF&#8220; global_colors_info=&#8220;{}&#8220;]<\/p>\n<h2 style=\"text-align: center;\">F\u00fcllen Sie dieses Formular aus:<\/h2>\n<p>[\/et_pb_text][et_pb_code _builder_version=&#8220;4.26.0&#8243; _module_preset=&#8220;default&#8220; hover_enabled=&#8220;0&#8243; global_colors_info=&#8220;{}&#8220; sticky_enabled=&#8220;0&#8243;]\n<div class=\"wpcf7 no-js\" id=\"wpcf7-f337661-o1\" lang=\"de-DE\" dir=\"ltr\" data-wpcf7-id=\"337661\">\n<div class=\"screen-reader-response\"><p role=\"status\" aria-live=\"polite\" aria-atomic=\"true\"><\/p> <ul><\/ul><\/div>\n<form action=\"\/de\/wp-json\/wp\/v2\/pages\/334784#wpcf7-f337661-o1\" method=\"post\" class=\"wpcf7-form init\" aria-label=\"Kontaktformular\" novalidate=\"novalidate\" data-status=\"init\">\n<fieldset class=\"hidden-fields-container\"><input type=\"hidden\" name=\"_wpcf7\" value=\"337661\" \/><input type=\"hidden\" name=\"_wpcf7_version\" value=\"6.1\" \/><input type=\"hidden\" name=\"_wpcf7_locale\" value=\"de_DE\" \/><input type=\"hidden\" name=\"_wpcf7_unit_tag\" value=\"wpcf7-f337661-o1\" \/><input type=\"hidden\" name=\"_wpcf7_container_post\" value=\"0\" \/><input type=\"hidden\" name=\"_wpcf7_posted_data_hash\" value=\"\" \/><input type=\"hidden\" name=\"_wpcf7_recaptcha_response\" value=\"\" \/>\n<\/fieldset>\n<div class=\"laba7-contact-form\">\n\t<div class=\"form-simple-fields\">\n\t\t<div class=\"simple-field\">\n\t\t\t<p><span class=\"wpcf7-form-control-wrap\" data-name=\"sender-name\"><input size=\"40\" maxlength=\"400\" class=\"wpcf7-form-control wpcf7-text wpcf7-validates-as-required\" autocomplete=\"name\" aria-required=\"true\" aria-invalid=\"false\" placeholder=\"Name\" value=\"\" type=\"text\" name=\"sender-name\" \/><\/span>\n\t\t\t<\/p>\n\t\t<\/div>\n\t\t<div class=\"simple-field\">\n\t\t\t<p><span class=\"wpcf7-form-control-wrap\" data-name=\"sender-email\"><input size=\"40\" maxlength=\"400\" class=\"wpcf7-form-control wpcf7-email wpcf7-validates-as-required wpcf7-text wpcf7-validates-as-email\" autocomplete=\"email\" aria-required=\"true\" aria-invalid=\"false\" placeholder=\"E-Mail Adresse\" value=\"\" type=\"email\" name=\"sender-email\" \/><\/span>\n\t\t\t<\/p>\n\t\t<\/div>\n\t\t<div class=\"simple-field\">\n\t\t\t<p><span class=\"wpcf7-form-control-wrap sender-phone\" data-name=\"sender-phone\"><input class=\"wpcf7-form-control wpcf7-intl_tel wpcf7-validates-as-required wpcf7-intl-tel\" aria-required=\"true\" aria-invalid=\"false\" placeholder=\"Telefonnummer\" data-initialcountry=\"de\" data-preferredcountries=\"de-us-gb-fr\" value=\"\" type=\"tel\" name=\"sender-phone-cf7it-national\" \/><input name=\"sender-phone\" type=\"hidden\" class=\"wpcf7-intl-tel-full\" \/><input type=\"hidden\" name=\"sender-phone-cf7it-country-name\" class=\"wpcf7-intl-tel-country-name\" \/><input type=\"hidden\" name=\"sender-phone-cf7it-country-code\" class=\"wpcf7-intl-tel-country-code\" \/><input type=\"hidden\" name=\"sender-phone-cf7it-country-iso2\" class=\"wpcf7-intl-tel-country-iso2\" \/><\/span>\n\t\t\t<\/p>\n\t\t<\/div>\n\t\t<div class=\"simple-field\">\n\t\t\t<p><span class=\"wpcf7-form-control-wrap\" data-name=\"sender-company\"><input size=\"40\" maxlength=\"400\" class=\"wpcf7-form-control wpcf7-text wpcf7-validates-as-required\" aria-required=\"true\" aria-invalid=\"false\" placeholder=\"Firmenname\" value=\"\" type=\"text\" name=\"sender-company\" \/><\/span>\n\t\t\t<\/p>\n\t\t<\/div>\n\t\t<div class=\"simple-field\">\n\t\t\t<p><span class=\"wpcf7-form-control-wrap\" data-name=\"sender-industry\"><select class=\"wpcf7-form-control wpcf7-select wpcf7-validates-as-required\" id=\"industry\" aria-required=\"true\" aria-invalid=\"false\" name=\"sender-industry\"><option value=\"\">Branche w\u00e4hlen<\/option><option value=\"Automobilindustrie\">Automobilindustrie<\/option><option value=\"Motorrad\">Motorrad<\/option><option value=\"MTB\">MTB<\/option><option value=\"Andere\">Andere<\/option><\/select><\/span>\n\t\t\t<\/p>\n\t\t<\/div>\n\t\t<div class=\"simple-field\">\n\t\t\t<p><span class=\"wpcf7-form-control-wrap\" data-name=\"sender-category\"><select class=\"wpcf7-form-control wpcf7-select wpcf7-validates-as-required\" aria-required=\"true\" aria-invalid=\"false\" name=\"sender-category\"><option value=\"\">Produktgruppe ausw\u00e4hlen<\/option><option value=\"Sto\u00dfd\u00e4mpfer-Pr\u00fcfstand\">Sto\u00dfd\u00e4mpfer-Pr\u00fcfstand<\/option><option value=\"Vakuumentl\u00fcftungspumpe\">Vakuumentl\u00fcftungspumpe<\/option><option value=\"Federrate-Tester\">Federrate-Tester<\/option><option value=\"Waagen f\u00fcr Rennwagen\">Waagen f\u00fcr Rennwagen<\/option><option value=\"Adapter und Zubeh\u00f6r\">Adapter und Zubeh\u00f6r<\/option><option value=\"Werkzeuge f\u00fcr die Aufh\u00e4ngung\">Werkzeuge f\u00fcr die Aufh\u00e4ngung<\/option><\/select><\/span>\n\t\t\t<\/p>\n\t\t<\/div>\n\t<\/div>\n\t<div class=\"form-message-field\">\n\t\t<p><span class=\"wpcf7-form-control-wrap\" data-name=\"sender-message\"><textarea cols=\"40\" rows=\"10\" maxlength=\"2000\" class=\"wpcf7-form-control wpcf7-textarea wpcf7-validates-as-required\" aria-required=\"true\" aria-invalid=\"false\" placeholder=\"Ihre Nachricht\" name=\"sender-message\"><\/textarea><\/span>\n\t\t<\/p>\n\t<\/div>\n\t<div style=\"display:none;\">\n\t\t<p><span class=\"wpcf7-form-control-wrap\" data-name=\"laba7\"><input size=\"40\" maxlength=\"400\" class=\"wpcf7-form-control wpcf7-text js-laba7-fill\" aria-invalid=\"false\" value=\"\" type=\"text\" name=\"laba7\" \/><\/span>\n\t\t<\/p>\n\t<\/div>\n\t<div class=\"form-submit-wrapper\">\n\t\t<div class=\"form-acceptance\">\n\t\t\t<p><span class=\"wpcf7-form-control-wrap\" data-name=\"sender-privacy-policy\"><span class=\"wpcf7-form-control wpcf7-acceptance\"><span class=\"wpcf7-list-item\"><label><input type=\"checkbox\" name=\"sender-privacy-policy\" value=\"1\" aria-invalid=\"false\" \/><span class=\"wpcf7-list-item-label\">Ich bin mit den <a href=\"https:\/\/laba7.com\/privacy-policy\/\">LABA7 Datenschutzbestimmungen einverstanden<\/a><\/span><\/label><\/span><\/span><\/span>\n\t\t\t<\/p>\n\t\t<\/div>\n\t\t<div class=\"form-submit\">\n\t\t\t<p><input class=\"wpcf7-form-control wpcf7-submit has-spinner button\" type=\"submit\" value=\"Senden\" \/>\n\t\t\t<\/p>\n\t\t<\/div>\n\t<\/div>\n<div class=\"wpcf7-response-output\" aria-hidden=\"true\"><\/div>\n\t<div class=\"form-details-wrapper\">\n\t\t<p>Diese Website ist durch reCAPTCHA gesch\u00fctzt und es gelten die <a href=\"https:\/\/policies.google.com\/privacy\">Google-Datenschutzrichtlinie<\/a> und <a href=\"https:\/\/policies.google.com\/terms\">Nutzungsbedingungen<\/a>.\n\t\t<\/p>\n\t<\/div>\n<\/div>\n<\/form>\n<\/div>\n[\/et_pb_code][\/et_pb_column][et_pb_column type=&#8220;1_3&#8243; _builder_version=&#8220;4.26.0&#8243; _module_preset=&#8220;default&#8220; background_color=&#8220;#191919&#8243; custom_padding=&#8220;20px|20px|20px|20px|false|false&#8220; custom_css_main_element=&#8220;align-self: center;&#8220; border_radii=&#8220;on|5px|5px|5px|5px&#8220; border_width_all=&#8220;1px&#8220; border_color_all=&#8220;#1e1e1e&#8220; global_colors_info=&#8220;{}&#8220;][et_pb_text content_tablet=&#8220;<\/p>\n<p style=%22text-align: center;%22>\n<h3 style=%22text-align: center;%22>Adresse des Hauptsitzes<\/h3>\n<p style=%22text-align: center;%22>LABA7, UAB<br \/>Gilu\u017eio-Stra\u00dfe 15<br \/>LT-06239, Vilnius, Litauen <\/p>\n<p style=%22text-align: center;%22>\n<h3 style=%22text-align: center;%22>Allgemeine Anfragen<a href=%22mailto:info@laba7.com%22><\/a><\/h3>\n<p style=%22text-align: center;%22>Montag-Freitag<\/p>\n<p style=%22text-align: center;%22><a href=%22mailto:info@laba7.com%22>info@laba7.com<\/a><\/p>\n<p style=%22text-align: center;%22><a href=%22tel:+37062199469%22>+370 621 99 469<\/a><\/p>\n<p style=%22text-align: center;%22>\n<h3 style=%22text-align: center;%22>Technische Unterst\u00fctzung<\/h3>\n<p style=%22text-align: center;%22><a href=%22mailto:support@laba7.com%22>support@laba7.com<\/a><\/p>\n<p style=%22text-align: center;%22>WhatsApp: <a href=%22tel:+37065715336%22>+370 657 15 336<\/a><\/p>\n<p style=%22text-align: center;%22>&#8220; content_phone=&#8220;<\/p>\n<p style=%22text-align: center;%22>\n<h3 style=%22text-align: center;%22>Adresse des Hauptsitzes<\/h3>\n<p style=%22text-align: center;%22>LABA7, UAB<br \/>Gilu\u017eio-Stra\u00dfe 15<br \/>LT-06239, Vilnius, Litauen <\/p>\n<p style=%22text-align: center;%22>\n<h3 style=%22text-align: center;%22>Allgemeine Anfragen<a href=%22mailto:info@laba7.com%22><\/a><\/h3>\n<p style=%22text-align: center;%22>Montag-Freitag<\/p>\n<p style=%22text-align: center;%22><a href=%22mailto:info@laba7.com%22>info@laba7.com<\/a><\/p>\n<p style=%22text-align: center;%22><a href=%22tel:+37062199469%22>+370 621 99 469<\/a><\/p>\n<p style=%22text-align: center;%22>\n<h3 style=%22text-align: center;%22>Technische Unterst\u00fctzung<\/h3>\n<p style=%22text-align: center;%22><a href=%22mailto:support@laba7.com%22>support@laba7.com<\/a><\/p>\n<p style=%22text-align: center;%22>WhatsApp: <a href=%22tel:+37065715336%22>+370 657 15 336<\/a><\/p>\n<p style=%22text-align: center;%22>&#8220; content_last_edited=&#8220;on|phone&#8220; _builder_version=&#8220;4.26.0&#8243; _module_preset=&#8220;default&#8220; text_text_color=&#8220;gcid-d40f5d1e-f5d1-4b41-ab11-4faa03a3a11c&#8220; header_3_font=&#8220;Roboto|500|||||||&#8220; background_layout=&#8220;dark&#8220; custom_margin=&#8220;||50px||false|false&#8220; custom_padding=&#8220;||||false|false&#8220; locked=&#8220;off&#8220; global_colors_info=&#8220;{%22gcid-d40f5d1e-f5d1-4b41-ab11-4faa03a3a11c%22:%91%22text_text_color%22%93}&#8220;]<\/p>\n<h3>Adresse des Hauptsitzes<\/h3>\n<p>LABA7, UAB<br \/>Gilu\u017eio-Stra\u00dfe 15<br \/>LT-06239, Vilnius, Litauen <\/p>\n<p>&nbsp;<\/p>\n<h3>Allgemeine Anfragen<a href=\"mailto:info@laba7.com\"><\/a><\/h3>\n<p>Montag-Freitag<br \/><a href=\"mailto:info@laba7.com\">info@laba7.com<\/a><br \/><a href=\"tel:+37062199469\">+370 621 99 469<\/a><\/p>\n<p>&nbsp;<\/p>\n<h3>Technische Unterst\u00fctzung<\/h3>\n<p><a href=\"mailto:support@laba7.com\">support@laba7.com<\/a><br \/>WhatsApp: <a href=\"tel:+37065715336\">+370 657 15 336<\/a><\/p>\n<p>[\/et_pb_text][\/et_pb_column][\/et_pb_row][\/et_pb_section]<\/p>\n","protected":false},"excerpt":{"rendered":"<p>Kontaktiere uns!Ben\u00f6tigen Sie Hilfe bei der Auswahl des richtigen LABA7-Systems? Haben Sie Fragen zu Preisen und Lieferzeiten oder ben\u00f6tigen Sie individuelle L\u00f6sungen? Unser Team steht Ihnen mit fachkundiger Beratung, schnellen Reaktionen und klaren Antworten zur Seite \u2013 damit Sie sich weiterhin auf die Leistung konzentrieren k\u00f6nnen.F\u00fcllen Sie dieses Formular aus:\n<div class=\"wpcf7 no-js\" id=\"wpcf7-f337661-o2\" lang=\"de-DE\" dir=\"ltr\" data-wpcf7-id=\"337661\">\n<div class=\"screen-reader-response\"><p role=\"status\" aria-live=\"polite\" aria-atomic=\"true\"><\/p> <ul><\/ul><\/div>\n<form action=\"\/de\/wp-json\/wp\/v2\/pages\/334784#wpcf7-f337661-o2\" method=\"post\" class=\"wpcf7-form init\" aria-label=\"Kontaktformular\" novalidate=\"novalidate\" data-status=\"init\">\n<fieldset class=\"hidden-fields-container\"><input type=\"hidden\" name=\"_wpcf7\" value=\"337661\" \/><input type=\"hidden\" name=\"_wpcf7_version\" value=\"6.1\" \/><input type=\"hidden\" name=\"_wpcf7_locale\" value=\"de_DE\" \/><input type=\"hidden\" name=\"_wpcf7_unit_tag\" value=\"wpcf7-f337661-o2\" \/><input type=\"hidden\" name=\"_wpcf7_container_post\" value=\"0\" \/><input type=\"hidden\" name=\"_wpcf7_posted_data_hash\" value=\"\" \/><input type=\"hidden\" name=\"_wpcf7_recaptcha_response\" value=\"\" \/>\n<\/fieldset>\n<div class=\"laba7-contact-form\">\n\t<div class=\"form-simple-fields\">\n\t\t<div class=\"simple-field\">\n\t\t\t<p><span class=\"wpcf7-form-control-wrap\" data-name=\"sender-name\"><input size=\"40\" maxlength=\"400\" class=\"wpcf7-form-control wpcf7-text wpcf7-validates-as-required\" autocomplete=\"name\" aria-required=\"true\" aria-invalid=\"false\" placeholder=\"Name\" value=\"\" type=\"text\" name=\"sender-name\" \/><\/span>\n\t\t\t<\/p>\n\t\t<\/div>\n\t\t<div class=\"simple-field\">\n\t\t\t<p><span class=\"wpcf7-form-control-wrap\" data-name=\"sender-email\"><input size=\"40\" maxlength=\"400\" class=\"wpcf7-form-control wpcf7-email wpcf7-validates-as-required wpcf7-text wpcf7-validates-as-email\" autocomplete=\"email\" aria-required=\"true\" aria-invalid=\"false\" placeholder=\"E-Mail Adresse\" value=\"\" type=\"email\" name=\"sender-email\" \/><\/span>\n\t\t\t<\/p>\n\t\t<\/div>\n\t\t<div class=\"simple-field\">\n\t\t\t<p><span class=\"wpcf7-form-control-wrap sender-phone\" data-name=\"sender-phone\"><input class=\"wpcf7-form-control wpcf7-intl_tel wpcf7-validates-as-required wpcf7-intl-tel\" aria-required=\"true\" aria-invalid=\"false\" placeholder=\"Telefonnummer\" data-initialcountry=\"de\" data-preferredcountries=\"de-us-gb-fr\" value=\"\" type=\"tel\" name=\"sender-phone-cf7it-national\" \/><input name=\"sender-phone\" type=\"hidden\" class=\"wpcf7-intl-tel-full\" \/><input type=\"hidden\" name=\"sender-phone-cf7it-country-name\" class=\"wpcf7-intl-tel-country-name\" \/><input type=\"hidden\" name=\"sender-phone-cf7it-country-code\" class=\"wpcf7-intl-tel-country-code\" \/><input type=\"hidden\" name=\"sender-phone-cf7it-country-iso2\" class=\"wpcf7-intl-tel-country-iso2\" \/><\/span>\n\t\t\t<\/p>\n\t\t<\/div>\n\t\t<div class=\"simple-field\">\n\t\t\t<p><span class=\"wpcf7-form-control-wrap\" data-name=\"sender-company\"><input size=\"40\" maxlength=\"400\" class=\"wpcf7-form-control wpcf7-text wpcf7-validates-as-required\" aria-required=\"true\" aria-invalid=\"false\" placeholder=\"Firmenname\" value=\"\" type=\"text\" name=\"sender-company\" \/><\/span>\n\t\t\t<\/p>\n\t\t<\/div>\n\t\t<div class=\"simple-field\">\n\t\t\t<p><span class=\"wpcf7-form-control-wrap\" data-name=\"sender-industry\"><select class=\"wpcf7-form-control wpcf7-select wpcf7-validates-as-required\" aria-required=\"true\" aria-invalid=\"false\" name=\"sender-industry\"><option value=\"\">Branche w\u00e4hlen<\/option><option value=\"Automobilindustrie\">Automobilindustrie<\/option><option value=\"Motorrad\">Motorrad<\/option><option value=\"MTB\">MTB<\/option><option value=\"Andere\">Andere<\/option><\/select><\/span>\n\t\t\t<\/p>\n\t\t<\/div>\n\t\t<div class=\"simple-field\">\n\t\t\t<p><span class=\"wpcf7-form-control-wrap\" data-name=\"sender-category\"><select class=\"wpcf7-form-control wpcf7-select wpcf7-validates-as-required\" aria-required=\"true\" aria-invalid=\"false\" name=\"sender-category\"><option value=\"\">Produktgruppe ausw\u00e4hlen<\/option><option value=\"Sto\u00dfd\u00e4mpfer-Pr\u00fcfstand\">Sto\u00dfd\u00e4mpfer-Pr\u00fcfstand<\/option><option value=\"Vakuumentl\u00fcftungspumpe\">Vakuumentl\u00fcftungspumpe<\/option><option value=\"Federrate-Tester\">Federrate-Tester<\/option><option value=\"Waagen f\u00fcr Rennwagen\">Waagen f\u00fcr Rennwagen<\/option><option value=\"Adapter und Zubeh\u00f6r\">Adapter und Zubeh\u00f6r<\/option><option value=\"Werkzeuge f\u00fcr die Aufh\u00e4ngung\">Werkzeuge f\u00fcr die Aufh\u00e4ngung<\/option><\/select><\/span>\n\t\t\t<\/p>\n\t\t<\/div>\n\t<\/div>\n\t<div class=\"form-message-field\">\n\t\t<p><span class=\"wpcf7-form-control-wrap\" data-name=\"sender-message\"><textarea cols=\"40\" rows=\"10\" maxlength=\"2000\" class=\"wpcf7-form-control wpcf7-textarea wpcf7-validates-as-required\" aria-required=\"true\" aria-invalid=\"false\" placeholder=\"Ihre Nachricht\" name=\"sender-message\"><\/textarea><\/span>\n\t\t<\/p>\n\t<\/div>\n\t<div style=\"display:none;\">\n\t\t<p><span class=\"wpcf7-form-control-wrap\" data-name=\"laba7\"><input size=\"40\" maxlength=\"400\" class=\"wpcf7-form-control wpcf7-text js-laba7-fill\" aria-invalid=\"false\" value=\"\" type=\"text\" name=\"laba7\" \/><\/span>\n\t\t<\/p>\n\t<\/div>\n\t<div class=\"form-submit-wrapper\">\n\t\t<div class=\"form-acceptance\">\n\t\t\t<p><span class=\"wpcf7-form-control-wrap\" data-name=\"sender-privacy-policy\"><span class=\"wpcf7-form-control wpcf7-acceptance\"><span class=\"wpcf7-list-item\"><label><input type=\"checkbox\" name=\"sender-privacy-policy\" value=\"1\" aria-invalid=\"false\" \/><span class=\"wpcf7-list-item-label\">Ich bin mit den <a href=\"https:\/\/laba7.com\/privacy-policy\/\">LABA7 Datenschutzbestimmungen einverstanden<\/a><\/span><\/label><\/span><\/span><\/span>\n\t\t\t<\/p>\n\t\t<\/div>\n\t\t<div class=\"form-submit\">\n\t\t\t<p><input class=\"wpcf7-form-control wpcf7-submit has-spinner button\" type=\"submit\" value=\"Senden\" \/>\n\t\t\t<\/p>\n\t\t<\/div>\n\t<\/div>\n<div class=\"wpcf7-response-output\" aria-hidden=\"true\"><\/div>\n\t<div class=\"form-details-wrapper\">\n\t\t<p>Diese Website ist durch reCAPTCHA gesch\u00fctzt und es gelten die <a href=\"https:\/\/policies.google.com\/privacy\">Google-Datenschutzrichtlinie<\/a> und <a href=\"https:\/\/policies.google.com\/terms\">Nutzungsbedingungen<\/a>.\n\t\t<\/p>\n\t<\/div>\n<\/div>\n<\/form>\n<\/div>\nAdresse [&hellip;]<\/p>\n","protected":false},"author":7,"featured_media":331073,"parent":0,"menu_order":0,"comment_status":"closed","ping_status":"closed","template":"","meta":{"_acf_changed":false,"_et_pb_use_builder":"on","_et_pb_old_content":"","_et_gb_content_width":"","footnotes":""},"class_list":["post-334784","page","type-page","status-publish","has-post-thumbnail","hentry"],"acf":[],"yoast_head":"<!-- This site is optimized with the Yoast SEO plugin v25.3.1 - https:\/\/yoast.com\/wordpress\/plugins\/seo\/ -->\n<title>LABA7 Kontakt \u2013 Telefon, E-Mail oder Formular<\/title>\n<meta name=\"description\" content=\"Ob Produktberatung, passende L\u00f6sungen oder Medienanfragen \u2013 das LABA7-Team ist f\u00fcr Sie da und unterst\u00fctzt Sie gerne pers\u00f6nlich.\" \/>\n<meta name=\"robots\" content=\"index, follow, max-snippet:-1, max-image-preview:large, max-video-preview:-1\" \/>\n<link rel=\"canonical\" href=\"https:\/\/laba7.com\/de\/kontaktiere-uns\/\" \/>\n<meta property=\"og:locale\" content=\"de_DE\" \/>\n<meta property=\"og:type\" content=\"article\" \/>\n<meta property=\"og:title\" content=\"Kontaktieren Sie uns \u2013 Kontaktieren Sie uns per Telefon, E-Mail oder Formular.\" \/>\n<meta property=\"og:description\" content=\"Egal, ob Sie an LABA7-Produkten interessiert sind, sich fragen, welche am besten zu Ihren Bed\u00fcrfnissen passen, oder Medienanfragen haben \u2013 wir helfen Ihnen gerne weiter.\" \/>\n<meta property=\"og:url\" content=\"https:\/\/laba7.com\/de\/kontaktiere-uns\/\" \/>\n<meta property=\"og:site_name\" content=\"LABA7\" \/>\n<meta property=\"article:publisher\" content=\"https:\/\/www.facebook.com\/LabaSeven\/\" \/>\n<meta property=\"article:modified_time\" content=\"2025-07-23T11:53:40+00:00\" \/>\n<meta property=\"og:image\" content=\"https:\/\/laba7.com\/wp-content\/uploads\/2023\/07\/cropped-logo-7.webp\" \/>\n\t<meta property=\"og:image:width\" content=\"512\" \/>\n\t<meta property=\"og:image:height\" content=\"512\" \/>\n\t<meta property=\"og:image:type\" content=\"image\/webp\" \/>\n<!-- \/ Yoast SEO plugin. -->","yoast_head_json":{"title":"LABA7 Kontakt \u2013 Telefon, E-Mail oder Formular","description":"Ob Produktberatung, passende L\u00f6sungen oder Medienanfragen \u2013 das LABA7-Team ist f\u00fcr Sie da und unterst\u00fctzt Sie gerne pers\u00f6nlich.","robots":{"index":"index","follow":"follow","max-snippet":"max-snippet:-1","max-image-preview":"max-image-preview:large","max-video-preview":"max-video-preview:-1"},"canonical":"https:\/\/laba7.com\/de\/kontaktiere-uns\/","og_locale":"de_DE","og_type":"article","og_title":"Kontaktieren Sie uns \u2013 Kontaktieren Sie uns per Telefon, E-Mail oder Formular.","og_description":"Egal, ob Sie an LABA7-Produkten interessiert sind, sich fragen, welche am besten zu Ihren Bed\u00fcrfnissen passen, oder Medienanfragen haben \u2013 wir helfen Ihnen gerne weiter.","og_url":"https:\/\/laba7.com\/de\/kontaktiere-uns\/","og_site_name":"LABA7","article_publisher":"https:\/\/www.facebook.com\/LabaSeven\/","article_modified_time":"2025-07-23T11:53:40+00:00","og_image":[{"width":512,"height":512,"url":"https:\/\/laba7.com\/wp-content\/uploads\/2023\/07\/cropped-logo-7.webp","type":"image\/webp"}],"schema":{"@context":"https:\/\/schema.org","@graph":false}},"_links":{"self":[{"href":"https:\/\/laba7.com\/de\/wp-json\/wp\/v2\/pages\/334784","targetHints":{"allow":["GET"]}}],"collection":[{"href":"https:\/\/laba7.com\/de\/wp-json\/wp\/v2\/pages"}],"about":[{"href":"https:\/\/laba7.com\/de\/wp-json\/wp\/v2\/types\/page"}],"author":[{"embeddable":true,"href":"https:\/\/laba7.com\/de\/wp-json\/wp\/v2\/users\/7"}],"replies":[{"embeddable":true,"href":"https:\/\/laba7.com\/de\/wp-json\/wp\/v2\/comments?post=334784"}],"version-history":[{"count":29,"href":"https:\/\/laba7.com\/de\/wp-json\/wp\/v2\/pages\/334784\/revisions"}],"predecessor-version":[{"id":340473,"href":"https:\/\/laba7.com\/de\/wp-json\/wp\/v2\/pages\/334784\/revisions\/340473"}],"wp:featuredmedia":[{"embeddable":true,"href":"https:\/\/laba7.com\/de\/wp-json\/wp\/v2\/media\/331073"}],"wp:attachment":[{"href":"https:\/\/laba7.com\/de\/wp-json\/wp\/v2\/media?parent=334784"}],"curies":[{"name":"wp","href":"https:\/\/api.w.org\/{rel}","templated":true}]}}