{"id":334691,"date":"2023-12-19T09:23:57","date_gmt":"2023-12-19T09:23:57","guid":{"rendered":"https:\/\/laba7.com\/rennwagenwaagen-zubehor\/"},"modified":"2025-09-19T08:30:53","modified_gmt":"2025-09-19T08:30:53","slug":"rennwagenwaagen-zubehor","status":"publish","type":"page","link":"https:\/\/laba7.com\/de\/produkte\/rennwagenwaagen-zubehor\/","title":{"rendered":"Zubeh\u00f6r f\u00fcr Rennwagenwaagen"},"content":{"rendered":"<p>[et_pb_section fb_built=&#8220;1&#8243; admin_label=&#8220;Header&#8220; _builder_version=&#8220;4.23.1&#8243; _module_preset=&#8220;default&#8220; background_color=&#8220;#000000&#8243; background_enable_image=&#8220;off&#8220; background_size=&#8220;contain&#8220; background_position=&#8220;bottom_center&#8220; background_vertical_offset=&#8220;-40%&#8220; min_height=&#8220;500px&#8220; height_last_edited=&#8220;off|phone&#8220; custom_margin=&#8220;0px||0px||false|false&#8220; custom_padding=&#8220;||||false|false&#8220; bottom_divider_style=&#8220;arrow3&#8243; bottom_divider_color=&#8220;#303030&#8243; bottom_divider_height=&#8220;43px&#8220; locked=&#8220;off&#8220; global_colors_info=&#8220;{}&#8220;][et_pb_row _builder_version=&#8220;4.23.1&#8243; _module_preset=&#8220;default&#8220; width=&#8220;100%&#8220; max_width=&#8220;1100px&#8220; custom_padding=&#8220;100px||||false|false&#8220; global_colors_info=&#8220;{}&#8220;][et_pb_column type=&#8220;4_4&#8243; _builder_version=&#8220;4.20.4&#8243; _module_preset=&#8220;default&#8220; global_colors_info=&#8220;{}&#8220;][et_pb_text _builder_version=&#8220;4.23.1&#8243; _module_preset=&#8220;default&#8220; header_text_align=&#8220;center&#8220; header_text_color=&#8220;#FFFFFF&#8220; header_font_size=&#8220;50px&#8220; text_orientation=&#8220;center&#8220; background_layout=&#8220;dark&#8220; custom_margin=&#8220;||||false|false&#8220; header_text_shadow_style=&#8220;preset1&#8243; global_colors_info=&#8220;{}&#8220;]<\/p>\n<h1 style=\"text-align: center;\">Zubeh\u00f6r f\u00fcr Rennwagenwaagen<\/h1>\n<p>[\/et_pb_text][et_pb_text _builder_version=&#8220;4.23.1&#8243; _module_preset=&#8220;default&#8220; text_text_color=&#8220;gcid-d40f5d1e-f5d1-4b41-ab11-4faa03a3a11c&#8220; custom_padding=&#8220;||30px||false|false&#8220; text_text_shadow_style=&#8220;preset3&#8243; global_colors_info=&#8220;{%22gcid-d40f5d1e-f5d1-4b41-ab11-4faa03a3a11c%22:%91%22text_text_color%22%93}&#8220;]<\/p>\n<p style=\"text-align: center;\"><span>LABA7 bietet Rennwagenwaagen-Zubeh\u00f6r, das den Wiegevorgang noch einfacher macht. Dieses Zubeh\u00f6r erg\u00e4nzt unsere Rennwaagen und bietet zus\u00e4tzliche Merkmale und Funktionen, um den Wiegeprozess f\u00fcr verschiedene Rennanwendungen zu optimieren.<\/span><\/p>\n<p style=\"text-align: center;\"><span>  Denn wir wissen, dass sich Pr\u00e4zision auf jeden Aspekt des Rennsports erstreckt, und dazu geh\u00f6rt auch die Gewichtsmessung.  <\/span><\/p>\n<p>[\/et_pb_text][et_pb_button button_url=&#8220;#AdaptersPP&#8220; url_new_window=&#8220;on&#8220; button_text=&#8220;Geben Sie jetzt eine Bestellung auf&#8220; button_alignment=&#8220;center&#8220; admin_label=&#8220;Contact button&#8220; _builder_version=&#8220;4.25.0&#8243; _module_preset=&#8220;default&#8220; custom_button=&#8220;on&#8220; button_text_size=&#8220;16px&#8220; button_text_color=&#8220;#000000&#8243; button_bg_color=&#8220;#FFFFFF&#8220; button_border_width=&#8220;0px&#8220; button_border_radius=&#8220;5px&#8220; custom_margin=&#8220;||||false|false&#8220; custom_padding=&#8220;10px|40px|10px|40px|false|false&#8220; locked=&#8220;off&#8220; global_colors_info=&#8220;{}&#8220; button_font=&#8220;||||||||&#8220; button_use_icon=&#8220;off&#8220;][\/et_pb_button][\/et_pb_column][\/et_pb_row][\/et_pb_section][et_pb_section fb_built=&#8220;1&#8243; admin_label=&#8220;Dynos Selection&#8220; module_id=&#8220;stossdaempfer-Pr\u00fcfstand-Adapter&#8220; _builder_version=&#8220;4.23.1&#8243; _module_preset=&#8220;default&#8220; background_color=&#8220;rgba(0,0,0,0.44)&#8220; min_height=&#8220;750px&#8220; custom_margin=&#8220;||||false|false&#8220; custom_padding=&#8220;||||false|false&#8220; top_divider_style=&#8220;graph4&#8243; top_divider_color=&#8220;#303030&#8243; top_divider_height=&#8220;40px&#8220; bottom_divider_style=&#8220;graph4&#8243; bottom_divider_color=&#8220;#303030&#8243; bottom_divider_height=&#8220;40px&#8220; global_colors_info=&#8220;{}&#8220;][et_pb_row _builder_version=&#8220;4.23.1&#8243; _module_preset=&#8220;default&#8220; width=&#8220;100%&#8220; max_width=&#8220;1100px&#8220; custom_margin=&#8220;30px||||false|false&#8220; custom_padding=&#8220;20px|20px|20px|20px|false|false&#8220; global_colors_info=&#8220;{}&#8220;][et_pb_column type=&#8220;4_4&#8243; _builder_version=&#8220;4.20.4&#8243; _module_preset=&#8220;default&#8220; global_colors_info=&#8220;{}&#8220;][et_pb_text _builder_version=&#8220;4.23.1&#8243; _module_preset=&#8220;default&#8220; global_colors_info=&#8220;{}&#8220;]<\/p>\n<h2 style=\"text-align: center;\">  LABA7 Zubeh\u00f6r f\u00fcr Rennwaagen<\/h2>\n<p>[\/et_pb_text][\/et_pb_column][\/et_pb_row][et_pb_row column_structure=&#8220;1_3,2_3&#8243; make_equal=&#8220;on&#8220; _builder_version=&#8220;4.23.1&#8243; _module_preset=&#8220;default&#8220; background_color=&#8220;#000000&#8243; width=&#8220;auto&#8220; custom_margin=&#8220;||||false|false&#8220; custom_padding=&#8220;20px|20px|20px|20px|false|false&#8220; locked=&#8220;off&#8220; global_colors_info=&#8220;{}&#8220;][et_pb_column type=&#8220;1_3&#8243; _builder_version=&#8220;4.20.4&#8243; _module_preset=&#8220;default&#8220; custom_padding=&#8220;|0px||0px|false|false&#8220; global_colors_info=&#8220;{}&#8220;][et_pb_text _builder_version=&#8220;4.27.0&#8243; _module_preset=&#8220;default&#8220; text_text_color=&#8220;gcid-d40f5d1e-f5d1-4b41-ab11-4faa03a3a11c&#8220; custom_margin=&#8220;||0px||false|false&#8220; custom_padding=&#8220;20px|0px|10px|0px|false|false&#8220; global_colors_info=&#8220;{%22gcid-d40f5d1e-f5d1-4b41-ab11-4faa03a3a11c%22:%91%22text_text_color%22%93}&#8220;]<\/p>\n<h3 style=\"text-align: left;\">Schieberegler<\/h3>\n<p><span>Sie sorgen f\u00fcr eine optimale Reifenausrichtung und f\u00f6rdern eine genaue Gewichtsverteilung f\u00fcr Spitzenleistungen.<\/span><\/p>\n<p>&nbsp;<\/p>\n<h3><span><\/span>Preis \u2013 <strong>500 EUR<\/strong> <em>(exkl. MwSt.)<\/em><\/h3>\n<p>[\/et_pb_text][\/et_pb_column][et_pb_column type=&#8220;2_3&#8243; _builder_version=&#8220;4.20.4&#8243; _module_preset=&#8220;default&#8220; global_colors_info=&#8220;{}&#8220;][dnxte_masonary gallery_ids=&#8220;329452&#8243; dnxte_columns=&#8220;2&#8243; dnxte_masonry_hvr_effect=&#8220;zoom-in&#8220; dnxte_msnary_filter_active_bg_color=&#8220;RGBA(255,255,255,0)&#8220; dnxte_msnary_overlay_bg_color=&#8220;RGBA(255,255,255,0)&#8220; dnxte_lightbox_overlay_bg_color=&#8220;RGBA(255,255,255,0)&#8220; _builder_version=&#8220;4.23.1&#8243; _module_preset=&#8220;default&#8220; background_color=&#8220;RGBA(255,255,255,0)&#8220; global_colors_info=&#8220;{}&#8220;][\/dnxte_masonary][\/et_pb_column][\/et_pb_row][et_pb_row column_structure=&#8220;1_3,2_3&#8243; make_equal=&#8220;on&#8220; _builder_version=&#8220;4.23.1&#8243; _module_preset=&#8220;default&#8220; background_color=&#8220;#000000&#8243; width=&#8220;auto&#8220; custom_margin=&#8220;||||false|false&#8220; custom_padding=&#8220;20px|20px|20px|20px|false|false&#8220; border_width_top=&#8220;5px&#8220; locked=&#8220;off&#8220; global_colors_info=&#8220;{}&#8220;][et_pb_column type=&#8220;1_3&#8243; _builder_version=&#8220;4.20.4&#8243; _module_preset=&#8220;default&#8220; custom_padding=&#8220;|0px||0px|false|false&#8220; global_colors_info=&#8220;{}&#8220;][et_pb_text _builder_version=&#8220;4.27.0&#8243; _module_preset=&#8220;default&#8220; text_text_color=&#8220;gcid-d40f5d1e-f5d1-4b41-ab11-4faa03a3a11c&#8220; custom_margin=&#8220;||0px||false|false&#8220; custom_padding=&#8220;20px|0px|10px|0px|false|false&#8220; global_colors_info=&#8220;{%22gcid-d40f5d1e-f5d1-4b41-ab11-4faa03a3a11c%22:%91%22text_text_color%22%93}&#8220;]<\/p>\n<h3 style=\"text-align: left;\">Auffahrrampen<br \/><span> <\/span><\/h3>\n<p style=\"text-align: left;\"><span>Wiegen Sie Ihr Rennauto ganz einfach, wo immer Sie sind. Fahren Sie einfach auf die Rampe. Es sind keine Aufz\u00fcge erforderlich.<\/span><\/p>\n<p>&nbsp;<\/p>\n<h3>Preis \u2013 <strong>500 EUR<\/strong> <em>(exkl. MwSt.)<\/em><\/h3>\n<p>[\/et_pb_text][\/et_pb_column][et_pb_column type=&#8220;2_3&#8243; _builder_version=&#8220;4.20.4&#8243; _module_preset=&#8220;default&#8220; global_colors_info=&#8220;{}&#8220;][dnxte_masonary gallery_ids=&#8220;329450&#8243; dnxte_columns=&#8220;2&#8243; dnxte_masonry_hvr_effect=&#8220;zoom-in&#8220; dnxte_msnary_filter_active_bg_color=&#8220;RGBA(255,255,255,0)&#8220; dnxte_msnary_overlay_bg_color=&#8220;RGBA(255,255,255,0)&#8220; dnxte_lightbox_overlay_bg_color=&#8220;RGBA(255,255,255,0)&#8220; _builder_version=&#8220;4.23.1&#8243; _module_preset=&#8220;default&#8220; background_color=&#8220;RGBA(255,255,255,0)&#8220; global_colors_info=&#8220;{}&#8220;][\/dnxte_masonary][\/et_pb_column][\/et_pb_row][et_pb_row column_structure=&#8220;1_3,2_3&#8243; make_equal=&#8220;on&#8220; _builder_version=&#8220;4.23.1&#8243; _module_preset=&#8220;default&#8220; background_color=&#8220;#000000&#8243; width=&#8220;auto&#8220; custom_margin=&#8220;||||false|false&#8220; custom_padding=&#8220;20px|20px|20px|20px|false|false&#8220; border_width_top=&#8220;5px&#8220; locked=&#8220;off&#8220; global_colors_info=&#8220;{}&#8220;][et_pb_column type=&#8220;1_3&#8243; _builder_version=&#8220;4.20.4&#8243; _module_preset=&#8220;default&#8220; custom_padding=&#8220;|0px||0px|false|false&#8220; global_colors_info=&#8220;{}&#8220;][et_pb_text _builder_version=&#8220;4.27.0&#8243; _module_preset=&#8220;default&#8220; text_text_color=&#8220;gcid-d40f5d1e-f5d1-4b41-ab11-4faa03a3a11c&#8220; custom_margin=&#8220;||0px||false|false&#8220; custom_padding=&#8220;20px|0px|10px|0px|false|false&#8220; global_colors_info=&#8220;{%22gcid-d40f5d1e-f5d1-4b41-ab11-4faa03a3a11c%22:%91%22text_text_color%22%93}&#8220;]<\/p>\n<h3 style=\"text-align: left;\">Schutzh\u00fclle<br \/><span> <\/span><\/h3>\n<p style=\"text-align: left;\"><span>Perfekt geeignet f\u00fcr Rennwagenwaagen PRO. Hergestellt aus Aluminium. Da sie sehr leicht und einfach zu transportieren ist, ist sie ideal, um mit der Waage zu verschiedenen Rennveranstaltungen zu reisen.  <\/span><\/p>\n<p>&nbsp;<\/p>\n<h3>Preis \u2013 <strong>500 EUR<\/strong> <em>(exkl. MwSt.)<\/em><\/h3>\n<p>[\/et_pb_text][\/et_pb_column][et_pb_column type=&#8220;2_3&#8243; _builder_version=&#8220;4.20.4&#8243; _module_preset=&#8220;default&#8220; global_colors_info=&#8220;{}&#8220;][dnxte_masonary gallery_ids=&#8220;332770&#8243; dnxte_columns=&#8220;2&#8243; dnxte_masonry_hvr_effect=&#8220;zoom-in&#8220; dnxte_msnary_filter_active_bg_color=&#8220;RGBA(255,255,255,0)&#8220; dnxte_msnary_overlay_bg_color=&#8220;RGBA(255,255,255,0)&#8220; dnxte_lightbox_overlay_bg_color=&#8220;RGBA(255,255,255,0)&#8220; _builder_version=&#8220;4.23.1&#8243; _module_preset=&#8220;default&#8220; background_color=&#8220;RGBA(255,255,255,0)&#8220; global_colors_info=&#8220;{}&#8220;][\/dnxte_masonary][\/et_pb_column][\/et_pb_row][\/et_pb_section][et_pb_section fb_built=&#8220;1&#8243; admin_label=&#8220;Dynos Selection&#8220; module_id=&#8220;stossdaempfer-Pr\u00fcfstand-Adapter&#8220; _builder_version=&#8220;4.23.1&#8243; _module_preset=&#8220;default&#8220; background_color=&#8220;rgba(0,0,0,0.44)&#8220; min_height=&#8220;750px&#8220; custom_margin=&#8220;0px|0px|0px|0px|false|false&#8220; custom_padding=&#8220;20px|20px|20px|20px|false|false&#8220; global_colors_info=&#8220;{}&#8220;][et_pb_row _builder_version=&#8220;4.23.1&#8243; _module_preset=&#8220;default&#8220; width=&#8220;100%&#8220; max_width=&#8220;1100px&#8220; custom_margin=&#8220;30px||||false|false&#8220; custom_padding=&#8220;20px|20px|20px|20px|false|false&#8220; global_colors_info=&#8220;{}&#8220;][et_pb_column type=&#8220;4_4&#8243; _builder_version=&#8220;4.20.4&#8243; _module_preset=&#8220;default&#8220; global_colors_info=&#8220;{}&#8220;][et_pb_text _builder_version=&#8220;4.25.0&#8243; _module_preset=&#8220;default&#8220; global_colors_info=&#8220;{}&#8220;]<\/p>\n<h2 style=\"text-align: center;\">Zubeh\u00f6r f\u00fcr die Eckgewichtswaage von LABA7<\/h2>\n<p>[\/et_pb_text][et_pb_text _builder_version=&#8220;4.25.0&#8243; _module_preset=&#8220;default&#8220; global_colors_info=&#8220;{}&#8220;]<\/p>\n<p style=\"text-align: center;\"><span>F\u00fcr Rennteams, die f\u00fcr eine optimale Leistung ihres Rennwagens auf Pr\u00e4zision angewiesen sind, ist das Zubeh\u00f6r f\u00fcr Kurvenwaagen unverzichtbar.  <\/span><span>Die exakte Gewichtsverteilung verbessert das Handling, die Traktion und die Gesamteffizienz auf der Rennstrecke.  <\/span><\/p>\n<p style=\"text-align: center;\"><span>Auffahrrampen, Schieberegler und anderes Zubeh\u00f6r sorgen f\u00fcr das Gleichgewicht des Fahrzeugs und erm\u00f6glichen den Teams eine Feinabstimmung der Fahrdynamik f\u00fcr maximale Wettbewerbsf\u00e4higkeit. Diese Tools steigern nicht nur die Leistung auf der Rennstrecke, sondern tragen auch zur strategischen Entscheidungsfindung bei und verschaffen den Teams einen entscheidenden Vorteil in der schnelllebigen Welt des Motorsports.  <\/span><\/p>\n<p style=\"text-align: center;\"><span>Verbessern Sie das Rennerlebnis Ihres Teams mit dem ma\u00dfstabsgetreuen Zubeh\u00f6r f\u00fcr Rennwagen &#8211; der Schl\u00fcssel zur Entfaltung des vollen Potenzials Ihrer Rennwagen.<\/span><\/p>\n<p style=\"text-align: center;\"><span><\/span><\/p>\n<p>[\/et_pb_text][et_pb_button button_url=&#8220;#AdaptersPP&#8220; url_new_window=&#8220;on&#8220; button_text=&#8220;Geben Sie jetzt eine Bestellung auf&#8220; button_alignment=&#8220;center&#8220; admin_label=&#8220;Contact button&#8220; _builder_version=&#8220;4.25.0&#8243; _module_preset=&#8220;default&#8220; custom_button=&#8220;on&#8220; button_text_size=&#8220;16px&#8220; button_text_color=&#8220;#000000&#8243; button_bg_color=&#8220;#FFFFFF&#8220; button_border_width=&#8220;0px&#8220; button_border_radius=&#8220;5px&#8220; custom_margin=&#8220;||||false|false&#8220; custom_padding=&#8220;10px|40px|10px|40px|false|false&#8220; global_colors_info=&#8220;{}&#8220; button_font=&#8220;||||||||&#8220; button_use_icon=&#8220;off&#8220;][\/et_pb_button][\/et_pb_column][\/et_pb_row][\/et_pb_section]<\/p>\n","protected":false},"excerpt":{"rendered":"<p>Zubeh\u00f6r f\u00fcr RennwagenwaagenLABA7 bietet Rennwagenwaagen-Zubeh\u00f6r, das den Wiegevorgang noch einfacher macht. Dieses Zubeh\u00f6r erg\u00e4nzt unsere Rennwaagen und bietet zus\u00e4tzliche Merkmale und Funktionen, um den Wiegeprozess f\u00fcr verschiedene Rennanwendungen zu optimieren. Denn wir wissen, dass sich Pr\u00e4zision auf jeden Aspekt des Rennsports erstreckt, und dazu geh\u00f6rt auch die Gewichtsmessung. LABA7 Zubeh\u00f6r f\u00fcr RennwaagenSchieberegler Sie sorgen f\u00fcr [&hellip;]<\/p>\n","protected":false},"author":2,"featured_media":331278,"parent":334805,"menu_order":0,"comment_status":"closed","ping_status":"closed","template":"","meta":{"_acf_changed":false,"_et_pb_use_builder":"on","_et_pb_old_content":"","_et_gb_content_width":"","footnotes":""},"class_list":["post-334691","page","type-page","status-publish","has-post-thumbnail","hentry"],"acf":[],"yoast_head":"<!-- This site is optimized with the Yoast SEO plugin v25.3.1 - https:\/\/yoast.com\/wordpress\/plugins\/seo\/ -->\n<title>Zubeh\u00f6r f\u00fcr Rennwagenwaagen - LABA7<\/title>\n<meta name=\"description\" content=\"Das Zubeh\u00f6r f\u00fcr Rennwagenwaagen erg\u00e4nzt die LABA7-Rennwagenwaagen. Gleiter, Schutzh\u00fcllen und Auffahrrampen vereinfachen den Wiegevorgang.\" \/>\n<meta name=\"robots\" content=\"index, follow, max-snippet:-1, max-image-preview:large, max-video-preview:-1\" \/>\n<link rel=\"canonical\" href=\"https:\/\/laba7.com\/de\/produkte\/rennwagenwaagen-zubehor\/\" \/>\n<meta property=\"og:locale\" content=\"de_DE\" \/>\n<meta property=\"og:type\" content=\"article\" \/>\n<meta property=\"og:title\" content=\"Zubeh\u00f6r f\u00fcr Rennwagenwaagen\" \/>\n<meta property=\"og:description\" content=\"Das Zubeh\u00f6r f\u00fcr Rennwagenwaagen erg\u00e4nzt die LABA7 Rennwagenwaage und bietet zus\u00e4tzliche Funktionen, um den Wiegeprozess zu optimieren.\" \/>\n<meta property=\"og:url\" content=\"https:\/\/laba7.com\/de\/produkte\/rennwagenwaagen-zubehor\/\" \/>\n<meta property=\"og:site_name\" content=\"LABA7\" \/>\n<meta property=\"article:publisher\" content=\"https:\/\/www.facebook.com\/LabaSeven\/\" \/>\n<meta property=\"article:modified_time\" content=\"2025-09-19T08:30:53+00:00\" \/>\n<meta property=\"og:image\" content=\"https:\/\/laba7.com\/wp-content\/uploads\/2023\/07\/Laser-level-Accessory-of-LABA7-race-car-scales-PRO-300x300.webp\" \/>\n<!-- \/ Yoast SEO plugin. -->","yoast_head_json":{"title":"Zubeh\u00f6r f\u00fcr Rennwagenwaagen - LABA7","description":"Das Zubeh\u00f6r f\u00fcr Rennwagenwaagen erg\u00e4nzt die LABA7-Rennwagenwaagen. Gleiter, Schutzh\u00fcllen und Auffahrrampen vereinfachen den Wiegevorgang.","robots":{"index":"index","follow":"follow","max-snippet":"max-snippet:-1","max-image-preview":"max-image-preview:large","max-video-preview":"max-video-preview:-1"},"canonical":"https:\/\/laba7.com\/de\/produkte\/rennwagenwaagen-zubehor\/","og_locale":"de_DE","og_type":"article","og_title":"Zubeh\u00f6r f\u00fcr Rennwagenwaagen","og_description":"Das Zubeh\u00f6r f\u00fcr Rennwagenwaagen erg\u00e4nzt die LABA7 Rennwagenwaage und bietet zus\u00e4tzliche Funktionen, um den Wiegeprozess zu optimieren.","og_url":"https:\/\/laba7.com\/de\/produkte\/rennwagenwaagen-zubehor\/","og_site_name":"LABA7","article_publisher":"https:\/\/www.facebook.com\/LabaSeven\/","article_modified_time":"2025-09-19T08:30:53+00:00","og_image":[{"url":"https:\/\/laba7.com\/wp-content\/uploads\/2023\/07\/Laser-level-Accessory-of-LABA7-race-car-scales-PRO-300x300.webp","type":"","width":"","height":""}],"schema":{"@context":"https:\/\/schema.org","@graph":false}},"_links":{"self":[{"href":"https:\/\/laba7.com\/de\/wp-json\/wp\/v2\/pages\/334691","targetHints":{"allow":["GET"]}}],"collection":[{"href":"https:\/\/laba7.com\/de\/wp-json\/wp\/v2\/pages"}],"about":[{"href":"https:\/\/laba7.com\/de\/wp-json\/wp\/v2\/types\/page"}],"author":[{"embeddable":true,"href":"https:\/\/laba7.com\/de\/wp-json\/wp\/v2\/users\/2"}],"replies":[{"embeddable":true,"href":"https:\/\/laba7.com\/de\/wp-json\/wp\/v2\/comments?post=334691"}],"version-history":[{"count":20,"href":"https:\/\/laba7.com\/de\/wp-json\/wp\/v2\/pages\/334691\/revisions"}],"predecessor-version":[{"id":341136,"href":"https:\/\/laba7.com\/de\/wp-json\/wp\/v2\/pages\/334691\/revisions\/341136"}],"up":[{"embeddable":true,"href":"https:\/\/laba7.com\/de\/wp-json\/wp\/v2\/pages\/334805"}],"wp:featuredmedia":[{"embeddable":true,"href":"https:\/\/laba7.com\/de\/wp-json\/wp\/v2\/media\/331278"}],"wp:attachment":[{"href":"https:\/\/laba7.com\/de\/wp-json\/wp\/v2\/media?parent=334691"}],"curies":[{"name":"wp","href":"https:\/\/api.w.org\/{rel}","templated":true}]}}