{"id":334656,"date":"2024-02-14T12:14:15","date_gmt":"2024-02-14T12:14:15","guid":{"rendered":"https:\/\/laba7.com\/auto-waagen-app\/"},"modified":"2025-04-09T10:45:01","modified_gmt":"2025-04-09T10:45:01","slug":"auto-waagen-app","status":"publish","type":"page","link":"https:\/\/laba7.com\/de\/software\/auto-waagen-app\/","title":{"rendered":"Auto Waage App"},"content":{"rendered":"<p>[et_pb_section fb_built=&#8220;1&#8243; admin_label=&#8220;Header&#8220; _builder_version=&#8220;4.24.0&#8243; _module_preset=&#8220;default&#8220; background_color=&#8220;#000000&#8243; background_enable_image=&#8220;off&#8220; background_size=&#8220;custom&#8220; background_image_height=&#8220;65%&#8220; background_position=&#8220;bottom_center&#8220; background_vertical_offset=&#8220;0%&#8220; min_height_tablet=&#8220;600px&#8220; min_height_phone=&#8220;600px&#8220; min_height_last_edited=&#8220;on|phone&#8220; custom_margin=&#8220;0px||0px||false|false&#8220; custom_padding=&#8220;||||false|false&#8220; bottom_divider_style=&#8220;arrow3&#8243; bottom_divider_color=&#8220;#353535&#8243; bottom_divider_height=&#8220;59px&#8220; bottom_divider_repeat=&#8220;1x&#8220; bottom_divider_flip=&#8220;vertical&#8220; background_last_edited=&#8220;off|desktop&#8220; background_enable_image_phone=&#8220;off&#8220; da_disable_devices=&#8220;off|off|off&#8220; locked=&#8220;off&#8220; global_colors_info=&#8220;{}&#8220; da_is_popup=&#8220;off&#8220; da_exit_intent=&#8220;off&#8220; da_has_close=&#8220;on&#8220; da_alt_close=&#8220;off&#8220; da_dark_close=&#8220;off&#8220; da_not_modal=&#8220;on&#8220; da_is_singular=&#8220;off&#8220; da_with_loader=&#8220;off&#8220; da_has_shadow=&#8220;on&#8220;][et_pb_row column_structure=&#8220;1_3,2_3&#8243; _builder_version=&#8220;4.24.0&#8243; _module_preset=&#8220;default&#8220; width=&#8220;100%&#8220; max_width=&#8220;1100px&#8220; custom_padding=&#8220;|20px||20px|false|false&#8220; locked=&#8220;off&#8220; global_colors_info=&#8220;{}&#8220;][et_pb_column type=&#8220;1_3&#8243; _builder_version=&#8220;4.21.0&#8243; _module_preset=&#8220;default&#8220; global_colors_info=&#8220;{}&#8220;][et_pb_image src=&#8220;https:\/\/laba7.com\/wp-content\/uploads\/2024\/02\/Car-scales-app.webp&#8220; alt=&#8220;Autowaagen-App&#8220; title_text=&#8220;Autowaagen-App&#8220; align=&#8220;center&#8220; _builder_version=&#8220;4.24.0&#8243; _module_preset=&#8220;default&#8220; width_tablet=&#8220;80%&#8220; width_phone=&#8220;100%&#8220; width_last_edited=&#8220;on|phone&#8220; global_colors_info=&#8220;{}&#8220;][\/et_pb_image][\/et_pb_column][et_pb_column type=&#8220;2_3&#8243; _builder_version=&#8220;4.21.0&#8243; _module_preset=&#8220;default&#8220; global_colors_info=&#8220;{}&#8220;][et_pb_text _builder_version=&#8220;4.24.0&#8243; _module_preset=&#8220;default&#8220; header_text_align=&#8220;center&#8220; header_text_color=&#8220;#FFFFFF&#8220; header_font_size=&#8220;50px&#8220; text_orientation=&#8220;center&#8220; background_layout=&#8220;dark&#8220; custom_margin=&#8220;10px||30px||false|false&#8220; header_text_shadow_style=&#8220;preset1&#8243; global_colors_info=&#8220;{}&#8220;]<\/p>\n<h1>Willkommen im<br \/><strong>Rennwagen-Waage App<\/strong><\/h1>\n<p>[\/et_pb_text][et_pb_text _builder_version=&#8220;4.24.0&#8243; _module_preset=&#8220;default&#8220; text_text_shadow_style=&#8220;preset3&#8243; global_colors_info=&#8220;{%22gcid-d40f5d1e-f5d1-4b41-ab11-4faa03a3a11c%22:%91%22text_text_color%22%93}&#8220;]<\/p>\n<p style=\"text-align: center;\">Das Verbinden Ihres iOS- oder Android-Ger\u00e4ts mit der LABA7 Rennwagenwaage ist ein Kinderspiel und dauert mit der eigens entwickelten Rennwagenwaage-App nur ein paar Sekunden.<\/p>\n<p>[\/et_pb_text][et_pb_button button_url=&#8220;@ET-DC@eyJkeW5hbWljIjp0cnVlLCJjb250ZW50IjoicG9zdF9saW5rX3VybF9wYWdlIiwic2V0dGluZ3MiOnsicG9zdF9pZCI6IjMyNzgzNCIsImVuYWJsZV9odG1sIjoib2ZmIn19@&#8220; url_new_window=&#8220;on&#8220; button_text=&#8220;Erfahren Sie mehr \u00fcber Rennwaagen&#8220; button_alignment=&#8220;center&#8220; _builder_version=&#8220;4.24.0&#8243; _dynamic_attributes=&#8220;button_url&#8220; _module_preset=&#8220;default&#8220; custom_button=&#8220;on&#8220; button_text_size=&#8220;14px&#8220; button_text_color=&#8220;#000000&#8243; button_bg_color=&#8220;#FFFFFF&#8220; button_border_width=&#8220;0px&#8220; button_border_radius=&#8220;5px&#8220; custom_margin=&#8220;30px|20px|20px|20px|false|false&#8220; custom_padding=&#8220;||||false|false&#8220; locked=&#8220;off&#8220; global_colors_info=&#8220;{}&#8220;][\/et_pb_button][\/et_pb_column][\/et_pb_row][\/et_pb_section][et_pb_section fb_built=&#8220;1&#8243; custom_padding_last_edited=&#8220;on|phone&#8220; _builder_version=&#8220;4.24.0&#8243; _module_preset=&#8220;default&#8220; background_color=&#8220;#000000&#8243; custom_margin_tablet=&#8220;&#8220; custom_margin_phone=&#8220;||0px||false|false&#8220; custom_margin_last_edited=&#8220;on|phone&#8220; custom_padding_tablet=&#8220;&#8220; custom_padding_phone=&#8220;||0px||false|false&#8220; da_disable_devices=&#8220;off|off|off&#8220; global_colors_info=&#8220;{}&#8220; da_is_popup=&#8220;off&#8220; da_exit_intent=&#8220;off&#8220; da_has_close=&#8220;on&#8220; da_alt_close=&#8220;off&#8220; da_dark_close=&#8220;off&#8220; da_not_modal=&#8220;on&#8220; da_is_singular=&#8220;off&#8220; da_with_loader=&#8220;off&#8220; da_has_shadow=&#8220;on&#8220;][et_pb_row _builder_version=&#8220;4.21.0&#8243; _module_preset=&#8220;default&#8220; width=&#8220;100%&#8220; max_width=&#8220;1100px&#8220; custom_padding=&#8220;20px|20px|20px|20px|false|false&#8220; locked=&#8220;off&#8220; global_colors_info=&#8220;{}&#8220;][et_pb_column type=&#8220;4_4&#8243; _builder_version=&#8220;4.20.4&#8243; _module_preset=&#8220;default&#8220; global_colors_info=&#8220;{}&#8220;][et_pb_text _builder_version=&#8220;4.24.0&#8243; _module_preset=&#8220;default&#8220; locked=&#8220;off&#8220; global_colors_info=&#8220;{}&#8220;]<\/p>\n<h2 style=\"text-align: center;\">Mehrere innovative Funktionen in einer Anwendung<\/h2>\n<p>[\/et_pb_text][et_pb_text _builder_version=&#8220;4.24.0&#8243; _module_preset=&#8220;default&#8220; module_alignment=&#8220;center&#8220; global_colors_info=&#8220;{}&#8220;]<\/p>\n<p style=\"text-align: center;\">Sobald die Anwendung \u00fcber Bluetooth mit der Waage des Rennwagens verbunden ist, ist sie bereit, den Massenschwerpunkt zu messen und die Breite der Achsen des Wagens sowie den Abstand zwischen ihnen zu ermitteln.<\/p>\n<p>[\/et_pb_text][\/et_pb_column][\/et_pb_row][et_pb_row column_structure=&#8220;1_2,1_2&#8243; _builder_version=&#8220;4.21.0&#8243; _module_preset=&#8220;default&#8220; width=&#8220;100%&#8220; max_width=&#8220;1100px&#8220; custom_padding=&#8220;20px|20px|20px|20px|false|false&#8220; global_colors_info=&#8220;{}&#8220;][et_pb_column type=&#8220;1_2&#8243; _builder_version=&#8220;4.21.0&#8243; _module_preset=&#8220;default&#8220; global_colors_info=&#8220;{}&#8220;][et_pb_image src=&#8220;https:\/\/laba7.com\/wp-content\/uploads\/2024\/04\/Car-scales-app-1.webp&#8220; alt=&#8220;Autowaagen-App&#8220; title_text=&#8220;Autowaagen-App&#8220; align=&#8220;center&#8220; _builder_version=&#8220;4.24.3&#8243; _module_preset=&#8220;default&#8220; width=&#8220;85%&#8220; width_tablet=&#8220;50%&#8220; width_phone=&#8220;69%&#8220; width_last_edited=&#8220;on|phone&#8220; hover_enabled=&#8220;0&#8243; border_radii=&#8220;on|5px|5px|5px|5px&#8220; box_shadow_style=&#8220;preset1&#8243; box_shadow_color=&#8220;#000000&#8243; global_colors_info=&#8220;{}&#8220; sticky_enabled=&#8220;0&#8243;][\/et_pb_image][\/et_pb_column][et_pb_column type=&#8220;1_2&#8243; _builder_version=&#8220;4.20.4&#8243; _module_preset=&#8220;default&#8220; global_colors_info=&#8220;{}&#8220;][et_pb_text content_tablet=&#8220;<\/p>\n<h3 style=%22text-align: left;%22>Hervorragende Qualit\u00e4tskontrolle<\/h3>\n<p>&#8220; content_phone=&#8220;<\/p>\n<h3 style=%22text-align: center;%22>Hervorragende Qualit\u00e4tskontrolle<\/h3>\n<p>&#8220; content_last_edited=&#8220;on|phone&#8220; _builder_version=&#8220;4.24.0&#8243; _module_preset=&#8220;default&#8220; custom_margin=&#8220;||0px||false|false&#8220; custom_padding=&#8220;||||false|false&#8220; locked=&#8220;off&#8220; global_colors_info=&#8220;{}&#8220;]<\/p>\n<h3>Personalisierte Messung<\/h3>\n<p>[\/et_pb_text][et_pb_text _builder_version=&#8220;4.24.0&#8243; _module_preset=&#8220;default&#8220; custom_margin=&#8220;||70px||false|false&#8220; locked=&#8220;off&#8220; global_colors_info=&#8220;{}&#8220;]<\/p>\n<p>Jedes Mal, wenn ein Fahrzeug gewogen wird, wertet die LABA7 App nicht nur das Gewicht, sondern auch die Position des Fahrers und des Kraftstofftanks aus und hilft Ihnen, eine optimale Massenverteilung f\u00fcr eine \u00fcberlegene Leistung zu erreichen.<\/p>\n<p>[\/et_pb_text][et_pb_text content_tablet=&#8220;<\/p>\n<h3 style=%22text-align: left;%22>\u00dcberlegene Pr\u00fcfstand-Diagramme<\/h3>\n<p>&#8220; content_phone=&#8220;<\/p>\n<h3 style=%22text-align: center;%22>\u00dcberlegene Pr\u00fcfstand-Diagramme<\/h3>\n<p>&#8220; content_last_edited=&#8220;on|phone&#8220; _builder_version=&#8220;4.24.0&#8243; _module_preset=&#8220;default&#8220; custom_margin=&#8220;||0px||false|false&#8220; custom_padding=&#8220;||||false|false&#8220; locked=&#8220;off&#8220; global_colors_info=&#8220;{}&#8220;]<\/p>\n<h3>Die genauesten Wiegeergebnisse auf dem Markt<\/h3>\n<p>[\/et_pb_text][et_pb_text _builder_version=&#8220;4.24.0&#8243; _module_preset=&#8220;default&#8220; custom_margin=&#8220;||70px||false|false&#8220; locked=&#8220;off&#8220; global_colors_info=&#8220;{}&#8220;]<\/p>\n<p>Die LABA7 Rennwagenwaage-App wurde von professionellen Rennfahrern entwickelt und liefert Ihnen hochpr\u00e4zise Wiegeergebnisse mit einer Genauigkeit von 0,015%.<\/p>\n<p>[\/et_pb_text][et_pb_text content_tablet=&#8220;<\/p>\n<h3 style=%22text-align: left;%22>Modern und benutzerfreundlich<\/h3>\n<p>&#8220; content_phone=&#8220;<\/p>\n<h3 style=%22text-align: center;%22>Modern und benutzerfreundlich<\/h3>\n<p>&#8220; content_last_edited=&#8220;on|phone&#8220; _builder_version=&#8220;4.24.0&#8243; _module_preset=&#8220;default&#8220; header_font=&#8220;|300|||||||&#8220; custom_margin=&#8220;||0px||false|false&#8220; custom_padding=&#8220;||||false|false&#8220; locked=&#8220;off&#8220; global_colors_info=&#8220;{}&#8220;]<\/p>\n<h3>Tragbare W\u00e4getests<\/h3>\n<p>[\/et_pb_text][et_pb_text _builder_version=&#8220;4.24.0&#8243; _module_preset=&#8220;default&#8220; custom_margin=&#8220;||70px||false|false&#8220; locked=&#8220;off&#8220; global_colors_info=&#8220;{}&#8220;]<\/p>\n<p>Die Kombination aus dem LABA7 Rennwagen-Wiegesystem und der dazugeh\u00f6rigen App erm\u00f6glicht es Ihnen, Ihr Auto auch au\u00dferhalb Ihrer Werkstatt zu wiegen. Alles, was Sie dazu brauchen, ist Ihr Smartphone, eine Bluetooth-Verbindung, die Wiegepads und die Rennwagenwaage-App.<\/p>\n<p>[\/et_pb_text][et_pb_text content_tablet=&#8220;<\/p>\n<h3 style=%22text-align: left;%22>Modern und benutzerfreundlich<\/h3>\n<p>&#8220; content_phone=&#8220;<\/p>\n<h3 style=%22text-align: center;%22>Modern und benutzerfreundlich<\/h3>\n<p>&#8220; content_last_edited=&#8220;on|phone&#8220; _builder_version=&#8220;4.24.0&#8243; _module_preset=&#8220;default&#8220; header_font=&#8220;|300|||||||&#8220; custom_margin=&#8220;||0px||false|false&#8220; custom_padding=&#8220;||||false|false&#8220; locked=&#8220;off&#8220; global_colors_info=&#8220;{}&#8220;]<\/p>\n<h3>Ewiges Wachstum<\/h3>\n<p>[\/et_pb_text][et_pb_text _builder_version=&#8220;4.24.0&#8243; _module_preset=&#8220;default&#8220; custom_margin=&#8220;||70px||false|false&#8220; locked=&#8220;off&#8220; global_colors_info=&#8220;{}&#8220;]<\/p>\n<p>Unser Team entwickelt die gesamte LABA7-Software im eigenen Haus, so dass keine Dritten beteiligt sind. Auf diese Weise k\u00f6nnen wir die Waagen-App kontinuierlich um neue Funktionen erweitern und ihr Design verbessern.<\/p>\n<p>[\/et_pb_text][\/et_pb_column][\/et_pb_row][et_pb_row _builder_version=&#8220;4.21.0&#8243; _module_preset=&#8220;default&#8220; width=&#8220;100%&#8220; max_width=&#8220;1100px&#8220; custom_padding=&#8220;|20px||20px|false|false&#8220; global_colors_info=&#8220;{}&#8220;][et_pb_column type=&#8220;4_4&#8243; _builder_version=&#8220;4.20.4&#8243; _module_preset=&#8220;default&#8220; global_colors_info=&#8220;{}&#8220;][et_pb_text _builder_version=&#8220;4.24.0&#8243; _module_preset=&#8220;default&#8220; global_colors_info=&#8220;{}&#8220;]<\/p>\n<h2 style=\"text-align: center;\">Merkmale der LABA7 Rennwagenwaage Software<\/h2>\n<p>[\/et_pb_text][\/et_pb_column][\/et_pb_row][et_pb_row column_structure=&#8220;3_5,2_5&#8243; use_custom_gutter=&#8220;on&#8220; gutter_width=&#8220;1&#8243; _builder_version=&#8220;4.21.0&#8243; _module_preset=&#8220;default&#8220; width=&#8220;100%&#8220; max_width=&#8220;1100px&#8220; custom_padding=&#8220;|20px||20px|false|false&#8220; global_colors_info=&#8220;{}&#8220;][et_pb_column type=&#8220;3_5&#8243; _builder_version=&#8220;4.20.4&#8243; _module_preset=&#8220;default&#8220; global_colors_info=&#8220;{}&#8220;][dnxte_feature_list_parent dnxte_feature_list_icon_color=&#8220;#e0e0e0&#8243; dnxte_feature_list_item_margin=&#8220;||10px||false|false&#8220; dnxte_feature_list_item_padding=&#8220;||||false|false&#8220; _builder_version=&#8220;4.24.0&#8243; _module_preset=&#8220;default&#8220; title_font=&#8220;|300|||||||&#8220; global_colors_info=&#8220;{}&#8220;][dnxte_feature_list_child dnxte_feature_list_title=&#8220;Highly accurate weighing results with precision up to 0.015%&#8220; dnxte_feature_list_icon=&#8220;\uf054||fa||900&#8243; _builder_version=&#8220;4.24.0&#8243; _module_preset=&#8220;default&#8220; global_colors_info=&#8220;{}&#8220;][\/dnxte_feature_list_child][dnxte_feature_list_child dnxte_feature_list_title=&#8220;Optional driver and petrol tank&#8217;s weight and position incorporation during vehicle weighing&#8220; dnxte_feature_list_icon=&#8220;\uf054||fa||900&#8243; _builder_version=&#8220;4.24.0&#8243; _module_preset=&#8220;default&#8220; global_colors_info=&#8220;{}&#8220;][\/dnxte_feature_list_child][dnxte_feature_list_child dnxte_feature_list_title=&#8220;Individual mass center measurement for each vehicle  &#8220; dnxte_feature_list_icon=&#8220;\uf054||fa||900&#8243; _builder_version=&#8220;4.24.0&#8243; _module_preset=&#8220;default&#8220; global_colors_info=&#8220;{}&#8220;][\/dnxte_feature_list_child][dnxte_feature_list_child dnxte_feature_list_title=&#8220;You&#8217;ll receive precise results in either graphic or text format.&#8220; dnxte_feature_list_icon=&#8220;\uf054||fa||900&#8243; _builder_version=&#8220;4.24.0&#8243; _module_preset=&#8220;default&#8220; global_colors_info=&#8220;{}&#8220;][\/dnxte_feature_list_child][dnxte_feature_list_child dnxte_feature_list_title=&#8220;Possibility to connect either all four or certain selected race car scales pads&#8220; dnxte_feature_list_icon=&#8220;\uf054||fa||900&#8243; _builder_version=&#8220;4.24.0&#8243; _module_preset=&#8220;default&#8220; global_colors_info=&#8220;{}&#8220;][\/dnxte_feature_list_child][dnxte_feature_list_child dnxte_feature_list_title=&#8220;Lightning-fast connection to devices through Bluetooth&#8220; dnxte_feature_list_icon=&#8220;\uf054||fa||900&#8243; _builder_version=&#8220;4.24.0&#8243; _module_preset=&#8220;default&#8220; global_colors_info=&#8220;{}&#8220;][\/dnxte_feature_list_child][dnxte_feature_list_child dnxte_feature_list_title=&#8220;Wireless racing scales compatible with iOS and Android&#8220; dnxte_feature_list_icon=&#8220;\uf054||fa||900&#8243; _builder_version=&#8220;4.24.0&#8243; _module_preset=&#8220;default&#8220; global_colors_info=&#8220;{}&#8220;][\/dnxte_feature_list_child][\/dnxte_feature_list_parent][\/et_pb_column][et_pb_column type=&#8220;2_5&#8243; _builder_version=&#8220;4.21.0&#8243; _module_preset=&#8220;default&#8220; global_colors_info=&#8220;{}&#8220;][et_pb_image src=&#8220;https:\/\/laba7.com\/wp-content\/uploads\/2024\/04\/Cornerweigh-scales-by-LABA7.webp&#8220; alt=&#8220;Rennwaage&#8220; title_text=&#8220;Ecklastwaage von LABA7&#8243; show_bottom_space=&#8220;off&#8220; align=&#8220;center&#8220; _builder_version=&#8220;4.24.3&#8243; _module_preset=&#8220;default&#8220; width=&#8220;100%&#8220; width_tablet=&#8220;70%&#8220; width_phone=&#8220;100%&#8220; width_last_edited=&#8220;on|tablet&#8220; module_alignment=&#8220;center&#8220; custom_margin=&#8220;||||false|false&#8220; custom_padding=&#8220;||||false|false&#8220; hover_enabled=&#8220;0&#8243; border_radii=&#8220;on|5px|5px|5px|5px&#8220; global_colors_info=&#8220;{}&#8220; sticky_enabled=&#8220;0&#8243; custom_margin_last_edited=&#8220;on|desktop&#8220; custom_margin_tablet=&#8220;20px||||false|false&#8220; custom_margin_phone=&#8220;20px||||false|false&#8220;][\/et_pb_image][\/et_pb_column][\/et_pb_row][\/et_pb_section][et_pb_section fb_built=&#8220;1&#8243; _builder_version=&#8220;4.24.0&#8243; _module_preset=&#8220;default&#8220; background_color=&#8220;#000000&#8243; da_disable_devices=&#8220;off|off|off&#8220; global_colors_info=&#8220;{}&#8220; da_is_popup=&#8220;off&#8220; da_exit_intent=&#8220;off&#8220; da_has_close=&#8220;on&#8220; da_alt_close=&#8220;off&#8220; da_dark_close=&#8220;off&#8220; da_not_modal=&#8220;on&#8220; da_is_singular=&#8220;off&#8220; da_with_loader=&#8220;off&#8220; da_has_shadow=&#8220;on&#8220;][et_pb_row _builder_version=&#8220;4.24.0&#8243; _module_preset=&#8220;default&#8220; width=&#8220;100%&#8220; width_last_edited=&#8220;off|desktop&#8220; max_width=&#8220;1100px&#8220; module_alignment=&#8220;center&#8220; custom_margin=&#8220;||100px||false|false&#8220; custom_padding=&#8220;|20px||20px|false|false&#8220; global_colors_info=&#8220;{}&#8220;][et_pb_column type=&#8220;4_4&#8243; _builder_version=&#8220;4.21.0&#8243; _module_preset=&#8220;default&#8220; global_colors_info=&#8220;{}&#8220;][et_pb_text _builder_version=&#8220;4.24.0&#8243; _module_preset=&#8220;default&#8220; global_colors_info=&#8220;{}&#8220;]<\/p>\n<h2 style=\"text-align: center;\">Kommende Funktionen<\/h2>\n<p>[\/et_pb_text][et_pb_text _builder_version=&#8220;4.24.0&#8243; _module_preset=&#8220;default&#8220; max_width=&#8220;1100px&#8220; module_alignment=&#8220;center&#8220; global_colors_info=&#8220;{}&#8220;]<\/p>\n<p style=\"text-align: center;\">LABA7 wird von einem Team von Menschen aufgebaut, die gro\u00dfe Tr\u00e4ume haben und diese Tr\u00e4ume wahr werden lassen. Deshalb werden wir nicht aufh\u00f6ren, die Rennwaagen-App noch leistungsf\u00e4higer zu machen.<\/p>\n<p style=\"text-align: center;\">Die k\u00fcrzliche Einbeziehung des Gewichts und der Position des Fahrers und des Tanks hat uns dazu motiviert, mit der Entwicklung einer Funktion zu beginnen, die es erm\u00f6glicht, den Schwerpunkt Ihres Autos im 3D-Raum zu messen.<\/p>\n<p style=\"text-align: center;\"> Bleiben Sie also dran und seien Sie der Erste, der die erstklassigen Funktionen ausprobiert! Schauen Sie sich diesen Artikel an, wenn Sie wissen m\u00f6chten <span style=\"text-decoration: underline;\"><a href=\"https:\/\/laba7.com\/how-to-use-race-car-scales\/\" target=\"_blank\" rel=\"noopener\">wie man eine Rennwagenwaage benutzt<\/a><\/span>.<\/p>\n<p>[\/et_pb_text][\/et_pb_column][\/et_pb_row][\/et_pb_section]<\/p>\n","protected":false},"excerpt":{"rendered":"<p>Willkommen imRennwagen-Waage AppDas Verbinden Ihres iOS- oder Android-Ger\u00e4ts mit der LABA7 Rennwagenwaage ist ein Kinderspiel und dauert mit der eigens entwickelten Rennwagenwaage-App nur ein paar Sekunden.Mehrere innovative Funktionen in einer AnwendungSobald die Anwendung \u00fcber Bluetooth mit der Waage des Rennwagens verbunden ist, ist sie bereit, den Massenschwerpunkt zu messen und die Breite der Achsen des [&hellip;]<\/p>\n","protected":false},"author":2,"featured_media":334657,"parent":334816,"menu_order":0,"comment_status":"closed","ping_status":"closed","template":"","meta":{"_acf_changed":false,"_et_pb_use_builder":"on","_et_pb_old_content":"","_et_gb_content_width":"","footnotes":""},"class_list":["post-334656","page","type-page","status-publish","has-post-thumbnail","hentry"],"acf":[],"yoast_head":"<!-- This site is optimized with the Yoast SEO plugin v25.3.1 - https:\/\/yoast.com\/wordpress\/plugins\/seo\/ -->\n<title>Auto-Waagen App von LABA7 - Wiegen Sie Ihr Auto \u00fcberall<\/title>\n<meta name=\"description\" content=\"Die LABA7 Auto-Waagen-App misst mit modernster Technologie den Schwerpunkt des Fahrzeugs genau \u2013 direkt auf Ihrem Mobilger\u00e4t.\" \/>\n<meta name=\"robots\" content=\"index, follow, max-snippet:-1, max-image-preview:large, max-video-preview:-1\" \/>\n<link rel=\"canonical\" href=\"https:\/\/laba7.com\/de\/software\/auto-waagen-app\/\" \/>\n<meta property=\"og:locale\" content=\"de_DE\" \/>\n<meta property=\"og:type\" content=\"article\" \/>\n<meta property=\"og:title\" content=\"LABA7 Autowaage Anwendung - Wiegen Sie Ihr Auto \u00fcberall\" \/>\n<meta property=\"og:description\" content=\"Die LABA7 Auto-Waagen-App misst mit modernster Technologie den Schwerpunkt des Fahrzeugs genau \u2013 direkt auf Ihrem Mobilger\u00e4t.\" \/>\n<meta property=\"og:url\" content=\"https:\/\/laba7.com\/de\/software\/auto-waagen-app\/\" \/>\n<meta property=\"og:site_name\" content=\"LABA7\" \/>\n<meta property=\"article:publisher\" content=\"https:\/\/www.facebook.com\/LabaSeven\/\" \/>\n<meta property=\"article:modified_time\" content=\"2025-04-09T10:45:01+00:00\" \/>\n<meta property=\"og:image\" content=\"https:\/\/laba7.com\/wp-content\/uploads\/2024\/01\/ERA-customs-using-LABA7-racing-scales-221x300.webp\" \/>\n<!-- \/ Yoast SEO plugin. -->","yoast_head_json":{"title":"Auto-Waagen App von LABA7 - Wiegen Sie Ihr Auto \u00fcberall","description":"Die LABA7 Auto-Waagen-App misst mit modernster Technologie den Schwerpunkt des Fahrzeugs genau \u2013 direkt auf Ihrem Mobilger\u00e4t.","robots":{"index":"index","follow":"follow","max-snippet":"max-snippet:-1","max-image-preview":"max-image-preview:large","max-video-preview":"max-video-preview:-1"},"canonical":"https:\/\/laba7.com\/de\/software\/auto-waagen-app\/","og_locale":"de_DE","og_type":"article","og_title":"LABA7 Autowaage Anwendung - Wiegen Sie Ihr Auto \u00fcberall","og_description":"Die LABA7 Auto-Waagen-App misst mit modernster Technologie den Schwerpunkt des Fahrzeugs genau \u2013 direkt auf Ihrem Mobilger\u00e4t.","og_url":"https:\/\/laba7.com\/de\/software\/auto-waagen-app\/","og_site_name":"LABA7","article_publisher":"https:\/\/www.facebook.com\/LabaSeven\/","article_modified_time":"2025-04-09T10:45:01+00:00","og_image":[{"url":"https:\/\/laba7.com\/wp-content\/uploads\/2024\/01\/ERA-customs-using-LABA7-racing-scales-221x300.webp","type":"","width":"","height":""}],"schema":{"@context":"https:\/\/schema.org","@graph":false}},"_links":{"self":[{"href":"https:\/\/laba7.com\/de\/wp-json\/wp\/v2\/pages\/334656","targetHints":{"allow":["GET"]}}],"collection":[{"href":"https:\/\/laba7.com\/de\/wp-json\/wp\/v2\/pages"}],"about":[{"href":"https:\/\/laba7.com\/de\/wp-json\/wp\/v2\/types\/page"}],"author":[{"embeddable":true,"href":"https:\/\/laba7.com\/de\/wp-json\/wp\/v2\/users\/2"}],"replies":[{"embeddable":true,"href":"https:\/\/laba7.com\/de\/wp-json\/wp\/v2\/comments?post=334656"}],"version-history":[{"count":15,"href":"https:\/\/laba7.com\/de\/wp-json\/wp\/v2\/pages\/334656\/revisions"}],"predecessor-version":[{"id":339161,"href":"https:\/\/laba7.com\/de\/wp-json\/wp\/v2\/pages\/334656\/revisions\/339161"}],"up":[{"embeddable":true,"href":"https:\/\/laba7.com\/de\/wp-json\/wp\/v2\/pages\/334816"}],"wp:featuredmedia":[{"embeddable":true,"href":"https:\/\/laba7.com\/de\/wp-json\/wp\/v2\/media\/334657"}],"wp:attachment":[{"href":"https:\/\/laba7.com\/de\/wp-json\/wp\/v2\/media?parent=334656"}],"curies":[{"name":"wp","href":"https:\/\/api.w.org\/{rel}","templated":true}]}}